{"id":1488,"date":"2021-02-24T12:12:52","date_gmt":"2021-02-24T11:12:52","guid":{"rendered":"https:\/\/www.hsu-hh.de\/forschung\/?page_id=1488"},"modified":"2021-02-24T12:12:52","modified_gmt":"2021-02-24T11:12:52","slug":"beta-2","status":"publish","type":"page","link":"https:\/\/www.hsu-hh.de\/forschung\/fakultaeten-uebergreifend\/uas-at-hsu\/beta-2","title":{"rendered":"BETA"},"content":{"rendered":"\n<p style=\"font-size:30px\">Brennstoffzellensystem-Entwicklung f\u00fcr die technische Aviatik &#8211; MCU-System<\/p>\n\n\n\n<p>Das Projekt Brennstoffzellensystem-Entwicklung f\u00fcr die technische Aviatik (BETA) untersucht eine direkte Form der Verschaltung von Brennstoffzellen mit Antriebswellen (H2-to-Torque-Konzept). Durch&nbsp;diesen Aufbau l\u00e4sst sich die Topografie des elektrischen Netzes vereinfachen und damit Material und&nbsp;Gewicht einsparen. Der Wegfall der Wandler, welche in klassischen Brennstoffzellensystemen f\u00fcr eine&nbsp;konstante Spannungsversorgung der Verbraucher sorgen, muss dabei durch andere Methoden&nbsp;kompensiert werden, um die Spannungshaltung zu gew\u00e4hrleisten.&nbsp;<\/p>\n\n\n\n<p>Die HSU wird im Projekt ein MCU-System entwickeln, welches genau auf die spezifischen Bedingungen bei&nbsp;der Anwendung der H2-to-Torque Architektur abgestimmt ist. Das beinhaltet u.a. die leistungsabh\u00e4ngige&nbsp;Spannungsregelung, die Redundanz, die Zuverl\u00e4ssigkeit und die Sicherheitsmechanismen zum sicheren&nbsp;Betrieb eines solchen Systems. Die HSU wird dementsprechend Entwicklungsaktivit\u00e4ten durchf\u00fchren,&nbsp;Prototypen bauen, diese testen und f\u00fcr den Systemverbund bereitstellen. Parallel soll das Verhalten&nbsp;simuliert werden, um virtuell unterschiedliche MCU- und MCU-System-Architekturen zu testen und ein&nbsp;geeignetes Layout zu ermitteln.&nbsp;<\/p>\n\n\n\n<p>Mit der folgenden Definition des MCU-Systems wird im weiteren Verlauf gearbeitet:&nbsp;<\/p>\n\n\n\n<p>Das MCU-System dient der elektrischen Anbindung systemintegrierter Brennstoffzellen an einen&nbsp;elektrischen Antrieb. Es umfasst die Steueralgorithmen, elektrischen Komponenten und die&nbsp;Kommunikationsschnittstellen zur elektrischen Energieversorgung der einzelnen induktiven Str\u00e4nge des&nbsp;Antriebes unter besonderer Ber\u00fccksichtigung des transienten elektrischen Klemmverhaltens einer&nbsp;PEMBrennstoffzelle.&nbsp;<\/p>\n\n\n\n<hr class=\"wp-block-separator\" \/>\n\n\n\n<p><strong>Beteiligte Professuren im Hause<\/strong><\/p>\n\n\n\n<p><a href=\"https:\/\/www.hsu-hh.de\/ees\/\">Professur f\u00fcr Elektrische Energiesysteme<\/a><\/p>\n\n\n\n<hr class=\"wp-block-separator\" \/>\n\n\n\n<p><strong>Externe Projektpartner<\/strong><\/p>\n\n\n\n<p>noch zu benennen<\/p>\n","protected":false},"excerpt":{"rendered":"<p>Brennstoffzellensystem-Entwicklung f\u00fcr die technische Aviatik &#8211; MCU-System Das Projekt Brennstoffzellensystem-Entwicklung f\u00fcr die technische Aviatik (BETA) untersucht eine direkte Form der Verschaltung von Brennstoffzellen mit Antriebswellen (H2-to-Torque-Konzept). Durch&nbsp;diesen Aufbau l\u00e4sst sich [&hellip;]<\/p>\n","protected":false},"author":145,"featured_media":0,"parent":707,"menu_order":0,"comment_status":"closed","ping_status":"closed","template":"","meta":{"footnotes":""},"categories":[4],"tags":[],"class_list":["post-1488","page","type-page","status-publish","hentry","category-forschung"],"_links":{"self":[{"href":"https:\/\/www.hsu-hh.de\/forschung\/wp-json\/wp\/v2\/pages\/1488","targetHints":{"allow":["GET"]}}],"collection":[{"href":"https:\/\/www.hsu-hh.de\/forschung\/wp-json\/wp\/v2\/pages"}],"about":[{"href":"https:\/\/www.hsu-hh.de\/forschung\/wp-json\/wp\/v2\/types\/page"}],"author":[{"embeddable":true,"href":"https:\/\/www.hsu-hh.de\/forschung\/wp-json\/wp\/v2\/users\/145"}],"replies":[{"embeddable":true,"href":"https:\/\/www.hsu-hh.de\/forschung\/wp-json\/wp\/v2\/comments?post=1488"}],"version-history":[{"count":1,"href":"https:\/\/www.hsu-hh.de\/forschung\/wp-json\/wp\/v2\/pages\/1488\/revisions"}],"predecessor-version":[{"id":1489,"href":"https:\/\/www.hsu-hh.de\/forschung\/wp-json\/wp\/v2\/pages\/1488\/revisions\/1489"}],"up":[{"embeddable":true,"href":"https:\/\/www.hsu-hh.de\/forschung\/wp-json\/wp\/v2\/pages\/707"}],"wp:attachment":[{"href":"https:\/\/www.hsu-hh.de\/forschung\/wp-json\/wp\/v2\/media?parent=1488"}],"wp:term":[{"taxonomy":"category","embeddable":true,"href":"https:\/\/www.hsu-hh.de\/forschung\/wp-json\/wp\/v2\/categories?post=1488"},{"taxonomy":"post_tag","embeddable":true,"href":"https:\/\/www.hsu-hh.de\/forschung\/wp-json\/wp\/v2\/tags?post=1488"}],"curies":[{"name":"wp","href":"https:\/\/api.w.org\/{rel}","templated":true}]}}