{"id":126,"date":"2017-11-13T13:26:55","date_gmt":"2017-11-13T12:26:55","guid":{"rendered":"https:\/\/www.hsu-hh.de\/forschung\/?page_id=126"},"modified":"2025-08-20T08:54:26","modified_gmt":"2025-08-20T06:54:26","slug":"nachwuchs","status":"publish","type":"page","link":"https:\/\/www.hsu-hh.de\/forschung\/nachwuchs","title":{"rendered":"Nachwuchsf\u00f6rderung"},"content":{"rendered":"\n<p>Die Professuren und Fakult\u00e4ten der <abbr title=\"Helmut Schmidt Universit\u00e4t\">HSU<\/abbr>\/UniBw H f\u00f6rdern den wissenschaftlichen Nachwuchs in der Promotionsphase und in der sich anschlie\u00dfenden PostDoc-Phase. Die Hochschulleitung unterst\u00fctzt insbesondere bei fakult\u00e4ts\u00fcbergreifendem F\u00f6rderbedarf und bietet sich als Ansprechpartner und Koordinator an, damit unsere Universit\u00e4t bundesweit zu den attraktivsten Arbeitgebern f\u00fcr den wissenschaftlichen Nachwuchs geh\u00f6rt.<\/p>\n\n\n\n\n\n<h3>\u00dcberfachliche Qualifizierung und fakult\u00e4ts\u00fcbergreifende inhaltliche F\u00f6rderung<\/h3>\n\n\n\n<h2 class=\"wp-block-heading\">Hamburg Research Academy<\/h2>\n\n\n\n<p>Die <abbr title=\"Helmut Schmidt Universit\u00e4t\">HSU<\/abbr>\/UniBw H ist Mitgliedshochschule der <a href=\"http:\/\/www.hra-hamburg.de\" rel='nofollow'>Hamburg Research Academy<\/a>. Deren Angebote und Kursangebote sind f\u00fcr Mitarbeiter der <abbr title=\"Helmut Schmidt Universit\u00e4t\">HSU<\/abbr>\/UniBw H uneingeschr\u00e4nkt nutzbar. \u00dcberfachliche Kursangebote, die an unserer Universit\u00e4t stattfinden, werden durch das PhD-Network der Professur Matiaske organisiert. Dort k\u00f6nnen Sie sich detailliert \u00fcber Angebote informieren.<\/p>\n\n\n\n<h2 class=\"wp-block-heading\"><strong>DASHH &#8211; Data Science in Hamburg<br>Promovieren an der Schnittstelle zwischen Informatik und Naturwissenschaften<\/strong><\/h2>\n\n\n\n<p>Die Graduiertenschule <a href=\"https:\/\/www.dashh.org\/\" rel='nofollow'>DASHH \u2013 Data Science in Hamburg<\/a> \u2013 Helmholtz Graduate School for the Structure of Matter ist eine interdisziplin\u00e4re Graduiertenschule und gemeinsame Initiative der Institutionen Deutsches Elektronen-Synchrotron, Universit\u00e4t Hamburg (UHH), Technische Universit\u00e4t Hamburg (TUHH), Helmut-Schmidt-Universit\u00e4t\/ Universit\u00e4t der Bundeswehr Hamburg (<abbr title=\"Helmut Schmidt Universit\u00e4t\">HSU<\/abbr>\/ UniBw H), Universit\u00e4t f\u00fcr Angewandte Wissenschaften (HAW), dem Helmholtz-Zentrum hereon, dem Helmholtz-Zentrum f\u00fcr Infektionsforschung, dem European XFEL <abbr title=\"Gesellschaft mit beschr\u00e4nkter Haftung\">GmbH<\/abbr> und dem Max-Planck-Institut f\u00fcr die Struktur und Dynamik der Materie.<\/p>\n\n\n\n<p>DASHH befasst sich mit den Herausforderungen der Digitialisierung im Kontext der Strukturforschung (Data Science for the Structure of Matter). In der DASHH-Graduiertenschule k\u00f6nnen hoch talentierte junge Forschende aus der gesamten Welt promovieren. In den naturwissenschaftlichen Forschungsgruppen arbeiten sie an den Herausforderungen, die gro\u00dfe Mengen hochkomplexer wissenschaftlicher Daten aus aufw\u00e4ndigen Experimenten und numerischen Simulationen mit sich bringen.<\/p>\n\n\n\n<p>Die Partnerinstitutionen sind regelm\u00e4\u00dfig an der Einstellung neuer Kandidaten f\u00fcr Promotionsprojekte beteiligt. DASHH schreibt einmal j\u00e4hrlich zahlreiche neue Promotionsprojekte im Feld der interdisziplin\u00e4ren Datenwissenschaften aus.<\/p>\n\n\n\n<h2 class=\"wp-block-heading\">PhD Network<\/h2>\n\n\n\n<p>Das <a href=\"http:\/\/www.phd-network.eu\" target=\"_blank\" rel=\"noreferrer noopener\">PhD Network<\/a> ist ein Kooperationsverbund von deutschen und d\u00e4nischen Universit\u00e4ten, externen Forschungsinstituten und dem Inter-University-Center Dubrovnik mit dem Ziel, die Zusammenarbeit im Rahmen der Doktorand:innenausbildung zu st\u00e4rken und weiterzuentwickeln. Dazu z\u00e4hlen neben der Abhaltung von PhD-Kursen, auch die Bekanntmachung von Job-Angeboten f\u00fcr Doktorand:innen sowie Hinweise auf bevorstehende Konferenzen (Call for Papers) oder sonstige Treffen. Damit bietet das PhD Network den Interessent:innen eine Plattform f\u00fcr den gegenseitigen, in dieser Phase so wichtigen Informationsaustausch. Das Gesamtprogramm des Verbunds besteht aus den jeweils von den einzelnen Institutionen angebotenen Kursen im Rahmen der Doktorand:innenweiterbildung. Dies umfasst z. B. sowohl Kurse zu quantitativen und qualitativen empirischen Forschungsmethoden aus den Wirtschafts-\/Sozial- und Geisteswissenschaften als auch viele facheinschl\u00e4gige Spezialkurse. Ein Highlight ist sicherlich auch die einw\u00f6chige Veranstaltung IRWS in Sankelmark bei Flensburg, an der meist ca. 80 Doktorand:innen teilnehmen. Programmkoordinator auf der <abbr title=\"Helmut Schmidt Universit\u00e4t\">HSU<\/abbr>-Seite ist <abbr title=\"Professor\">Prof.<\/abbr> <abbr title=\"Doktor\">Dr.<\/abbr> Wenzel Matiaske (IPA). Unterst\u00fctzt wird er in diesem Bereich von <abbr title=\"Doktor\">Dr.<\/abbr> Claudia Meister-Scheytt (IPA).<\/p>\n\n\n\n<h3 class=\"wp-block-heading\">FAQs<\/h3>\n\n\n\n<ul class=\"wp-block-list\">\n<li>Wie verl\u00e4uft die Anmeldung? Welche Kosten entstehen?<\/li>\n<\/ul>\n\n\n\n<p>In der Regel sind die Teilnehmer:innenpl\u00e4tze limitiert. Wenn wissenschaftliche Mitarbeiter:innen der <abbr title=\"Helmut Schmidt Universit\u00e4t\">HSU<\/abbr>\/ UniBw H an den angebotenen Kursen teilnehmen wollen, wenden sie sich an den jeweiligen Lehrstuhlinhaber und beantragen dort, den Kurs besuchen zu d\u00fcrfen. Der Verbund selbst vergibt keine F\u00f6rderungen, da er eine Angebots- und Vernetzungsplattform ist. F\u00fcr Mitarbeiter:innen, die auf Haushaltsstellen sitzen, gibt es pro Vollzeit\u00e4quivalent einen bestimmten Betrag des Budgets, der f\u00fcr solche Ma\u00dfnahmen verwendet werden kann. Die Teilnahme an solchen Kursen ist f\u00fcr diesen Personenkreis keine Dienstreise. Bei Projektmitarbeiter:innen werden diese Ma\u00dfnahmen aus dem Drittmittelbudget gezahlt. F\u00fcr diesen Personenkreis ist die Teilnahme eine Dienstreise. F\u00fcr jeden an der <abbr title=\"Helmut Schmidt Universit\u00e4t\">HSU<\/abbr>\/ UniBw H abgehaltenen Kurs wird ein ILIAS-Zugang eingerichtet, \u00fcber den die Anmeldung erfolgt. Wenn die von den Dozent:innen eingegebene H\u00f6chstgrenze erreicht wird, schlie\u00dft das System den Anmeldevorgang automatisch. Werden Credit Points durch die Teilnahme an den Kursen vergeben, k\u00f6nnen diese an den Universit\u00e4ten, an denen die Teilnehmer:innen ihren Doktorgrad erwerben wollen, angerechnet werden.<\/p>\n\n\n\n<ul class=\"wp-block-list\">\n<li>Wer ist antragsberechtigt? Wie oft kann ein Antrag gestellt werden?<\/li>\n<\/ul>\n\n\n\n<p>F\u00f6rderberechtigt sind wissenschaftliche Mitarbeiter:innen auf Haushalts- oder Drittmittelprojektstellen mit einem aktiven Dienstverh\u00e4ltnis zur <abbr title=\"Helmut Schmidt Universit\u00e4t\">HSU<\/abbr>. Im Laufe eines akademischen Jahres k\u00f6nnen \u2013 sofern die finanziellen Mittel am jeweiligen Institut daf\u00fcr verf\u00fcgbar sind \u2013 auch mehrfach Antr\u00e4ge gestellt werden.<\/p>\n\n\n\n<ul class=\"wp-block-list\">\n<li>Wie funktioniert das Antragsverfahren?<\/li>\n<\/ul>\n\n\n\n<p>Es gibt kein offizielles Antragsverfahren, sondern der einzuhaltende Dienstweg geht \u00fcber die Professuren\/Lehrst\u00fchle, an denen die jeweiligen Mitarbeiter:innen t\u00e4tig sind. Hier wird entschieden, wer (wie viele und) welche Kurse besucht.<\/p>\n\n\n\n<ul class=\"wp-block-list\">\n<li>Muss man sich f\u00fcr die Sankelmark Reise separat bewerben? Wie sieht der Bewerbungsprozess aus?<\/li>\n<\/ul>\n\n\n\n<p>Das Verfahren f\u00fcr die Teilnahme am IRWS in Sankelmark ist das gleiche wie f\u00fcr alle anderen Kurse. Interessent:innen wenden sich an ihren jeweiligen Promotionsbetreuer\/ Vorgesetzten und bitten um die Erlaubnis, dort teilnehmen zu k\u00f6nnen. Je nach Personalkategorie wird der Zuschuss aus dem Institutsbudget oder aus einem Drittmittelbudget gezahlt. Das Anmeldeverfahren funktioniert nach dem first-come-first-serve-Prinzip. Es k\u00f6nnen w\u00e4hrend des mehrt\u00e4gigen Workshops 5 Credit Points erworben werden. Abschlussberichte sind nicht erforderlich.<\/p>\n\n\n\n<ul class=\"wp-block-list\">\n<li>Durch wen erfolgt die Auszahlung? Wann erfolgt die Auszahlung?<\/li>\n<\/ul>\n\n\n\n<p>Die Auszahlung erfolgt \u2013 je nach Personalkategorie \u2013 im Nachhinein durch Dezernat 2. Hier wird dann nochmal unterschieden, ob es eine Auslands- oder eine Inlandsreise war. Da sind die Zust\u00e4ndigkeiten jeweils andere.<\/p>\n\n\n\n<ul class=\"wp-block-list\">\n<li>Ist eine F\u00f6rderung w\u00e4hrend der Elternzeit m\u00f6glich?<\/li>\n<\/ul>\n\n\n\n<p>In der Regel ist die Teilnahme an ein bestehendes Dienstverh\u00e4ltnis gekn\u00fcpft.<\/p>\n\n\n\n<ul class=\"wp-block-list\">\n<li>Wer betreut\/koordiniert das Programm?<\/li>\n<\/ul>\n\n\n\n<p><abbr title=\"Professor\">Prof.<\/abbr> <abbr title=\"Doktor\">Dr.<\/abbr> Wenzel Matiaske (<a href=\"mailto:matiaske@hsu-hh.de\" rel='nofollow'>matiaske@hsu-hh.de<\/a>) und <abbr title=\"Doktor\">Dr.<\/abbr> Claudia Meister-Scheytt (<a href=\"mailto:meisterc@hsu-hh.de\" rel='nofollow'>meisterc@hsu-hh.de<\/a>) an der Fakult\u00e4t f\u00fcr Wirtschafts- und Sozialwissenschaften; Institut f\u00fcr Personal und Arbeit.<\/p>\n\n\n\n<h2 class=\"wp-block-heading\">Pro Exzellenzia plus: F\u00f6rderung von Nachwuchswissenschaftlerinnen<\/h2>\n\n\n\n<p><a href=\"http:\/\/www.pro-exzellenzia.de\" target=\"_blank\" rel=\"noreferrer noopener\">Pro Exzellenzia<\/a> ist ein Karrieref\u00f6rderprogramm f\u00fcr Frauen in den MINT-F\u00e4chern, der Kunst, Musik und Architektur. Die <abbr title=\"Helmut Schmidt Universit\u00e4t\">HSU<\/abbr>\/UniBw H ist eine der sieben hieran beteiligten Hochschulen. Innerhalb des Programms finden u. a. hochwertige Workshops statt.<\/p>\n\n\n\n<h2 class=\"wp-block-heading\">Lehrdidaktische Fortbildungen<\/h2>\n\n\n\n<p>Die <abbr title=\"Helmut Schmidt Universit\u00e4t\">HSU<\/abbr>\/UniBw H darf ihren wissenschaftlichen Nachwuchs f\u00fcr Workshop-Angebote des Programms \u201eGood Teaching Practice\u201c anmelden (siehe PDF-Katalog <a href=\"https:\/\/www.hul.uni-hamburg.de\/lehre\/goodteachingpractice.html\" target=\"_blank\" rel=\"noreferrer noopener\">auf dieser Seite<\/a>). Leider erlaubt es das Hamburger Zentrum f\u00fcr Universit\u00e4res Lehren und Lernen (HUL) nicht, dass Sie sich pers\u00f6nlich und direkt anmelden. Ihre Anmeldung wird nur akzeptiert, wenn Sie diese \u00fcber die Verwaltung der <abbr title=\"Helmut Schmidt Universit\u00e4t\">HSU<\/abbr>\/UniBw H vorgenommen wird. F\u00fcr alle Nachwuchswissenschaftler*innen, die ein Besch\u00e4ftigungsverh\u00e4ltnis mit unserer Universit\u00e4t haben, k\u00f6nnen die Teilnahmekosten aus dem Hochschulhaushalt \u00fcbernommen werden, wenn die\/der Lehrstuhlinhaber\/in die Teilnahme bef\u00fcrwortet. Alle anderen m\u00fcssen die Teilnahmekosten selber tragen. In jedem Fall ist Ihnen Ihre Fakult\u00e4tsverwaltung gerne beim Ausf\u00fcllen des Formulars \u201eAntrag auf Aus- und Fortbildung\u201c behilflich.<\/p>\n\n\n\n<h2 class=\"wp-block-heading\">Gr\u00fcndungsf\u00f6rderung<\/h2>\n\n\n\n<p>Bei der Ausgr\u00fcndung aus der Universit\u00e4t k\u00f6nnen Sie Unterst\u00fctzung erhalten. Die ingenieurwissenschaftlichen Fakult\u00e4ten haben hierzu zwei Beauftragte benannt: <abbr title=\"Professor\">Prof.<\/abbr> <abbr title=\"Doktor\">Dr.<\/abbr>&#8211;<abbr title=\"Ingenieur\">Ing.<\/abbr> Detlef Schulz und <abbr title=\"Professor\">Prof.<\/abbr> <abbr title=\"Doktor\">Dr.<\/abbr>&#8211;<abbr title=\"Ingenieur\">Ing.<\/abbr> Franz Joos. \u00dcber <abbr title=\"Doktor\">Dr.<\/abbr> Urny (Forschungsreferent) k\u00f6nnen Sie u. a. auf die Unterst\u00fctzung durch die <a href=\"https:\/\/hamburginnovation.de\/existenzgruendung\" target=\"_blank\" rel=\"noreferrer noopener\">Hamburg Innovation <abbr title=\"Gesellschaft mit beschr\u00e4nkter Haftung\">GmbH<\/abbr><\/a> zur\u00fcckgreifen.<\/p>\n\n\n\n<h2 class=\"wp-block-heading\">Vernetzungsm\u00f6glichkeiten an der <abbr title=\"Helmut Schmidt Universit\u00e4t\">HSU<\/abbr><\/h2>\n\n\n\n<p>Die Nachwuchs-Mitglieder der Senatskommission Forschung und wissenschaftlicher Nachwuchs laden in unregelm\u00e4\u00dfigen Abst\u00e4nden zu einem fakult\u00e4ts\u00fcbergreifenden geselligen Abend ein.<\/p>\n\n\n\n<p>Der Nachwuchs der Fakult\u00e4t <abbr title=\"Geistes- und Sozialwissenschaften\">GeiSo<\/abbr> trifft sich unabh\u00e4ngig davon gelegentlich zum sogenannte Mittelbautreffen (Kontakt: <a href=\"mailto:amlings@hsu-hh.de\" rel='nofollow'>Steffen Amling<\/a>).<\/p>\n\n\n\n\n\n<h3>Finanzielle F\u00f6rderm\u00f6glichkeiten<\/h3>\n\n\n\n<h2 class=\"wp-block-heading\">Reisef\u00f6rderung Mittelbau<\/h2>\n\n\n\n<p>Die eigene Forschungsarbeit auf Kongressen, Fachtagungen und Konferenzen vorzustellen, zu diskutieren und sich fachlich versiertes Feedback einzuholen ist ein wichtiger und notwendiger Meilenstein in der wissenschaftlichen Karriere. Ebenso k\u00f6nnen beispielsweise Recherchen in Bibliotheken und Archiven, oder Feldforschung unerl\u00e4ssliche Schritte f\u00fcr das Weiterkommen des Gegenstands der eigenen Forschung sein. Vor diesem Hintergrund unterst\u00fctzt die <abbr title=\"Helmut Schmidt Universit\u00e4t\">HSU<\/abbr>\/UniBw H ihren wissenschaftlichen Nachwuchs mit dem Instrument der Reisef\u00f6rderung um eine aktive Teilnahme bei (1) <strong>Kongressen<\/strong> sowie die Weiterentwicklung der aktiven Forschung durch (2) <strong>Forschungsaufenthalte<\/strong> zu erm\u00f6glichen. Nachwuchswissenschaftlerinnen und Nachwuchswissenschaftlern der <abbr title=\"Helmut Schmidt Universit\u00e4t\">HSU<\/abbr>\/UniBw H soll es somit erm\u00f6glicht werden, die Wissenschaftslandschaft kennenzulernen und sich dort auf nationaler wie internationaler Ebene zu etablieren sowie aktiv und nachhaltig zu vernetzen.<\/p>\n\n\n\n<p>Im&nbsp;<a href=\"https:\/\/www.hsu-hh.de\/forschung\/wp-content\/uploads\/sites\/783\/2025\/08\/Merkblatt-zur-Antragstellung-Reisefoerderung-Mittelbau-Stand-Juli2025.pdf\" target=\"_blank\" rel=\"noreferrer noopener\">Leitfaden zur Antragstellung<\/a> finden Sie alle Informationen zur F\u00f6rderung allgemein, zum Antragsverfahren sowie die F\u00f6rderkriterien und den Link zum Antrag im Intranet.<\/p>\n\n\n\n<h2 class=\"wp-block-heading\">Gastwissenschaftler*innen-Programm<\/h2>\n\n\n\n<p>Auch Nachwuchswissenschaftler*innen k\u00f6nnen in Absprache mit ihrer Professur eine*n Gastwissenschaftler*in aus dem Ausland f\u00fcr mehrere Monate an die <abbr title=\"Helmut Schmidt Universit\u00e4t\">HSU<\/abbr>\/UniBw H einladen. Ein Antrag mit entsprechender Begr\u00fcndung kann jederzeit an den Pr\u00e4sidenten gestellt werden.<\/p>\n\n\n\n<p><\/p>\n\n\n\n<h2 class=\"wp-block-heading\">Forschungsaufenthalt im Ausland<\/h2>\n\n\n\n<p>Wollen Sie w\u00e4hrend Ihrer Promotions- oder PostDoc-Phase ins Ausland gehen, kl\u00e4ren Sie an der Professur, ob Sie in der Lehre entbehrlich sind <abbr title=\"beziehungsweise\">bzw.<\/abbr> vertreten werden k\u00f6nnen. Unser Akademisches Auslandsamt kann Sie zu verschiedenen Stipendienprogrammen beraten, die z. B. die entstehenden Reisekosten \u00fcbernehmen. Eine Vorlaufzeit von einem Jahr sollte eingeplant werden. Wollen Sie Ihren Forschungsaufenthalt als Dienstaufgabe durchf\u00fchren wollen, so finden Sie hierzu eine Anleitung auf den Intranet-Seiten der Verwaltung (Dezernat II \/ &#8222;Abrechnung Auslandsreisen&#8220;)<\/p>\n\n\n\n<h2 class=\"wp-block-heading\">F\u00f6rderpreise\/Auszeichnungen<\/h2>\n\n\n\n<p>Die K\u00f6rber-Stiftung Hamburg vergibt den <a href=\"https:\/\/www.koerber-stiftung.de\/deutscher-studienpreis.html\" target=\"_blank\" rel=\"noreferrer noopener\">Deutschen Studienpreis f\u00fcr herausragende Dissertationen<\/a> (ohne fachliche Bindung).<\/p>\n\n\n\n<p>Die Freunde &amp; F\u00f6rderer der <abbr title=\"Helmut Schmidt Universit\u00e4t\">HSU<\/abbr>\/UniBw H vergeben j\u00e4hrlich einen Wissenschaftspreis (Kontakt: <a href=\"mailto:freunde.foerderer@hsu-hh.de\" rel='nofollow'>freunde.foerderer@hsu-hh.de<\/a>).<\/p>\n\n\n\n<p>Der Wolfram-Funk-Preis ist ein F\u00f6rderpreis f\u00fcr wissenschaftliche Mitarbeiterinnen und Mitarbeiter aus den beiden technischen Fakult\u00e4ten der <abbr title=\"Helmut Schmidt Universit\u00e4t\">HSU<\/abbr>\/UniBw H. Sprechen Sie bei Interesse einen der Dekane an.<\/p>\n\n\n\n<h2 class=\"wp-block-heading\">Projektf\u00f6rderung<\/h2>\n\n\n\n<p>Die Organisation von Summer Schools unterst\u00fctzen die <a href=\"http:\/\/www.volkswagenstiftung.de\" target=\"_blank\" rel=\"noreferrer noopener\">VW-Stiftung<\/a>, der <a href=\"http:\/\/www.daad.de\" target=\"_blank\" rel=\"noreferrer noopener\">DAAD<\/a> und auch die Freunde &amp; F\u00f6rderer der <abbr title=\"Helmut Schmidt Universit\u00e4t\">HSU<\/abbr>\/UniBw H auf Antrag finanziell (Kontakt: <a href=\"mailto:freunde.foerderer@hsu-hh.de\" rel='nofollow'>freunde.foerderer@hsu-hh.de<\/a>), organisatorische Unterst\u00fctzungen bietet Herr Lehmann (Kontakt: <a href=\"mailto:jan.lehmann@hsu-hh.de\" rel='nofollow'>jan.lehmann@hsu-hh.de<\/a>).<\/p>\n\n\n\n<h2 class=\"wp-block-heading\">Vernetzungstreffen an der <abbr title=\"Helmut Schmidt Universit\u00e4t\">HSU<\/abbr><\/h2>\n\n\n\n<p>Wollen Sie Nachwuchswissenschaftler*innen anderer Universit\u00e4ten zu einem Arbeitstreffen an der <abbr title=\"Helmut Schmidt Universit\u00e4t\">HSU<\/abbr>\/UniBw H einladen, k\u00f6nnen Sie sich bei Herrn Lehmann (<a href=\"mailto:jan.lehmann@hsu-hh.de\" rel='nofollow'>jan.lehmann@hsu-hh.de<\/a>) erkundigen, ob \u2013 wenn Sie Bedarf haben \u2013 \u00dcbernachtungsm\u00f6glichkeiten auf dem Campus bereitgestellt werden k\u00f6nnen. Die Universit\u00e4t hat, abseits Ihres Lehrstuhlinhabers, im engeren Sinne keine M\u00f6glichkeiten, Sie hierbei finanziell zu unterst\u00fctzen.<\/p>\n\n\n\n\n\n<h3>Tagungskosten<\/h3>\n\n\n\n<p>(Die <a href=\"http:\/\/www.awhamburg.de\/\" target=\"_blank\" rel=\"noreferrer noopener\">Akademie der Wissenschaften in Hamburg<\/a> f\u00f6rdert die Ausrichtung einer fach\u00fcbergreifenden wissenschaftlichen Konferenz mit bis zu 5.000 Euro. Achten Sie auf die j\u00e4hrlich wiederkehrende Ausschreibung der Konferenzen!)<\/p>\n\n\n\n<h2 class=\"wp-block-heading\">Druckkostenzusch\u00fcsse<\/h2>\n\n\n\n<p>Hierf\u00fcr lohnt sich zuerst die Ansprache der Fakult\u00e4tsverwaltung. Auch an die Freunde und F\u00f6rderer der <abbr title=\"Helmut Schmidt Universit\u00e4t\">HSU<\/abbr>\/UniBw H kann ein Antrag auf Druckkostenzuschuss gestellt werden (Vgl. \u00a7 2 Abs. a der Satzung der Freunde und F\u00f6rderer): <a href=\"mailto:freunde.foerderer@hsu-hh.de\" rel='nofollow'>freunde.foerderer@hsu-hh.de<\/a>.<\/p>\n\n\n\n\n\n<h3>Rahmenbedingungen und Rechtliches<\/h3>\n\n\n\n<h2 class=\"wp-block-heading\">Kinderbetreuung<\/h2>\n\n\n\n<p>Wenn Sie eine Kinderbetreuung in der N\u00e4he der <abbr title=\"Helmut Schmidt Universit\u00e4t\">HSU<\/abbr>\/UniBw H ben\u00f6tigen, wenden Sie sich bitte an den Leiter des Dezernats I, Herrn Grimm. N\u00e4here Informationen finden Sie im Intranet.<\/p>\n\n\n\n\n\n<h3>Veranstaltungen und Ausschreibungen<\/h3>\n\n\n\n<figure class=\"wp-block-image size-medium\"><a href=\"https:\/\/www.hsu-hh.de\/forschung\/wp-content\/uploads\/sites\/783\/2022\/10\/DASHH.jpg\"><img loading=\"lazy\" decoding=\"async\" width=\"207\" height=\"300\" src=\"https:\/\/www.hsu-hh.de\/forschung\/wp-content\/uploads\/sites\/783\/2022\/10\/DASHH-207x300.jpg\" data-credit=\"HSU\" alt=\"DASHH\" class=\"wp-image-2248\" srcset=\"https:\/\/www.hsu-hh.de\/forschung\/wp-content\/uploads\/sites\/783\/2022\/10\/DASHH-207x300.jpg 207w, https:\/\/www.hsu-hh.de\/forschung\/wp-content\/uploads\/sites\/783\/2022\/10\/DASHH.jpg 550w\" sizes=\"auto, (max-width: 207px) 100vw, 207px\" \/><\/a><\/figure>\n\n\n\n\n\n\n\n<p>Bei Fragen zur Nachwuchsf\u00f6rderung melden Sie sich gerne im Forschungsb\u00fcro unter der Mail: Forschung(at)hsu.hamburg<\/p>\n","protected":false},"excerpt":{"rendered":"<p>Die Professuren und Fakult\u00e4ten der HSU\/UniBw H f\u00f6rdern den wissenschaftlichen Nachwuchs in der Promotionsphase und in der sich anschlie\u00dfenden PostDoc-Phase. Die Hochschulleitung unterst\u00fctzt insbesondere bei fakult\u00e4ts\u00fcbergreifendem F\u00f6rderbedarf und bietet sich [&hellip;]<\/p>\n","protected":false},"author":2976,"featured_media":0,"parent":0,"menu_order":0,"comment_status":"closed","ping_status":"closed","template":"","meta":{"footnotes":""},"categories":[4],"tags":[],"class_list":["post-126","page","type-page","status-publish","hentry","category-forschung"],"_links":{"self":[{"href":"https:\/\/www.hsu-hh.de\/forschung\/wp-json\/wp\/v2\/pages\/126","targetHints":{"allow":["GET"]}}],"collection":[{"href":"https:\/\/www.hsu-hh.de\/forschung\/wp-json\/wp\/v2\/pages"}],"about":[{"href":"https:\/\/www.hsu-hh.de\/forschung\/wp-json\/wp\/v2\/types\/page"}],"author":[{"embeddable":true,"href":"https:\/\/www.hsu-hh.de\/forschung\/wp-json\/wp\/v2\/users\/2976"}],"replies":[{"embeddable":true,"href":"https:\/\/www.hsu-hh.de\/forschung\/wp-json\/wp\/v2\/comments?post=126"}],"version-history":[{"count":80,"href":"https:\/\/www.hsu-hh.de\/forschung\/wp-json\/wp\/v2\/pages\/126\/revisions"}],"predecessor-version":[{"id":2869,"href":"https:\/\/www.hsu-hh.de\/forschung\/wp-json\/wp\/v2\/pages\/126\/revisions\/2869"}],"wp:attachment":[{"href":"https:\/\/www.hsu-hh.de\/forschung\/wp-json\/wp\/v2\/media?parent=126"}],"wp:term":[{"taxonomy":"category","embeddable":true,"href":"https:\/\/www.hsu-hh.de\/forschung\/wp-json\/wp\/v2\/categories?post=126"},{"taxonomy":"post_tag","embeddable":true,"href":"https:\/\/www.hsu-hh.de\/forschung\/wp-json\/wp\/v2\/tags?post=126"}],"curies":[{"name":"wp","href":"https:\/\/api.w.org\/{rel}","templated":true}]}}