{"id":164,"date":"2017-11-06T10:43:30","date_gmt":"2017-11-06T09:43:30","guid":{"rendered":"https:\/\/www.hsu-hh.de\/fkvmb\/?page_id=164"},"modified":"2023-02-14T07:41:34","modified_gmt":"2023-02-14T06:41:34","slug":"interne-links","status":"publish","type":"page","link":"https:\/\/www.hsu-hh.de\/fkvmb\/interne-links","title":{"rendered":"Ihr weg zu uns"},"content":{"rendered":"\n<div class=\"wp-block-columns has-grey-background-color has-background is-layout-flex wp-container-core-columns-is-layout-9d6595d7 wp-block-columns-is-layout-flex\">\n<div class=\"wp-block-column is-layout-flow wp-block-column-is-layout-flow\" style=\"flex-basis:1%\"><\/div>\n\n\n\n<div class=\"wp-block-column is-layout-flow wp-block-column-is-layout-flow\" style=\"flex-basis:39%\">\n<h2 class=\"wp-block-heading\">Anschrift<\/h2>\n\n\n\n<p><strong>Helmut-Schmidt-Universit\u00e4t<br>Universit\u00e4t der Bundeswehr Hamburg<\/strong> <strong>Fakult\u00e4t f\u00fcr Maschinenbau und Bauingenieurwesen<br>Holstenhofweg 85<br>22043 Hamburg<\/strong><\/p>\n<\/div>\n\n\n\n<div class=\"wp-block-column is-layout-flow wp-block-column-is-layout-flow\" style=\"flex-basis:60%\">\n<figure class=\"wp-block-image size-large is-style-default\"><img loading=\"lazy\" decoding=\"async\" width=\"1024\" height=\"341\" src=\"https:\/\/www.hsu-hh.de\/fkvmb\/wp-content\/uploads\/sites\/778\/2022\/11\/image-1024x341.png\" data-credit=\"\" alt=\"\" class=\"wp-image-363\" srcset=\"https:\/\/www.hsu-hh.de\/fkvmb\/wp-content\/uploads\/sites\/778\/2022\/11\/image-1024x341.png 1024w, https:\/\/www.hsu-hh.de\/fkvmb\/wp-content\/uploads\/sites\/778\/2022\/11\/image-300x100.png 300w, https:\/\/www.hsu-hh.de\/fkvmb\/wp-content\/uploads\/sites\/778\/2022\/11\/image-768x256.png 768w, https:\/\/www.hsu-hh.de\/fkvmb\/wp-content\/uploads\/sites\/778\/2022\/11\/image-1536x512.png 1536w, https:\/\/www.hsu-hh.de\/fkvmb\/wp-content\/uploads\/sites\/778\/2022\/11\/image-1100x367.png 1100w, https:\/\/www.hsu-hh.de\/fkvmb\/wp-content\/uploads\/sites\/778\/2022\/11\/image.png 1800w\" sizes=\"auto, (max-width: 1024px) 100vw, 1024px\" \/><\/figure>\n<\/div>\n<\/div>\n\n\n\n<div class=\"wp-block-columns are-vertically-aligned-center is-not-stacked-on-mobile backgroud-grey has-grey-background-color has-background is-layout-flex wp-container-core-columns-is-layout-9d6595d7 wp-block-columns-is-layout-flex\">\n<div class=\"wp-block-column is-vertically-aligned-center is-layout-flow wp-block-column-is-layout-flow\"><div class=\"wp-block-image is-style-rounded\">\n<figure class=\"aligncenter is-resized\"><a href=\"https:\/\/goo.gl\/maps\/nF5PDqtPqh7pqJzZ8\" target=\"_blank\" rel=\"noopener\"><img loading=\"lazy\" decoding=\"async\" src=\"https:\/\/www.hsu-hh.de\/et\/wp-content\/uploads\/sites\/61\/2022\/03\/Bild_2022-03-30_181256-100x100.png\" alt=\"tt\" class=\"wp-image-2286\" width=\"75\" height=\"75\" \/><\/a><\/figure>\n<\/div><\/div>\n\n\n\n<div class=\"wp-block-column is-vertically-aligned-center is-layout-flow wp-block-column-is-layout-flow\"><div class=\"wp-block-image is-style-rounded\">\n<figure class=\"aligncenter is-resized\"><a href=\"https:\/\/maps.apple.com\/?address=Holstenhofweg%2085,%2022043%20Hamburg,%20Germany&amp;auid=2934426704767379113&amp;ll=53.569185,10.110323&amp;lsp=9902&amp;q=Helmut%20Schmidt%20University&amp;_ext=CisKBQgEEIEBCgQIBRADCgQIBhAZCgQIChABCgQIUhAHCgQIVRAMCgQIWRABEiQpzWyhdZ7ISkAxXATG+gY2JEA5ie\/ErBfJSkBB06V\/SSo7JEA%3D&amp;t=m\" target=\"_blank\" rel=\"noopener\"><img loading=\"lazy\" decoding=\"async\" src=\"https:\/\/www.hsu-hh.de\/et\/wp-content\/uploads\/sites\/61\/2022\/03\/Bild_2022-03-30_181308-100x100.png\" alt=\"tt\" class=\"wp-image-2287\" width=\"75\" height=\"75\" \/><\/a><\/figure>\n<\/div><\/div>\n\n\n\n<div class=\"wp-block-column is-vertically-aligned-center is-layout-flow wp-block-column-is-layout-flow\"><div class=\"wp-block-image is-style-rounded\">\n<figure class=\"aligncenter size-full is-resized\"><a href=\"https:\/\/www.hvv.de\/linking-service\/show\/75953b2120aa49c0b3e52e3e4750f55b\" target=\"_blank\" rel=\"noopener\"><img loading=\"lazy\" decoding=\"async\" src=\"https:\/\/www.hsu-hh.de\/et\/wp-content\/uploads\/sites\/61\/2022\/03\/Bild_2022-03-30_193401.png\" alt=\"tt\" class=\"wp-image-2318\" width=\"138\" height=\"72\" \/><\/a><\/figure>\n<\/div><\/div>\n<\/div>\n\n\n\n<div class=\"wp-block-columns is-layout-flex wp-container-core-columns-is-layout-9d6595d7 wp-block-columns-is-layout-flex\">\n<div class=\"wp-block-column has-grey-background-color has-background is-layout-flow wp-block-column-is-layout-flow\">\n<h2 class=\"wp-block-heading\">Lageplan<\/h2>\n\n\n<div class=\"wp-block-image is-style-default \">\n<figure class=\"aligncenter size-full is-resized\"><a href=\"https:\/\/www.hsu-hh.de\/et\/wp-content\/uploads\/sites\/61\/2022\/06\/image_2022-06-15_102222785.png\" target=\"_blank\" rel=\"noopener\"><img loading=\"lazy\" decoding=\"async\" src=\"https:\/\/www.hsu-hh.de\/et\/wp-content\/uploads\/sites\/61\/2022\/06\/image_2022-06-15_102222785.png\" alt=\"HSU-HH\" class=\"wp-image-3365\" width=\"1024\" height=\"827\" \/><\/a><\/figure>\n<\/div><\/div>\n<\/div>\n\n\n\n<div class=\"wp-block-columns is-layout-flex wp-container-core-columns-is-layout-9d6595d7 wp-block-columns-is-layout-flex\">\n<div class=\"wp-block-column has-grey-background-color has-background is-layout-flow wp-block-column-is-layout-flow\">\n<h2 class=\"wp-block-heading\">Geb\u00e4ude H1<\/h2>\n\n\n\n<ul class=\"wp-block-list\">\n<li>Fakult\u00e4tsverwaltung<\/li>\n<\/ul>\n\n\n<div class=\"wp-block-image\">\n<figure class=\"aligncenter\"><img loading=\"lazy\" decoding=\"async\" width=\"300\" height=\"225\" src=\"https:\/\/www.hsu-hh.de\/fkvmb\/wp-content\/uploads\/sites\/778\/2017\/11\/FKVMB-300x225.jpg\" data-credit=\"\" alt=\"Fakult\u00e4tsverwaltung H1\" class=\"wp-image-152\" srcset=\"https:\/\/www.hsu-hh.de\/fkvmb\/wp-content\/uploads\/sites\/778\/2017\/11\/FKVMB-300x225.jpg 300w, https:\/\/www.hsu-hh.de\/fkvmb\/wp-content\/uploads\/sites\/778\/2017\/11\/FKVMB-768x576.jpg 768w, https:\/\/www.hsu-hh.de\/fkvmb\/wp-content\/uploads\/sites\/778\/2017\/11\/FKVMB-1024x768.jpg 1024w\" sizes=\"auto, (max-width: 300px) 100vw, 300px\" \/><\/figure>\n<\/div><\/div>\n\n\n\n<div class=\"wp-block-column has-grey-background-color has-background is-layout-flow wp-block-column-is-layout-flow\">\n<h2 class=\"wp-block-heading\">Geb\u00e4ude H3<\/h2>\n\n\n\n<ul class=\"wp-block-list\">\n<li>Fakult\u00e4tsverwaltung<\/li>\n<\/ul>\n\n\n\n<figure class=\"wp-block-image size-full\"><img loading=\"lazy\" decoding=\"async\" width=\"300\" height=\"225\" src=\"https:\/\/www.hsu-hh.de\/fkvmb\/wp-content\/uploads\/sites\/778\/2022\/11\/image-3.png\" data-credit=\"\" alt=\"\" class=\"wp-image-406\" \/><\/figure>\n<\/div>\n<\/div>\n","protected":false},"excerpt":{"rendered":"<p>Anschrift Helmut-Schmidt-Universit\u00e4tUniversit\u00e4t der Bundeswehr Hamburg Fakult\u00e4t f\u00fcr Maschinenbau und BauingenieurwesenHolstenhofweg 8522043 Hamburg Lageplan Geb\u00e4ude H1 Geb\u00e4ude H3<\/p>\n","protected":false},"author":1,"featured_media":0,"parent":0,"menu_order":0,"comment_status":"closed","ping_status":"closed","template":"","meta":{"footnotes":""},"categories":[4],"tags":[],"class_list":["post-164","page","type-page","status-publish","hentry","category-forschung"],"_links":{"self":[{"href":"https:\/\/www.hsu-hh.de\/fkvmb\/wp-json\/wp\/v2\/pages\/164","targetHints":{"allow":["GET"]}}],"collection":[{"href":"https:\/\/www.hsu-hh.de\/fkvmb\/wp-json\/wp\/v2\/pages"}],"about":[{"href":"https:\/\/www.hsu-hh.de\/fkvmb\/wp-json\/wp\/v2\/types\/page"}],"author":[{"embeddable":true,"href":"https:\/\/www.hsu-hh.de\/fkvmb\/wp-json\/wp\/v2\/users\/1"}],"replies":[{"embeddable":true,"href":"https:\/\/www.hsu-hh.de\/fkvmb\/wp-json\/wp\/v2\/comments?post=164"}],"version-history":[{"count":34,"href":"https:\/\/www.hsu-hh.de\/fkvmb\/wp-json\/wp\/v2\/pages\/164\/revisions"}],"predecessor-version":[{"id":422,"href":"https:\/\/www.hsu-hh.de\/fkvmb\/wp-json\/wp\/v2\/pages\/164\/revisions\/422"}],"wp:attachment":[{"href":"https:\/\/www.hsu-hh.de\/fkvmb\/wp-json\/wp\/v2\/media?parent=164"}],"wp:term":[{"taxonomy":"category","embeddable":true,"href":"https:\/\/www.hsu-hh.de\/fkvmb\/wp-json\/wp\/v2\/categories?post=164"},{"taxonomy":"post_tag","embeddable":true,"href":"https:\/\/www.hsu-hh.de\/fkvmb\/wp-json\/wp\/v2\/tags?post=164"}],"curies":[{"name":"wp","href":"https:\/\/api.w.org\/{rel}","templated":true}]}}