{"id":125,"date":"2017-10-26T10:36:29","date_gmt":"2017-10-26T08:36:29","guid":{"rendered":"https:\/\/www.hsu-hh.de\/fkvmb\/?page_id=125"},"modified":"2025-10-09T13:23:33","modified_gmt":"2025-10-09T11:23:33","slug":"team","status":"publish","type":"page","link":"https:\/\/www.hsu-hh.de\/fkvmb\/team","title":{"rendered":"Team Fakult\u00e4tsverwaltung Maschinenbau und Bauingenieurwesen"},"content":{"rendered":"\n<div class=\"wp-block-columns is-layout-flex wp-container-core-columns-is-layout-9d6595d7 wp-block-columns-is-layout-flex\">\n<div class=\"wp-block-column has-grey-background-color has-background is-layout-flow wp-block-column-is-layout-flow\">\n<h2 class=\"wp-block-heading has-text-align-left\">Anschrift <\/h2>\n\n\n\n<p class=\"has-text-align-left\">Helmut-Schmidt-Universit\u00e4t<br>Fakult\u00e4t f\u00fcr Maschinenbau und Bauingenieurwesen<br>Fakult\u00e4tsverwaltung<br>Postfach 70 08 22<br>22008 Hamburg<br><\/p>\n<\/div>\n\n\n\n<div class=\"wp-block-column has-grey-background-color has-background is-layout-flow wp-block-column-is-layout-flow\">\n<p><\/p>\n\n\n\n<h2 class=\"wp-block-heading has-text-align-left\">Sprechzeiten<\/h2>\n\n\n\n<p class=\"has-text-align-left\"><strong>Mo.-Do.:<\/strong><br><strong>9.00-11.30 Uhr und 13.00-15.00 Uhr<\/strong><\/p>\n\n\n\n<p><strong>Fr.:<\/strong><br><strong>9.00-11.30 Uhr und 13.00-14.00 Uhr<\/strong><\/p>\n<\/div>\n<\/div>\n\n\n\n<div class=\"wp-block-columns is-layout-flex wp-container-core-columns-is-layout-9d6595d7 wp-block-columns-is-layout-flex\">\n<div class=\"wp-block-column has-grey-background-color has-background is-layout-flow wp-block-column-is-layout-flow\">\n<h2 class=\"wp-block-heading\">Leitung <\/h2>\n\n\n\n<div class=\"wp-block-columns is-layout-flex wp-container-core-columns-is-layout-9d6595d7 wp-block-columns-is-layout-flex\">\n<div class=\"wp-block-column is-layout-flow wp-block-column-is-layout-flow\" style=\"flex-basis:66.66%\">\n<h3 class=\"wp-block-heading\"><abbr title=\"Rechnergest\u00fctzte Ingenieurwissenschaften\">RI<\/abbr> Kathleen-Herrenbr\u00fcck-Conrad LL.B.<\/h3>\n\n\n\n<p><strong>Geb\u00e4ude\/Raum:<\/strong> H1, 1101\/1102<br><strong>Email:<\/strong> <a href=\"mailto:olga.ingardia@hsu-hh.de\" target=\"_blank\" rel=\"noreferrer noopener\">kathleen.herrenbrueck-conrad@hsu.hamburg<\/a><br><strong>Telefon:<\/strong> +49-40-6541-<strong>2358<\/strong><\/p>\n<\/div>\n\n\n\n<div class=\"wp-block-column is-layout-flow wp-block-column-is-layout-flow\" style=\"flex-basis:33.33%\"><\/div>\n<\/div>\n<\/div>\n\n\n\n<div class=\"wp-block-column has-grey-background-color has-background is-layout-flow wp-block-column-is-layout-flow\">\n<h2 class=\"wp-block-heading\">Mitarbeiterin<\/h2>\n\n\n\n<div class=\"wp-block-columns is-layout-flex wp-container-core-columns-is-layout-9d6595d7 wp-block-columns-is-layout-flex\">\n<div class=\"wp-block-column is-layout-flow wp-block-column-is-layout-flow\" style=\"flex-basis:66.66%\">\n<h4 class=\"wp-block-heading\">Nele Timm<\/h4>\n\n\n\n<p><strong>Geb\u00e4ude\/Raum:<\/strong> H1, 1101<br><strong>Email:<\/strong> <a href=\"mailto:fkv-et-mb@hsu-hh.de\" rel='nofollow'>fkv-et-mb@hsu-hh.de<\/a><br><strong>Telefon:<\/strong> +49-40-6541-<strong>2306<\/strong><\/p>\n<\/div>\n\n\n\n<div class=\"wp-block-column is-layout-flow wp-block-column-is-layout-flow\" style=\"flex-basis:33.33%\"><\/div>\n<\/div>\n<\/div>\n<\/div>\n\n\n\n<div class=\"wp-block-columns is-layout-flex wp-container-core-columns-is-layout-9d6595d7 wp-block-columns-is-layout-flex\">\n<div class=\"wp-block-column has-grey-background-color has-background is-layout-flow wp-block-column-is-layout-flow\">\n<h2 class=\"wp-block-heading\">Mitarbeiterin <\/h2>\n\n\n\n<div class=\"wp-block-columns is-layout-flex wp-container-core-columns-is-layout-9d6595d7 wp-block-columns-is-layout-flex\">\n<div class=\"wp-block-column is-layout-flow wp-block-column-is-layout-flow\" style=\"flex-basis:66.66%\">\n<h4 class=\"wp-block-heading\">Andrea Nienburg<\/h4>\n\n\n\n<p><strong>Geb\u00e4ude\/Raum:<\/strong> H1, 1101<br><strong>Email:<\/strong> <a href=\"mailto:fkv-et-mb@hsu-hh.de\" target=\"_blank\" rel=\"noreferrer noopener\">fkv-et-mb@hsu-hh.de<\/a><br><strong>Telefon:<\/strong> +49-40-6541<strong>-3700<\/strong><\/p>\n<\/div>\n\n\n\n<div class=\"wp-block-column is-layout-flow wp-block-column-is-layout-flow\" style=\"flex-basis:33.33%\"><\/div>\n<\/div>\n<\/div>\n\n\n\n<div class=\"wp-block-column has-grey-background-color has-background is-layout-flow wp-block-column-is-layout-flow\">\n<h2 class=\"wp-block-heading\">Mitarbeiterin<\/h2>\n\n\n\n<div class=\"wp-block-columns is-layout-flex wp-container-core-columns-is-layout-9d6595d7 wp-block-columns-is-layout-flex\">\n<div class=\"wp-block-column is-layout-flow wp-block-column-is-layout-flow\" style=\"flex-basis:66.66%\">\n<h4 class=\"wp-block-heading\">Birte Dorka<\/h4>\n\n\n\n<p><strong>Geb\u00e4ude\/Raum:<\/strong> H1, 1101\/1147<br><strong>Email:<\/strong> <a rel=\"noreferrer noopener\" href=\"mailto:fkv-et-mb@hsu-hh.de\" target=\"_blank\">fkv-et-mb@hsu-hh.de<\/a><br><strong>Telefon:<\/strong> +49-40-6541-<strong>3877<\/strong><\/p>\n<\/div>\n\n\n\n<div class=\"wp-block-column is-layout-flow wp-block-column-is-layout-flow\" style=\"flex-basis:33.33%\"><\/div>\n<\/div>\n<\/div>\n<\/div>\n\n\n\n<div class=\"wp-block-columns is-layout-flex wp-container-core-columns-is-layout-9d6595d7 wp-block-columns-is-layout-flex\">\n<div class=\"wp-block-column has-grey-background-color has-background is-layout-flow wp-block-column-is-layout-flow\">\n<h2 class=\"wp-block-heading\"><\/h2>\n\n\n\n<div class=\"wp-block-columns is-layout-flex wp-container-core-columns-is-layout-9d6595d7 wp-block-columns-is-layout-flex\">\n<div class=\"wp-block-column is-layout-flow wp-block-column-is-layout-flow\" style=\"flex-basis:66.66%\">\n<h4 class=\"wp-block-heading\"><\/h4>\n\n\n\n<p><br><\/p>\n<\/div>\n\n\n\n<div class=\"wp-block-column is-layout-flow wp-block-column-is-layout-flow\" style=\"flex-basis:33.33%\"><\/div>\n<\/div>\n<\/div>\n\n\n\n<div class=\"wp-block-column has-grey-background-color has-background is-layout-flow wp-block-column-is-layout-flow\">\n<h2 class=\"wp-block-heading\"><\/h2>\n\n\n\n<div class=\"wp-block-columns is-layout-flex wp-container-core-columns-is-layout-9d6595d7 wp-block-columns-is-layout-flex\">\n<div class=\"wp-block-column is-layout-flow wp-block-column-is-layout-flow\" style=\"flex-basis:66.66%\"><\/div>\n\n\n\n<div class=\"wp-block-column is-layout-flow wp-block-column-is-layout-flow\" style=\"flex-basis:33.33%\"><\/div>\n<\/div>\n<\/div>\n<\/div>\n","protected":false},"excerpt":{"rendered":"<p>Anschrift Helmut-Schmidt-Universit\u00e4tFakult\u00e4t f\u00fcr Maschinenbau und BauingenieurwesenFakult\u00e4tsverwaltungPostfach 70 08 2222008 Hamburg Sprechzeiten Mo.-Do.:9.00-11.30 Uhr und 13.00-15.00 Uhr Fr.:9.00-11.30 Uhr und 13.00-14.00 Uhr Leitung RI Kathleen-Herrenbr\u00fcck-Conrad LL.B. Geb\u00e4ude\/Raum: H1, 1101\/1102Email: kathleen.herrenbrueck-conrad@hsu.hamburgTelefon: +49-40-6541-2358 [&hellip;]<\/p>\n","protected":false},"author":149,"featured_media":0,"parent":0,"menu_order":0,"comment_status":"closed","ping_status":"closed","template":"","meta":{"footnotes":""},"categories":[4],"tags":[],"class_list":["post-125","page","type-page","status-publish","hentry","category-forschung"],"_links":{"self":[{"href":"https:\/\/www.hsu-hh.de\/fkvmb\/wp-json\/wp\/v2\/pages\/125","targetHints":{"allow":["GET"]}}],"collection":[{"href":"https:\/\/www.hsu-hh.de\/fkvmb\/wp-json\/wp\/v2\/pages"}],"about":[{"href":"https:\/\/www.hsu-hh.de\/fkvmb\/wp-json\/wp\/v2\/types\/page"}],"author":[{"embeddable":true,"href":"https:\/\/www.hsu-hh.de\/fkvmb\/wp-json\/wp\/v2\/users\/149"}],"replies":[{"embeddable":true,"href":"https:\/\/www.hsu-hh.de\/fkvmb\/wp-json\/wp\/v2\/comments?post=125"}],"version-history":[{"count":108,"href":"https:\/\/www.hsu-hh.de\/fkvmb\/wp-json\/wp\/v2\/pages\/125\/revisions"}],"predecessor-version":[{"id":440,"href":"https:\/\/www.hsu-hh.de\/fkvmb\/wp-json\/wp\/v2\/pages\/125\/revisions\/440"}],"wp:attachment":[{"href":"https:\/\/www.hsu-hh.de\/fkvmb\/wp-json\/wp\/v2\/media?parent=125"}],"wp:term":[{"taxonomy":"category","embeddable":true,"href":"https:\/\/www.hsu-hh.de\/fkvmb\/wp-json\/wp\/v2\/categories?post=125"},{"taxonomy":"post_tag","embeddable":true,"href":"https:\/\/www.hsu-hh.de\/fkvmb\/wp-json\/wp\/v2\/tags?post=125"}],"curies":[{"name":"wp","href":"https:\/\/api.w.org\/{rel}","templated":true}]}}