{"id":48,"date":"2017-02-13T10:36:23","date_gmt":"2017-02-13T09:36:23","guid":{"rendered":"https:\/\/www.hsu-hh.de\/vorlage\/?page_id=48"},"modified":"2025-10-09T13:25:31","modified_gmt":"2025-10-09T11:25:31","slug":"team","status":"publish","type":"page","link":"https:\/\/www.hsu-hh.de\/fkvet\/team","title":{"rendered":"Team Fakult\u00e4tsverwaltung Elektrotechnik"},"content":{"rendered":"\n<div class=\"wp-block-columns is-layout-flex wp-container-core-columns-is-layout-9d6595d7 wp-block-columns-is-layout-flex\">\n<div class=\"wp-block-column has-grey-background-color has-background is-layout-flow wp-block-column-is-layout-flow\">\n<h2 class=\"wp-block-heading\">Anschrift <\/h2>\n\n\n\n<p>Helmut-Schmidt-Universit\u00e4t<br>Fakult\u00e4t f\u00fcr Elektrotechnik<br>Fakult\u00e4tsverwaltung<br>Postfach 70 08 22<br>22008 Hamburg<br><\/p>\n<\/div>\n\n\n\n<div class=\"wp-block-column has-grey-background-color has-background is-layout-flow wp-block-column-is-layout-flow\">\n<p><\/p>\n\n\n\n<h2 class=\"wp-block-heading has-text-align-left\">Sprechzeiten<\/h2>\n\n\n\n<p class=\"has-text-align-left\"><strong>Mo.-Do.:<\/strong><br><strong>9.00-11.30 Uhr und 13.00-15.00 Uhr<\/strong><br><br><strong>Fr.:<\/strong><br><strong>9.00-11.30 Uhr und 13.00-14.00 Uhr<\/strong><\/p>\n<\/div>\n<\/div>\n\n\n\n<div class=\"wp-block-columns is-layout-flex wp-container-core-columns-is-layout-9d6595d7 wp-block-columns-is-layout-flex\">\n<div class=\"wp-block-column has-grey-background-color has-background is-layout-flow wp-block-column-is-layout-flow\">\n<h2 class=\"wp-block-heading\">Leitung <\/h2>\n\n\n\n<div class=\"wp-block-columns is-layout-flex wp-container-core-columns-is-layout-9d6595d7 wp-block-columns-is-layout-flex\">\n<div class=\"wp-block-column is-layout-flow wp-block-column-is-layout-flow\" style=\"flex-basis:66.66%\">\n<h3 class=\"wp-block-heading\"><abbr title=\"Rechnergest\u00fctzte Ingenieurwissenschaften\">RI<\/abbr> Kathleen Herrenbr\u00fcck-Conrad LL.B.<\/h3>\n\n\n\n<p><strong>Geb\u00e4ude\/Raum:<\/strong> H1, 1101\/1102<br><strong>Email:<\/strong> <a href=\"mailto:olga.baden-ingardia@hsu.hamburg\" rel='nofollow'>kathleen.herrenbrueck-conrad@hsu.hamburg<\/a><br><strong>Telefon:<\/strong> +49-40-6541-<strong>2358<\/strong><\/p>\n<\/div>\n\n\n\n<div class=\"wp-block-column is-layout-flow wp-block-column-is-layout-flow\" style=\"flex-basis:33.33%\"><\/div>\n<\/div>\n<\/div>\n\n\n\n<div class=\"wp-block-column has-grey-background-color has-background is-layout-flow wp-block-column-is-layout-flow\">\n<h2 class=\"wp-block-heading\">Mitarbeiterin<\/h2>\n\n\n\n<div class=\"wp-block-columns is-layout-flex wp-container-core-columns-is-layout-9d6595d7 wp-block-columns-is-layout-flex\">\n<div class=\"wp-block-column is-layout-flow wp-block-column-is-layout-flow\" style=\"flex-basis:66.66%\">\n<h4 class=\"wp-block-heading\">Nele Timm<\/h4>\n\n\n\n<p><strong>Geb\u00e4ude\/Raum:<\/strong> H1, 1101<br><strong>Email:<\/strong> <a href=\"mailto:fkv-et-mb@hsu-hh.de\" rel='nofollow'>fkv-et-mb@hsu-hh.de<\/a><br><strong>Telefon:<\/strong> +49-40-6541-<strong>2306<\/strong><\/p>\n<\/div>\n\n\n\n<div class=\"wp-block-column is-layout-flow wp-block-column-is-layout-flow\" style=\"flex-basis:33.33%\"><\/div>\n<\/div>\n<\/div>\n<\/div>\n\n\n\n<div class=\"wp-block-columns is-layout-flex wp-container-core-columns-is-layout-9d6595d7 wp-block-columns-is-layout-flex\">\n<div class=\"wp-block-column has-grey-background-color has-background is-layout-flow wp-block-column-is-layout-flow\">\n<h2 class=\"wp-block-heading\">Mitarbeiterin <\/h2>\n\n\n\n<div class=\"wp-block-columns is-layout-flex wp-container-core-columns-is-layout-9d6595d7 wp-block-columns-is-layout-flex\">\n<div class=\"wp-block-column is-layout-flow wp-block-column-is-layout-flow\" style=\"flex-basis:66.66%\">\n<h4 class=\"wp-block-heading\">Viola M\u00fcller<\/h4>\n\n\n\n<p><strong>Geb\u00e4ude\/Raum:<\/strong> H3, 006<br><strong>Email:<\/strong> <a href=\"mailto:fkv-et-mb@hsu-hh.de\" target=\"_blank\" rel=\"noreferrer noopener\">fkv-et-mb@hsu-hh.de<\/a><br><strong>Telefon:<\/strong> +49-40-6541-<strong>3700 \/ -2306<\/strong><\/p>\n<\/div>\n\n\n\n<div class=\"wp-block-column is-layout-flow wp-block-column-is-layout-flow\" style=\"flex-basis:33.33%\"><\/div>\n<\/div>\n<\/div>\n\n\n\n<div class=\"wp-block-column has-grey-background-color has-background is-layout-flow wp-block-column-is-layout-flow\">\n<h2 class=\"wp-block-heading\">Mitarbeiterin<\/h2>\n\n\n\n<div class=\"wp-block-columns is-layout-flex wp-container-core-columns-is-layout-9d6595d7 wp-block-columns-is-layout-flex\">\n<div class=\"wp-block-column is-layout-flow wp-block-column-is-layout-flow\" style=\"flex-basis:66.66%\">\n<h4 class=\"wp-block-heading\">Andrea Nienburg<\/h4>\n\n\n\n<p><strong>Geb\u00e4ude\/Raum:<\/strong> H1, 1101<br><strong>Email:<\/strong> <a href=\"mailto:fkv-et-mb@hsu-hh.de\" target=\"_blank\" rel=\"noreferrer noopener\">fkv-et-mb@hsu-hh.de<\/a><br><strong>Telefon:<\/strong> +49-40-6541-<strong>3700 <\/strong><\/p>\n<\/div>\n\n\n\n<div class=\"wp-block-column is-layout-flow wp-block-column-is-layout-flow\" style=\"flex-basis:33.33%\"><\/div>\n<\/div>\n<\/div>\n<\/div>\n\n\n\n<div class=\"wp-block-columns is-layout-flex wp-container-core-columns-is-layout-9d6595d7 wp-block-columns-is-layout-flex\">\n<div class=\"wp-block-column has-grey-background-color has-background is-layout-flow wp-block-column-is-layout-flow\">\n<h2 class=\"wp-block-heading\"><\/h2>\n\n\n\n<div class=\"wp-block-columns is-layout-flex wp-container-core-columns-is-layout-9d6595d7 wp-block-columns-is-layout-flex\">\n<div class=\"wp-block-column is-layout-flow wp-block-column-is-layout-flow\" style=\"flex-basis:66.66%\"><\/div>\n\n\n\n<div class=\"wp-block-column is-layout-flow wp-block-column-is-layout-flow\" style=\"flex-basis:33.33%\"><\/div>\n<\/div>\n<\/div>\n<\/div>\n","protected":false},"excerpt":{"rendered":"<p>Anschrift Helmut-Schmidt-Universit\u00e4tFakult\u00e4t f\u00fcr ElektrotechnikFakult\u00e4tsverwaltungPostfach 70 08 2222008 Hamburg Sprechzeiten Mo.-Do.:9.00-11.30 Uhr und 13.00-15.00 Uhr Fr.:9.00-11.30 Uhr und 13.00-14.00 Uhr Leitung RI Kathleen Herrenbr\u00fcck-Conrad LL.B. Geb\u00e4ude\/Raum: H1, 1101\/1102Email: kathleen.herrenbrueck-conrad@hsu.hamburgTelefon: +49-40-6541-2358 Mitarbeiterin [&hellip;]<\/p>\n","protected":false},"author":3,"featured_media":0,"parent":0,"menu_order":0,"comment_status":"closed","ping_status":"closed","template":"","meta":{"footnotes":""},"categories":[8],"tags":[],"class_list":["post-48","page","type-page","status-publish","hentry","category-team"],"_links":{"self":[{"href":"https:\/\/www.hsu-hh.de\/fkvet\/wp-json\/wp\/v2\/pages\/48","targetHints":{"allow":["GET"]}}],"collection":[{"href":"https:\/\/www.hsu-hh.de\/fkvet\/wp-json\/wp\/v2\/pages"}],"about":[{"href":"https:\/\/www.hsu-hh.de\/fkvet\/wp-json\/wp\/v2\/types\/page"}],"author":[{"embeddable":true,"href":"https:\/\/www.hsu-hh.de\/fkvet\/wp-json\/wp\/v2\/users\/3"}],"replies":[{"embeddable":true,"href":"https:\/\/www.hsu-hh.de\/fkvet\/wp-json\/wp\/v2\/comments?post=48"}],"version-history":[{"count":68,"href":"https:\/\/www.hsu-hh.de\/fkvet\/wp-json\/wp\/v2\/pages\/48\/revisions"}],"predecessor-version":[{"id":330,"href":"https:\/\/www.hsu-hh.de\/fkvet\/wp-json\/wp\/v2\/pages\/48\/revisions\/330"}],"wp:attachment":[{"href":"https:\/\/www.hsu-hh.de\/fkvet\/wp-json\/wp\/v2\/media?parent=48"}],"wp:term":[{"taxonomy":"category","embeddable":true,"href":"https:\/\/www.hsu-hh.de\/fkvet\/wp-json\/wp\/v2\/categories?post=48"},{"taxonomy":"post_tag","embeddable":true,"href":"https:\/\/www.hsu-hh.de\/fkvet\/wp-json\/wp\/v2\/tags?post=48"}],"curies":[{"name":"wp","href":"https:\/\/api.w.org\/{rel}","templated":true}]}}