{"id":166,"date":"2017-11-09T08:53:58","date_gmt":"2017-11-09T07:53:58","guid":{"rendered":"https:\/\/www.hsu-hh.de\/fkvet\/?page_id=166"},"modified":"2022-11-22T15:00:29","modified_gmt":"2022-11-22T14:00:29","slug":"allg-informationen","status":"publish","type":"page","link":"https:\/\/www.hsu-hh.de\/fkvet\/allg-informationen","title":{"rendered":"Allg. Informationen"},"content":{"rendered":"\n<div class=\"wp-block-columns has-grey-background-color has-background is-layout-flex wp-container-core-columns-is-layout-9d6595d7 wp-block-columns-is-layout-flex\">\n<div class=\"wp-block-column is-layout-flow wp-block-column-is-layout-flow\" style=\"flex-basis:1%\"><\/div>\n\n\n\n<div class=\"wp-block-column is-layout-flow wp-block-column-is-layout-flow\" style=\"flex-basis:39%\">\n<h2 class=\"wp-block-heading\">Anschrift<\/h2>\n\n\n\n<p><strong>Helmut-Schmidt-Universit\u00e4t<br>Universit\u00e4t der Bundeswehr Hamburg<\/strong> <br><strong>Fakult\u00e4t f\u00fcr Elektrotechnik<br>Holstenhofweg 85<br>22043 Hamburg<\/strong><\/p>\n<\/div>\n\n\n\n<div class=\"wp-block-column is-layout-flow wp-block-column-is-layout-flow\" style=\"flex-basis:60%\">\n<figure class=\"wp-block-image size-large is-style-default\"><img decoding=\"async\" src=\"https:\/\/www.hsu-hh.de\/fkvmb\/wp-content\/uploads\/sites\/778\/2022\/11\/image-1024x341.png\" alt=\"\" class=\"wp-image-363\" \/><\/figure>\n<\/div>\n<\/div>\n\n\n\n<div class=\"wp-block-columns are-vertically-aligned-center is-not-stacked-on-mobile backgroud-grey has-grey-background-color has-background is-layout-flex wp-container-core-columns-is-layout-9d6595d7 wp-block-columns-is-layout-flex\">\n<div class=\"wp-block-column is-vertically-aligned-center is-layout-flow wp-block-column-is-layout-flow\"><div class=\"wp-block-image is-style-rounded\">\n<figure class=\"aligncenter is-resized\"><a href=\"https:\/\/goo.gl\/maps\/nF5PDqtPqh7pqJzZ8\" target=\"_blank\" rel=\"noopener\"><img loading=\"lazy\" decoding=\"async\" src=\"https:\/\/www.hsu-hh.de\/et\/wp-content\/uploads\/sites\/61\/2022\/03\/Bild_2022-03-30_181256-100x100.png\" alt=\"tt\" class=\"wp-image-2286\" width=\"75\" height=\"75\" \/><\/a><\/figure>\n<\/div><\/div>\n\n\n\n<div class=\"wp-block-column is-vertically-aligned-center is-layout-flow wp-block-column-is-layout-flow\"><div class=\"wp-block-image is-style-rounded\">\n<figure class=\"aligncenter is-resized\"><a href=\"https:\/\/maps.apple.com\/?address=Holstenhofweg%2085,%2022043%20Hamburg,%20Germany&amp;auid=2934426704767379113&amp;ll=53.569185,10.110323&amp;lsp=9902&amp;q=Helmut%20Schmidt%20University&amp;_ext=CisKBQgEEIEBCgQIBRADCgQIBhAZCgQIChABCgQIUhAHCgQIVRAMCgQIWRABEiQpzWyhdZ7ISkAxXATG+gY2JEA5ie\/ErBfJSkBB06V\/SSo7JEA%3D&amp;t=m\" target=\"_blank\" rel=\"noopener\"><img loading=\"lazy\" decoding=\"async\" src=\"https:\/\/www.hsu-hh.de\/et\/wp-content\/uploads\/sites\/61\/2022\/03\/Bild_2022-03-30_181308-100x100.png\" alt=\"tt\" class=\"wp-image-2287\" width=\"75\" height=\"75\" \/><\/a><\/figure>\n<\/div><\/div>\n\n\n\n<div class=\"wp-block-column is-vertically-aligned-center is-layout-flow wp-block-column-is-layout-flow\"><div class=\"wp-block-image is-style-rounded\">\n<figure class=\"aligncenter size-full is-resized\"><a href=\"https:\/\/www.hvv.de\/linking-service\/show\/75953b2120aa49c0b3e52e3e4750f55b\" target=\"_blank\" rel=\"noopener\"><img loading=\"lazy\" decoding=\"async\" src=\"https:\/\/www.hsu-hh.de\/et\/wp-content\/uploads\/sites\/61\/2022\/03\/Bild_2022-03-30_193401.png\" alt=\"tt\" class=\"wp-image-2318\" width=\"138\" height=\"72\" \/><\/a><\/figure>\n<\/div><\/div>\n<\/div>\n\n\n\n<div class=\"wp-block-columns is-layout-flex wp-container-core-columns-is-layout-9d6595d7 wp-block-columns-is-layout-flex\">\n<div class=\"wp-block-column has-grey-background-color has-background is-layout-flow wp-block-column-is-layout-flow\">\n<h2 class=\"wp-block-heading\">Lageplan<\/h2>\n\n\n<div class=\"wp-block-image is-style-default \">\n<figure class=\"aligncenter size-full is-resized\"><a href=\"https:\/\/www.hsu-hh.de\/et\/wp-content\/uploads\/sites\/61\/2022\/06\/image_2022-06-15_102222785.png\" target=\"_blank\" rel=\"noopener\"><img loading=\"lazy\" decoding=\"async\" src=\"https:\/\/www.hsu-hh.de\/et\/wp-content\/uploads\/sites\/61\/2022\/06\/image_2022-06-15_102222785.png\" alt=\"HSU-HH\" class=\"wp-image-3365\" width=\"1024\" height=\"827\" \/><\/a><\/figure>\n<\/div><\/div>\n<\/div>\n\n\n\n<div class=\"wp-block-columns is-layout-flex wp-container-core-columns-is-layout-9d6595d7 wp-block-columns-is-layout-flex\">\n<div class=\"wp-block-column has-grey-background-color has-background is-layout-flow wp-block-column-is-layout-flow\">\n<h2 class=\"wp-block-heading\">Geb\u00e4ude H1<\/h2>\n\n\n\n<ul class=\"wp-block-list\"><li>Fakult\u00e4tsverwaltung<\/li><\/ul>\n\n\n\n<figure class=\"wp-block-image size-medium\"><img loading=\"lazy\" decoding=\"async\" width=\"300\" height=\"225\" src=\"https:\/\/www.hsu-hh.de\/fkvet\/wp-content\/uploads\/sites\/777\/2017\/11\/20130411_134013-300x225.jpg\" data-credit=\"ET Verwaltung\" alt=\"ET Verwaltung\" class=\"wp-image-197\" srcset=\"https:\/\/www.hsu-hh.de\/fkvet\/wp-content\/uploads\/sites\/777\/2017\/11\/20130411_134013-300x225.jpg 300w, https:\/\/www.hsu-hh.de\/fkvet\/wp-content\/uploads\/sites\/777\/2017\/11\/20130411_134013-768x576.jpg 768w, https:\/\/www.hsu-hh.de\/fkvet\/wp-content\/uploads\/sites\/777\/2017\/11\/20130411_134013-1024x768.jpg 1024w\" sizes=\"auto, (max-width: 300px) 100vw, 300px\" \/><\/figure>\n\n\n\n<ul class=\"wp-block-list\"><li>E.M. und Antriebssysteme<\/li><li>Elektrische Messtechnik<\/li><li>Hochfrequenztechnik<\/li><li>Experimentalphysik und Materialwissenschaften<\/li><li>Allgemeine Nachrichtentechnik<\/li><li>Elektronik<\/li><li>Grundlagen der Elektrotechnik<\/li><li>Elektrische Messtechnik<\/li><li>Hochfrequenztechnik<\/li><li>Lasertechnologie &amp; Spektroskopie<\/li><\/ul>\n\n\n\n<h2 class=\"wp-block-heading\"><strong>Geb\u00e4ude H1<\/strong>1<\/h2>\n\n\n\n<ul class=\"wp-block-list\"><li>Technische Informatik<\/li><\/ul>\n<\/div>\n\n\n\n<div class=\"wp-block-column has-grey-background-color has-background is-layout-flow wp-block-column-is-layout-flow\">\n<h2 class=\"wp-block-heading\">Geb\u00e4ude H2<\/h2>\n\n\n\n<ul class=\"wp-block-list\"><li>Elektrische Energiesysteme<\/li><li>Experimentalphysik und Materialwissenschaften<\/li><li>Leistungselektronik<\/li><li>Elektrische Maschinen und Antriebe<\/li><li>Regelungstechnik<\/li><\/ul>\n\n\n\n<h2 class=\"wp-block-heading\"><strong>Geb\u00e4ude H3<\/strong><\/h2>\n\n\n\n<ul class=\"wp-block-list\"><li>Fakult\u00e4tsverwaltung<\/li><\/ul>\n\n\n\n<figure class=\"wp-block-image\"><img loading=\"lazy\" decoding=\"async\" width=\"300\" height=\"225\" src=\"https:\/\/www.hsu-hh.de\/fkvet\/wp-content\/uploads\/sites\/777\/2017\/11\/Herbst-1-300x225.jpg\" data-credit=\"\" alt=\"H3 im Herbst\" class=\"wp-image-154\" srcset=\"https:\/\/www.hsu-hh.de\/fkvet\/wp-content\/uploads\/sites\/777\/2017\/11\/Herbst-1-300x225.jpg 300w, https:\/\/www.hsu-hh.de\/fkvet\/wp-content\/uploads\/sites\/777\/2017\/11\/Herbst-1-768x576.jpg 768w, https:\/\/www.hsu-hh.de\/fkvet\/wp-content\/uploads\/sites\/777\/2017\/11\/Herbst-1-1024x768.jpg 1024w, https:\/\/www.hsu-hh.de\/fkvet\/wp-content\/uploads\/sites\/777\/2017\/11\/Herbst-1.jpg 1334w\" sizes=\"auto, (max-width: 300px) 100vw, 300px\" \/><\/figure>\n\n\n\n<ul class=\"wp-block-list\"><li>Allgemeine Nachrichtentechnik<\/li><li>Elektronik<\/li><li>Elektrische Energiesysteme<\/li><li>Grundlagen der Elektrotechnik<\/li><li>Leistungselektronik<\/li><li>Regelungstechnik<\/li><li>Theoretische Elektrotechnik und Numerische Feldberechnung<\/li><\/ul>\n<\/div>\n<\/div>\n","protected":false},"excerpt":{"rendered":"<p>Anschrift Helmut-Schmidt-Universit\u00e4tUniversit\u00e4t der Bundeswehr Hamburg Fakult\u00e4t f\u00fcr ElektrotechnikHolstenhofweg 8522043 Hamburg Lageplan Geb\u00e4ude H1 Fakult\u00e4tsverwaltung E.M. und Antriebssysteme Elektrische Messtechnik Hochfrequenztechnik Experimentalphysik und Materialwissenschaften Allgemeine Nachrichtentechnik Elektronik Grundlagen der Elektrotechnik Elektrische [&hellip;]<\/p>\n","protected":false},"author":149,"featured_media":0,"parent":0,"menu_order":0,"comment_status":"closed","ping_status":"closed","template":"","meta":{"footnotes":""},"categories":[4],"tags":[],"class_list":["post-166","page","type-page","status-publish","hentry","category-forschung"],"_links":{"self":[{"href":"https:\/\/www.hsu-hh.de\/fkvet\/wp-json\/wp\/v2\/pages\/166","targetHints":{"allow":["GET"]}}],"collection":[{"href":"https:\/\/www.hsu-hh.de\/fkvet\/wp-json\/wp\/v2\/pages"}],"about":[{"href":"https:\/\/www.hsu-hh.de\/fkvet\/wp-json\/wp\/v2\/types\/page"}],"author":[{"embeddable":true,"href":"https:\/\/www.hsu-hh.de\/fkvet\/wp-json\/wp\/v2\/users\/149"}],"replies":[{"embeddable":true,"href":"https:\/\/www.hsu-hh.de\/fkvet\/wp-json\/wp\/v2\/comments?post=166"}],"version-history":[{"count":13,"href":"https:\/\/www.hsu-hh.de\/fkvet\/wp-json\/wp\/v2\/pages\/166\/revisions"}],"predecessor-version":[{"id":307,"href":"https:\/\/www.hsu-hh.de\/fkvet\/wp-json\/wp\/v2\/pages\/166\/revisions\/307"}],"wp:attachment":[{"href":"https:\/\/www.hsu-hh.de\/fkvet\/wp-json\/wp\/v2\/media?parent=166"}],"wp:term":[{"taxonomy":"category","embeddable":true,"href":"https:\/\/www.hsu-hh.de\/fkvet\/wp-json\/wp\/v2\/categories?post=166"},{"taxonomy":"post_tag","embeddable":true,"href":"https:\/\/www.hsu-hh.de\/fkvet\/wp-json\/wp\/v2\/tags?post=166"}],"curies":[{"name":"wp","href":"https:\/\/api.w.org\/{rel}","templated":true}]}}