{"id":816,"date":"2023-02-16T19:40:28","date_gmt":"2023-02-16T18:40:28","guid":{"rendered":"https:\/\/www.hsu-hh.de\/finanzwissenschaft\/?page_id=816"},"modified":"2026-03-29T21:23:50","modified_gmt":"2026-03-29T19:23:50","slug":"dr-christoph-schuett","status":"publish","type":"page","link":"https:\/\/www.hsu-hh.de\/finanzwissenschaft\/dr-christoph-schuett","title":{"rendered":"Dr. Christoph Sch\u00fctt"},"content":{"rendered":"\n<p>Wissenschaftlicher Mitarbeiter<\/p>\n\n\n\n<div class=\"wp-block-columns is-layout-flex wp-container-core-columns-is-layout-9d6595d7 wp-block-columns-is-layout-flex\">\n<div class=\"wp-block-column is-layout-flow wp-block-column-is-layout-flow\">\n<p>Helmut-Schmidt-Universit\u00e4t<br>Fakult\u00e4t f\u00fcr Wirtschafts- und<br>Sozialwissenschaften<br>Holstenhofweg 85<br>22043 Hamburg<\/p>\n<\/div>\n\n\n\n<div class=\"wp-block-column is-layout-flow wp-block-column-is-layout-flow\">\n<p><strong>Raum<\/strong>: H1, Raum 2145<br><strong>Telefon<\/strong>: <a href=\"tel:494065413519\" rel='nofollow'>+49 40 6541-3519<\/a><br><strong>E-Mail<\/strong>: <a href=\"mailto:schuettc@hsu-hh.de\" rel='nofollow'>schuettc@hsu.hamburg<\/a><\/p>\n\n\n\n<p>&nbsp;<\/p>\n<\/div>\n\n\n\n<div class=\"wp-block-column is-layout-flow wp-block-column-is-layout-flow\">\n<figure class=\"wp-block-image size-large is-style-rounded\"><img loading=\"lazy\" decoding=\"async\" width=\"1024\" height=\"683\" src=\"https:\/\/www.hsu-hh.de\/finanzwissenschaft\/wp-content\/uploads\/sites\/667\/2023\/09\/Christoph-Schuett_DSC_9313-1-1024x683.jpg\" data-credit=\"Christoph Sch\u00fctt\" alt=\"\" class=\"wp-image-879\" style=\"object-fit:cover\" srcset=\"https:\/\/www.hsu-hh.de\/finanzwissenschaft\/wp-content\/uploads\/sites\/667\/2023\/09\/Christoph-Schuett_DSC_9313-1-1024x683.jpg 1024w, https:\/\/www.hsu-hh.de\/finanzwissenschaft\/wp-content\/uploads\/sites\/667\/2023\/09\/Christoph-Schuett_DSC_9313-1-300x200.jpg 300w, https:\/\/www.hsu-hh.de\/finanzwissenschaft\/wp-content\/uploads\/sites\/667\/2023\/09\/Christoph-Schuett_DSC_9313-1-768x512.jpg 768w, https:\/\/www.hsu-hh.de\/finanzwissenschaft\/wp-content\/uploads\/sites\/667\/2023\/09\/Christoph-Schuett_DSC_9313-1.jpg 1100w\" sizes=\"auto, (max-width: 1024px) 100vw, 1024px\" \/><\/figure>\n<\/div>\n<\/div>\n\n\n\n<p><strong>Sprechstunde<\/strong><br>nach Vereinbarung<\/p>\n\n\n\n<hr class=\"wp-block-separator has-alpha-channel-opacity\" \/>\n\n\n\n<p><a href=\"https:\/\/www.hsu-hh.de\/finanzwissenschaft\/wp-content\/uploads\/sites\/667\/2026\/03\/CV_Schuett_2026.pdf\">Curriculum Vitae<\/a><\/p>\n\n\n\n<hr class=\"wp-block-separator has-alpha-channel-opacity is-style-wide\" \/>\n\n\n\n<p><strong>Publikationen<\/strong><\/p>\n\n\n\n<p><strong>Peer-Reviewed Journals<\/strong><\/p>\n\n\n\n<ul class=\"wp-block-list\">\n<li>Ring, P., Sch\u00fctt, C. A. &amp; Snower, D. .J. (2023). Care and anger motives in social dilemmas. <em>Theory and Decision<\/em>, 95(2): 273\u2013308. <a href=\"https:\/\/doi.org\/10.1007\/s11238-022-09921-9\" rel='nofollow'>https:\/\/doi.org\/10.1007\/s11238-022-09921-9<\/a><\/li>\n\n\n\n<li>Sch\u00fctt, C. A., Pipke, D., Detlefsen, L. &amp; Grimalda, G. (2023). Does ethnic heterogeneity decrease workers\u2019 effort in the presence of income redistribution? An experimental analysis. <em>European Journal of Political Economy<\/em>, 79: 102440. <a href=\"https:\/\/doi.org\/10.1016\/j.ejpoleco.2023.102440\" rel='nofollow'>https:\/\/doi.org\/10.1016\/j.ejpoleco.2023.102440<\/a><\/li>\n\n\n\n<li>Sch\u00fctt, C. A. (2023). The effect of perceived similarity and social proximity on the formation of prosocial preferences. <em>Journal of Economic Psychology<\/em>, 99: 102678. <a href=\"https:\/\/doi.org\/10.1016\/j.joep.2023.102678\" rel='nofollow'>https:\/\/doi.org\/10.1016\/j.joep.2023.102678<\/a><\/li>\n<\/ul>\n\n\n\n<p><\/p>\n\n\n\n<p><strong>Working Papers<\/strong><\/p>\n\n\n\n<ul class=\"wp-block-list\">\n<li>Meemann, C., Sch\u00fctt, C.A. &amp; Halm, P. (2026). Trust, Autonomy &amp; Paternalism. (Working paper available upon request)<\/li>\n\n\n\n<li>Kyriakidou-Schoolmann, G., Paetzel, F. &amp; Sch\u00fctt, C. A. (2026). Deservingness, ideology, andselective redistribution. (Working paper available upon request)<\/li>\n\n\n\n<li>Abell\u00e1n, M., Mechtel, M., Paetzel, F. &amp; Sch\u00fctt, C. A. (2024). Markets, consumer social responsibility, and group identity. Available at SSRN: <a href=\"https:\/\/papers.ssrn.com\/sol3\/papers.cfm?abstract_id=5054339\" rel='nofollow'>https:\/\/papers.ssrn.com\/sol3\/papers.cfm?abstract_id=5054339<\/a> (R&amp;R at <em>Experimental Economics<\/em>)<\/li>\n\n\n\n<li>Grimalda, G., Detlefsen, L., Paetzel, F. &amp; Sch\u00fctt, C. A. (2024). Preference for Redistribution: Does the Recipient&#8217;s Residency Status, Education, and Volunteering Matter? Available at SSRN: <a href=\"https:\/\/ssrn.com\/abstract=4578532\" target=\"_blank\" rel=\"noreferrer noopener\">https:\/\/ssrn.com\/abstract=4578532<\/a><\/li>\n\n\n\n<li>Krause, J. &amp; Sch\u00fctt, C. A. (2023). Perceived Similarity and Risk-Taking for Others. Available at SSRN: <a href=\"https:\/\/ssrn.com\/abstract=4594591\" target=\"_blank\" rel=\"noreferrer noopener\">https:\/\/ssrn.com\/abstract=4594591<\/a><\/li>\n<\/ul>\n\n\n\n<p><\/p>\n\n\n\n<p><strong>Discussion Papers<\/strong><\/p>\n\n\n\n<ul class=\"wp-block-list\">\n<li>Grimalda, G., Detlefsen, L. &amp; Sch\u00fctt, C. (2019). <a href=\"https:\/\/t20japan.org\/wp-content\/uploads\/2019\/04\/t20-japan-tf6-15-improving-immigrants-integration-host-countries.pdf\" rel='nofollow'>Improving immigrants\u2019 integration in host countries<\/a>. G20-Insights.<\/li>\n\n\n\n<li>Friedl, A., Gelhaar, F., Ring, P. &amp; Sch\u00fctt, C. (2018). Global Nudging als Politikkonzept zur Bew\u00e4ltigung globaler Herausforderungen. Vierteljahrshefte zur Wirtschaftsforschung, 87(1), 93-103. <a href=\"https:\/\/doi.org\/10.3790\/vjh.87.1.93\" rel='nofollow'>https:\/\/doi.org\/10.3790\/vjh.87.1.93<\/a><\/li>\n<\/ul>\n\n\n\n<p><\/p>\n\n\n\n<p><strong>Work in Progress<\/strong><\/p>\n\n\n\n<ul class=\"wp-block-list\">\n<li>On the stationarity of ambiguity, with Jan Krause<\/li>\n\n\n\n<li>Social network and patterns of cooperation in small-scale societies, with Gianluca Grimalda, Susann Adloff, Peter Andre, Matthias Sutter, Lorenz G\u00f6tte, Eleanor Power, Andreas Pondorfer &amp; Federico Cammelli<\/li>\n\n\n\n<li>Demand and supply for redistribution in ethical diverse societies: experimental evidence from Germany, with Gianluca Grimalda, Lena Detlefsen &amp; David Pipke <\/li>\n<\/ul>\n\n\n\n<p><\/p>\n","protected":false},"excerpt":{"rendered":"<p>Wissenschaftlicher Mitarbeiter Helmut-Schmidt-Universit\u00e4tFakult\u00e4t f\u00fcr Wirtschafts- undSozialwissenschaftenHolstenhofweg 8522043 Hamburg Raum: H1, Raum 2145Telefon: +49 40 6541-3519E-Mail: schuettc@hsu.hamburg &nbsp; Sprechstundenach Vereinbarung Curriculum Vitae Publikationen Peer-Reviewed Journals Working Papers Discussion Papers Work in [&hellip;]<\/p>\n","protected":false},"author":36,"featured_media":0,"parent":0,"menu_order":0,"comment_status":"closed","ping_status":"closed","template":"","meta":{"footnotes":""},"categories":[8],"tags":[],"class_list":["post-816","page","type-page","status-publish","hentry","category-team"],"_links":{"self":[{"href":"https:\/\/www.hsu-hh.de\/finanzwissenschaft\/wp-json\/wp\/v2\/pages\/816","targetHints":{"allow":["GET"]}}],"collection":[{"href":"https:\/\/www.hsu-hh.de\/finanzwissenschaft\/wp-json\/wp\/v2\/pages"}],"about":[{"href":"https:\/\/www.hsu-hh.de\/finanzwissenschaft\/wp-json\/wp\/v2\/types\/page"}],"author":[{"embeddable":true,"href":"https:\/\/www.hsu-hh.de\/finanzwissenschaft\/wp-json\/wp\/v2\/users\/36"}],"replies":[{"embeddable":true,"href":"https:\/\/www.hsu-hh.de\/finanzwissenschaft\/wp-json\/wp\/v2\/comments?post=816"}],"version-history":[{"count":33,"href":"https:\/\/www.hsu-hh.de\/finanzwissenschaft\/wp-json\/wp\/v2\/pages\/816\/revisions"}],"predecessor-version":[{"id":1153,"href":"https:\/\/www.hsu-hh.de\/finanzwissenschaft\/wp-json\/wp\/v2\/pages\/816\/revisions\/1153"}],"wp:attachment":[{"href":"https:\/\/www.hsu-hh.de\/finanzwissenschaft\/wp-json\/wp\/v2\/media?parent=816"}],"wp:term":[{"taxonomy":"category","embeddable":true,"href":"https:\/\/www.hsu-hh.de\/finanzwissenschaft\/wp-json\/wp\/v2\/categories?post=816"},{"taxonomy":"post_tag","embeddable":true,"href":"https:\/\/www.hsu-hh.de\/finanzwissenschaft\/wp-json\/wp\/v2\/tags?post=816"}],"curies":[{"name":"wp","href":"https:\/\/api.w.org\/{rel}","templated":true}]}}