{"id":809,"date":"2023-02-16T19:39:52","date_gmt":"2023-02-16T18:39:52","guid":{"rendered":"https:\/\/www.hsu-hh.de\/finanzwissenschaft\/?page_id=809"},"modified":"2026-03-29T21:34:36","modified_gmt":"2026-03-29T19:34:36","slug":"markwardt","status":"publish","type":"page","link":"https:\/\/www.hsu-hh.de\/finanzwissenschaft\/markwardt","title":{"rendered":"PD Dr. habil. Gunther Markwardt"},"content":{"rendered":"\n<p>Professurvertreter<\/p>\n\n\n\n<div class=\"wp-block-columns is-layout-flex wp-container-core-columns-is-layout-9d6595d7 wp-block-columns-is-layout-flex\">\n<div class=\"wp-block-column is-layout-flow wp-block-column-is-layout-flow\" style=\"flex-basis:250px\">\n<p id=\"block-1d143cfe-9970-470f-a4c8-2f405142b39d\">Helmut-Schmidt-Universit\u00e4t<br>Fakult\u00e4t f\u00fcr Wirtschafts- und <br>Sozialwissenschaften <br>Holstenhofweg 85<br>22043 Hamburg<\/p>\n<\/div>\n\n\n\n<div class=\"wp-block-column is-layout-flow wp-block-column-is-layout-flow\" style=\"flex-basis:300px\">\n<p><strong>Raum: <\/strong>H1, Raum 2144<br><strong>Telefon<\/strong>: +49 (0) 40 6541-3192<br><strong>E-Mail<\/strong>: gunther.markwardt@hsu-hh.de<\/p>\n\n\n\n<p><\/p>\n<\/div>\n\n\n\n<div class=\"wp-block-column is-layout-flow wp-block-column-is-layout-flow\">\n<figure class=\"wp-block-image size-large is-style-rounded\"><img loading=\"lazy\" decoding=\"async\" width=\"1024\" height=\"683\" src=\"https:\/\/www.hsu-hh.de\/finanzwissenschaft\/wp-content\/uploads\/sites\/667\/2024\/12\/Foto-Markwardt-Gunther-1-1024x683.jpg\" data-credit=\"Markwardt\" alt=\"\" class=\"wp-image-968\" srcset=\"https:\/\/www.hsu-hh.de\/finanzwissenschaft\/wp-content\/uploads\/sites\/667\/2024\/12\/Foto-Markwardt-Gunther-1-1024x683.jpg 1024w, https:\/\/www.hsu-hh.de\/finanzwissenschaft\/wp-content\/uploads\/sites\/667\/2024\/12\/Foto-Markwardt-Gunther-1-300x200.jpg 300w, https:\/\/www.hsu-hh.de\/finanzwissenschaft\/wp-content\/uploads\/sites\/667\/2024\/12\/Foto-Markwardt-Gunther-1-768x512.jpg 768w, https:\/\/www.hsu-hh.de\/finanzwissenschaft\/wp-content\/uploads\/sites\/667\/2024\/12\/Foto-Markwardt-Gunther-1-1536x1024.jpg 1536w, https:\/\/www.hsu-hh.de\/finanzwissenschaft\/wp-content\/uploads\/sites\/667\/2024\/12\/Foto-Markwardt-Gunther-1-2048x1365.jpg 2048w, https:\/\/www.hsu-hh.de\/finanzwissenschaft\/wp-content\/uploads\/sites\/667\/2024\/12\/Foto-Markwardt-Gunther-1-1100x733.jpg 1100w\" sizes=\"auto, (max-width: 1024px) 100vw, 1024px\" \/><\/figure>\n<\/div>\n<\/div>\n\n\n\n<p><\/p>\n\n\n\n<p><strong>Sprechstunde<\/strong><br>nach Vereinbarung<\/p>\n\n\n\n<hr class=\"wp-block-separator has-alpha-channel-opacity\" \/>\n\n\n\n<p><a href=\"https:\/\/www.hsu-hh.de\/finanzwissenschaft\/wp-content\/uploads\/sites\/667\/2024\/12\/Curriculum-Vitae.pdf\"><strong>Curriculum Vitae<\/strong><\/a><\/p>\n\n\n\n<hr class=\"wp-block-separator has-alpha-channel-opacity is-style-wide\" \/>\n\n\n\n<p><\/p>\n\n\n\n<p><br><\/p>\n\n\n\n<p><\/p>\n","protected":false},"excerpt":{"rendered":"<p>Professurvertreter Helmut-Schmidt-Universit\u00e4tFakult\u00e4t f\u00fcr Wirtschafts- und Sozialwissenschaften Holstenhofweg 8522043 Hamburg Raum: H1, Raum 2144Telefon: +49 (0) 40 6541-3192E-Mail: gunther.markwardt@hsu-hh.de Sprechstundenach Vereinbarung Curriculum Vitae<\/p>\n","protected":false},"author":3495,"featured_media":0,"parent":0,"menu_order":0,"comment_status":"closed","ping_status":"closed","template":"","meta":{"footnotes":""},"categories":[8],"tags":[],"class_list":["post-809","page","type-page","status-publish","hentry","category-team"],"_links":{"self":[{"href":"https:\/\/www.hsu-hh.de\/finanzwissenschaft\/wp-json\/wp\/v2\/pages\/809","targetHints":{"allow":["GET"]}}],"collection":[{"href":"https:\/\/www.hsu-hh.de\/finanzwissenschaft\/wp-json\/wp\/v2\/pages"}],"about":[{"href":"https:\/\/www.hsu-hh.de\/finanzwissenschaft\/wp-json\/wp\/v2\/types\/page"}],"author":[{"embeddable":true,"href":"https:\/\/www.hsu-hh.de\/finanzwissenschaft\/wp-json\/wp\/v2\/users\/3495"}],"replies":[{"embeddable":true,"href":"https:\/\/www.hsu-hh.de\/finanzwissenschaft\/wp-json\/wp\/v2\/comments?post=809"}],"version-history":[{"count":33,"href":"https:\/\/www.hsu-hh.de\/finanzwissenschaft\/wp-json\/wp\/v2\/pages\/809\/revisions"}],"predecessor-version":[{"id":1155,"href":"https:\/\/www.hsu-hh.de\/finanzwissenschaft\/wp-json\/wp\/v2\/pages\/809\/revisions\/1155"}],"wp:attachment":[{"href":"https:\/\/www.hsu-hh.de\/finanzwissenschaft\/wp-json\/wp\/v2\/media?parent=809"}],"wp:term":[{"taxonomy":"category","embeddable":true,"href":"https:\/\/www.hsu-hh.de\/finanzwissenschaft\/wp-json\/wp\/v2\/categories?post=809"},{"taxonomy":"post_tag","embeddable":true,"href":"https:\/\/www.hsu-hh.de\/finanzwissenschaft\/wp-json\/wp\/v2\/tags?post=809"}],"curies":[{"name":"wp","href":"https:\/\/api.w.org\/{rel}","templated":true}]}}