{"id":243,"date":"2018-05-02T13:58:22","date_gmt":"2018-05-02T11:58:22","guid":{"rendered":"https:\/\/www.hsu-hh.de\/finanzwissenschaft\/?page_id=243"},"modified":"2026-04-02T16:29:03","modified_gmt":"2026-04-02T14:29:03","slug":"lehre","status":"publish","type":"page","link":"https:\/\/www.hsu-hh.de\/finanzwissenschaft\/lehre","title":{"rendered":"Lehre"},"content":{"rendered":"\n<h1 class=\"wp-block-heading\"><strong>Fr\u00fchjahrstrimester 2026<\/strong><\/h1>\n\n\n\n<h3 class=\"wp-block-heading\">Public Economics und Verhaltens\u00f6konomik (Master)<\/h3>\n\n\n\n<p>Kursnummer: WS62V32<br>Dozent: Professurvertreter <abbr title=\"Doktor\">Dr.<\/abbr> Gunther Markwardt<br>Ansprechpartner: <abbr title=\"Doktor\">Dr.<\/abbr> Christoph Sch\u00fctt<br><\/p>\n\n\n\n<p>Ablauf, Termine und Themen finden Sie \u2192 <a href=\"https:\/\/www.hsu-hh.de\/finanzwissenschaft\/wp-content\/uploads\/sites\/667\/2026\/04\/Ankuendigung-Public-Economics-FT26.pdf\" data-type=\"attachment\" data-id=\"1119\">hier<\/a>!<br>Weitere Unterlagen finden Sie demn\u00e4chst im <a href=\"https:\/\/intranet.hsu-hh.de\/go\/crs\/233343\" rel='nofollow'>Ilias-Ordner<\/a>. <br><em>Hinweis: Der Kurs startet am 13. April 2026!<\/em><\/p>\n\n\n\n<h3 class=\"wp-block-heading\">Volkswirtschaftliches Seminar: Die Ursachen und Folgen von Konflikten (Bachelor)<\/h3>\n\n\n\n<p>Kursnummer: WS35V16<br>Dozent: Professurvertreter <abbr title=\"Doktor\">Dr.<\/abbr> Gunther Markwardt<br>Ansprechperson: Mey-Ling Sommer<\/p>\n\n\n\n<p>Ablauf, Termine und Themen finden Sie \u2192 <a href=\"https:\/\/www.hsu-hh.de\/finanzwissenschaft\/wp-content\/uploads\/sites\/667\/2026\/03\/Ankuendigung-Bachelorseminar-FT-2026.pdf\" data-type=\"attachment\" data-id=\"1119\">hier<\/a>!<\/p>\n\n\n\n<p>Weitere Unterlagen finden Sie demn\u00e4chst im <a href=\"https:\/\/intranet.hsu-hh.de\/go\/crs\/233535\" rel='nofollow'>Ilias-Ordner<\/a>!<\/p>\n\n\n\n<hr class=\"wp-block-separator has-alpha-channel-opacity\" \/>\n\n\n\n<h1 class=\"wp-block-heading\">Wintertrimester 2026<\/h1>\n\n\n\n<h3 class=\"wp-block-heading\">Vorlesung\/\u00dcbung: Mikro\u00f6koomik (Bachelor)<\/h3>\n\n\n\n<p>Kursnummer: WS52V01<br>Dozent: Professurvertreter <abbr title=\"Doktor\">Dr.<\/abbr> Gunther Markwardt<br>\u00dcbung: Frau Mey-Ling Sommer, <abbr title=\"Master of Science\">M.Sc.<\/abbr><br><br>Weitere Unterlagen finden Sie im <a href=\"https:\/\/intranet.hsu-hh.de\/ilias.php?baseClass=ilrepositorygui&amp;ref_id=286059\" rel='nofollow'>Ilias-Ordner<\/a>.<\/p>\n\n\n\n<h3 class=\"wp-block-heading\">Volkswirtschaftliches Seminar: Nobelpreistr\u00e4ger im Bereich Public Economics (Master)<\/h3>\n\n\n\n<p>Kursnummer: WS64V02<br>Dozent: Professurvertreter <abbr title=\"Doktor\">Dr.<\/abbr> Gunther Markwardt<br>Ansprechpartner: <abbr title=\"Doktor\">Dr.<\/abbr> Christoph Sch\u00fctt<br><br>Ablauf, Termine und Themen finden Sie \u2013&gt; <a href=\"https:\/\/www.hsu-hh.de\/finanzwissenschaft\/wp-content\/uploads\/sites\/667\/2025\/11\/Ankuendigung-Masterseminar-WT26.pdf\">hier<\/a>!<\/p>\n\n\n\n<hr class=\"wp-block-separator has-alpha-channel-opacity\" \/>\n\n\n\n<h1 class=\"wp-block-heading\">Herbsttrimester 2025<\/h1>\n\n\n\n<h3 class=\"wp-block-heading\">Wirtschaftspolitik Teil I: Markt und Staat (Bachelor)<\/h3>\n\n\n\n<p>Kursnummer: WS54V01<br>Dozent: Professurvertreter <abbr title=\"Doktor\">Dr.<\/abbr> Gunther Markwardt<br>\u00dcbung: Frau Mey-Ling Sommer, <abbr title=\"Master of Science\">M.Sc.<\/abbr><br><br>Weitere Unterlagen finden Sie im <a href=\"https:\/\/intranet.hsu-hh.de\/go\/crs\/269655\/mem\" data-type=\"link\" data-id=\"https:\/\/ilias.hsu-hh.de\/goto.php?target=crs_586705&amp;client_id=unibw\" rel='nofollow'>Ilias-Ordner<\/a>. <br><\/p>\n\n\n\n<h3 class=\"wp-block-heading\"><abbr title=\"Volkswirtschaftslehre\">VWL<\/abbr> Vertiefung: \u00d6konomik des \u00f6ffentlichen Sektors (Bachelor)<\/h3>\n\n\n\n<p>Kursnummer: WS55V03<br>Dozent: Professurvertreter <abbr title=\"Doktor\">Dr.<\/abbr> Gunther Markwardt<br>\u00dcbung: <abbr title=\"Doktor\">Dr.<\/abbr> Christoph Sch\u00fctt<br><br>Weitere Unterlagen finden Sie demn\u00e4chst im <a href=\"https:\/\/intranet.hsu-hh.de\/ilias.php?baseClass=ilrepositorygui&amp;ref_id=269660\" rel='nofollow'>Ilias-Ordner<\/a>.<\/p>\n\n\n\n<p><\/p>\n\n\n\n<h3 class=\"wp-block-heading\"><strong>Fortgeschrittene Themen der Finanzwissenschaft (Master)<\/strong><\/h3>\n\n\n\n<p>Kursnummer: WS62V03<br>Dozent: Professurvertreter <abbr title=\"Doktor\">Dr.<\/abbr> Gunther Markwardt<br>\u00dcbung: <abbr title=\"Doktor\">Dr.<\/abbr> Gunther Markwardt<br><br>Weitere Unterlagen finden Sie demn\u00e4chst im <a href=\"https:\/\/intranet.hsu-hh.de\/ilias.php?baseClass=ilrepositorygui&amp;ref_id=269665\" data-type=\"link\" data-id=\"https:\/\/ilias.hsu-hh.de\/goto.php?target=crs_586705&amp;client_id=unibw\" rel='nofollow'>Ilias-Ordner<\/a>. <br><\/p>\n\n\n\n<hr class=\"wp-block-separator has-alpha-channel-opacity\" \/>\n\n\n\n<h1 class=\"wp-block-heading\">Fr\u00fchjahrstrimester 2025<\/h1>\n\n\n\n<h3 class=\"wp-block-heading\">Public Economics und Verhaltens\u00f6konomik (Master)<\/h3>\n\n\n\n<p>Kursnummer: WS62V32<br>Dozent: Professurvertreter <abbr title=\"Doktor\">Dr.<\/abbr> Gunther Markwardt<br>Ansprechpartner: <abbr title=\"Doktor\">Dr.<\/abbr> Christoph Sch\u00fctt<br><br>Weitere Unterlagen finden Sie demn\u00e4chst im <a href=\"https:\/\/ilias.hsu-hh.de\/goto.php?target=crs_586705&amp;client_id=unibw\" data-type=\"link\" data-id=\"https:\/\/ilias.hsu-hh.de\/goto.php?target=crs_586705&amp;client_id=unibw\" rel='nofollow'>Ilias-Ordner<\/a>. <br>Ablauf, Termine und Themen finden Sie \u2013&gt; <a href=\"https:\/\/www.hsu-hh.de\/finanzwissenschaft\/wp-content\/uploads\/sites\/667\/2025\/04\/Ankuendigung-Public-Economics-FT25.pdf\">hier<\/a>!<\/p>\n\n\n\n<h3 class=\"wp-block-heading\">Volkswirtschaftliches Seminar: Aktuelle Wahlprogramme im Lichte der Volkswirtschaftslehre (Bachelor)<\/h3>\n\n\n\n<p>Kursnummer: WS35V16<br>Dozent: Professurvertreter <abbr title=\"Doktor\">Dr.<\/abbr> Gunther Markwardt<br>Ansprechpartnerin: Frau Mey-Ling Sommer, <abbr title=\"Master of Science\">M.Sc.<\/abbr><br><br>Weitere Unterlagen finden Sie demn\u00e4chst im <a href=\"https:\/\/ilias.hsu-hh.de\/ilias.php?ref_id=585392&amp;cmdClass=ilrepositorygui&amp;cmdNode=zu&amp;baseClass=ilRepositoryGUI\" rel='nofollow'>Ilias-Ordner<\/a>. <br>Ablauf, Termine und Themen finden Sie \u2013&gt; <a href=\"https:\/\/www.hsu-hh.de\/finanzwissenschaft\/wp-content\/uploads\/sites\/667\/2025\/03\/Ankuendigung-Bachelorseminar-FT25.pdf\">hier<\/a>!<br>Bitte beachten Sie, dass wir maximal 12 Teilnehmer im Seminar aufnehmen.<\/p>\n\n\n\n<hr class=\"wp-block-separator has-alpha-channel-opacity\" \/>\n\n\n\n<h1 class=\"wp-block-heading\">Wintertrimester 2025<\/h1>\n\n\n\n<h3 class=\"wp-block-heading\">Vorlesung\/\u00dcbung: Mikro\u00f6konomik (Bachelor)<\/h3>\n\n\n\n<p>Kursnummer: WS52V01<br>Dozent: Professurvertreter <abbr title=\"Doktor\">Dr.<\/abbr> Gunther Markwardt<br>\u00dcbung: <abbr title=\"Master of Science\">M.Sc.<\/abbr> Mey-Ling Sommer, <abbr title=\"Doktor\">Dr.<\/abbr> Christoph Sch\u00fctt<br><br>Weitere Unterlagen finden Sie demn\u00e4chst im <a href=\"https:\/\/ilias.hsu-hh.de\/goto.php?target=crs_560096&amp;client_id=unibw\" rel='nofollow'>ILIAS-Ordner<\/a><\/p>\n\n\n\n<h3 class=\"wp-block-heading\">Volkswirtschaftliches Seminar: Nobelpreistr\u00e4ger im Bereich Public Economics (Master)<\/h3>\n\n\n\n<p>Kursnummer: WS64V02<br>Dozent: Professurvertreter <abbr title=\"Doktor\">Dr.<\/abbr> Gunther Markwardt<br>Ansprechpartner: <abbr title=\"Doktor\">Dr.<\/abbr> Christoph Sch\u00fctt<br><br>Weitere Unterlagen finden Sie demn\u00e4chst im <a href=\"https:\/\/ilias.hsu-hh.de\/goto.php?target=crs_560616&amp;client_id=unibw\" rel='nofollow'>ILIAS<\/a><a href=\"https:\/\/ilias.hsu-hh.de\/goto.php?target=crs_543533&amp;client_id=unibw\" rel='nofollow'>-Ordner<\/a> <br>Ablauf, Termine und Themen finden Sie \u2013&gt; hier!<\/p>\n\n\n\n<hr class=\"wp-block-separator has-alpha-channel-opacity\" \/>\n\n\n\n<h1 class=\"wp-block-heading\">Herbsttrimester 2024<\/h1>\n\n\n\n<h3 class=\"wp-block-heading\">Vorlesung\/\u00dcbung: <abbr title=\"Volkswirtschaftslehre\">VWL<\/abbr> Vertiefung: \u00d6konomik des \u00d6ffentlichen Sektors (Bachelor)<\/h3>\n\n\n\n<p>Kursnummer: WS55V03<br>Dozent: <abbr title=\"Doktor\">Dr.<\/abbr> Gunther Markwardt<br>\u00dcbung: tba<br><br>Weitere Unterlagen finden Sie demn\u00e4chst im <a href=\"https:\/\/ilias.hsu-hh.de\/goto.php?target=crs_543531&amp;client_id=unibw\" rel='nofollow'>ILIAS-Ordner<\/a> <\/p>\n\n\n\n<h3 class=\"wp-block-heading\">Vorlesung\/\u00dcbung: Fortgeschrittene Themen der Finanzwissenschaft (Master)<\/h3>\n\n\n\n<p>Kursnummer: WS62V03<br>Dozent: <abbr title=\"Doktor\">Dr.<\/abbr> Gunther Markwardt<br>\u00dcbung: tba<br><br>Weitere Unterlagen finden Sie demn\u00e4chst im <a href=\"https:\/\/ilias.hsu-hh.de\/goto.php?target=crs_543533&amp;client_id=unibw\" rel='nofollow'>ILIAS-Ordner<\/a><\/p>\n\n\n\n<hr class=\"wp-block-separator has-alpha-channel-opacity\" \/>\n\n\n\n<h1 class=\"wp-block-heading\">Fr\u00fchjahrstrimester 2024<\/h1>\n\n\n\n<h3 class=\"wp-block-heading\">Public Economics und Verhaltens\u00f6konomik<\/h3>\n\n\n\n<p>Kursnummer: WS62V32<br>Vorlesung: <abbr title=\"Doktor\">Dr.<\/abbr> Christoph Sch\u00fctt<br>\u00dcbung: Mey-Ling Sommer, <abbr title=\"Master of Science\">M.Sc.<\/abbr><\/p>\n\n\n\n<p><br>Weitere Unterlagen finden Sie demn\u00e4chst im <a href=\"https:\/\/ilias.hsu-hh.de\/login.php?target=crs_515646&amp;cmd=force_login&amp;lang=de\" rel='nofollow'>ILIAS-Ordner <\/a><br>Ablauf, Termine und Themen finden Sie <a href=\"https:\/\/www.hsu-hh.de\/finanzwissenschaft\/wp-content\/uploads\/sites\/667\/2024\/04\/FT-2024-Public-Economics-und-Verhaltensoekonomik.pdf\">&#8211;&gt; hier<\/a><\/p>\n\n\n\n<hr class=\"wp-block-separator has-alpha-channel-opacity\" \/>\n\n\n\n<h1 class=\"wp-block-heading\">Wintertrimester 2024<\/h1>\n\n\n\n<h3 class=\"wp-block-heading\">Vorlesung\/\u00dcbung: <abbr title=\"Volkswirtschaftslehre\">VWL<\/abbr> Vertiefung: \u00d6konomik des \u00d6ffentlichen Sektors (Bachelor)<\/h3>\n\n\n\n<p><br>Kursnummer: WS55V03<br>Dozent: <abbr title=\"Doktor\">Dr.<\/abbr> Christoph Sch\u00fctt<br>\u00dcbung: <abbr title=\"Doktor\">Dr.<\/abbr> Christoph Sch\u00fctt<br><br>Weitere Unterlagen finden Sie demn\u00e4chst im <a href=\"https:\/\/ilias.hsu-hh.de\/goto.php?target=crs_499098&amp;client_id=unibw\" rel='nofollow'>ILIAS-Ordner <\/a><br>Weitere Informationen finden Sie <a href=\"https:\/\/www.hsu-hh.de\/finanzwissenschaft\/wp-content\/uploads\/sites\/667\/2024\/04\/FT-2024-Public-Economics-und-Verhaltensoekonomik.pdf\">&#8211;&gt; hier<\/a><br><\/p>\n\n\n\n<hr class=\"wp-block-separator has-alpha-channel-opacity\" \/>\n\n\n\n<h1 class=\"wp-block-heading\">Fr\u00fchjahrstrimester 2023<\/h1>\n\n\n\n<h3 class=\"wp-block-heading\">Bachelor-Thesis\/Bachelor-Kolloquium<\/h3>\n\n\n\n<p>Kursnummer: WS57V01<br>Dozent: Jun.-<abbr title=\"Professor\">Prof.<\/abbr> <abbr title=\"Doktor\">Dr.<\/abbr> Gordon Klein<\/p>\n\n\n\n<p>Information: Bei Interesse senden Sie bitte 1-2 ausgearbeitete Themenvorschl\u00e4ge bis zum 24.03.2023 an&nbsp;<a href=\"mailto:schuettc@hsu-hh.de\" rel='nofollow'><abbr title=\"Doktor\">Dr.<\/abbr> Christoph Sch\u00fctt<\/a>. Die Themenvorschl\u00e4ge sollten maximal eine DIN-A4 Seite umfassen und eine kurze Motivation, die zu bearbeitende Forschungsfrage und 2-3 Literaturquellen beinhalten. Bitte reichen Sie nur Themenvorschl\u00e4ge aus dem thematischen Rahmen der Professur \u2013 Finanzwissenschaft, Wettbewerbs\u00f6konomik, Institutionen\u00f6konomik oder Wirtschaftspolitik \u2013 ein.<\/p>\n\n\n\n<hr class=\"wp-block-separator has-alpha-channel-opacity is-style-wide\" \/>\n\n\n\n<h3 class=\"wp-block-heading\">Master-Thesis<\/h3>\n\n\n\n<p>Falls Interesse besteht im <abbr title=\"Fr\u00fchjahrstrimester\">FT<\/abbr>23 eine Master-Thesis an unserer Professur zu schreiben, senden Sie bitte 1-2 ausgearbeitete Themenvorschl\u00e4ge bis zum 24.03.2023 an&nbsp;<a href=\"mailto:schuettc@hsu-hh.de\" rel='nofollow'><abbr title=\"Doktor\">Dr.<\/abbr> Christoph Sch\u00fctt<\/a>. Die Themenvorschl\u00e4ge sollten maximal eine DIN-A4 Seite umfassen und eine kurze Motivation, die zu bearbeitende Forschungsfrage und 2-3 Literaturquellen beinhalten. Bitte reichen Sie nur Themenvorschl\u00e4ge aus dem thematischen Rahmen der Professur \u2013 Finanzwissenschaft, Wettbewerbs\u00f6konomik, Institutionen\u00f6konomik oder Wirtschaftspolitik \u2013 ein.<\/p>\n\n\n\n<hr class=\"wp-block-separator has-alpha-channel-opacity is-style-wide\" \/>\n\n\n\n<h3 class=\"wp-block-heading\">Vorlesung\/\u00dcbung: <abbr title=\"Volkswirtschaftslehre\">VWL<\/abbr> Vertiefung: \u00d6konomik des \u00d6ffentlichen Sektors (Bachelor)<\/h3>\n\n\n\n<p>Kursnummer: WS55V03<br>Dozent: Jun.-<abbr title=\"Professor\">Prof.<\/abbr> <abbr title=\"Doktor\">Dr.<\/abbr> Gordon J. Klein<br>\u00dcbung: <abbr title=\"Doktor\">Dr.<\/abbr> Christoph Sch\u00fctt<br>Weitere Unterlagen finden Sie demn\u00e4chst im&nbsp;<a rel=\"noreferrer noopener\" href=\"https:\/\/ilias.hsu-hh.de\/goto.php?target=crs_462124&amp;client_id=unibw\" target=\"_blank\">ILIAS-Ordner<\/a><\/p>\n\n\n\n<hr class=\"wp-block-separator has-alpha-channel-opacity is-style-wide\" \/>\n\n\n\n<p><strong><mark class=\"has-inline-color has-grey-color\">Aktualisierung: Ank\u00fcndigung und Literaturliste im ILIAS verf\u00fcgbar<\/mark><\/strong><\/p>\n\n\n\n<h3 class=\"wp-block-heading\">Vorlesung\/\u00dcbung: Fortgeschrittene Themen der Finanzwissenschaft: The economics of vertical relationships &#8211; cooperative and non-cooperativ<\/h3>\n\n\n\n<p>Kursnummer: WS62V03<br>Dozent: Jun.-<abbr title=\"Professor\">Prof.<\/abbr> <abbr title=\"Doktor\">Dr.<\/abbr> Gordon J. Klein<br>\u00dcbung: <abbr title=\"Diplom\">Dipl.<\/abbr>-Vw. Katrin Knauf<br>Die Unterlagen finden Sie ab sofort im <a rel=\"noreferrer noopener\" href=\"https:\/\/ilias.hsu-hh.de\/goto.php?target=crs_462125&amp;client_id=unibw\" target=\"_blank\">ILIAS-Ordner<\/a> der Veranstaltung<\/p>\n\n\n\n<p><mark class=\"has-inline-color has-grey-color\">Wichtig: Bitte senden Sie die Liste der Paper-Pr\u00e4ferenzen bis 11.4.2023 per Mail an <a href=\"mailto:katrin.knauf@hsu-hh.de\" data-type=\"page\" data-id=\"850\" rel='nofollow'>Katrin Knauf<\/a>. Nutzen Sie die im ILIAS hinterlegte Literaturliste zur Auswahl.<\/mark><\/p>\n\n\n\n<hr class=\"wp-block-separator has-alpha-channel-opacity is-style-wide\" \/>\n\n\n\n<div class=\"wp-block-hsu-downloadblock\"><div class=\"thumbnail-area\"><img decoding=\"async\" src=\"\/wp-content\/themes\/hsu\/img\/dummy\/downloads_dummy.png\" alt=\"Download Symbol-Icon\" \/><\/div><div class=\"text-area\"><strong>Hinweise zur Anfertigung wissenschaftlicher Arbeiten, Seminar, Bachelor- und Master-Arbeiten<\/strong><\/div><div class=\"download-area\"><a class=\"download-link\" href=\"https:\/\/www.hsu-hh.de\/finanzwissenschaft\/wp-content\/uploads\/sites\/667\/2018\/05\/Hinweise-f\u00fcr-die-Anfertigung-wissenschaftlicher-Arbeiten.pdf\"><span class=\"download-name\">pdf laden<\/span><span class=\"download-icon\"><img decoding=\"async\" class=\"download-icon\" alt=\"download icon\" src=\"\/wp-content\/themes\/hsu\/img\/icons\/download_icon.png\" \/><\/span><span class=\"download-size\">98 kB<\/span><\/a><\/div><\/div>\n\n\n\n<p><\/p>\n","protected":false},"excerpt":{"rendered":"<p>Fr\u00fchjahrstrimester 2026 Public Economics und Verhaltens\u00f6konomik (Master) Kursnummer: WS62V32Dozent: Professurvertreter Dr. Gunther MarkwardtAnsprechpartner: Dr. Christoph Sch\u00fctt Ablauf, Termine und Themen finden Sie \u2192 hier!Weitere Unterlagen finden Sie demn\u00e4chst im Ilias-Ordner. [&hellip;]<\/p>\n","protected":false},"author":36,"featured_media":0,"parent":0,"menu_order":0,"comment_status":"closed","ping_status":"closed","template":"","meta":{"footnotes":""},"categories":[6],"tags":[],"class_list":["post-243","page","type-page","status-publish","hentry","category-lehre"],"_links":{"self":[{"href":"https:\/\/www.hsu-hh.de\/finanzwissenschaft\/wp-json\/wp\/v2\/pages\/243","targetHints":{"allow":["GET"]}}],"collection":[{"href":"https:\/\/www.hsu-hh.de\/finanzwissenschaft\/wp-json\/wp\/v2\/pages"}],"about":[{"href":"https:\/\/www.hsu-hh.de\/finanzwissenschaft\/wp-json\/wp\/v2\/types\/page"}],"author":[{"embeddable":true,"href":"https:\/\/www.hsu-hh.de\/finanzwissenschaft\/wp-json\/wp\/v2\/users\/36"}],"replies":[{"embeddable":true,"href":"https:\/\/www.hsu-hh.de\/finanzwissenschaft\/wp-json\/wp\/v2\/comments?post=243"}],"version-history":[{"count":162,"href":"https:\/\/www.hsu-hh.de\/finanzwissenschaft\/wp-json\/wp\/v2\/pages\/243\/revisions"}],"predecessor-version":[{"id":1162,"href":"https:\/\/www.hsu-hh.de\/finanzwissenschaft\/wp-json\/wp\/v2\/pages\/243\/revisions\/1162"}],"wp:attachment":[{"href":"https:\/\/www.hsu-hh.de\/finanzwissenschaft\/wp-json\/wp\/v2\/media?parent=243"}],"wp:term":[{"taxonomy":"category","embeddable":true,"href":"https:\/\/www.hsu-hh.de\/finanzwissenschaft\/wp-json\/wp\/v2\/categories?post=243"},{"taxonomy":"post_tag","embeddable":true,"href":"https:\/\/www.hsu-hh.de\/finanzwissenschaft\/wp-json\/wp\/v2\/tags?post=243"}],"curies":[{"name":"wp","href":"https:\/\/api.w.org\/{rel}","templated":true}]}}