{"id":1043,"date":"2025-01-08T16:30:17","date_gmt":"2025-01-08T15:30:17","guid":{"rendered":"https:\/\/www.hsu-hh.de\/finanzwissenschaft\/?page_id=1043"},"modified":"2025-12-18T07:50:18","modified_gmt":"2025-12-18T06:50:18","slug":"mey-ling-sommer-m-sc","status":"publish","type":"page","link":"https:\/\/www.hsu-hh.de\/finanzwissenschaft\/mey-ling-sommer-m-sc","title":{"rendered":"Mey-Ling Sommer, M. Sc."},"content":{"rendered":"\n<div class=\"wp-block-columns is-layout-flex wp-container-core-columns-is-layout-9d6595d7 wp-block-columns-is-layout-flex\">\n<div class=\"wp-block-column is-layout-flow wp-block-column-is-layout-flow\">\n<p>Wissenschaftliche Mitarbeiterin<\/p>\n\n\n\n<p>Helmut-Schmidt-Universit\u00e4t<br>Fakult\u00e4t f\u00fcr Wirtschafts- und<br>Sozialwissenschaften<br>Holstenhofweg 85<br>22043 Hamburg<\/p>\n<\/div>\n\n\n\n<div class=\"wp-block-column is-layout-flow wp-block-column-is-layout-flow\">\n<p><\/p>\n\n\n\n<p><strong>Raum<\/strong>: Geb. H1, R 2145<br><strong>Telefon<\/strong>: <a href=\"tel:494065412231\" rel='nofollow'>+49 40 6541 2231<\/a><br><strong>E-Mail<\/strong>: <a href=\"mailto:sommerme@hsu.hamburg\" rel='nofollow'>sommerme@hsu.hamburg<\/a><\/p>\n<\/div>\n<\/div>\n","protected":false},"excerpt":{"rendered":"<p>Wissenschaftliche Mitarbeiterin Helmut-Schmidt-Universit\u00e4tFakult\u00e4t f\u00fcr Wirtschafts- undSozialwissenschaftenHolstenhofweg 8522043 Hamburg Raum: Geb. H1, R 2145Telefon: +49 40 6541 2231E-Mail: sommerme@hsu.hamburg<\/p>\n","protected":false},"author":2471,"featured_media":0,"parent":0,"menu_order":0,"comment_status":"closed","ping_status":"closed","template":"","meta":{"footnotes":""},"categories":[8],"tags":[],"class_list":["post-1043","page","type-page","status-publish","hentry","category-team"],"_links":{"self":[{"href":"https:\/\/www.hsu-hh.de\/finanzwissenschaft\/wp-json\/wp\/v2\/pages\/1043","targetHints":{"allow":["GET"]}}],"collection":[{"href":"https:\/\/www.hsu-hh.de\/finanzwissenschaft\/wp-json\/wp\/v2\/pages"}],"about":[{"href":"https:\/\/www.hsu-hh.de\/finanzwissenschaft\/wp-json\/wp\/v2\/types\/page"}],"author":[{"embeddable":true,"href":"https:\/\/www.hsu-hh.de\/finanzwissenschaft\/wp-json\/wp\/v2\/users\/2471"}],"replies":[{"embeddable":true,"href":"https:\/\/www.hsu-hh.de\/finanzwissenschaft\/wp-json\/wp\/v2\/comments?post=1043"}],"version-history":[{"count":5,"href":"https:\/\/www.hsu-hh.de\/finanzwissenschaft\/wp-json\/wp\/v2\/pages\/1043\/revisions"}],"predecessor-version":[{"id":1112,"href":"https:\/\/www.hsu-hh.de\/finanzwissenschaft\/wp-json\/wp\/v2\/pages\/1043\/revisions\/1112"}],"wp:attachment":[{"href":"https:\/\/www.hsu-hh.de\/finanzwissenschaft\/wp-json\/wp\/v2\/media?parent=1043"}],"wp:term":[{"taxonomy":"category","embeddable":true,"href":"https:\/\/www.hsu-hh.de\/finanzwissenschaft\/wp-json\/wp\/v2\/categories?post=1043"},{"taxonomy":"post_tag","embeddable":true,"href":"https:\/\/www.hsu-hh.de\/finanzwissenschaft\/wp-json\/wp\/v2\/tags?post=1043"}],"curies":[{"name":"wp","href":"https:\/\/api.w.org\/{rel}","templated":true}]}}