{"id":114,"date":"2017-08-31T08:50:10","date_gmt":"2017-08-31T06:50:10","guid":{"rendered":"https:\/\/www.hsu-hh.de\/fgvwl\/?page_id=114"},"modified":"2026-01-06T06:22:44","modified_gmt":"2026-01-06T05:22:44","slug":"mitarbeiter","status":"publish","type":"page","link":"https:\/\/www.hsu-hh.de\/fgvwl\/mitarbeiter","title":{"rendered":"Professuren"},"content":{"rendered":"\n<h3 class=\"wp-block-heading\"><\/h3>\n\n\n\n<p><abbr title=\"Professor\">Prof.<\/abbr> <abbr title=\"Doktor\">Dr.<\/abbr> Michael Berlemann<br><a href=\"https:\/\/www.hsu-hh.de\/empwifo\/\" target=\"_blank\" rel=\"noopener noreferrer\">Lehrstuhl f\u00fcr Politische \u00d6konomik &amp; Empirische Wirtschaftsforschung<\/a><\/p>\n\n\n\n<p><abbr title=\"Professor\">Prof.<\/abbr> <abbr title=\"Doktor\">Dr.<\/abbr> Ralf Dewenter<br><a href=\"https:\/\/www.hsu-hh.de\/ioek\/\" target=\"_blank\" rel=\"noopener noreferrer\">Volkswirtschaftslehre, <abbr title=\"insbesondere\">insb.<\/abbr> Industrie\u00f6konomik<\/a><\/p>\n\n\n\n<p><abbr title=\"Professor\">Prof.<\/abbr>&#8218;in <abbr title=\"Doktor\">Dr.<\/abbr> Barbara Dluhosch<br><a href=\"https:\/\/www.hsu-hh.de\/dluhosch\/\" target=\"_blank\" rel=\"noopener noreferrer\">Volkswirtschaftslehre, <abbr title=\"insbesondere\">insb.<\/abbr> Internationale Wirtschaftsbeziehungen<\/a><\/p>\n\n\n\n<p><abbr title=\"Professor\">Prof.<\/abbr> <abbr title=\"Doktor\">Dr.<\/abbr> Dierk Herzer<br><a href=\"https:\/\/www.hsu-hh.de\/kuw\/\" target=\"_blank\" rel=\"noopener noreferrer\">Volkswirtschaftslehre, <abbr title=\"insbesondere\">insb.<\/abbr> Konjunktur &amp; Wachstum<\/a><\/p>\n\n\n\n<p><abbr title=\"Professor\">Prof.<\/abbr> <abbr title=\"Doktor\">Dr.<\/abbr> Christian Pierdzioch (F\u00e4chergruppensprecher)<br><a href=\"https:\/\/www.hsu-hh.de\/monecon\/\" target=\"_blank\" rel=\"noopener noreferrer\">Volkswirtschaftslehre, <abbr title=\"insbesondere\">insb.<\/abbr> Monet\u00e4re \u00d6konomik<\/a><\/p>\n\n\n\n<p><abbr title=\"Professor\">Prof.<\/abbr> <abbr title=\"Doktor\">Dr.<\/abbr> Stefan Traub<br><a href=\"https:\/\/www.hsu-hh.de\/be\/\" target=\"_blank\" rel=\"noopener noreferrer\">Volkswirtschaftslehre, <abbr title=\"insbesondere\">insb.<\/abbr> Behavioral Economics<\/a><\/p>\n\n\n\n<p><abbr title=\"Professor\">Prof.<\/abbr> <abbr title=\"Doktor\">Dr.<\/abbr> Dirk Meyer (Professurvertreter)<br><a href=\"https:\/\/www.hsu-hh.de\/ordnung\/\" target=\"_blank\" rel=\"noreferrer noopener\">Volkswirtschaftslehre, <abbr title=\"insbesondere\">insb.<\/abbr> Ordnungs\u00f6konomik<\/a><\/p>\n\n\n\n<p><abbr title=\"Doktor\">Dr.<\/abbr>&nbsp;Gunther Markwardt&nbsp;(Professurvertreter)<br><a href=\"https:\/\/www.hsu-hh.de\/finanzwissenschaft\/\">Volkswirtschaftslehre,&nbsp;<abbr title=\"insbesondere\">insb.<\/abbr>&nbsp;\u00d6konomik des \u00d6ffentliches Sektors<\/a><strong><br><\/strong><\/p>\n\n\n\n<p><abbr title=\"Professor\">Prof.<\/abbr> <abbr title=\"Doktor\">Dr.<\/abbr> Stefan Bayer (stefanbayer@hsu-hh.de)<br><abbr title=\"Professor\">Prof.<\/abbr> <abbr title=\"Doktor\">Dr.<\/abbr> Michael Br\u00e4uninger (<a href=\"https:\/\/economic-trends-research.de\/michael-braeuninger\/\" target=\"_blank\" rel=\"noreferrer noopener\">Volkswirtschaftslehre, Economic Trend Resarch<\/a>)<\/p>\n","protected":false},"excerpt":{"rendered":"<p>Prof. Dr. Michael BerlemannLehrstuhl f\u00fcr Politische \u00d6konomik &amp; Empirische Wirtschaftsforschung Prof. Dr. Ralf DewenterVolkswirtschaftslehre, insb. Industrie\u00f6konomik Prof.&#8218;in Dr. Barbara DluhoschVolkswirtschaftslehre, insb. Internationale Wirtschaftsbeziehungen Prof. Dr. Dierk HerzerVolkswirtschaftslehre, insb. Konjunktur &amp; [&hellip;]<\/p>\n","protected":false},"author":37,"featured_media":0,"parent":0,"menu_order":0,"comment_status":"closed","ping_status":"closed","template":"","meta":{"footnotes":""},"categories":[8],"tags":[],"class_list":["post-114","page","type-page","status-publish","hentry","category-team"],"_links":{"self":[{"href":"https:\/\/www.hsu-hh.de\/fgvwl\/wp-json\/wp\/v2\/pages\/114","targetHints":{"allow":["GET"]}}],"collection":[{"href":"https:\/\/www.hsu-hh.de\/fgvwl\/wp-json\/wp\/v2\/pages"}],"about":[{"href":"https:\/\/www.hsu-hh.de\/fgvwl\/wp-json\/wp\/v2\/types\/page"}],"author":[{"embeddable":true,"href":"https:\/\/www.hsu-hh.de\/fgvwl\/wp-json\/wp\/v2\/users\/37"}],"replies":[{"embeddable":true,"href":"https:\/\/www.hsu-hh.de\/fgvwl\/wp-json\/wp\/v2\/comments?post=114"}],"version-history":[{"count":98,"href":"https:\/\/www.hsu-hh.de\/fgvwl\/wp-json\/wp\/v2\/pages\/114\/revisions"}],"predecessor-version":[{"id":1010,"href":"https:\/\/www.hsu-hh.de\/fgvwl\/wp-json\/wp\/v2\/pages\/114\/revisions\/1010"}],"wp:attachment":[{"href":"https:\/\/www.hsu-hh.de\/fgvwl\/wp-json\/wp\/v2\/media?parent=114"}],"wp:term":[{"taxonomy":"category","embeddable":true,"href":"https:\/\/www.hsu-hh.de\/fgvwl\/wp-json\/wp\/v2\/categories?post=114"},{"taxonomy":"post_tag","embeddable":true,"href":"https:\/\/www.hsu-hh.de\/fgvwl\/wp-json\/wp\/v2\/tags?post=114"}],"curies":[{"name":"wp","href":"https:\/\/api.w.org\/{rel}","templated":true}]}}