{"id":498,"date":"2025-11-13T08:42:53","date_gmt":"2025-11-13T07:42:53","guid":{"rendered":"https:\/\/www.hsu-hh.de\/evt\/?page_id=498"},"modified":"2026-03-04T08:24:08","modified_gmt":"2026-03-04T07:24:08","slug":"labor","status":"publish","type":"page","link":"https:\/\/www.hsu-hh.de\/evt\/labor","title":{"rendered":"Labor"},"content":{"rendered":"\n<h2 class=\"wp-block-heading\">Chemische Analytik<\/h2>\n\n\n\n<ul class=\"wp-block-list\">\n<li><strong>R\u00f6ntgenpulverdiffraktometrie (XRD)<\/strong> \n<ul class=\"wp-block-list\">\n<li>Qualitative und quantitative Phasenanalytik kristalliner Substanzen. <\/li>\n\n\n\n<li>Bestimmung von Texturen, Gitterspannungen und amorpher Phasenanteile.<\/li>\n<\/ul>\n<\/li>\n\n\n\n<li><strong>R\u00f6ntgenfluoreszenzanalyse (XRF)<\/strong>\n<ul class=\"wp-block-list\">\n<li>Quantitative Elementaranalyse (Ordnungszahl &gt; 10) von Mineralen, Pulvern, Metallen, Gl\u00e4sern und Fl\u00fcssigkeiten.<\/li>\n<\/ul>\n<\/li>\n\n\n\n<li><strong>Elektronenmikroskopie (REM-EDX)<\/strong>\n<ul class=\"wp-block-list\">\n<li>Hochaufl\u00f6sende Bildgebung mit R\u00fcckstreu und Sekund\u00e4relektronen.<\/li>\n\n\n\n<li>Gef\u00fcge, Morphologie und Phasenanalytik.<\/li>\n\n\n\n<li>Semi-quantitative EDX-Analysen (Punkt, Linien- und Fl\u00e4chenscans).<\/li>\n<\/ul>\n<\/li>\n\n\n\n<li><strong>Mikroskopie<\/strong>\n<ul class=\"wp-block-list\">\n<li>Gef\u00fcge, Morphologie und Phasenanalytik.<\/li>\n\n\n\n<li>Bildanalyse und Dokumentation.<\/li>\n<\/ul>\n<\/li>\n\n\n\n<li><strong>Thermoanalyse mit Wasserdampfgenerator und Massenspektrometer (STA-MS)<\/strong>\n<ul class=\"wp-block-list\">\n<li>Qualitative und quantitative Phasenanalytik mittels gravimetrischer und kalorischer Messungen (TGA\/DSC).<\/li>\n\n\n\n<li>Analyse von Zersetzungs- und Reaktionsprozessen. <\/li>\n\n\n\n<li>Analyse der thermischen Stabilit\u00e4t und Reversibilt\u00e4t von Reaktionen. <\/li>\n\n\n\n<li>Gasanalyse freigesetzter Komponenten (MS-Kopplung). <\/li>\n<\/ul>\n<\/li>\n\n\n\n<li><strong>Infrarot-Spektroskopie (IR-Spektroskopie)<\/strong>\n<ul class=\"wp-block-list\">\n<li>Qualitative und quantitative Analytik von funktionellen Gruppen, organischen und anorganischen Materialien. <\/li>\n<\/ul>\n<\/li>\n\n\n\n<li><strong>Induktive gekoppelte Plasma-Massenspektrometrie (ICP-MS)<\/strong>\n<ul class=\"wp-block-list\">\n<li>Hauptelement-, Spuren- und Ultraspurenanalytik.<\/li>\n\n\n\n<li>Analyse fl\u00fcssiger Proben (L\u00f6sungen, Aufschl\u00fcsse von Mineralen, Pulvern, Metallen und Gl\u00e4sern).<\/li>\n<\/ul>\n<\/li>\n\n\n\n<li><strong>Kalorimetrie<\/strong>\n<ul class=\"wp-block-list\">\n<li>Bestimmung von Reaktionsenthalpien.<\/li>\n\n\n\n<li>Untersuchung thermischer Effekte.<\/li>\n<\/ul>\n<\/li>\n<\/ul>\n\n\n\n<h2 class=\"wp-block-heading\">Partikel- und Pulvercharakterisierung<\/h2>\n\n\n\n<ul class=\"wp-block-list\">\n<li><strong>Siebturm <\/strong>\n<ul class=\"wp-block-list\">\n<li>Korngr\u00f6\u00dfenanalyse von 4 mm bis 40 \u00b5m mittels Trockensiebung. <\/li>\n<\/ul>\n<\/li>\n\n\n\n<li><strong>Pulverfluss-Analytik<\/strong>\n<ul class=\"wp-block-list\">\n<li>Bestimmung von Flie\u00dfeigenschaften pulverf\u00f6rmiger Materialien. <\/li>\n\n\n\n<li>Bestimmung von Sch\u00fcttdichte und B\u00f6schungswinkel. <\/li>\n<\/ul>\n<\/li>\n\n\n\n<li><strong>Laserdiffraktometer mit Bildeinheit<\/strong>\n<ul class=\"wp-block-list\">\n<li>Bestimmung der volumetrischen Partikelgr\u00f6\u00dfenverteilung bis in den Mikrometerbereich.<\/li>\n\n\n\n<li>Bildbasierte qualitative und quantitative Partikelformanalyse. <\/li>\n<\/ul>\n<\/li>\n<\/ul>\n\n\n\n<h2 class=\"wp-block-heading\">Synthese und Probenpr\u00e4paration<\/h2>\n\n\n\n<ul class=\"wp-block-list\">\n<li><strong>Mikrowellensystem<\/strong>\n<ul class=\"wp-block-list\">\n<li>Schnelle und kontrollierte Synthesen.<\/li>\n\n\n\n<li>Probenaufschluss f\u00fcr analytische Verfahren. <\/li>\n<\/ul>\n<\/li>\n\n\n\n<li><strong>Muffelofen<\/strong>\n<ul class=\"wp-block-list\">\n<li>Thermische Behandlung bis in den Hochtemperaturbereich. <\/li>\n\n\n\n<li>Gl\u00fch-, Kalzinier-, Schmelz- und Zersetzungsprozesse. <\/li>\n<\/ul>\n<\/li>\n\n\n\n<li><strong>Fusingofen<\/strong>\n<ul class=\"wp-block-list\">\n<li>Herstellung von Schmelztabletten <abbr title=\"zum Beispiel\">z.B.<\/abbr> f\u00fcr XRF-Analysen.<\/li>\n<\/ul>\n<\/li>\n\n\n\n<li><strong>Granulierteller<\/strong>\n<ul class=\"wp-block-list\">\n<li>Agglomeration und Granulierung von Pulvern.<\/li>\n<\/ul>\n<\/li>\n\n\n\n<li><strong>M\u00f6rserm\u00fchle<\/strong>\n<ul class=\"wp-block-list\">\n<li>Schonende Zerkleinerung und Homogenisierung von Pulvern und Feststoffen.<\/li>\n\n\n\n<li>Aufmaheln f\u00fcr analytsiche Anwendungen, <abbr title=\"zum Beispiel\">z.B.<\/abbr> Probenaufbereitung f\u00fcr XRD-, XRF- und ICP-MS-Analysen.<\/li>\n<\/ul>\n<\/li>\n<\/ul>\n\n\n\n<h2 class=\"wp-block-heading\">Infrastruktur<\/h2>\n\n\n\n<p><strong>Laborr\u00e4ume mit chemisch-mineralogischer Grundausstattung<\/strong><\/p>\n\n\n\n<ul class=\"wp-block-list\">\n<li>Nasschemische Arbeitspl\u00e4tze mit Laborabz\u00fcgen und Sicherheitseinrichtungen.<\/li>\n\n\n\n<li>Probenpr\u00e4paration (Zerkleinern, Mahlen, Sieben, Homogenisieren, Trocken).<\/li>\n\n\n\n<li>Pr\u00e4zissionswaagen und allgemiene Labormesstechnik. <\/li>\n\n\n\n<li>Trockenschr\u00e4nke und K\u00fchlm\u00f6glichkeiten. <\/li>\n\n\n\n<li>Exsikkatoren f\u00fcr die gesch\u00fctzte Lagerung von Probenmaterial. <\/li>\n<\/ul>\n\n\n\n<p><\/p>\n","protected":false},"excerpt":{"rendered":"<p>Chemische Analytik Partikel- und Pulvercharakterisierung Synthese und Probenpr\u00e4paration Infrastruktur Laborr\u00e4ume mit chemisch-mineralogischer Grundausstattung<\/p>\n","protected":false},"author":4204,"featured_media":0,"parent":0,"menu_order":0,"comment_status":"closed","ping_status":"closed","template":"","meta":{"footnotes":""},"categories":[4],"tags":[],"class_list":["post-498","page","type-page","status-publish","hentry","category-forschung"],"_links":{"self":[{"href":"https:\/\/www.hsu-hh.de\/evt\/wp-json\/wp\/v2\/pages\/498","targetHints":{"allow":["GET"]}}],"collection":[{"href":"https:\/\/www.hsu-hh.de\/evt\/wp-json\/wp\/v2\/pages"}],"about":[{"href":"https:\/\/www.hsu-hh.de\/evt\/wp-json\/wp\/v2\/types\/page"}],"author":[{"embeddable":true,"href":"https:\/\/www.hsu-hh.de\/evt\/wp-json\/wp\/v2\/users\/4204"}],"replies":[{"embeddable":true,"href":"https:\/\/www.hsu-hh.de\/evt\/wp-json\/wp\/v2\/comments?post=498"}],"version-history":[{"count":9,"href":"https:\/\/www.hsu-hh.de\/evt\/wp-json\/wp\/v2\/pages\/498\/revisions"}],"predecessor-version":[{"id":537,"href":"https:\/\/www.hsu-hh.de\/evt\/wp-json\/wp\/v2\/pages\/498\/revisions\/537"}],"wp:attachment":[{"href":"https:\/\/www.hsu-hh.de\/evt\/wp-json\/wp\/v2\/media?parent=498"}],"wp:term":[{"taxonomy":"category","embeddable":true,"href":"https:\/\/www.hsu-hh.de\/evt\/wp-json\/wp\/v2\/categories?post=498"},{"taxonomy":"post_tag","embeddable":true,"href":"https:\/\/www.hsu-hh.de\/evt\/wp-json\/wp\/v2\/tags?post=498"}],"curies":[{"name":"wp","href":"https:\/\/api.w.org\/{rel}","templated":true}]}}