{"id":173,"date":"2017-11-08T20:14:14","date_gmt":"2017-11-08T19:14:14","guid":{"rendered":"https:\/\/www.hsu-hh.de\/separations\/?page_id=173"},"modified":"2025-11-06T09:45:59","modified_gmt":"2025-11-06T08:45:59","slug":"professur","status":"publish","type":"page","link":"https:\/\/www.hsu-hh.de\/evt\/professur","title":{"rendered":"Professur f\u00fcr Energieverfahrenstechnik"},"content":{"rendered":"\n<h2 class=\"wp-block-heading\">Willkommen auf den Seiten der Professur f\u00fcr Energieverfahrenstechnik im Institut f\u00fcr Thermodynamik!<\/h2>\n\n\n\n<h2 class=\"wp-block-heading\"><\/h2>\n\n\n\n<p>J\u00e4hrlich werden \u00fcber 50% der bereitgestellten Endenergie f\u00fcr W\u00e4rmezwecke ben\u00f6tigt. Neben der Bereitstellung von Strom aus erneuerbarer Energiegewinnung wird daher auch die Bereitstellung von W\u00e4rme eine zentrale Rolle bei der Umstellung auf eine nachhaltige, \u00f6kologisch und \u00f6konomisch effiziente Energieversorgung spielen.<\/p>\n\n\n\n<p>Vor diesem Hintergrund behandelt die Forschung der Professur skalen- und disziplin\u00fcbergreifend relevante Aspekte der Reaktionsmechanismen reversibler Gas-Feststoffreaktionen, der Beziehung zwischen Struktur und Materialeigenschaften, der thermophysikalischen Materialcharakterisierung, der gezielten Materialmodifikation im Hinblick auf eine optimale Verfahrensf\u00fchrung thermochemischer Speicher und W\u00e4rmetransformatoren bis hin zur Materialcharakterisierung im Reaktorma\u00dfstab, der Prozessmodellierung sowie der Prozessintegration im Technikums- und Pilotma\u00dfstab.<\/p>\n\n\n\n<p>Die Forschung verfolgt damit einerseits einen materialwissenschaftlichen Schwerpunkt in Bezug auf die Entwicklung und -funktionalisierung thermochemischer Speichermedien, hat jedoch einen ebenso starken ingenieurwissenschaftlichen Anteil mit Blick auf die Entwicklung von Demonstrations- und Pilotanlagen thermochemischer Speichersysteme mit der zugeh\u00f6rigen Verfahrenstechnik.<\/p>\n\n\n\n<div style=\"height:30px\" aria-hidden=\"true\" class=\"wp-block-spacer\"><\/div>\n\n\n<div class=\"wp-block-image\">\n<figure class=\"aligncenter size-large is-resized\"><img loading=\"lazy\" decoding=\"async\" width=\"827\" height=\"1024\" src=\"https:\/\/www.hsu-hh.de\/evt\/wp-content\/uploads\/sites\/698\/2025\/04\/Zahnraeder-827x1024.png\" data-credit=\"Sandra Afflerbach\" alt=\"\" class=\"wp-image-364\" style=\"width:400px\" srcset=\"https:\/\/www.hsu-hh.de\/evt\/wp-content\/uploads\/sites\/698\/2025\/04\/Zahnraeder-827x1024.png 827w, https:\/\/www.hsu-hh.de\/evt\/wp-content\/uploads\/sites\/698\/2025\/04\/Zahnraeder-242x300.png 242w, https:\/\/www.hsu-hh.de\/evt\/wp-content\/uploads\/sites\/698\/2025\/04\/Zahnraeder-768x951.png 768w, https:\/\/www.hsu-hh.de\/evt\/wp-content\/uploads\/sites\/698\/2025\/04\/Zahnraeder-1240x1536.png 1240w, https:\/\/www.hsu-hh.de\/evt\/wp-content\/uploads\/sites\/698\/2025\/04\/Zahnraeder-1100x1362.png 1100w, https:\/\/www.hsu-hh.de\/evt\/wp-content\/uploads\/sites\/698\/2025\/04\/Zahnraeder.png 1505w\" sizes=\"auto, (max-width: 827px) 100vw, 827px\" \/><\/figure>\n<\/div>\n\n\n<p><\/p>\n","protected":false},"excerpt":{"rendered":"<p>Willkommen auf den Seiten der Professur f\u00fcr Energieverfahrenstechnik im Institut f\u00fcr Thermodynamik! J\u00e4hrlich werden \u00fcber 50% der bereitgestellten Endenergie f\u00fcr W\u00e4rmezwecke ben\u00f6tigt. Neben der Bereitstellung von Strom aus erneuerbarer Energiegewinnung [&hellip;]<\/p>\n","protected":false},"author":4204,"featured_media":0,"parent":0,"menu_order":0,"comment_status":"closed","ping_status":"closed","template":"","meta":{"footnotes":""},"categories":[40],"tags":[],"class_list":["post-173","page","type-page","status-publish","hentry","category-professur"],"_links":{"self":[{"href":"https:\/\/www.hsu-hh.de\/evt\/wp-json\/wp\/v2\/pages\/173","targetHints":{"allow":["GET"]}}],"collection":[{"href":"https:\/\/www.hsu-hh.de\/evt\/wp-json\/wp\/v2\/pages"}],"about":[{"href":"https:\/\/www.hsu-hh.de\/evt\/wp-json\/wp\/v2\/types\/page"}],"author":[{"embeddable":true,"href":"https:\/\/www.hsu-hh.de\/evt\/wp-json\/wp\/v2\/users\/4204"}],"replies":[{"embeddable":true,"href":"https:\/\/www.hsu-hh.de\/evt\/wp-json\/wp\/v2\/comments?post=173"}],"version-history":[{"count":13,"href":"https:\/\/www.hsu-hh.de\/evt\/wp-json\/wp\/v2\/pages\/173\/revisions"}],"predecessor-version":[{"id":488,"href":"https:\/\/www.hsu-hh.de\/evt\/wp-json\/wp\/v2\/pages\/173\/revisions\/488"}],"wp:attachment":[{"href":"https:\/\/www.hsu-hh.de\/evt\/wp-json\/wp\/v2\/media?parent=173"}],"wp:term":[{"taxonomy":"category","embeddable":true,"href":"https:\/\/www.hsu-hh.de\/evt\/wp-json\/wp\/v2\/categories?post=173"},{"taxonomy":"post_tag","embeddable":true,"href":"https:\/\/www.hsu-hh.de\/evt\/wp-json\/wp\/v2\/tags?post=173"}],"curies":[{"name":"wp","href":"https:\/\/api.w.org\/{rel}","templated":true}]}}