{"id":148,"date":"2017-11-08T18:31:45","date_gmt":"2017-11-08T17:31:45","guid":{"rendered":"https:\/\/www.hsu-hh.de\/separations\/?page_id=148"},"modified":"2018-02-05T13:11:10","modified_gmt":"2018-02-05T12:11:10","slug":"masterstudium","status":"publish","type":"page","link":"https:\/\/www.hsu-hh.de\/evt\/lehre\/masterstudium","title":{"rendered":"Masterstudium"},"content":{"rendered":"<br \/>\n<h3>Energie- und Umwelttechnik<\/h3>\n<h2>Pflichtvorlesung: Prozesse der Energie- und Umwelttechnik<\/h2>\n<h3>9. Trimester (<abbr title=\"Wintertrimester\">WT<\/abbr>) [MB09501]<\/h3>\n<p><strong>Teil I: Energietechnik (Prof. Joos)<\/strong><\/p>\n<ul>\n<li>Grundlagen der Energiewandlung<\/li>\n<li>Energiewandelnde Prozesse<\/li>\n<li>Kraftwerksprozesse (GT, DT, GuD)<\/li>\n<li>Regenerative Energie<\/li>\n<li>Brennstoffzelle<\/li>\n<li>CO2-reduzierte Prozesse<\/li>\n<li>Sonderkonzepte (Wasseraufbereitung, ORC)<\/li>\n<\/ul>\n<p>&nbsp;<\/p>\n<p><strong>Teil II: Umwelttechnik: M\u00fcllentsorgung und Abgasreinigung in der thermischen M\u00fcllentsorgung (Prof. Niemeyer<\/strong><\/p>\n<p>Organisatorisches der M\u00fcllentsorgung<\/p>\n<ul>\n<li>\u00a0M\u00fcllaufkommen und -zusammensetzung<\/li>\n<li>Sammelkonzepte<\/li>\n<li>M\u00fclltrennung und stoffliche Wiederverwertung<\/li>\n<li>M\u00fcllgeb\u00fchren<\/li>\n<\/ul>\n<p>&nbsp;<\/p>\n<p>Rechtliche Grundlagen der M\u00fclleinsammlung und \u2013Behandlung<\/p>\n<ul>\n<li>Kreislaufwirtschafts- und Abfallgesetz<\/li>\n<li>Bundesimmissionsschutzgesetz, und \u2013Verordnungen, UVPG<\/li>\n<\/ul>\n<p>&nbsp;<\/p>\n<p>Prinzipielle M\u00f6glichkeiten der M\u00fcllbehandlung<\/p>\n<ul>\n<li>Deponierung und Deponietechnik<\/li>\n<li>mechanisch-biologische M\u00fcllvorbehandlung<\/li>\n<li>thermische M\u00fcllbehandlungsverfahren<\/li>\n<\/ul>\n<p>&nbsp;<\/p>\n<p>Thermisch-oxidative M\u00fcllbehandlung<\/p>\n<ul>\n<li>Thermische Behandlungsstufen<\/li>\n<li>Abgasreinigung<\/li>\n<li>Stoffliches Recycling und Stoffbilanzen<\/li>\n<li>Energie-Nutzung<\/li>\n<li>Gesamtprozess und \u2013f\u00fchrung<\/li>\n<li>Wirtschaftlichkeits\u00fcberlegungen und \u2013Rechnungen<\/li>\n<\/ul>\n<p>&nbsp;<\/p>\n<p>Abgasreinigung (Beispielprozesse)<\/p>\n<hr \/>\n<h2>Wahlpflichtvorlesung: Bioverfahrenstechnik<\/h2>\n<h3>9.\/10. Trimester (<abbr title=\"Fr\u00fchjahrstrimester\">FT<\/abbr>\/<abbr title=\"Wintertrimester\">WT<\/abbr>) [MB09535]<\/h3>\n<p>setzt sich aus folgenden Lehrveranstaltungen zusammen:<\/p>\n<p><strong>Biotechnologie<\/strong><\/p>\n<h3>9. Trimester (<abbr title=\"Fr\u00fchjahrstrimester\">FT<\/abbr>) [MB09536]<\/h3>\n<p>Einf\u00fchrung<\/p>\n<ul>\n<li>Geschichte der Biotechnologie<\/li>\n<li>Wirtschaftliche Bedeutung biotechnologisch- hergestellter Produkte<\/li>\n<li>Biotechnologie als interdisziplin\u00e4res Fachgebiet<\/li>\n<li>Vor- und Nachteile biotechnologischer Prozesse gegen\u00fcber herk\u00f6mmlichen<\/li>\n<li>Herstellungsverfahren<\/li>\n<\/ul>\n<p>&nbsp;<\/p>\n<p>Grundlagen der Biotechnolgie<\/p>\n<ul>\n<li>Biochemie<\/li>\n<li>Aminos\u00e4uren\n<ul>\n<li>Peptide<\/li>\n<li>Proteine<\/li>\n<\/ul>\n<\/li>\n<li>Enzymologie\n<ul>\n<li>Katalytische Wirkung<\/li>\n<li>Stereoselektivit\u00e4t<\/li>\n<li>Einteilung der Enzyme<\/li>\n<\/ul>\n<\/li>\n<li>Viren und Zellen\n<ul>\n<li>Einteilung<\/li>\n<li>Zellaufbau<\/li>\n<li>Stoffwechsel<\/li>\n<\/ul>\n<\/li>\n<\/ul>\n<p>&nbsp;<\/p>\n<p>Biotechnologische Prozesse<\/p>\n<ul>\n<li>Isolierung, Selektionierung und Anzucht von Mikroorganismen<\/li>\n<li>Kultivierungsverfahren\n<ul>\n<li>Statische Kultur (diskontinuierlicher Reaktorbetrieb)<\/li>\n<li>\u00a0Dynamische Kultur (kontinuierlicher Reaktorbetrieb)\n<ul>\n<li>Turbidostat<\/li>\n<li>Chemostat<\/li>\n<\/ul>\n<\/li>\n<\/ul>\n<\/li>\n<li>Kinetik biotechnologischer Abl\u00e4ufe (Modellierung)\n<ul>\n<li>Wachstum von Mikroorganismen (nach Monod)<\/li>\n<li>Enzym-Kinetik (nach Michaelis-Menten)<\/li>\n<\/ul>\n<\/li>\n<li>Bioreaktor\n<ul>\n<li>Instrumentierung<\/li>\n<li>Betriebsformen<\/li>\n<li>Modellierung<\/li>\n<\/ul>\n<\/li>\n<li>Ablauf biotechnologischer Herstellungsverfahren\n<ul>\n<li>Sterilisation<\/li>\n<li>Immobilisierung<\/li>\n<\/ul>\n<\/li>\n<\/ul>\n<p>&nbsp;<\/p>\n<p>Wertstoffe<\/p>\n<p>Beispiele biotechnischer Produktionsverfahren<\/p>\n<ul>\n<li>Erz-Leaching<\/li>\n<li>Milchindustrie<\/li>\n<li>Bierherstellung<\/li>\n<\/ul>\n<p>&nbsp;<\/p>\n<p>&nbsp;<\/p>\n<p><strong>Thermische Verfahrenstechnik<\/strong><\/p>\n<h3>10. Trimester (<abbr title=\"Wintertrimester\">WT<\/abbr>) [MB10537]<\/h3>\n<p>&nbsp;<\/p>\n<p>Einordnung der klassischen und nicht-klassichen thermischen Trennverfahren<\/p>\n<ul>\n<li>Spezielle Aufgaben in der Umwelt-Verfahrenstechnik<\/li>\n<li>Rektifikation (Dalton, Raoult, Henry, p-T, p-c, x-y-Diagramme, spezifische Stoffgemische (Azeotrope, Mischungsl\u00fccken, &#8230;)<\/li>\n<\/ul>\n<p>&nbsp;<\/p>\n<p>Absorptionsverfahren<\/p>\n<ul>\n<li>Verfahrensprinzip und -varianten<\/li>\n<li>Auslegung von Gegenstromkolonnen<\/li>\n<li>Bauformen von Absorbern<\/li>\n<li>Regenerierung des L\u00f6sungsmittels<\/li>\n<\/ul>\n<p>&nbsp;<\/p>\n<p>Adsorptionsverfahren<\/p>\n<ul>\n<li>Grundbegriffe der Adsorption<\/li>\n<li>Gas- \/ Fl\u00fcssigadsorption<\/li>\n<li>Messmethoden von Adsorptionsgleichgewichten<\/li>\n<li>Adsorptionskinetik und -gleichgewicht<\/li>\n<li>Charakterisierung por\u00f6ser Stoffe (Adsorbentien)<\/li>\n<li>Regeneration von Adsorbentien<\/li>\n<li>selektive Adsorption (Affinit\u00e4tstrennung)<\/li>\n<\/ul>\n<p>&nbsp;<\/p>\n<p>Trocknung<\/p>\n<ul>\n<li>Einf\u00fchrung in die Trocknung<\/li>\n<li>Trocknungsverlauf \/ -Kinetik<\/li>\n<li>Trocknungsdauer<\/li>\n<li>Molier-Diagramm<\/li>\n<li>Prozessf\u00fchrungsstrategien in der Trocknung<\/li>\n<li>Prozessauslegung<\/li>\n<li>Bauformen von Trocknern<\/li>\n<\/ul>\n<p>&nbsp;<\/p>\n<p>Kristallisation<\/p>\n<ul>\n<li>Grundlagen und Verfahrensweisen der Kristallisation<\/li>\n<li>Kristallisation aus L\u00f6sungen<\/li>\n<li>Kristallisation aus der Gasphase<\/li>\n<li>Auslegung von KristallisatorenWirtschaftlichkeit technischer Prozesse<\/li>\n<\/ul>\n<p>&nbsp;<\/p>\n<p>Wirtschaftlichkeit technischer Prozesse<\/p>\n<ul>\n<li>Kopplung technischer und wirtschaftlicher Parameter<\/li>\n<li>Grundbegriffe der wirtschaftlichen Kostenermittlung<\/li>\n<li>Graduelle Absch\u00e4tzung von Investitionskosten (nach dem Stand der Planungsphase)<\/li>\n<li>Betriebskosten und deren Einflussgr\u00f6\u00dfen<\/li>\n<li>Rentabilit\u00e4tsbewertung<\/li>\n<\/ul>\n<hr \/>\n<h2>Wahlpflichtvorlesung: Mechanische und Thermische\u00a0Verfahrenstechnik<\/h2>\n<p>&nbsp;<\/p>\n<h3>9.\/10. Trimester (<abbr title=\"Fr\u00fchjahrstrimester\">FT<\/abbr>\/<abbr title=\"Wintertrimester\">WT<\/abbr>) [MB09532]<\/h3>\n<p>setzt sich aus folgenden Lehrveranstaltungen zusammen:<\/p>\n<p><strong>Mechanische Verfahrenstechnik<\/strong><\/p>\n<p><strong>9. Trimester (<abbr title=\"Fr\u00fchjahrstrimester\">FT<\/abbr>) [MB09533]<\/strong><\/p>\n<p>&nbsp;<\/p>\n<p>Einf\u00fchrung in die Mechanische Verfahrenstechnik<\/p>\n<ul>\n<li>Arbeitsgebiete der mechanischen Verfahrenstechnik<\/li>\n<li>Spezielle Aufgaben in der Umwelt-Verfahrenstechnik<\/li>\n<\/ul>\n<p>&nbsp;<\/p>\n<p>Charakterisierung von Teilchenschw\u00e4rmen<\/p>\n<ul>\n<li>Vorbemerkung und Definitionen<\/li>\n<li>Teilchengr\u00f6\u00dfe und Partikeloberfl\u00e4che<\/li>\n<li>Teilchengr\u00f6\u00dfenanalyse<\/li>\n<li>Teilchengr\u00f6\u00dfenverteilung<\/li>\n<li>Oberfl\u00e4chenbestimmung aus der Teilchengr\u00f6\u00dfenverteilung<\/li>\n<li>Anmerkungen zu Sch\u00fcttungen und Festbett-Anordnungen<\/li>\n<\/ul>\n<p>&nbsp;<\/p>\n<p>Mechanische Trennung disperser Systeme<\/p>\n<ul>\n<li>Charakterisierung einer Trennung<\/li>\n<li>Abtrennung einer festen Phase\n<ul>\n<li>Sedimentation\n<ul>\n<li>im Schwerefeld<\/li>\n<li>im Zentrifugalfeld<\/li>\n<\/ul>\n<\/li>\n<li>Flotation<\/li>\n<li>Filtration\n<ul>\n<li>kuchenbildende Oberfl\u00e4chenfiltration<\/li>\n<li>Tiefenfiltration<\/li>\n<li>Querstromfiltration<\/li>\n<\/ul>\n<\/li>\n<li>Abscheidung im elektrischen Feld<\/li>\n<li>Na\u00dfabscheider<\/li>\n<\/ul>\n<\/li>\n<li>Trennung zweier fluider Phasen<\/li>\n<li>Kombination verschiedener Trennverfahren<\/li>\n<\/ul>\n<p>&nbsp;<\/p>\n<p><strong>Thermische Verfahrenstechnik<\/strong><\/p>\n<p><strong>10. Trimester (<abbr title=\"Wintertrimester\">WT<\/abbr>) [MB10534]<\/strong><\/p>\n<p>&nbsp;<\/p>\n<p>Einordnung der klassischen und nicht-klassichen thermischen Trennverfahren<\/p>\n<ul>\n<li>Spezielle Aufgaben in der Umwelt-Verfahrenstechnik<\/li>\n<li>Rektifikation (Dalton, Raoult, Henry, p-T, p-c, x-y-Diagramme, spezifische Stoffgemische (Azeotrope, Mischungsl\u00fccken, &#8230;)<\/li>\n<\/ul>\n<p>&nbsp;<\/p>\n<p>Absorptionsverfahren<\/p>\n<ul>\n<li>Verfahrensprinzip und -varianten<\/li>\n<li>Auslegung von Gegenstromkolonnen<\/li>\n<li>Bauformen von Absorbern<\/li>\n<li>Regenerierung des L\u00f6sungsmittels<\/li>\n<\/ul>\n<p>&nbsp;<\/p>\n<p>Adsorptionsverfahren<\/p>\n<ul>\n<li>Grundbegriffe der Adsorption<\/li>\n<li>Gas- \/ Fl\u00fcssigadsorption<\/li>\n<li>Messmethoden von Adsorptionsgleichgewichten<\/li>\n<li>Adsorptionskinetik und -gleichgewicht<\/li>\n<li>Charakterisierung por\u00f6ser Stoffe (Adsorbentien)<\/li>\n<li>Regeneration von Adsorbentien<\/li>\n<li>selektive Adsorption (Affinit\u00e4tstrennung)<\/li>\n<\/ul>\n<p>&nbsp;<\/p>\n<p>Trocknung<\/p>\n<ul>\n<li>Einf\u00fchrung in die Trocknung<\/li>\n<li>Trocknungsverlauf \/ -kinetik<\/li>\n<li>Trocknungsdauer<\/li>\n<li>Molier-Diagramm<\/li>\n<li>Prozessf\u00fchrungsstrategien in der Trocknung<\/li>\n<li>Prozessauslegung<\/li>\n<li>Bauformen von Trocknern<\/li>\n<\/ul>\n<p>&nbsp;<\/p>\n<p>Kristallisation<\/p>\n<ul>\n<li>Grundlagen und Verfahrensweisen der Kristallisation<\/li>\n<li>Kristallisation aus L\u00f6sungen<\/li>\n<li>Kristallisation aus der Gasphase<\/li>\n<li>Auslegung von Kristallisatoren<\/li>\n<\/ul>\n<p>&nbsp;<\/p>\n<p>Wirtschaftlichkeit technischer Prozesse<\/p>\n<ul>\n<li>Kopplung technischer und wirtschaftlicher Parameter<\/li>\n<li>Grundbegriffe der wirtschaftlichen Kostenermittlung<\/li>\n<li>Graduelle Absch\u00e4tzung von Investitionskosten (nach dem Stand der Planungsphase)<\/li>\n<li>Betriebskosten und deren Einflussgr\u00f6\u00dfen<\/li>\n<li>Rentabilit\u00e4tsbewertung<\/li>\n<\/ul>\n<p>&nbsp;<\/p>\n<h3>Mechatronik, Vertiefung: Wehrtechnik<\/h3>\n<h2>Wahlpflichtvorlesung: Technischer ABC-Schutz<\/h2>\n<h3>9.\/10.Trimester (<abbr title=\"Fr\u00fchjahrstrimester\">FT<\/abbr>\/<abbr title=\"Wintertrimester\">WT<\/abbr>) [MB09538]<\/h3>\n<p>setzt sich aus folgenden Lehrveranstaltungen zusammen:<\/p>\n<p><strong>Biotechnologie<\/strong><\/p>\n<h3>9. Trimester (<abbr title=\"Fr\u00fchjahrstrimester\">FT<\/abbr>) [MB09536]<\/h3>\n<p>Einf\u00fchrung<\/p>\n<ul>\n<li>Geschichte der Biotechnologie<\/li>\n<li>Wirtschaftliche Bedeutung biotechnologisch- hergestellter Produkte<\/li>\n<li>Biotechnologie als interdisziplin\u00e4res Fachgebiet<\/li>\n<li>Vor- und Nachteile biotechnologischer Prozesse gegen\u00fcber herk\u00f6mmlichen<\/li>\n<li>Herstellungsverfahren<\/li>\n<\/ul>\n<p>&nbsp;<\/p>\n<p>Grundlagen der Biotechnolgie<\/p>\n<ul>\n<li>Biochemie\n<ul>\n<li>Aminos\u00e4uren<\/li>\n<li>Peptide<\/li>\n<li>Proteine<\/li>\n<\/ul>\n<\/li>\n<li>Enzymologie\n<ul>\n<li>Katalytische Wirkung<\/li>\n<li>Stereoselektivit\u00e4t<\/li>\n<li>Einteilung der Enzyme<\/li>\n<\/ul>\n<\/li>\n<li>Viren und Zellen\n<ul>\n<li>Einteilung<\/li>\n<li>Zellaufbau<\/li>\n<li>Stoffwechsel<\/li>\n<\/ul>\n<\/li>\n<\/ul>\n<p>&nbsp;<\/p>\n<p>Biotechnologische Prozesse<\/p>\n<ul>\n<li>Isolierung, Selektionierung und Anzucht von Mikroorganismen<\/li>\n<li>Kultivierungsverfahren\n<ul>\n<li>Statische Kultur (diskontinuierlicher Reaktorbetrieb)<\/li>\n<li>Dynamische Kultur (kontinuierlicher Reaktorbetrieb)\n<ul>\n<li>Turbidostat<\/li>\n<li>Chemostat<\/li>\n<\/ul>\n<\/li>\n<\/ul>\n<\/li>\n<li>Kinetik biotechnologischer Abl\u00e4ufe (Modellierung)\n<ul>\n<li>Wachstum von Mikroorganismen (nach Monod)<\/li>\n<li>Enzym-Kinetik (nach Michaelis-Menten)<\/li>\n<\/ul>\n<\/li>\n<\/ul>\n<p>&nbsp;<\/p>\n<p>Chemieunfall in Bhopal<\/p>\n<ul>\n<li>Analyse der Ereignisse<\/li>\n<li>Ma\u00dfnahmen zur Begrenzung des Schadens<\/li>\n<li>\u00dcbertragung der Kenntnisse auf das Aufgabenfeld einer milit\u00e4rischen F\u00fchrungsperson<br \/>\n<strong>Methoden und Anwendungen im ABC-Schutz (wird aktuell nicht angeboten)<\/strong><\/li>\n<\/ul>\n<p>&nbsp;<\/p>\n<h3>10.Trimester (<abbr title=\"Wintertrimester\">WT<\/abbr>) [MB10530]<\/h3>\n<p>Hinf\u00fchrung zum Thema<\/p>\n<p>1.1 \u00dcbersicht \u00fcber die Bereiche ABC-Bedrohung<\/p>\n<p>1.2 \u00dcbersicht \u00fcber und Einf\u00fchrung in die ABC-Schutztechnologien<\/p>\n<p>&nbsp;<\/p>\n<p>A-Schutz<\/p>\n<ul>\n<li>Physikalische Grunds\u00e4tze<\/li>\n<li>Detektionsverfahren<\/li>\n<li>Dekontamination<\/li>\n<li>Elektromagnetischer Impuls\u00a0(EMP)<\/li>\n<li>H\u00e4rtung elektronischer Ger\u00e4te<\/li>\n<\/ul>\n<p>&nbsp;<\/p>\n<p>B-Detektionsverfahren f\u00fcr<\/p>\n<ul>\n<li>Toxine<\/li>\n<li>Viren<\/li>\n<li>Bakterien<\/li>\n<li>Probenaufarbeitung<\/li>\n<li>Prinzipien der Nachwei\u00df\u00admethoden, Einsatzbereiche, Grenzen und St\u00e4rken\n<ul>\n<li>Immunologische Verfahren<\/li>\n<li>Genetische Methoden<\/li>\n<li>DNA-Chip Technologie<\/li>\n<\/ul>\n<\/li>\n<\/ul>\n<p>&nbsp;<\/p>\n<p>B- und C-Dekontamination<\/p>\n<ul>\n<li>Enzymatische Verfahren<\/li>\n<li>Gasf\u00f6rmige Prozesse<\/li>\n<li>W\u00e4ssrige Methoden<\/li>\n<li>Selbstreinigende Oberfl\u00e4chen<\/li>\n<\/ul>\n<p>&nbsp;<\/p>\n<p>Risikobeurteilung<\/p>\n<ul>\n<li>Konzepte<\/li>\n<li>Vorgehen<\/li>\n<li>Diverse Beispiele<\/li>\n<\/ul>\n","protected":false},"excerpt":{"rendered":"<p>Energie- und Umwelttechnik Pflichtvorlesung: Prozesse der Energie- und Umwelttechnik 9. Trimester (WT) [MB09501] Teil I: Energietechnik (Prof. Joos) Grundlagen der Energiewandlung Energiewandelnde Prozesse Kraftwerksprozesse (GT, DT, GuD) Regenerative Energie Brennstoffzelle [&hellip;]<\/p>\n","protected":false},"author":173,"featured_media":0,"parent":151,"menu_order":0,"comment_status":"closed","ping_status":"closed","template":"","meta":{"footnotes":""},"categories":[6],"tags":[],"class_list":["post-148","page","type-page","status-publish","hentry","category-lehre"],"_links":{"self":[{"href":"https:\/\/www.hsu-hh.de\/evt\/wp-json\/wp\/v2\/pages\/148","targetHints":{"allow":["GET"]}}],"collection":[{"href":"https:\/\/www.hsu-hh.de\/evt\/wp-json\/wp\/v2\/pages"}],"about":[{"href":"https:\/\/www.hsu-hh.de\/evt\/wp-json\/wp\/v2\/types\/page"}],"author":[{"embeddable":true,"href":"https:\/\/www.hsu-hh.de\/evt\/wp-json\/wp\/v2\/users\/173"}],"replies":[{"embeddable":true,"href":"https:\/\/www.hsu-hh.de\/evt\/wp-json\/wp\/v2\/comments?post=148"}],"version-history":[{"count":6,"href":"https:\/\/www.hsu-hh.de\/evt\/wp-json\/wp\/v2\/pages\/148\/revisions"}],"predecessor-version":[{"id":271,"href":"https:\/\/www.hsu-hh.de\/evt\/wp-json\/wp\/v2\/pages\/148\/revisions\/271"}],"up":[{"embeddable":true,"href":"https:\/\/www.hsu-hh.de\/evt\/wp-json\/wp\/v2\/pages\/151"}],"wp:attachment":[{"href":"https:\/\/www.hsu-hh.de\/evt\/wp-json\/wp\/v2\/media?parent=148"}],"wp:term":[{"taxonomy":"category","embeddable":true,"href":"https:\/\/www.hsu-hh.de\/evt\/wp-json\/wp\/v2\/categories?post=148"},{"taxonomy":"post_tag","embeddable":true,"href":"https:\/\/www.hsu-hh.de\/evt\/wp-json\/wp\/v2\/tags?post=148"}],"curies":[{"name":"wp","href":"https:\/\/api.w.org\/{rel}","templated":true}]}}