{"id":923,"date":"2017-08-11T15:11:26","date_gmt":"2017-08-11T13:11:26","guid":{"rendered":"https:\/\/www.hsu-hh.de\/et\/?page_id=923"},"modified":"2024-02-06T16:00:35","modified_gmt":"2024-02-06T15:00:35","slug":"studium-alt","status":"publish","type":"page","link":"https:\/\/www.hsu-hh.de\/et\/studium-alt","title":{"rendered":"Studium"},"content":{"rendered":"<h2>Informationen f\u00fcr Studieninteressierte<\/h2>\n<h3>Elektrotechnik und Informationstechnik: Dein Studium<\/h3>\n<p>Im Bachelor-Studium Elektrotechnik und Informationstechnik steht die individuelle Betreuung der Studierenden im Vordergrund. In der Campus Universit\u00e4t wird das Studium zum gemeinschaftlichen Erlebnis, in dem Sie Ihr pers\u00f6nliches Potential entfalten und Ihre Interessen weiterentwickeln. Auch Freizeitaktivit\u00e4ten haben dabei ihren Platz.<\/p>\n<p><a href=\"https:\/\/www.hsu-hh.de\/et\/wp-content\/uploads\/sites\/61\/2017\/08\/Flyer.pdf\">Flyer &#8211; Bachelor of Science (<abbr title=\"Bachelor of Science\">B.Sc.<\/abbr>) Elektrotechnik und Informationstechnik<\/a><\/p>\n<p><a href=\"https:\/\/www.hsu-hh.de\/et\/wp-content\/uploads\/sites\/61\/2017\/08\/FAQ_zu_ET_160204.pdf\"><abbr title=\"Freqently Asked Questions\">FAQ<\/abbr> &#8211; H\u00e4ufig gestellte Fragen<\/a><\/p>\n<p><a href=\"https:\/\/www.hsu-hh.de\/et\/wp-content\/uploads\/sites\/61\/2017\/10\/ET.mp4\">Video<\/a><\/p>\n<h3>Studienf\u00fchrer<\/h3>\n<p>Der Leitfaden f\u00fcr die wichtigsten Fragen rund um Studieng\u00e4nge und Berufsfelder, Struktur des Studiums sowie Inhalte und Studienvoraussetzungen.<\/p>\n<p><a href=\"https:\/\/www.hsu-hh.de\/et\/wp-content\/uploads\/sites\/61\/2017\/08\/Studienfuehrer_HSU_ET_130426.pdf\">Studienf\u00fchrer Helmut-Schmidt-Universit\u00e4t Bereich &#8211; Elektrotechnik und Informationstechnik<\/a><\/p>\n<h3>Vorbereitung auf das Studium<\/h3>\n<p>In der Startphase des Studiums werden alle Studierenden in kleinen Gruppen von Mentoren betreut. Gemeinsam polieren Sie die Schulkenntnisse im Bereich der Mathematik auf. Arbeits- und Lerntechniken der Eigen- und Gruppenarbeit werden Ihnen vermittelt und bilden die Basis f\u00fcr den Studienerfolg.<\/p>\n<p><a href=\"https:\/\/www.hsu-hh.de\/et\/wp-content\/uploads\/sites\/61\/2017\/08\/Vorkurs-Mathematik.pdf\">Vorkurs &#8211; Mathematik<\/a><br \/>\n<a href=\"https:\/\/www.hsu-hh.de\/et\/wp-content\/uploads\/sites\/61\/2017\/08\/Vorkurs-Textaufgaben.pdf\">Vorkurs Mathematik &#8211; Textaufgaben<\/a><\/p>\n<p><a href=\"http:\/\/vorkurs.optes.de\/\" target=\"_blank\" rel=\"noopener noreferrer\">Online- Studienvorbereitung Mathematik<\/a><\/p>\n<h3>CHE-Ranking: Bestnoten f\u00fcr Studiensituation und Betreuung<\/h3>\n<p><a href=\"https:\/\/www.hsu-hh.de\/et\/wp-content\/uploads\/sites\/61\/2017\/08\/CHE-Ranking-EIT-Bachelor-Universit\u00e4ten.pdf\">CHE-Ranking-EIT-Bachelor-Universit\u00e4ten<\/a><br \/>\n<a href=\"https:\/\/www.hsu-hh.de\/et\/wp-content\/uploads\/sites\/61\/2017\/08\/CHE-Ranking-EIT-Master-Universit\u00e4ten.pdf\">CHE-Ranking-EIT-Master-Universit\u00e4ten<\/a><\/p>\n<h2>Bachelor- und Masterstudieng\u00e4nge <abbr title=\"Elektrotechnik\">ET<\/abbr><\/h2>\n<h3>Studienpl\u00e4ne<\/h3>\n<p><a href=\"https:\/\/www.hsu-hh.de\/et\/wp-content\/uploads\/sites\/61\/2021\/09\/Studienablauf_2100928_EIT.pdf\">Elektrotechnik und Informationstechnik (<abbr title=\"Bachelor of Science\">B.Sc.<\/abbr>)<\/a><\/p>\n<p><a href=\"https:\/\/www.hsu-hh.de\/et\/wp-content\/uploads\/sites\/61\/2021\/09\/Studienablauf_2100928_INI.pdf\">Informatik-Ingenieurwesen (<abbr title=\"Master of Science\">M.Sc.<\/abbr>) <\/a><\/p>\n<p><a href=\"https:\/\/www.hsu-hh.de\/et\/wp-content\/uploads\/sites\/61\/2021\/09\/Studienablauf_2100928_EEIN.pdf\">Erneuerbare Energien und intelligente Netze (<abbr title=\"Master of Science\">M.Sc.<\/abbr>)<\/a><\/p>\n<p><a href=\"https:\/\/www.hsu-hh.de\/et\/wp-content\/uploads\/sites\/61\/2021\/09\/Studienablauf_2100928_INT.pdf\"> Informationstechnik (<abbr title=\"Master of Science\">M.Sc.<\/abbr>) <\/a><\/p>\n<p><a href=\"https:\/\/www.hsu-hh.de\/et\/wp-content\/uploads\/sites\/61\/2021\/09\/Studienablauf_2100928_ENT.pdf\">Elektrische Energietechnik (<abbr title=\"Master of Science\">M.Sc.<\/abbr>) <\/a><\/p>\n<h3>Modulhandbuch<\/h3>\n<p><a href=\"https:\/\/campus.hsu-hh.de\/qisserver\/rds?state=modulBeschrGast&amp;moduleParameter=modDescr&amp;struct=auswahlBaum&amp;navigation=Y&amp;next=tree.vm&amp;nextdir=qispos\/modulBeschr\/gast&amp;nodeID=auswahlBaum%7Cabschluss%3Aabschl%3D82%7Cstudiengang%3Astg%3D048%7CstgSpecials%3Avert%3D%2Cschwp%3D%2Ckzfa%3DH%2Cpversion%3D2021%7CkontoOnTop%3Apordnr%3D9667&amp;expand=0&amp;lastState=modulBeschrGast&amp;asi=#auswahlBaum%7Cabschluss%3Aabschl%3D82%7Cstudiengang%3Astg%3D048%7CstgSpecials%3Avert%3D%2Cschwp%3D%2Ckzfa%3DH%2Cpversion%3D2021%7CkontoOnTop%3Apordnr%3D9667\" rel='nofollow'>Elektrotechnik und Informationstechnik (<abbr title=\"Bachelor of Science\">B.Sc.<\/abbr>)<\/a><\/p>\n<p><a href=\"https:\/\/campus.hsu-hh.de\/qisserver\/rds?state=modulBeschrGast&amp;moduleParameter=modDescr&amp;struct=auswahlBaum&amp;navigation=Y&amp;next=tree.vm&amp;nextdir=qispos\/modulBeschr\/gast&amp;nodeID=auswahlBaum%7Cabschluss%3Aabschl%3D87%7Cstudiengang%3Astg%3D148%7CstgSpecials%3Avert%3D%2Cschwp%3D%2Ckzfa%3DH%2Cpversion%3D2021%7CkontoOnTop%3Apordnr%3D9702&amp;expand=0&amp;lastState=modulBeschrGast&amp;asi=#auswahlBaum%7Cabschluss%3Aabschl%3D87%7Cstudiengang%3Astg%3D148%7CstgSpecials%3Avert%3D%2Cschwp%3D%2Ckzfa%3DH%2Cpversion%3D2021%7CkontoOnTop%3Apordnr%3D9702\" rel='nofollow'>Elektrische Energietechnik (<abbr title=\"Master of Science\">M.Sc.<\/abbr>)<\/a><\/p>\n<p><a href=\"https:\/\/campus.hsu-hh.de\/qisserver\/rds?state=modulBeschrGast&amp;moduleParameter=modDescr&amp;struct=auswahlBaum&amp;navigation=Y&amp;next=tree.vm&amp;nextdir=qispos\/modulBeschr\/gast&amp;nodeID=auswahlBaum%7Cabschluss%3Aabschl%3D87%7Cstudiengang%3Astg%3D548%7CstgSpecials%3Avert%3D%2Cschwp%3D%2Ckzfa%3DH%2Cpversion%3D2021%7CkontoOnTop%3Apordnr%3D9705&amp;expand=0&amp;lastState=modulBeschrGast&amp;asi=#auswahlBaum%7Cabschluss%3Aabschl%3D87%7Cstudiengang%3Astg%3D548%7CstgSpecials%3Avert%3D%2Cschwp%3D%2Ckzfa%3DH%2Cpversion%3D2021%7CkontoOnTop%3Apordnr%3D9705\" rel='nofollow'>Erneuerbare Energien und intelligente Netze (<abbr title=\"Master of Science\">M.Sc.<\/abbr>)<\/a><\/p>\n<p><a href=\"https:\/\/campus.hsu-hh.de\/qisserver\/rds?state=modulBeschrGast&amp;moduleParameter=modDescr&amp;struct=auswahlBaum&amp;navigation=Y&amp;next=tree.vm&amp;nextdir=qispos\/modulBeschr\/gast&amp;nodeID=auswahlBaum%7Cabschluss%3Aabschl%3D87%7Cstudiengang%3Astg%3D448%7CstgSpecials%3Avert%3D%2Cschwp%3D%2Ckzfa%3DH%2Cpversion%3D2021%7CkontoOnTop%3Apordnr%3D9704&amp;expand=0&amp;lastState=modulBeschrGast&amp;asi=#auswahlBaum%7Cabschluss%3Aabschl%3D87%7Cstudiengang%3Astg%3D448%7CstgSpecials%3Avert%3D%2Cschwp%3D%2Ckzfa%3DH%2Cpversion%3D2021%7CkontoOnTop%3Apordnr%3D9704\" rel='nofollow'>Informatik-Ingenieurwesen (<abbr title=\"Master of Science\">M.Sc.<\/abbr>)<\/a><\/p>\n<p><a href=\"https:\/\/campus.hsu-hh.de\/qisserver\/rds?state=modulBeschrGast&amp;moduleParameter=modDescr&amp;struct=auswahlBaum&amp;navigation=Y&amp;next=tree.vm&amp;nextdir=qispos\/modulBeschr\/gast&amp;nodeID=auswahlBaum%7Cabschluss%3Aabschl%3D87%7Cstudiengang%3Astg%3D248%7CstgSpecials%3Avert%3D%2Cschwp%3D%2Ckzfa%3DH%2Cpversion%3D2021%7CkontoOnTop%3Apordnr%3D9703&amp;expand=0&amp;lastState=modulBeschrGast&amp;asi=#auswahlBaum%7Cabschluss%3Aabschl%3D87%7Cstudiengang%3Astg%3D248%7CstgSpecials%3Avert%3D%2Cschwp%3D%2Ckzfa%3DH%2Cpversion%3D2021%7CkontoOnTop%3Apordnr%3D9703\" rel='nofollow'>Informationstechnik (<abbr title=\"Master of Science\">M.Sc.<\/abbr>)<\/a><\/p>\n<p><a href=\"https:\/\/campus.hsu-hh.de\/qisserver\/rds?state=modulBeschrGast&amp;moduleParameter=modDescr&amp;struct=auswahlBaum&amp;navigation=Y&amp;next=tree.vm&amp;nextdir=qispos\/modulBeschr\/gast&amp;nodeID=auswahlBaum%7Cabschluss%3Aabschl%3D87%7Cstudiengang%3Astg%3D348%7CstgSpecials%3Avert%3D%2Cschwp%3D%2Ckzfa%3DH%2Cpversion%3D2021%7CkontoOnTop%3Apordnr%3D9701&amp;expand=0&amp;lastState=modulBeschrGast&amp;asi=#auswahlBaum%7Cabschluss%3Aabschl%3D87%7Cstudiengang%3Astg%3D348%7CstgSpecials%3Avert%3D%2Cschwp%3D%2Ckzfa%3DH%2Cpversion%3D2021%7CkontoOnTop%3Apordnr%3D9701\" rel='nofollow'>Master Wahlpflichtmodule <abbr title=\"Elektrotechnik\">ET<\/abbr><\/a><\/p>\n<p><a href=\"https:\/\/www.hsu-hh.de\/et\/wp-content\/uploads\/sites\/61\/2017\/08\/MB-Formular.doc\">Modulbeschreibung-Formular<\/a><\/p>\n<h3>Studienpl\u00e4ne (Studienbeginn B.Sc. vor 2021, Studienbeginn M.Sc. vor 2022)<\/h3>\n<p><a href=\"https:\/\/www.hsu-hh.de\/et\/wp-content\/uploads\/sites\/61\/2019\/01\/Studienablauf_190111_EIT.pdf\">Elektrotechnik und Informationstechnik (<abbr title=\"Bachelor of Science\">B.Sc.<\/abbr>)<\/a><\/p>\n<p><a href=\"https:\/\/www.hsu-hh.de\/et\/wp-content\/uploads\/sites\/61\/2019\/01\/Studienablauf_190111_INI_.pdf\">Informatik-Ingenieurwesen (<abbr title=\"Master of Science\">M.Sc.<\/abbr>) <\/a><\/p>\n<p><a href=\"https:\/\/www.hsu-hh.de\/et\/wp-content\/uploads\/sites\/61\/2019\/01\/Studienablauf_190111_EEIN.pdf\">Erneuerbare Energien und intelligente Netze (<abbr title=\"Master of Science\">M.Sc.<\/abbr>)<\/a><\/p>\n<p><a href=\"https:\/\/www.hsu-hh.de\/et\/wp-content\/uploads\/sites\/61\/2019\/01\/Studienablauf_190111_INF.pdf\"> Informationstechnik (<abbr title=\"Master of Science\">M.Sc.<\/abbr>) <\/a><\/p>\n<p><a href=\"https:\/\/www.hsu-hh.de\/et\/wp-content\/uploads\/sites\/61\/2019\/01\/Studienablauf_190111_ENT.pdf\">Elektrische Energietechnik (<abbr title=\"Master of Science\">M.Sc.<\/abbr>) <\/a><\/p>\n<h3>Modulhandbuch (Studienbeginn B.Sc. vor 2021, Studienbeginn M.Sc. vor 2022)<\/h3>\n<p><a href=\"https:\/\/campus.hsu-hh.de\/qisserver\/rds?state=modulBeschrGast&amp;moduleParameter=modDescr&amp;struct=auswahlBaum&amp;navigation=Y&amp;next=tree.vm&amp;nextdir=qispos\/modulBeschr\/gast&amp;nodeID=auswahlBaum%7Cabschluss%3Aabschl%3D82%7Cstudiengang%3Astg%3D048%7CstgSpecials%3Avert%3D%2Cschwp%3D%2Ckzfa%3DH%2Cpversion%3D2016%7CkontoOnTop%3Apordnr%3D6460&amp;expand=0&amp;lastState=modulBeschrGast&amp;asi=#auswahlBaum%7Cabschluss%3Aabschl%3D82%7Cstudiengang%3Astg%3D048%7CstgSpecials%3Avert%3D%2Cschwp%3D%2Ckzfa%3DH%2Cpversion%3D2016%7CkontoOnTop%3Apordnr%3D6460\" rel='nofollow'>Elektrotechnik und Informationstechnik (<abbr title=\"Bachelor of Science\">B.Sc.<\/abbr>)<\/a><\/p>\n<p><a href=\"https:\/\/campus.hsu-hh.de\/qisserver\/rds?state=modulBeschrGast&amp;moduleParameter=modDescr&amp;struct=auswahlBaum&amp;navigation=Y&amp;next=tree.vm&amp;nextdir=qispos\/modulBeschr\/gast&amp;nodeID=auswahlBaum%7Cabschluss%3Aabschl%3D87%7Cstudiengang%3Astg%3D148%7CstgSpecials%3Avert%3D%2Cschwp%3D%2Ckzfa%3DH%2Cpversion%3D2016%7CkontoOnTop%3Apordnr%3D6629&amp;expand=1&amp;lastState=modulBeschrGast&amp;asi=#auswahlBaum%7Cabschluss%3Aabschl%3D87%7Cstudiengang%3Astg%3D148%7CstgSpecials%3Avert%3D%2Cschwp%3D%2Ckzfa%3DH%2Cpversion%3D2016%7CkontoOnTop%3Apordnr%3D6629\" rel='nofollow'>Elektrische Energietechnik (<abbr title=\"Master of Science\">M.Sc.<\/abbr>)<\/a><\/p>\n<p><a href=\"https:\/\/campus.hsu-hh.de\/qisserver\/rds?state=modulBeschrGast&amp;moduleParameter=modDescr&amp;struct=auswahlBaum&amp;navigation=Y&amp;next=tree.vm&amp;nextdir=qispos\/modulBeschr\/gast&amp;nodeID=auswahlBaum%7Cabschluss%3Aabschl%3D87%7Cstudiengang%3Astg%3D548%7CstgSpecials%3Avert%3D%2Cschwp%3D%2Ckzfa%3DH%2Cpversion%3D2016%7CkontoOnTop%3Apordnr%3D6632&amp;expand=0&amp;lastState=modulBeschrGast&amp;asi=#auswahlBaum%7Cabschluss%3Aabschl%3D87%7Cstudiengang%3Astg%3D548%7CstgSpecials%3Avert%3D%2Cschwp%3D%2Ckzfa%3DH%2Cpversion%3D2016%7CkontoOnTop%3Apordnr%3D6632\" rel='nofollow'>Erneuerbare Energien und intelligente Netze (<abbr title=\"Master of Science\">M.Sc.<\/abbr>)<\/a><\/p>\n<p><a href=\"https:\/\/campus.hsu-hh.de\/qisserver\/rds?state=modulBeschrGast&amp;moduleParameter=modDescr&amp;struct=auswahlBaum&amp;navigation=Y&amp;next=tree.vm&amp;nextdir=qispos\/modulBeschr\/gast&amp;nodeID=auswahlBaum%7Cabschluss%3Aabschl%3D87%7Cstudiengang%3Astg%3D448%7CstgSpecials%3Avert%3D%2Cschwp%3D%2Ckzfa%3DH%2Cpversion%3D2016%7CkontoOnTop%3Apordnr%3D6631&amp;expand=0&amp;lastState=modulBeschrGast&amp;asi=#auswahlBaum%7Cabschluss%3Aabschl%3D87%7Cstudiengang%3Astg%3D448%7CstgSpecials%3Avert%3D%2Cschwp%3D%2Ckzfa%3DH%2Cpversion%3D2016%7CkontoOnTop%3Apordnr%3D6631\" rel='nofollow'>Informatik-Ingenieurwesen (<abbr title=\"Master of Science\">M.Sc.<\/abbr>)<\/a><\/p>\n<p><a href=\"https:\/\/campus.hsu-hh.de\/qisserver\/rds?state=modulBeschrGast&amp;moduleParameter=modDescr&amp;struct=auswahlBaum&amp;navigation=Y&amp;next=tree.vm&amp;nextdir=qispos\/modulBeschr\/gast&amp;nodeID=auswahlBaum%7Cabschluss%3Aabschl%3D87%7Cstudiengang%3Astg%3D248%7CstgSpecials%3Avert%3D%2Cschwp%3D%2Ckzfa%3DH%2Cpversion%3D2016%7CkontoOnTop%3Apordnr%3D6630&amp;expand=0&amp;lastState=modulBeschrGast&amp;asi=#auswahlBaum%7Cabschluss%3Aabschl%3D87%7Cstudiengang%3Astg%3D248%7CstgSpecials%3Avert%3D%2Cschwp%3D%2Ckzfa%3DH%2Cpversion%3D2016%7CkontoOnTop%3Apordnr%3D6630\" rel='nofollow'>Informationstechnik (<abbr title=\"Master of Science\">M.Sc.<\/abbr>)<\/a><\/p>\n<p><a href=\"https:\/\/campus.hsu-hh.de\/qisserver\/rds?state=modulBeschrGast&amp;moduleParameter=modDescr&amp;struct=auswahlBaum&amp;navigation=Y&amp;next=tree.vm&amp;nextdir=qispos\/modulBeschr\/gast&amp;nodeID=auswahlBaum%7Cabschluss%3Aabschl%3D87%7Cstudiengang%3Astg%3D348%7CstgSpecials%3Avert%3D%2Cschwp%3D%2Ckzfa%3DH%2Cpversion%3D2016%7CkontoOnTop%3Apordnr%3D6488&amp;expand=0&amp;lastState=modulBeschrGast&amp;asi=#auswahlBaum%7Cabschluss%3Aabschl%3D87%7Cstudiengang%3Astg%3D348%7CstgSpecials%3Avert%3D%2Cschwp%3D%2Ckzfa%3DH%2Cpversion%3D2016%7CkontoOnTop%3Apordnr%3D6488\" rel='nofollow'>Master Wahlpflichtmodule <abbr title=\"Elektrotechnik\">ET<\/abbr><\/a><\/p>\n<p><a href=\"https:\/\/www.hsu-hh.de\/et\/wp-content\/uploads\/sites\/61\/2017\/08\/MB-Formular.doc\">Modulbeschreibung-Formular<\/a><\/p>\n<h3>Ordnungen<\/h3>\n<p><a href=\"https:\/\/www.hsu-hh.de\/asv\/prakto-et\/\">Praktikumsordnung<\/a><\/p>\n<p><a href=\"https:\/\/www.hsu-hh.de\/asv\/allgemeine-pruefungsordnung\/\">Allgemeine Pr\u00fcfungsordnung (<abbr title=\"Allgemeine Pr\u00fcfungsordnung\">APO<\/abbr> )<\/a><\/p>\n<p><a href=\"https:\/\/www.hsu-hh.de\/asv\/studiengaenge\/\">Fachspezifische Studien- und Pr\u00fcfungsordnung (<abbr title=\"Fachspezifische Studien- und Pr\u00fcfungsordnung\">FSPO<\/abbr> )<\/a><\/p>\n<p><a href=\"https:\/\/www.hsu-hh.de\/et\/wp-content\/uploads\/sites\/61\/2017\/08\/Fragen_antworten_BA_MA_ET_140304.pdf\">Fragen und Antworten zur Pr\u00fcfungsordnung<\/a><\/p>\n<p><a href=\"https:\/\/www.hsu-hh.de\/et\/wp-content\/uploads\/sites\/61\/2020\/02\/Leitfaden-zur-Klausuraufsicht-ET.pdf\">Leitfaden zur Klausuraufsicht <abbr title=\"Elektrotechnik\">ET<\/abbr><\/a><\/p>\n<h3>Formulare<\/h3>\n<p><a href=\"https:\/\/www.hsu-hh.de\/et\/wp-content\/uploads\/sites\/61\/2021\/09\/Gutachten-Studentenarbeiten-FakET_Stand_Dez20.docx\">Kurzgutachten<\/a><\/p>\n<h3>Lehrmaterial<\/h3>\n<p>Musterdatei f\u00fcr studentische Arbeiten:<\/p>\n<p><a href=\"https:\/\/www.hsu-hh.de\/et\/wp-content\/uploads\/sites\/61\/2021\/05\/Vorlage_latex_BA_SA_MA_v2021.zip\">Template (LaTeX)<\/a><br \/>\n<a href=\"https:\/\/www.hsu-hh.de\/et\/wp-content\/uploads\/sites\/61\/2021\/05\/SA_main.pdf\">Template (PDF)<\/a><\/p>\n<p>Thesis Template:<\/p>\n<p><a href=\"https:\/\/www.hsu-hh.de\/et\/wp-content\/uploads\/sites\/61\/2021\/05\/Template_latex_Thesis_v2021.zip\">Template (LaTeX)<\/a><br \/>\n<a href=\"https:\/\/www.hsu-hh.de\/et\/wp-content\/uploads\/sites\/61\/2021\/05\/thesis_main.pdf\">Template (PDF)<\/a><\/p>\n<h2>Engineering Science (<abbr title=\"Bachelor of Science\">B.Sc.<\/abbr>)<\/h2>\n<h3>Study Plan<\/h3>\n<p><a href=\"https:\/\/www.hsu-hh.de\/et\/wp-content\/uploads\/sites\/61\/2020\/07\/EngSci-BA_280720.pdf\">Engineering Science (<abbr title=\"Bachelor of Science\">B.Sc.<\/abbr>)<\/a><\/p>\n<h3>Study and Examination Regulations<\/h3>\n<p><a href=\"https:\/\/www.hsu-hh.de\/asv\/apo\/\">General Examinations Regulations (<abbr title=\"Allgemeine Pr\u00fcfungsordnung\">APO<\/abbr>) <\/a><\/p>\n<p><a href=\"https:\/\/www.hsu-hh.de\/asv\/studiengaenge\/\">Subject-Specific Programme and Examination Regulations (<abbr title=\"Fachspezifische Studien- und Pr\u00fcfungsordnung\">FSPO<\/abbr> EngSci)<\/a><\/p>\n<h3>Compilation of Modules<\/h3>\n<ul>\n<li><a href=\"https:\/\/campus.hsu-hh.de\/qisserver\/rds?state=modulBeschrGast&amp;moduleParameter=modDescr&amp;struct=auswahlBaum&amp;navigation=Y&amp;next=tree.vm&amp;nextdir=qispos\/modulBeschr\/gast&amp;nodeID=auswahlBaum%7Cabschluss%3Aabschl%3D82%7Cstudiengang%3Astg%3D072%7CstgSpecials%3Avert%3D%2Cschwp%3D%2Ckzfa%3DH%2Cpversion%3D2018&amp;expand=0&amp;lastState=modulBeschrGast&amp;asi=#auswahlBaum%7Cabschluss%3Aabschl%3D82%7Cstudiengang%3Astg%3D072%7CstgSpecials%3Avert%3D%2Cschwp%3D%2Ckzfa%3DH%2Cpversion%3D2018\" rel='nofollow'>Engineering Science (<abbr title=\"Bachelor of Science\">B.Sc.<\/abbr>)<\/a><\/li>\n<li><a href=\"https:\/\/www.hsu-hh.de\/et\/wp-content\/uploads\/sites\/61\/2017\/08\/MHB_ESDS_Abbreviations.pdf\">Abbreviations<\/a><\/li>\n<\/ul>\n<h3>Thesis Template <\/h3>\n<p>Musterdatei f\u00fcr studentische Arbeiten:<\/p>\n<p><a href=\"https:\/\/www.hsu-hh.de\/et\/wp-content\/uploads\/sites\/61\/2021\/05\/Vorlage_latex_BA_SA_MA_v2021.zip\">Template (LaTeX)<\/a><br \/>\n<a href=\"https:\/\/www.hsu-hh.de\/et\/wp-content\/uploads\/sites\/61\/2021\/05\/SA_main.pdf\">Template (PDF)<\/a><\/p>\n<p>Thesis Template:<\/p>\n<p><a href=\"https:\/\/www.hsu-hh.de\/et\/wp-content\/uploads\/sites\/61\/2021\/05\/Template_latex_Thesis_v2021.zip\">Template (LaTeX)<\/a><br \/>\n<a href=\"https:\/\/www.hsu-hh.de\/et\/wp-content\/uploads\/sites\/61\/2021\/05\/thesis_main.pdf\">Template (PDF)<\/a><\/p>\n<h2>Engineering Science: Defence Systems (<abbr title=\"Master of Science\">M.Sc.<\/abbr>)<\/h2>\n<h3>Study Plan<\/h3>\n<p><a href=\"https:\/\/www.hsu-hh.de\/et\/wp-content\/uploads\/sites\/61\/2020\/07\/EngSci-MA_280720.pdf\">Engineering Science: Defence Systems (<abbr title=\"Master of Science\">M.Sc.<\/abbr>)<\/a><\/p>\n<h3>Study and Examination Regulations<\/h3>\n<p><a href=\"https:\/\/www.hsu-hh.de\/asv\/apo\/\">General Examinations Regulations (<abbr title=\"Allgemeine Pr\u00fcfungsordnung\">APO<\/abbr>)<\/a><\/p>\n<p><a href=\"https:\/\/www.hsu-hh.de\/asv\/studiengaenge\/\">Subject-Specific Programme and Examination Regulations (<abbr title=\"Fachspezifische Studien- und Pr\u00fcfungsordnung\">FSPO<\/abbr> EngSci)<\/a><\/p>\n<h3>Compilation of Modules<\/h3>\n<ul>\n<li><a href=\"https:\/\/campus.hsu-hh.de\/qisserver\/rds?state=modulBeschrGast&amp;moduleParameter=modDescr&amp;struct=auswahlBaum&amp;navigation=Y&amp;next=tree.vm&amp;nextdir=qispos\/modulBeschr\/gast&amp;nodeID=auswahlBaum%7Cabschluss%3Aabschl%3D87%7Cstudiengang%3Astg%3D372%7CstgSpecials%3Avert%3D%2Cschwp%3D%2Ckzfa%3DH%2Cpversion%3D2018&amp;expand=0&amp;lastState=modulBeschrGast&amp;asi=#auswahlBaum%7Cabschluss%3Aabschl%3D87%7Cstudiengang%3Astg%3D372%7CstgSpecials%3Avert%3D%2Cschwp%3D%2Ckzfa%3DH%2Cpversion%3D2018\" rel='nofollow'>Engineering Science: Defence Systems (<abbr title=\"Master of Science\">M.Sc.<\/abbr>)<\/a><\/li>\n<li><a href=\"https:\/\/www.hsu-hh.de\/et\/wp-content\/uploads\/sites\/61\/2017\/08\/MHB_ESDS_Abbreviations.pdf\">Abbreviations<\/a><\/li>\n<\/ul>\n<h2>Engineering Science: Defence Systems (<abbr title=\"Bachelor of Science\">B.Sc.<\/abbr>) Start of studies in 2016 and 2017<\/h2>\n<h3>Study Plan<\/h3>\n<p><a href=\"https:\/\/www.hsu-hh.de\/et\/wp-content\/uploads\/sites\/61\/2019\/01\/Study_plan_ESDS_160129.pdf\">Engineering Science: Defence Systems (<abbr title=\"Bachelor of Science\">B.Sc.<\/abbr>)<\/a><\/p>\n<h3>Study and Examination Regulations<\/h3>\n<p><a href=\"https:\/\/www.hsu-hh.de\/asv\/apo\/\">General Examinations Regulations (<abbr title=\"Allgemeine Pr\u00fcfungsordnung\">APO<\/abbr>) <\/a><\/p>\n<p><a href=\"https:\/\/www.hsu-hh.de\/asv\/studiengaenge\/\">Subject-Specific Programme and Examination Regulations (<abbr title=\"Fachspezifische Studien- und Pr\u00fcfungsordnung\">FSPO<\/abbr> EngSci)<\/a><\/p>\n<h3>Compilation of Modules<\/h3>\n<ul>\n<li><a href=\"https:\/\/campus.hsu-hh.de\/qisserver\/rds?state=modulBeschrGast&amp;moduleParameter=modDescr&amp;struct=auswahlBaum&amp;navigation=Y&amp;next=tree.vm&amp;nextdir=qispos\/modulBeschr\/gast&amp;nodeID=auswahlBaum%7Cabschluss%3Aabschl%3D82%7Cstudiengang%3Astg%3D072%7CstgSpecials%3Avert%3D%2Cschwp%3D%2Ckzfa%3DH%2Cpversion%3D2016&amp;expand=0&amp;lastState=modulBeschrGast&amp;asi=#auswahlBaum%7Cabschluss%3Aabschl%3D82%7Cstudiengang%3Astg%3D072%7CstgSpecials%3Avert%3D%2Cschwp%3D%2Ckzfa%3DH%2Cpversion%3D2016\" rel='nofollow'>Engineering Science: Defence Systems (<abbr title=\"Bachelor of Science\">B.Sc.<\/abbr>)<\/a><\/li>\n<li><a href=\"https:\/\/www.hsu-hh.de\/et\/wp-content\/uploads\/sites\/61\/2017\/08\/MHB_ESDS_Abbreviations.pdf\">Abbreviations<\/a><\/li>\n<\/ul>\n<h2>Studienbereich Wirtschaftsingenieurwesen<\/h2>\n<h3>Wirtschaftsingenieurwesen<\/h3>\n<p><a href=\"http:\/\/www.hsu-hh.de\/sbawi\/\">Studienbereich Wirtschaftsingenieurwesen<\/a><\/p>\n<hr>\n<p style=\"text-align: center\"><a href=\"https:\/\/www.hsu-hh.de\/et\/\">Fakult\u00e4t<\/a> \u25a0 <a href=\"https:\/\/www.hsu-hh.de\/et\/studium\/\">Studium<\/a> \u25a0 <a href=\"https:\/\/www.hsu-hh.de\/et\/forschung\/\">Forschung<\/a><\/p>\n<div class=\"shariff\"><ul class=\"shariff-buttons theme-default orientation-horizontal buttonsize-medium\"><li class=\"shariff-button facebook shariff-nocustomcolor\" style=\"background-color:#4273c8\"><a href=\"https:\/\/www.facebook.com\/sharer\/sharer.php?u=https%3A%2F%2Fwww.hsu-hh.de%2Fet%2Fstudium-alt\" title=\"Bei Facebook teilen\" aria-label=\"Bei Facebook teilen\" role=\"button\" rel=\"nofollow\" class=\"shariff-link\" style=\"; background-color:#3b5998; color:#fff\" target=\"_blank\"><span class=\"shariff-icon\" style=\"\"><svg width=\"32px\" height=\"20px\" xmlns=\"http:\/\/www.w3.org\/2000\/svg\" viewBox=\"0 0 18 32\"><path fill=\"#3b5998\" d=\"M17.1 0.2v4.7h-2.8q-1.5 0-2.1 0.6t-0.5 1.9v3.4h5.2l-0.7 5.3h-4.5v13.6h-5.5v-13.6h-4.5v-5.3h4.5v-3.9q0-3.3 1.9-5.2t5-1.8q2.6 0 4.1 0.2z\"\/><\/svg><\/span><span class=\"shariff-text\">teilen<\/span>&nbsp;<\/a><\/li><li class=\"shariff-button twitter shariff-nocustomcolor\" style=\"background-color:#595959\"><a href=\"https:\/\/twitter.com\/share?url=https%3A%2F%2Fwww.hsu-hh.de%2Fet%2Fstudium-alt&text=Studium\" title=\"Bei X teilen\" aria-label=\"Bei X teilen\" role=\"button\" rel=\"noopener nofollow\" class=\"shariff-link\" style=\"; background-color:#000; color:#fff\" target=\"_blank\"><span class=\"shariff-icon\" style=\"\"><svg width=\"32px\" height=\"20px\" xmlns=\"http:\/\/www.w3.org\/2000\/svg\" viewBox=\"0 0 24 24\"><path fill=\"#000\" d=\"M14.258 10.152L23.176 0h-2.113l-7.747 8.813L7.133 0H0l9.352 13.328L0 23.973h2.113l8.176-9.309 6.531 9.309h7.133zm-2.895 3.293l-.949-1.328L2.875 1.56h3.246l6.086 8.523.945 1.328 7.91 11.078h-3.246zm0 0\"\/><\/svg><\/span><span class=\"shariff-text\">teilen<\/span>&nbsp;<\/a><\/li><\/ul><\/div>","protected":false},"excerpt":{"rendered":"<p>Informationen f\u00fcr Studieninteressierte Elektrotechnik und Informationstechnik: Dein Studium Im Bachelor-Studium Elektrotechnik und Informationstechnik steht die individuelle Betreuung der Studierenden im Vordergrund. In der Campus Universit\u00e4t wird das Studium zum gemeinschaftlichen [&hellip;]<\/p>\n","protected":false},"author":20,"featured_media":0,"parent":0,"menu_order":2,"comment_status":"closed","ping_status":"closed","template":"","meta":{"footnotes":""},"categories":[244],"tags":[],"class_list":["post-923","page","type-page","status-publish","hentry","category-alt"],"_links":{"self":[{"href":"https:\/\/www.hsu-hh.de\/et\/wp-json\/wp\/v2\/pages\/923","targetHints":{"allow":["GET"]}}],"collection":[{"href":"https:\/\/www.hsu-hh.de\/et\/wp-json\/wp\/v2\/pages"}],"about":[{"href":"https:\/\/www.hsu-hh.de\/et\/wp-json\/wp\/v2\/types\/page"}],"author":[{"embeddable":true,"href":"https:\/\/www.hsu-hh.de\/et\/wp-json\/wp\/v2\/users\/20"}],"replies":[{"embeddable":true,"href":"https:\/\/www.hsu-hh.de\/et\/wp-json\/wp\/v2\/comments?post=923"}],"version-history":[{"count":49,"href":"https:\/\/www.hsu-hh.de\/et\/wp-json\/wp\/v2\/pages\/923\/revisions"}],"predecessor-version":[{"id":4007,"href":"https:\/\/www.hsu-hh.de\/et\/wp-json\/wp\/v2\/pages\/923\/revisions\/4007"}],"wp:attachment":[{"href":"https:\/\/www.hsu-hh.de\/et\/wp-json\/wp\/v2\/media?parent=923"}],"wp:term":[{"taxonomy":"category","embeddable":true,"href":"https:\/\/www.hsu-hh.de\/et\/wp-json\/wp\/v2\/categories?post=923"},{"taxonomy":"post_tag","embeddable":true,"href":"https:\/\/www.hsu-hh.de\/et\/wp-json\/wp\/v2\/tags?post=923"}],"curies":[{"name":"wp","href":"https:\/\/api.w.org\/{rel}","templated":true}]}}