{"id":73,"date":"2017-07-03T15:52:08","date_gmt":"2017-07-03T13:52:08","guid":{"rendered":"https:\/\/www.hsu-hh.de\/vorlage\/?page_id=73"},"modified":"2025-03-24T10:00:37","modified_gmt":"2025-03-24T09:00:37","slug":"startseite","status":"publish","type":"page","link":"https:\/\/www.hsu-hh.de\/et\/","title":{"rendered":"Fakult\u00e4t f\u00fcr Elektrotechnik"},"content":{"rendered":"\n<div class=\"wp-block-columns is-layout-flex wp-container-core-columns-is-layout-9d6595d7 wp-block-columns-is-layout-flex\">\n<div class=\"wp-block-column is-layout-flow wp-block-column-is-layout-flow\">\n<h2 class=\"wp-block-heading has-text-align-center\"><a href=\"https:\/\/www.hsu-hh.de\/et\/fachgebiete-und-professuren\">Professuren<\/a><\/h2>\n\n\n<div class=\"wp-block-image is-style-default\">\n<figure class=\"aligncenter is-resized\"><a href=\"https:\/\/www.hsu-hh.de\/et\/fachgebiete-und-professuren\"><img loading=\"lazy\" decoding=\"async\" width=\"300\" height=\"283\" src=\"https:\/\/mig.hsu-hh.de\/et\/wp-content\/uploads\/sites\/61\/2017\/10\/1-300x283.png\" data-credit=\"\" alt=\"Fakult\u00e4t\" class=\"wp-image-1587\" style=\"object-fit:cover;width:140px;height:140px\" srcset=\"https:\/\/www.hsu-hh.de\/et\/wp-content\/uploads\/sites\/61\/2017\/10\/1-300x283.png 300w, https:\/\/www.hsu-hh.de\/et\/wp-content\/uploads\/sites\/61\/2017\/10\/1-768x725.png 768w, https:\/\/www.hsu-hh.de\/et\/wp-content\/uploads\/sites\/61\/2017\/10\/1-1024x966.png 1024w, https:\/\/www.hsu-hh.de\/et\/wp-content\/uploads\/sites\/61\/2017\/10\/1.png 1272w\" sizes=\"auto, (max-width: 300px) 100vw, 300px\" \/><\/a><\/figure>\n<\/div><\/div>\n\n\n\n<div class=\"wp-block-column is-layout-flow wp-block-column-is-layout-flow\">\n<h2 class=\"wp-block-heading has-text-align-center\"><a href=\"https:\/\/www.hsu-hh.de\/et\/studium\">Studium<\/a><br><\/h2>\n\n\n<div class=\"wp-block-image is-style-default\">\n<figure class=\"aligncenter is-resized\"><a href=\"https:\/\/www.hsu-hh.de\/et\/studium\"><img loading=\"lazy\" decoding=\"async\" width=\"300\" height=\"279\" src=\"https:\/\/mig.hsu-hh.de\/et\/wp-content\/uploads\/sites\/61\/2017\/10\/2-300x279.png\" data-credit=\"\" alt=\"Study\" class=\"wp-image-1588\" style=\"object-fit:cover;width:140px;height:140px\" srcset=\"https:\/\/www.hsu-hh.de\/et\/wp-content\/uploads\/sites\/61\/2017\/10\/2-300x279.png 300w, https:\/\/www.hsu-hh.de\/et\/wp-content\/uploads\/sites\/61\/2017\/10\/2-768x714.png 768w, https:\/\/www.hsu-hh.de\/et\/wp-content\/uploads\/sites\/61\/2017\/10\/2-1024x952.png 1024w, https:\/\/www.hsu-hh.de\/et\/wp-content\/uploads\/sites\/61\/2017\/10\/2.png 1274w\" sizes=\"auto, (max-width: 300px) 100vw, 300px\" \/><\/a><\/figure>\n<\/div><\/div>\n\n\n\n<div class=\"wp-block-column is-layout-flow wp-block-column-is-layout-flow\">\n<h2 class=\"wp-block-heading has-text-align-center\"><a href=\"https:\/\/www.hsu-hh.de\/et\/alumni\">Alumni<\/a><\/h2>\n\n\n<div class=\"wp-block-image is-style-default\">\n<figure class=\"aligncenter is-resized\"><a href=\"https:\/\/www.hsu-hh.de\/et\/alumni\"><img loading=\"lazy\" decoding=\"async\" width=\"225\" height=\"225\" src=\"https:\/\/www.hsu-hh.de\/et\/wp-content\/uploads\/sites\/61\/2022\/04\/image_2022-04-01_113019.png\" data-credit=\"tt\" alt=\"tt\" class=\"wp-image-2329\" style=\"object-fit:cover;width:140px;height:140px\" srcset=\"https:\/\/www.hsu-hh.de\/et\/wp-content\/uploads\/sites\/61\/2022\/04\/image_2022-04-01_113019.png 225w, https:\/\/www.hsu-hh.de\/et\/wp-content\/uploads\/sites\/61\/2022\/04\/image_2022-04-01_113019-150x150.png 150w, https:\/\/www.hsu-hh.de\/et\/wp-content\/uploads\/sites\/61\/2022\/04\/image_2022-04-01_113019-100x100.png 100w\" sizes=\"auto, (max-width: 225px) 100vw, 225px\" \/><\/a><\/figure>\n<\/div><\/div>\n\n\n\n<div class=\"wp-block-column is-layout-flow wp-block-column-is-layout-flow\">\n<h2 class=\"wp-block-heading has-text-align-center\"><a href=\"https:\/\/www.hsu-hh.de\/et\/kontakt-2\">Kontakt<\/a><\/h2>\n\n\n<div class=\"wp-block-image is-style-default\">\n<figure class=\"aligncenter is-resized\"><a href=\"https:\/\/www.hsu-hh.de\/et\/kontakt-2\"><img loading=\"lazy\" decoding=\"async\" width=\"300\" height=\"277\" src=\"https:\/\/mig.hsu-hh.de\/et\/wp-content\/uploads\/sites\/61\/2017\/10\/3-300x277.png\" data-credit=\"\" alt=\"Forschung\" class=\"wp-image-1589\" style=\"object-fit:cover;width:140px;height:140px\" srcset=\"https:\/\/www.hsu-hh.de\/et\/wp-content\/uploads\/sites\/61\/2017\/10\/3-300x277.png 300w, https:\/\/www.hsu-hh.de\/et\/wp-content\/uploads\/sites\/61\/2017\/10\/3-768x710.png 768w, https:\/\/www.hsu-hh.de\/et\/wp-content\/uploads\/sites\/61\/2017\/10\/3-1024x947.png 1024w, https:\/\/www.hsu-hh.de\/et\/wp-content\/uploads\/sites\/61\/2017\/10\/3.png 1272w\" sizes=\"auto, (max-width: 300px) 100vw, 300px\" \/><\/a><\/figure>\n<\/div><\/div>\n<\/div>\n\n\n\n<div class=\"wp-block-columns is-layout-flex wp-container-core-columns-is-layout-9d6595d7 wp-block-columns-is-layout-flex\">\n<div class=\"wp-block-column is-layout-flow wp-block-column-is-layout-flow\">\n<p class=\"has-text-align-center has-medium-font-size\"><strong>Das sagen unsere Studierenden<\/strong><\/p>\n\n\n\n<figure class=\"wp-block-video aligncenter\" id=\"https:\/\/youtu.be\/v3T_7qP4cwY\"><video height=\"1080\" style=\"aspect-ratio: 1920 \/ 1080;\" width=\"1920\" controls poster=\"https:\/\/www.hsu-hh.de\/et\/wp-content\/uploads\/sites\/61\/2022\/05\/ET_Cover_1.jpg\" preload=\"auto\" src=\"https:\/\/www.hsu-hh.de\/et\/wp-content\/uploads\/sites\/61\/2022\/05\/ET_3.mp4\" playsinline><\/video><\/figure>\n<\/div>\n\n\n\n<div class=\"wp-block-column is-layout-flow wp-block-column-is-layout-flow\">\n<p class=\"has-text-align-center\"><strong>Christian Kreischer<\/strong><\/p>\n\n\n\n<figure class=\"wp-block-embed is-type-video is-provider-youtube wp-block-embed-youtube wp-embed-aspect-16-9 wp-has-aspect-ratio\"><div class=\"wp-block-embed__wrapper\">\n<iframe loading=\"lazy\" title=\"Fakult\u00e4t f\u00fcr Elektrotechnik an der Helmut-Schmidt-Universit\u00e4t\/Universit\u00e4t der Bundeswehr Hamburg\" width=\"500\" height=\"281\" src=\"https:\/\/www.youtube.com\/embed\/XHLc0-5ASVU?feature=oembed\" frameborder=\"0\" allow=\"accelerometer; autoplay; clipboard-write; encrypted-media; gyroscope; picture-in-picture; web-share\" referrerpolicy=\"strict-origin-when-cross-origin\" allowfullscreen><\/iframe>\n<\/div><\/figure>\n<\/div>\n<\/div>\n<div class=\"shariff\"><ul class=\"shariff-buttons theme-default orientation-horizontal buttonsize-medium\"><li class=\"shariff-button facebook shariff-nocustomcolor\" style=\"background-color:#4273c8\"><a href=\"https:\/\/www.facebook.com\/sharer\/sharer.php?u=https%3A%2F%2Fwww.hsu-hh.de%2Fet%2F\" title=\"Bei Facebook teilen\" aria-label=\"Bei Facebook teilen\" role=\"button\" rel=\"nofollow\" class=\"shariff-link\" style=\"; background-color:#3b5998; color:#fff\" target=\"_blank\"><span class=\"shariff-icon\" style=\"\"><svg width=\"32px\" height=\"20px\" xmlns=\"http:\/\/www.w3.org\/2000\/svg\" viewBox=\"0 0 18 32\"><path fill=\"#3b5998\" d=\"M17.1 0.2v4.7h-2.8q-1.5 0-2.1 0.6t-0.5 1.9v3.4h5.2l-0.7 5.3h-4.5v13.6h-5.5v-13.6h-4.5v-5.3h4.5v-3.9q0-3.3 1.9-5.2t5-1.8q2.6 0 4.1 0.2z\"\/><\/svg><\/span><span class=\"shariff-text\">teilen<\/span>&nbsp;<\/a><\/li><li class=\"shariff-button twitter shariff-nocustomcolor\" style=\"background-color:#595959\"><a href=\"https:\/\/twitter.com\/share?url=https%3A%2F%2Fwww.hsu-hh.de%2Fet%2F&text=Fakult%C3%A4t%20f%C3%BCr%20Elektrotechnik\" title=\"Bei X teilen\" aria-label=\"Bei X teilen\" role=\"button\" rel=\"noopener nofollow\" class=\"shariff-link\" style=\"; background-color:#000; color:#fff\" target=\"_blank\"><span class=\"shariff-icon\" style=\"\"><svg width=\"32px\" height=\"20px\" xmlns=\"http:\/\/www.w3.org\/2000\/svg\" viewBox=\"0 0 24 24\"><path fill=\"#000\" d=\"M14.258 10.152L23.176 0h-2.113l-7.747 8.813L7.133 0H0l9.352 13.328L0 23.973h2.113l8.176-9.309 6.531 9.309h7.133zm-2.895 3.293l-.949-1.328L2.875 1.56h3.246l6.086 8.523.945 1.328 7.91 11.078h-3.246zm0 0\"\/><\/svg><\/span><span class=\"shariff-text\">teilen<\/span>&nbsp;<\/a><\/li><\/ul><\/div>","protected":false},"excerpt":{"rendered":"<p>Professuren Studium Alumni Kontakt Das sagen unsere Studierenden Christian Kreischer<\/p>\n","protected":false},"author":3282,"featured_media":0,"parent":0,"menu_order":1,"comment_status":"closed","ping_status":"closed","template":"","meta":{"footnotes":""},"categories":[278,4,178],"tags":[324,326],"class_list":["post-73","page","type-page","status-publish","hentry","category-elektrotechnik","category-start","category-version20","tag-hamburg-de","tag-helmut-schmidt-universitaet-de"],"_links":{"self":[{"href":"https:\/\/www.hsu-hh.de\/et\/wp-json\/wp\/v2\/pages\/73","targetHints":{"allow":["GET"]}}],"collection":[{"href":"https:\/\/www.hsu-hh.de\/et\/wp-json\/wp\/v2\/pages"}],"about":[{"href":"https:\/\/www.hsu-hh.de\/et\/wp-json\/wp\/v2\/types\/page"}],"author":[{"embeddable":true,"href":"https:\/\/www.hsu-hh.de\/et\/wp-json\/wp\/v2\/users\/3282"}],"replies":[{"embeddable":true,"href":"https:\/\/www.hsu-hh.de\/et\/wp-json\/wp\/v2\/comments?post=73"}],"version-history":[{"count":694,"href":"https:\/\/www.hsu-hh.de\/et\/wp-json\/wp\/v2\/pages\/73\/revisions"}],"predecessor-version":[{"id":4255,"href":"https:\/\/www.hsu-hh.de\/et\/wp-json\/wp\/v2\/pages\/73\/revisions\/4255"}],"wp:attachment":[{"href":"https:\/\/www.hsu-hh.de\/et\/wp-json\/wp\/v2\/media?parent=73"}],"wp:term":[{"taxonomy":"category","embeddable":true,"href":"https:\/\/www.hsu-hh.de\/et\/wp-json\/wp\/v2\/categories?post=73"},{"taxonomy":"post_tag","embeddable":true,"href":"https:\/\/www.hsu-hh.de\/et\/wp-json\/wp\/v2\/tags?post=73"}],"curies":[{"name":"wp","href":"https:\/\/api.w.org\/{rel}","templated":true}]}}