{"id":4097,"date":"2024-04-29T15:12:38","date_gmt":"2024-04-29T13:12:38","guid":{"rendered":"https:\/\/www.hsu-hh.de\/et\/?page_id=4097"},"modified":"2024-05-14T14:30:39","modified_gmt":"2024-05-14T12:30:39","slug":"test-engeneering-science-b-sc-test","status":"publish","type":"page","link":"https:\/\/www.hsu-hh.de\/et\/test-engeneering-science-b-sc-test","title":{"rendered":"TEST &#8211; TEST &#8211; TEST"},"content":{"rendered":"\n<h1 class=\"wp-block-heading\"><a href=\"https:\/\/www.hsu-hh.de\/studium\/engineering-science\">Engineering Science (B. Sc.), Defence Systems (M. Sc.)<\/a><\/h1>\n\n\n\n<div class=\"wp-block-columns is-layout-flex wp-container-core-columns-is-layout-9d6595d7 wp-block-columns-is-layout-flex\">\n<div class=\"wp-block-column has-grey-background-color has-background is-layout-flow wp-block-column-is-layout-flow\">\n<p><strong>Fakult\u00e4t:&nbsp;<\/strong><br>Elektrotechnik<\/p>\n\n\n\n<p><strong>Abschl\u00fcsse:<\/strong>&nbsp;<br>Bachelor of Science, Master of Science<\/p>\n\n\n\n<p><strong>Regelstudienzeit:<\/strong>&nbsp;<br>7 Trimester f\u00fcr Bachelor + 5 Trimester Master<\/p>\n<\/div>\n\n\n\n<div class=\"wp-block-column has-grey-background-color has-background is-layout-flow wp-block-column-is-layout-flow\">\n<h2 class=\"wp-block-heading\" style=\"font-size:27px\"><strong>Studienvoraussetzungen:<\/strong><\/h2>\n\n\n\n<ol class=\"wp-block-list\">\n<li>Die Allgemeine Hochschulreife (Abitur)<\/li>\n\n\n\n<li>fundierte englische Sprachkenntnisse auf dem Niveau SLP 3332 (professional)<\/li>\n\n\n\n<li>die bestandene Offizierpr\u00fcfung<\/li>\n\n\n\n<li>die Verpflichtung als Soldat\/Soldatin auf Zeit f\u00fcr 13 Jahre in der Laufbahn der Offiziere des Truppendienstes.<\/li>\n<\/ol>\n\n\n\n<p><strong>Studiensprache:<\/strong>Englisch<br><strong>Studienbeginn:<\/strong>&nbsp;Anfang Oktober<\/p>\n<\/div>\n<\/div>\n\n\n\n<div class=\"wp-block-columns is-layout-flex wp-container-core-columns-is-layout-9d6595d7 wp-block-columns-is-layout-flex\">\n<div class=\"wp-block-column is-layout-flow wp-block-column-is-layout-flow\">\n<h2 class=\"wp-block-heading\">Beschreibung<\/h2>\n\n\n\n<p class=\"has-grey-background-color has-background\">Sowohl der Bachelor-, als auch der Master-Studiengang&nbsp;sind als Intensivstudieng\u00e4nge angelegt,&nbsp;die nach maximal drei Jahren mit dem \u201eBachelor&nbsp;of Science\u201c&nbsp;<abbr title=\"beziehungsweise\">bzw.<\/abbr>&nbsp;nach vier Jahren mit dem \u201eMaster&nbsp;of Science\u201c abgeschlossen werden. Im Studiengang&nbsp;arbeiten die Studierenden stark&nbsp;anwendungs- und systemorientiert. Sie lernen&nbsp;interdisziplin\u00e4r in gr\u00f6\u00dferen Systemzusammenh\u00e4ngen&nbsp;zu denken und Systeme innerhalb eines&nbsp;h\u00e4ufig gr\u00f6\u00dferen internationalen Teams zu konzipieren,&nbsp;zu spezifizieren, zu designen, zu testen&nbsp;sowie abzunehmen. Hierzu z\u00e4hlen beispielsweise&nbsp;die Entwicklung neuer Verteidigungs- und Sicherheitssysteme&nbsp;unter Ber\u00fccksichtigung spezifischer&nbsp;Anforderungen etwa an die Bedienbarkeit,&nbsp;an spezielle Material- und Systemeigenschaften&nbsp;wie die Abh\u00f6rsicherheit oder die St\u00f6r- und Zerst\u00f6rbarkeit,&nbsp;aber auch an extreme Klimabedingungen,&nbsp;an die Interoperabilit\u00e4t oder Robustheit.&nbsp;Schwerpunkt der Arbeit ist das Zusammenwirken einzelner Komponenten und Module zu einem&nbsp;ganzheitlichen System&nbsp;<abbr title=\"beziehungsweise\">bzw.<\/abbr>&nbsp;Subsystem f\u00fcr den&nbsp;milit\u00e4rischen Einsatz&nbsp;<abbr title=\"beziehungsweise\">bzw.<\/abbr>&nbsp;zur Verbesserung der&nbsp;zivilen Sicherheit.<\/p>\n\n\n\n<h2 class=\"wp-block-heading\">Bewerbung<\/h2>\n\n\n\n<p class=\"has-grey-background-color has-background\">Bewerbungsunterlagen erhalten Sie bei dem f\u00fcr Ihren Wohnort zust\u00e4ndigen Karriereberatungsb\u00fcro. Als Soldatin oder Soldat tragen Sie gro\u00dfe Verantwortung. Darum steht zu Beginn des Bewerbungsprozesses ein ausf\u00fchrliches Beratungsgespr\u00e4ch. Kontaktdaten der Karrriereberater finden Sie im Internet unter&nbsp;<a href=\"http:\/\/www.bundeswehrkarriere.de\/\" target=\"_blank\" rel=\"noreferrer noopener\">www.bundeswehrkarriere.de<\/a>. Kostenlose Telefonhotline: 0800 9800880.<\/p>\n\n\n\n<h2 class=\"wp-block-heading\">Studienaufbau<\/h2>\n\n\n\n<p class=\"has-grey-background-color has-background\">Der Bachelor-Studiengang DSYS umfasst wie alle&nbsp;anderen Bachelor-Studieng\u00e4nge der&nbsp;<abbr title=\"Helmut Schmidt Universit\u00e4t\">HSU<\/abbr>&nbsp;sieben&nbsp;Trimester und besteht aus Pflichtmodulen, Wahlpflichtmodulen&nbsp;und der Abschlussarbeit. Alle<br>Module bauen zeitlich aufeinander auf und sind&nbsp;zeitlich synchronisiert.&nbsp;Studierende, die nach sieben Trimestern noch&nbsp;nicht alle Leistungen des Bachelor-Studiengangs&nbsp;erbracht haben, k\u00f6nnen vorl\u00e4ufig in einen&nbsp;Masterstudiengang aufgenommen werden.&nbsp;Studierende, die bis zum Ende des achten Studientrimesters&nbsp;den Bachelor of Science mit der&nbsp;Note 3,0 oder besser erworben haben, k\u00f6nnen&nbsp;das Master-Studium fortsetzen. Dies gilt auch f\u00fcr&nbsp;Studierende, die eine Note bis einschlie\u00dflich 3,4&nbsp;erreicht und ein zus\u00e4tzliches Qualifizierungsgespr\u00e4ch&nbsp;bestanden haben. Studierende, die diese&nbsp;Bedingungen nicht erf\u00fcllen, bekommen bis zum&nbsp;Ende des neunten Trimesters Zeit, ihr Bachelor-&nbsp;Studium erfolgreich abzuschlie\u00dfen. Der Zugang&nbsp;zum nachfolgenden Masterstudiengang an der &nbsp;<abbr title=\"Helmut Schmidt Universit\u00e4t\">HSU<\/abbr>&nbsp;bleibt ihnen verwehrt.<\/p>\n\n\n\n<p class=\"has-grey-background-color has-background\">Die Master-Studieng\u00e4nge umfassen jeweils f\u00fcnf&nbsp;Trimester (achtes bis zw\u00f6lftes Studientrimester) und schlie\u00dfen mit der Master-Arbeit ab. Sie beinhalten sowohl Pflicht- als auch wahlpflichtmodule.&nbsp;Den Absolventinnen und Absolventen des Bachelor-Studiengangs DSYS stehen die Masterstudieng\u00e4nge der Fakult\u00e4ten f\u00fcr Maschinenbau und Elektrotechnik offen.<\/p>\n\n\n\n<ul class=\"has-grey-background-color has-background wp-block-list\">\n<li><a href=\"https:\/\/www.hsu-hh.de\/wp-content\/uploads\/2023\/11\/BA-Modulhandbuch-Engineering-Science.pdf\" target=\"_blank\" rel=\"noreferrer noopener\">Modulhandbuch Engeneering Sciences (<abbr title=\"Bachelor of Science\">B.Sc.<\/abbr>) <\/a><\/li>\n\n\n\n<li><a href=\"https:\/\/www.hsu-hh.de\/wp-content\/uploads\/2023\/11\/MA-Engineering-Science_Defense-Systems.pdf\" target=\"_blank\" rel=\"noreferrer noopener\"><\/a><a href=\"https:\/\/www.hsu-hh.de\/wp-content\/uploads\/2023\/11\/BA-Modulhandbuch-Engineering-Science.pdf\" target=\"_blank\" rel=\"noreferrer noopener\">Modulhandbuch Engeneering Sciences Defense Systems <strong>(<\/strong><abbr title=\"Master of Science\">M.Sc.<\/abbr><strong>)<\/strong><\/a><\/li>\n\n\n\n<li><a href=\"https:\/\/www.hsu-hh.de\/et\/wp-content\/uploads\/sites\/61\/2022\/04\/Fragen_antworten_BA_MA_ET_220414.pdf\" target=\"_blank\" rel=\"noreferrer noopener\">Programmbeschreibung\/Program Description Engineering Science (<abbr title=\"Bachelor of Science\">B.Sc.<\/abbr>) &amp; Defence Systems (<abbr title=\"Master of Science\">M.Sc.<\/abbr>)<\/a><\/li>\n<\/ul>\n<\/div>\n<\/div>\n\n\n\n<div class=\"wp-block-columns is-layout-flex wp-container-core-columns-is-layout-9d6595d7 wp-block-columns-is-layout-flex\">\n<div class=\"wp-block-column is-layout-flow wp-block-column-is-layout-flow\">\n<h2 class=\"wp-block-heading\">Studienberatung\/Kontakt<\/h2>\n\n\n\n<p class=\"has-grey-background-color has-background\">Die Studienberatung wird unter der Verantwortung&nbsp;der Fakult\u00e4ten von den Mitgliedern des akademischen&nbsp;Bereichs durchgef\u00fchrt.<br><strong>Ansprechpartner:<\/strong><br><abbr title=\"Universit\u00e4t\">Univ.<\/abbr>&nbsp;<abbr title=\"Professor\">Prof.<\/abbr>&nbsp;<abbr title=\"Doktor\">Dr.<\/abbr>&nbsp;<abbr title=\"rerum\">rer.<\/abbr>&nbsp;<abbr title=\"naturalis\">nat.<\/abbr>&nbsp;<abbr title=\"habilitatus\">habil.<\/abbr>&nbsp;Marcus Stiemer<br>Telefon: 040 6541\u20132769<br>E-Mail:&nbsp;<a href=\"mailto:carraro@hsu-hh.de\" rel='nofollow'>m.stiemer@hsu-<\/a><a href=\"mailto:m.stiemer@hsu-hh.de\" rel='nofollow'>hh<\/a><a href=\"mailto:carraro@hsu-hh.de\" rel='nofollow'>.de<\/a><\/p>\n\n\n\n<p class=\"has-grey-background-color has-background\">Studierende, die im Rahmen einer <strong>Kooperation <\/strong>mit einem Unternehmen, einer Stiftung, einer Beh\u00f6rde oder sonstiger institutioneller Partner an der&nbsp;<abbr title=\"Helmut Schmidt Universit\u00e4t\">HSU<\/abbr>&nbsp;studieren m\u00f6chten, sowie Soldatinnen und Soldaten, die im Rahmen des BFD ein Studium an der&nbsp;<abbr title=\"Helmut Schmidt Universit\u00e4t\">HSU<\/abbr>&nbsp;aufnehmen m\u00f6chten, wenden sich bitte an das <strong>Hochschulmarketing<\/strong>:<\/p>\n\n\n\n<div class=\"wp-block-columns has-grey-background-color has-background is-layout-flex wp-container-core-columns-is-layout-9d6595d7 wp-block-columns-is-layout-flex\">\n<div class=\"wp-block-column is-layout-flow wp-block-column-is-layout-flow\">\n<p class=\"has-text-align-left\">Astrid Str\u00fc\u00dfmann<br>Telefon: 040 6541\u20133855<br>E-Mail:&nbsp;<a href=\"mailto:hsm@hsu-hh.de\" rel='nofollow'>hsm@hsu-hh.de<\/a><\/p>\n<\/div>\n\n\n\n<div class=\"wp-block-column is-layout-flow wp-block-column-is-layout-flow\">\n<p>Susanne Killus<br>Telefon: 040 6541\u20133652<br>E-Mail:&nbsp;<a href=\"mailto:hsm@hsu-hh.de\" rel='nofollow'>hsm@hsu-hh.de<\/a><\/p>\n<\/div>\n<\/div>\n<\/div>\n<\/div>\n<div class=\"shariff\"><ul class=\"shariff-buttons theme-default orientation-horizontal buttonsize-medium\"><li class=\"shariff-button facebook shariff-nocustomcolor\" style=\"background-color:#4273c8\"><a href=\"https:\/\/www.facebook.com\/sharer\/sharer.php?u=https%3A%2F%2Fwww.hsu-hh.de%2Fet%2Ftest-engeneering-science-b-sc-test\" title=\"Bei Facebook teilen\" aria-label=\"Bei Facebook teilen\" role=\"button\" rel=\"nofollow\" class=\"shariff-link\" style=\"; background-color:#3b5998; color:#fff\" target=\"_blank\"><span class=\"shariff-icon\" style=\"\"><svg width=\"32px\" height=\"20px\" xmlns=\"http:\/\/www.w3.org\/2000\/svg\" viewBox=\"0 0 18 32\"><path fill=\"#3b5998\" d=\"M17.1 0.2v4.7h-2.8q-1.5 0-2.1 0.6t-0.5 1.9v3.4h5.2l-0.7 5.3h-4.5v13.6h-5.5v-13.6h-4.5v-5.3h4.5v-3.9q0-3.3 1.9-5.2t5-1.8q2.6 0 4.1 0.2z\"\/><\/svg><\/span><span class=\"shariff-text\">teilen<\/span>&nbsp;<\/a><\/li><li class=\"shariff-button twitter shariff-nocustomcolor\" style=\"background-color:#595959\"><a href=\"https:\/\/twitter.com\/share?url=https%3A%2F%2Fwww.hsu-hh.de%2Fet%2Ftest-engeneering-science-b-sc-test&text=TEST%20%E2%80%93%20TEST%20%E2%80%93%20TEST\" title=\"Bei X teilen\" aria-label=\"Bei X teilen\" role=\"button\" rel=\"noopener nofollow\" class=\"shariff-link\" style=\"; background-color:#000; color:#fff\" target=\"_blank\"><span class=\"shariff-icon\" style=\"\"><svg width=\"32px\" height=\"20px\" xmlns=\"http:\/\/www.w3.org\/2000\/svg\" viewBox=\"0 0 24 24\"><path fill=\"#000\" d=\"M14.258 10.152L23.176 0h-2.113l-7.747 8.813L7.133 0H0l9.352 13.328L0 23.973h2.113l8.176-9.309 6.531 9.309h7.133zm-2.895 3.293l-.949-1.328L2.875 1.56h3.246l6.086 8.523.945 1.328 7.91 11.078h-3.246zm0 0\"\/><\/svg><\/span><span class=\"shariff-text\">teilen<\/span>&nbsp;<\/a><\/li><\/ul><\/div>","protected":false},"excerpt":{"rendered":"<p>Engineering Science (B. Sc.), Defence Systems (M. Sc.) Fakult\u00e4t:&nbsp;Elektrotechnik Abschl\u00fcsse:&nbsp;Bachelor of Science, Master of Science Regelstudienzeit:&nbsp;7 Trimester f\u00fcr Bachelor + 5 Trimester Master Studienvoraussetzungen: Studiensprache:EnglischStudienbeginn:&nbsp;Anfang Oktober Beschreibung Sowohl der Bachelor-, [&hellip;]<\/p>\n","protected":false},"author":3282,"featured_media":0,"parent":0,"menu_order":0,"comment_status":"closed","ping_status":"closed","template":"","meta":{"footnotes":""},"categories":[4],"tags":[],"class_list":["post-4097","page","type-page","status-publish","hentry","category-start"],"_links":{"self":[{"href":"https:\/\/www.hsu-hh.de\/et\/wp-json\/wp\/v2\/pages\/4097","targetHints":{"allow":["GET"]}}],"collection":[{"href":"https:\/\/www.hsu-hh.de\/et\/wp-json\/wp\/v2\/pages"}],"about":[{"href":"https:\/\/www.hsu-hh.de\/et\/wp-json\/wp\/v2\/types\/page"}],"author":[{"embeddable":true,"href":"https:\/\/www.hsu-hh.de\/et\/wp-json\/wp\/v2\/users\/3282"}],"replies":[{"embeddable":true,"href":"https:\/\/www.hsu-hh.de\/et\/wp-json\/wp\/v2\/comments?post=4097"}],"version-history":[{"count":13,"href":"https:\/\/www.hsu-hh.de\/et\/wp-json\/wp\/v2\/pages\/4097\/revisions"}],"predecessor-version":[{"id":4113,"href":"https:\/\/www.hsu-hh.de\/et\/wp-json\/wp\/v2\/pages\/4097\/revisions\/4113"}],"wp:attachment":[{"href":"https:\/\/www.hsu-hh.de\/et\/wp-json\/wp\/v2\/media?parent=4097"}],"wp:term":[{"taxonomy":"category","embeddable":true,"href":"https:\/\/www.hsu-hh.de\/et\/wp-json\/wp\/v2\/categories?post=4097"},{"taxonomy":"post_tag","embeddable":true,"href":"https:\/\/www.hsu-hh.de\/et\/wp-json\/wp\/v2\/tags?post=4097"}],"curies":[{"name":"wp","href":"https:\/\/api.w.org\/{rel}","templated":true}]}}