{"id":4032,"date":"2024-02-07T10:57:00","date_gmt":"2024-02-07T09:57:00","guid":{"rendered":"https:\/\/www.hsu-hh.de\/et\/?page_id=4032"},"modified":"2026-03-26T19:07:33","modified_gmt":"2026-03-26T18:07:33","slug":"medical-engineering","status":"publish","type":"page","link":"https:\/\/www.hsu-hh.de\/et\/medical-engineering","title":{"rendered":"Medical Engineering \u2013 Dein Ticket zur Zukunft!"},"content":{"rendered":"\n<p><strong>Ver\u00e4ndere die Welt der Medizintechnik!<\/strong><strong><\/strong><\/p>\n\n\n\n<p class=\"has-text-align-center\"><strong>Studienbeginn erstmalig Herbst 2024 \/ Januar 2027<\/strong><\/p>\n\n\n\n<div class=\"wp-block-columns is-layout-flex wp-container-core-columns-is-layout-9d6595d7 wp-block-columns-is-layout-flex\">\n<div class=\"wp-block-column is-vertically-aligned-bottom has-grey-background-color has-background is-layout-flow wp-block-column-is-layout-flow\">\n<figure class=\"wp-block-embed is-type-video is-provider-youtube wp-block-embed-youtube wp-embed-aspect-16-9 wp-has-aspect-ratio\"><div class=\"wp-block-embed__wrapper\">\n<iframe loading=\"lazy\" title=\"Medical Engineering Helmut-Schmidt-Universit\u00e4t\/Universit\u00e4t der Bundeswehr Hamburg\" width=\"500\" height=\"281\" src=\"https:\/\/www.youtube.com\/embed\/i9R1kQTGEEI?feature=oembed\" frameborder=\"0\" allow=\"accelerometer; autoplay; clipboard-write; encrypted-media; gyroscope; picture-in-picture; web-share\" referrerpolicy=\"strict-origin-when-cross-origin\" allowfullscreen><\/iframe>\n<\/div><\/figure>\n\n\n\n<h2 class=\"wp-block-heading\"><strong>Bachelor<\/strong><\/h2>\n\n\n\n<ul class=\"wp-block-list\">\n<li><strong>Dauer<\/strong>: 7 Trimester<\/li>\n\n\n\n<li><strong>Deine erlernten Skills<\/strong>:<ul><li>Grundlagen wie Mathe, Physik und Elektronik<\/li><\/ul><ul><li>Hands-on Erfahrung in Medizintechnik, Laboren und eigenen Projekten<\/li><\/ul>\n<ul class=\"wp-block-list\">\n<li>Codieren von Software f\u00fcr die n\u00e4chste Generation medizinischer Anwendungen.<\/li>\n<\/ul>\n<\/li>\n\n\n\n<li><strong>Warum es dich begeistern wird<\/strong>:<ul><li>Verbinde Technik und Medizin, um beeindruckende Innovationen zu entwickeln.<\/li><\/ul>\n<ul class=\"wp-block-list\">\n<li>Praktika in echten Laborversuchen zur Anwendung des theoretisch Erlernten.<\/li>\n<\/ul>\n<\/li>\n<\/ul>\n\n\n\n<hr class=\"wp-block-separator has-alpha-channel-opacity\" \/>\n\n\n\n<p class=\"has-white-background-color has-background has-small-font-size\"><\/p>\n\n\n\n<h2 class=\"wp-block-heading\">Master<\/h2>\n\n\n\n<div class=\"wp-block-columns is-not-stacked-on-mobile is-layout-flex wp-container-core-columns-is-layout-9d6595d7 wp-block-columns-is-layout-flex\">\n<div class=\"wp-block-column is-layout-flow wp-block-column-is-layout-flow\" style=\"flex-basis:0.1%\"><\/div>\n\n\n\n<div class=\"wp-block-column is-layout-flow wp-block-column-is-layout-flow\">\n<ul class=\"wp-block-list\">\n<li><strong>Dauer<\/strong>: 3 Trimester + Masterarbeit<\/li>\n\n\n\n<li><strong>Deine erlernten Skills<\/strong>:<ul><li>Spitzenwissen in Medizintechnik, von Bildgebung bis Robotik.<\/li><\/ul><ul><li>Du wirst Projekte leiten und die Forschung auf ein neues Level heben.<\/li><\/ul>\n<ul class=\"wp-block-list\">\n<li>W\u00e4hle deine Spezialisierung: Z.B. KI in der Medizin oder biomedizinische Signalverarbeitung.<\/li>\n<\/ul>\n<\/li>\n\n\n\n<li><strong>Warum es dich begeistern wird<\/strong>:<ul><li>Du wirst die Medizin der Zukunft mitgestalten und dabei sein, wenn Geschichte geschrieben wird.<\/li><\/ul>\n<ul class=\"wp-block-list\">\n<li>Reale Challenges mit Experten selbst\u00e4ndig angehen<\/li>\n<\/ul>\n<\/li>\n<\/ul>\n<\/div>\n<\/div>\n\n\n\n<div class=\"wp-block-columns is-layout-flex wp-container-core-columns-is-layout-9d6595d7 wp-block-columns-is-layout-flex\">\n<div class=\"wp-block-column is-layout-flow wp-block-column-is-layout-flow\" style=\"flex-basis:100%\">\n<p class=\"has-white-background-color has-background has-small-font-size\"><\/p>\n\n\n\n<h2 class=\"wp-block-heading\"><strong>Warum hier studieren?<\/strong><\/h2>\n\n\n\n<ul class=\"wp-block-list\">\n<li><strong>Innovation pur<\/strong>: Du bist an der Schnittstelle von Technik und Medizin und gestaltest das, was in 10 Jahren Standard ist.<\/li>\n\n\n\n<li><strong>Learning by Doing<\/strong>: Von Theorie zu Praxis, du wirst in modernen Laboren arbeiten und mit echten medizintechnischen Ger\u00e4ten hantieren.<\/li>\n\n\n\n<li><strong>Exklusive Chancen<\/strong>: Unsere Verbindungen zur Milit\u00e4rischen Medizin \u00f6ffnen dir T\u00fcren, die sonst verschlossen bleiben.<\/li>\n\n\n\n<li><strong>Zus\u00e4tzlicher Schwerpunkt auf milit\u00e4rischen Anwendungen<\/strong>: Traumabehandlung, fortgeschrittene Prothetik, Telemedizin, Krankheitsmanagement.<\/li>\n\n\n\n<li><strong>Karrieresprung<\/strong>: Bereite dich darauf vor, in Tech-Startups, Forschung oder gro\u00dfen Medizintechnikfirmen zu arbeiten \u2013 oder starte selbst was Eigenes.<\/li>\n<\/ul>\n<\/div>\n<\/div>\n\n\n\n<p><strong>Sprache<\/strong><\/p>\n\n\n\n<p>Haupts\u00e4chlich Deutsch, aber mit englischsprachigen Modulen.<\/p>\n\n\n\n<p><a id=\"_msocom_1\" rel='nofollow'><\/a><\/p>\n\n\n\n<p><strong>Schlie\u00dfe dich uns an<\/strong><\/p>\n\n\n\n<p>Werde Teil einer Gemeinschaft, die nicht nur lernt, sondern die Zukunft der Medizintechnik aktiv mitgestaltet. Egal, ob du die n\u00e4chste gro\u00dfe Sache in der Medizintechnik entwickelst oder Patienten durch Technologie das Leben leichter machst, dein Abenteuer beginnt hier an der Helmut-Schmidt Universit\u00e4t. Bereit, deine Tech-Leidenschaft mit deinem Drang, etwas zu ver\u00e4ndern, zu verbinden? Lass uns gemeinsam die Medizintechnik revolutionieren!<\/p>\n\n\n\n<hr class=\"wp-block-separator has-alpha-channel-opacity\" \/>\n\n\n\n<p><a id=\"_msocom_1\" rel='nofollow'><\/a><\/p>\n<\/div>\n\n\n\n<div class=\"wp-block-column has-grey-background-color has-background is-layout-flow wp-block-column-is-layout-flow\">\n<h2 class=\"wp-block-heading\">Zulassung<\/h2>\n\n\n\n<div class=\"wp-block-columns is-not-stacked-on-mobile is-layout-flex wp-container-core-columns-is-layout-9d6595d7 wp-block-columns-is-layout-flex\">\n<div class=\"wp-block-column is-layout-flow wp-block-column-is-layout-flow\" style=\"flex-basis:0.1%\"><\/div>\n\n\n\n<div class=\"wp-block-column is-layout-flow wp-block-column-is-layout-flow\">\n<ul class=\"wp-block-list\">\n<li><strong>Bachelor<\/strong>: Bist Du Offizieranw\u00e4rter\/in der Bundeswehr und hast Dein Abitur? Dann bist du dabei! <\/li>\n\n\n\n<li><strong>Master<\/strong>: Bring dein Ingenieursstudium und deine Leidenschaft mit.<\/li>\n<\/ul>\n<\/div>\n<\/div>\n\n\n\n<p class=\"has-white-background-color has-background has-small-font-size\"><\/p>\n\n\n\n<h2 class=\"wp-block-heading\">Hervorragende Bewertungen<\/h2>\n\n\n<div class=\"wp-block-image is-style-default\">\n<figure class=\"aligncenter\"><img loading=\"lazy\" decoding=\"async\" width=\"190\" height=\"283\" src=\"https:\/\/www.hsu-hh.de\/et\/wp-content\/uploads\/sites\/61\/2022\/05\/image_2022-05-13_133826115.png\" data-credit=\"CHE Centrum f\u00fcr Hochschulentwicklung\" alt=\"CHE Ranking 2022\/2023\" class=\"wp-image-2802\" \/><\/figure>\n<\/div>\n\n\n<p><strong>Unsere Studieng\u00e4nge nehmen am CHE-Ranking teil und erreichen regelm\u00e4\u00dfig hervorragende Bewertungen.<\/strong><\/p>\n\n\n\n<div class=\"wp-block-columns is-not-stacked-on-mobile is-layout-flex wp-container-core-columns-is-layout-9d6595d7 wp-block-columns-is-layout-flex\">\n<div class=\"wp-block-column is-layout-flow wp-block-column-is-layout-flow\" style=\"flex-basis:1px\"><\/div>\n<\/div>\n\n\n\n<p class=\"has-white-background-color has-background has-small-font-size\"><\/p>\n\n\n\n<p><a href=\"http:\/\/www.hsu-hh.de\/studium\" target=\"_blank\" rel=\"noreferrer noopener\">Allgemeine Informationen zum Studiengang<\/a><\/p>\n\n\n\n<p><a href=\"https:\/\/campus.hsu-hh.de\/qisserver\/rds?state=modulBeschrGast&amp;moduleParameter=modDescr&amp;struct=auswahlBaum&amp;navigation=Y&amp;next=tree.vm&amp;nextdir=qispos\/modulBeschr\/gast&amp;nodeID=auswahlBaum%7Cabschluss%3Aabschl%3D82%7Cstudiengang%3Astg%3D048%7CstgSpecials%3Avert%3D%2Cschwp%3D%2Ckzfa%3DH%2Cpversion%3D2025%7CkontoOnTop%3Apordnr%3D11667&amp;expand=1&amp;lastState=modulBeschrGast&amp;asi=#auswahlBaum%7Cabschluss%3Aabschl%3D82%7Cstudiengang%3Astg%3D048%7CstgSpecials%3Avert%3D%2Cschwp%3D%2Ckzfa%3DH%2Cpversion%3D2025%7CkontoOnTop%3Apordnr%3D11667\" target=\"_blank\" rel=\"noreferrer noopener\">Modulhandbuch (<abbr title=\"Bachelor of Science\">B.Sc.<\/abbr>)<\/a><\/p>\n\n\n\n<p><a href=\"https:\/\/campus.hsu-hh.de\/qisserver\/rds?state=modulBeschrGast&amp;moduleParameter=modDescr&amp;struct=auswahlBaum&amp;navigation=Y&amp;next=tree.vm&amp;nextdir=qispos\/modulBeschr\/gast&amp;nodeID=auswahlBaum%7Cabschluss%3Aabschl%3D87%7Cstudiengang%3Astg%3D348%7CstgSpecials%3Avert%3D%2Cschwp%3D%2Ckzfa%3DH%2Cpversion%3D2024%7CkontoOnTop%3Apordnr%3D10216&amp;expand=1&amp;lastState=modulBeschrGast&amp;asi=#auswahlBaum%7Cabschluss%3Aabschl%3D87%7Cstudiengang%3Astg%3D348%7CstgSpecials%3Avert%3D%2Cschwp%3D%2Ckzfa%3DH%2Cpversion%3D2024%7CkontoOnTop%3Apordnr%3D10216\" target=\"_blank\" rel=\"noreferrer noopener\">Modulhandbuch (<abbr title=\"Master of Science\">M.Sc.<\/abbr>)<\/a><\/p>\n\n\n\n<p><a href=\"https:\/\/www.hsu-hh.de\/asv\/fak-et-ordn\/\" target=\"_blank\" rel=\"noreferrer noopener\">Praktikumsordnung<\/a><\/p>\n\n\n\n<p><a href=\"https:\/\/www.hsu-hh.de\/asv\/allgemeine-pruefungsordnung\/\" target=\"_blank\" rel=\"noreferrer noopener\">Allgemeine Pr\u00fcfungsordnung (<abbr title=\"Allgemeine Pr\u00fcfungsordnung\">APO<\/abbr>&nbsp;)<\/a><\/p>\n\n\n\n<p><a href=\"https:\/\/www.hsu-hh.de\/asv\/studiengaenge\/#details-0-3\" target=\"_blank\" rel=\"noreferrer noopener\">Fachspezifische Studien- und Pr\u00fcfungsordnung (<abbr title=\"Fachspezifische Studien- und Pr\u00fcfungsordnung\">FSPO<\/abbr>&nbsp;)<\/a><\/p>\n\n\n\n<h1 class=\"wp-block-heading has-text-align-center has-white-background-color has-background\">Studienpl\u00e4ne <\/h1>\n\n\n\n<h2 class=\"wp-block-heading has-text-align-center\">Medical Engineering (<abbr title=\"Bachelor of Science\">B.Sc.<\/abbr>)<\/h2>\n\n\n<div class=\"wp-block-image is-style-default\">\n<figure class=\"aligncenter size-medium\" id=\"BA-Med\"><a href=\"https:\/\/www.hsu-hh.de\/et\/wp-content\/uploads\/sites\/61\/2026\/03\/Bachelor-Medical-Engineering-Helmut-Schmidt-Universtitaet-der-Bundeswehr-Uni-BW.png\" target=\"_blank\" rel=\"noopener\"><img loading=\"lazy\" decoding=\"async\" width=\"291\" height=\"300\" src=\"https:\/\/www.hsu-hh.de\/et\/wp-content\/uploads\/sites\/61\/2026\/03\/Bachelor-Medical-Engineering-Helmut-Schmidt-Universtitaet-der-Bundeswehr-Uni-BW-291x300.png\" data-credit=\"Stefan Dickmann\" alt=\"\" class=\"wp-image-4334\" srcset=\"https:\/\/www.hsu-hh.de\/et\/wp-content\/uploads\/sites\/61\/2026\/03\/Bachelor-Medical-Engineering-Helmut-Schmidt-Universtitaet-der-Bundeswehr-Uni-BW-291x300.png 291w, https:\/\/www.hsu-hh.de\/et\/wp-content\/uploads\/sites\/61\/2026\/03\/Bachelor-Medical-Engineering-Helmut-Schmidt-Universtitaet-der-Bundeswehr-Uni-BW.png 734w\" sizes=\"auto, (max-width: 291px) 100vw, 291px\" \/><\/a><\/figure>\n<\/div>\n\n\n<h2 class=\"wp-block-heading has-text-align-center\">Medical Engineering (<abbr title=\"Master of Science\">M.Sc.<\/abbr>)<\/h2>\n\n\n<div class=\"wp-block-image is-style-default\">\n<figure class=\"aligncenter size-medium\" id=\"MA-Med\"><a href=\"https:\/\/www.hsu-hh.de\/et\/wp-content\/uploads\/sites\/61\/2026\/03\/Master-Medical-Engineering-Helmut-Schmidt-Universtitaet-der-Bundeswehr-Uni-BW.png\" target=\"_blank\" rel=\"noopener\"><img loading=\"lazy\" decoding=\"async\" width=\"300\" height=\"183\" src=\"https:\/\/www.hsu-hh.de\/et\/wp-content\/uploads\/sites\/61\/2026\/03\/Master-Medical-Engineering-Helmut-Schmidt-Universtitaet-der-Bundeswehr-Uni-BW-300x183.png\" data-credit=\"Stefan Dickmann\" alt=\"\" class=\"wp-image-4335\" srcset=\"https:\/\/www.hsu-hh.de\/et\/wp-content\/uploads\/sites\/61\/2026\/03\/Master-Medical-Engineering-Helmut-Schmidt-Universtitaet-der-Bundeswehr-Uni-BW-300x183.png 300w, https:\/\/www.hsu-hh.de\/et\/wp-content\/uploads\/sites\/61\/2026\/03\/Master-Medical-Engineering-Helmut-Schmidt-Universtitaet-der-Bundeswehr-Uni-BW.png 627w\" sizes=\"auto, (max-width: 300px) 100vw, 300px\" \/><\/a><\/figure>\n<\/div><\/div>\n<\/div>\n<div class=\"shariff\"><ul class=\"shariff-buttons theme-default orientation-horizontal buttonsize-medium\"><li class=\"shariff-button facebook shariff-nocustomcolor\" style=\"background-color:#4273c8\"><a href=\"https:\/\/www.facebook.com\/sharer\/sharer.php?u=https%3A%2F%2Fwww.hsu-hh.de%2Fet%2Fmedical-engineering\" title=\"Bei Facebook teilen\" aria-label=\"Bei Facebook teilen\" role=\"button\" rel=\"nofollow\" class=\"shariff-link\" style=\"; background-color:#3b5998; color:#fff\" target=\"_blank\"><span class=\"shariff-icon\" style=\"\"><svg width=\"32px\" height=\"20px\" xmlns=\"http:\/\/www.w3.org\/2000\/svg\" viewBox=\"0 0 18 32\"><path fill=\"#3b5998\" d=\"M17.1 0.2v4.7h-2.8q-1.5 0-2.1 0.6t-0.5 1.9v3.4h5.2l-0.7 5.3h-4.5v13.6h-5.5v-13.6h-4.5v-5.3h4.5v-3.9q0-3.3 1.9-5.2t5-1.8q2.6 0 4.1 0.2z\"\/><\/svg><\/span><span class=\"shariff-text\">teilen<\/span>&nbsp;<\/a><\/li><li class=\"shariff-button twitter shariff-nocustomcolor\" style=\"background-color:#595959\"><a href=\"https:\/\/twitter.com\/share?url=https%3A%2F%2Fwww.hsu-hh.de%2Fet%2Fmedical-engineering&text=Medical%20Engineering%20%E2%80%93%20Dein%20Ticket%20zur%20Zukunft%21\" title=\"Bei X teilen\" aria-label=\"Bei X teilen\" role=\"button\" rel=\"noopener nofollow\" class=\"shariff-link\" style=\"; background-color:#000; color:#fff\" target=\"_blank\"><span class=\"shariff-icon\" style=\"\"><svg width=\"32px\" height=\"20px\" xmlns=\"http:\/\/www.w3.org\/2000\/svg\" viewBox=\"0 0 24 24\"><path fill=\"#000\" d=\"M14.258 10.152L23.176 0h-2.113l-7.747 8.813L7.133 0H0l9.352 13.328L0 23.973h2.113l8.176-9.309 6.531 9.309h7.133zm-2.895 3.293l-.949-1.328L2.875 1.56h3.246l6.086 8.523.945 1.328 7.91 11.078h-3.246zm0 0\"\/><\/svg><\/span><span class=\"shariff-text\">teilen<\/span>&nbsp;<\/a><\/li><\/ul><\/div>","protected":false},"excerpt":{"rendered":"<p>Ver\u00e4ndere die Welt der Medizintechnik! Studienbeginn erstmalig Herbst 2024 \/ Januar 2027 Bachelor Master Warum hier studieren? Sprache Haupts\u00e4chlich Deutsch, aber mit englischsprachigen Modulen. Schlie\u00dfe dich uns an Werde Teil [&hellip;]<\/p>\n","protected":false},"author":3282,"featured_media":0,"parent":0,"menu_order":0,"comment_status":"closed","ping_status":"closed","template":"","meta":{"footnotes":""},"categories":[4],"tags":[],"class_list":["post-4032","page","type-page","status-publish","hentry","category-start"],"_links":{"self":[{"href":"https:\/\/www.hsu-hh.de\/et\/wp-json\/wp\/v2\/pages\/4032","targetHints":{"allow":["GET"]}}],"collection":[{"href":"https:\/\/www.hsu-hh.de\/et\/wp-json\/wp\/v2\/pages"}],"about":[{"href":"https:\/\/www.hsu-hh.de\/et\/wp-json\/wp\/v2\/types\/page"}],"author":[{"embeddable":true,"href":"https:\/\/www.hsu-hh.de\/et\/wp-json\/wp\/v2\/users\/3282"}],"replies":[{"embeddable":true,"href":"https:\/\/www.hsu-hh.de\/et\/wp-json\/wp\/v2\/comments?post=4032"}],"version-history":[{"count":18,"href":"https:\/\/www.hsu-hh.de\/et\/wp-json\/wp\/v2\/pages\/4032\/revisions"}],"predecessor-version":[{"id":4341,"href":"https:\/\/www.hsu-hh.de\/et\/wp-json\/wp\/v2\/pages\/4032\/revisions\/4341"}],"wp:attachment":[{"href":"https:\/\/www.hsu-hh.de\/et\/wp-json\/wp\/v2\/media?parent=4032"}],"wp:term":[{"taxonomy":"category","embeddable":true,"href":"https:\/\/www.hsu-hh.de\/et\/wp-json\/wp\/v2\/categories?post=4032"},{"taxonomy":"post_tag","embeddable":true,"href":"https:\/\/www.hsu-hh.de\/et\/wp-json\/wp\/v2\/tags?post=4032"}],"curies":[{"name":"wp","href":"https:\/\/api.w.org\/{rel}","templated":true}]}}