{"id":3678,"date":"2022-07-12T18:02:56","date_gmt":"2022-07-12T16:02:56","guid":{"rendered":"https:\/\/www.hsu-hh.de\/et\/?page_id=3678"},"modified":"2025-05-07T10:23:19","modified_gmt":"2025-05-07T08:23:19","slug":"contact","status":"publish","type":"page","link":"https:\/\/www.hsu-hh.de\/et\/en\/contact","title":{"rendered":"Contact"},"content":{"rendered":"\n<h2 class=\"wp-block-heading\">Your way to us<\/h2>\n\n\n\n<div class=\"wp-block-columns are-vertically-aligned-center is-not-stacked-on-mobile backgroud-grey has-grey-background-color has-background is-layout-flex wp-container-core-columns-is-layout-9d6595d7 wp-block-columns-is-layout-flex\">\n<div class=\"wp-block-column is-vertically-aligned-center is-layout-flow wp-block-column-is-layout-flow\"><div class=\"wp-block-image is-style-rounded\">\n<figure class=\"aligncenter is-resized\"><a href=\"https:\/\/goo.gl\/maps\/nF5PDqtPqh7pqJzZ8\" target=\"_blank\" rel=\"noopener\"><img loading=\"lazy\" decoding=\"async\" width=\"100\" height=\"100\" src=\"https:\/\/www.hsu-hh.de\/et\/wp-content\/uploads\/sites\/61\/2022\/03\/Bild_2022-03-30_181256-100x100.png\" data-credit=\"tt\" alt=\"tt\" class=\"wp-image-2286\" style=\"width:75px;height:75px\" srcset=\"https:\/\/www.hsu-hh.de\/et\/wp-content\/uploads\/sites\/61\/2022\/03\/Bild_2022-03-30_181256-100x100.png 100w, https:\/\/www.hsu-hh.de\/et\/wp-content\/uploads\/sites\/61\/2022\/03\/Bild_2022-03-30_181256-150x150.png 150w\" sizes=\"auto, (max-width: 100px) 100vw, 100px\" \/><\/a><\/figure>\n<\/div><\/div>\n\n\n\n<div class=\"wp-block-column is-vertically-aligned-center is-layout-flow wp-block-column-is-layout-flow\"><div class=\"wp-block-image is-style-rounded\">\n<figure class=\"aligncenter is-resized\"><a href=\"https:\/\/maps.apple.com\/?address=Holstenhofweg%2085,%2022043%20Hamburg,%20Germany&amp;auid=2934426704767379113&amp;ll=53.569185,10.110323&amp;lsp=9902&amp;q=Helmut%20Schmidt%20University&amp;_ext=CisKBQgEEIEBCgQIBRADCgQIBhAZCgQIChABCgQIUhAHCgQIVRAMCgQIWRABEiQpzWyhdZ7ISkAxXATG+gY2JEA5ie\/ErBfJSkBB06V\/SSo7JEA%3D&amp;t=m\" target=\"_blank\" rel=\"noopener\"><img loading=\"lazy\" decoding=\"async\" width=\"100\" height=\"100\" src=\"https:\/\/www.hsu-hh.de\/et\/wp-content\/uploads\/sites\/61\/2022\/03\/Bild_2022-03-30_181308-100x100.png\" data-credit=\"tt\" alt=\"tt\" class=\"wp-image-2287\" style=\"width:75px;height:75px\" srcset=\"https:\/\/www.hsu-hh.de\/et\/wp-content\/uploads\/sites\/61\/2022\/03\/Bild_2022-03-30_181308-100x100.png 100w, https:\/\/www.hsu-hh.de\/et\/wp-content\/uploads\/sites\/61\/2022\/03\/Bild_2022-03-30_181308-150x150.png 150w, https:\/\/www.hsu-hh.de\/et\/wp-content\/uploads\/sites\/61\/2022\/03\/Bild_2022-03-30_181308.png 200w\" sizes=\"auto, (max-width: 100px) 100vw, 100px\" \/><\/a><\/figure>\n<\/div><\/div>\n\n\n\n<div class=\"wp-block-column is-vertically-aligned-center is-layout-flow wp-block-column-is-layout-flow\"><div class=\"wp-block-image is-style-rounded\">\n<figure class=\"aligncenter size-full is-resized\"><a href=\"https:\/\/www.hvv.de\/linking-service\/show\/75953b2120aa49c0b3e52e3e4750f55b\" target=\"_blank\" rel=\"noopener\"><img loading=\"lazy\" decoding=\"async\" width=\"275\" height=\"143\" src=\"https:\/\/www.hsu-hh.de\/et\/wp-content\/uploads\/sites\/61\/2022\/03\/Bild_2022-03-30_193401.png\" data-credit=\"tt\" alt=\"tt\" class=\"wp-image-2318\" style=\"width:138px;height:72px\" \/><\/a><\/figure>\n<\/div><\/div>\n<\/div>\n\n\n\n<div class=\"wp-block-columns is-layout-flex wp-container-core-columns-is-layout-9d6595d7 wp-block-columns-is-layout-flex\">\n<div class=\"wp-block-column has-grey-background-color has-background is-layout-flow wp-block-column-is-layout-flow\">\n<h2 class=\"wp-block-heading\">Address<\/h2>\n\n\n\n<p>Helmut-Schmidt-Universit\u00e4t<br>Universit\u00e4t der Bundeswehr Hamburg<br>Fakult\u00e4t f\u00fcr Elektrotechnik<br>Holstenhofweg 85<br>22043 Hamburg<\/p>\n<\/div>\n\n\n\n<div class=\"wp-block-column has-grey-background-color has-background is-layout-flow wp-block-column-is-layout-flow\">\n<h2 class=\"wp-block-heading\">Dekan<\/h2>\n\n\n\n<div class=\"wp-block-columns is-layout-flex wp-container-core-columns-is-layout-9d6595d7 wp-block-columns-is-layout-flex\">\n<div class=\"wp-block-column is-layout-flow wp-block-column-is-layout-flow\" style=\"flex-basis:66.66%\">\n<p><strong><abbr title=\"Universit\u00e4tsprofessor\">Univ.-Prof.<\/abbr> <abbr title=\"Doktor\">Dr.<\/abbr> <abbr title=\"rerum\">rer.<\/abbr> <abbr title=\"naturalis\">nat.<\/abbr> <abbr title=\"habilitatus\">habil.<\/abbr> D. Kip <\/strong><\/p>\n\n\n\n<p><br>Email: <a href=\"mailto:christian.kreischer@hsu-hh.de\" rel='nofollow'><a href=\"mailto:kip@hsu-hh.de\" rel='nofollow'>kip(at)hsu-hh.de<\/a><\/a><br>Telefon: +49 40 6541 2457<\/p>\n<\/div>\n\n\n\n<div class=\"wp-block-column is-layout-flow wp-block-column-is-layout-flow\" style=\"flex-basis:33.33%\">\n<figure class=\"wp-block-image size-full is-resized\"><img loading=\"lazy\" decoding=\"async\" width=\"764\" height=\"954\" src=\"https:\/\/www.hsu-hh.de\/et\/wp-content\/uploads\/sites\/61\/2025\/05\/Portraet-Kip2.jpg\" data-credit=\"Detlef Kip\" alt=\"\" class=\"wp-image-4260\" style=\"width:138px;height:auto\" srcset=\"https:\/\/www.hsu-hh.de\/et\/wp-content\/uploads\/sites\/61\/2025\/05\/Portraet-Kip2.jpg 764w, https:\/\/www.hsu-hh.de\/et\/wp-content\/uploads\/sites\/61\/2025\/05\/Portraet-Kip2-240x300.jpg 240w\" sizes=\"auto, (max-width: 764px) 100vw, 764px\" \/><figcaption class=\"wp-element-caption\">Detlef Kip<\/figcaption><\/figure>\n<\/div>\n<\/div>\n<\/div>\n<\/div>\n\n\n\n<div class=\"wp-block-columns is-layout-flex wp-container-core-columns-is-layout-9d6595d7 wp-block-columns-is-layout-flex\">\n<div class=\"wp-block-column has-grey-background-color has-background is-layout-flow wp-block-column-is-layout-flow\">\n<h2 class=\"wp-block-heading\">Prodekan <\/h2>\n\n\n\n<div class=\"wp-block-columns is-layout-flex wp-container-core-columns-is-layout-9d6595d7 wp-block-columns-is-layout-flex\">\n<div class=\"wp-block-column is-layout-flow wp-block-column-is-layout-flow\" style=\"flex-basis:66.66%\">\n<p><strong><abbr title=\"Universit\u00e4tsprofessor\">Univ.-Prof.<\/abbr>&nbsp;<abbr title=\"Doktor\">Dr.<\/abbr>\u2013&nbsp;<abbr title=\"Ingenieur\">Ing.<\/abbr>&nbsp;Klaus Hoffmann<\/strong><\/p>\n\n\n\n<p><br>Email: <a href=\"mailto:klaus.hoffmann@hsu-hh.de\" rel='nofollow'>klaus.hoffmann(at)hsu-hh.de<\/a><br>Telefon: +49 40 6541 2853<\/p>\n<\/div>\n\n\n\n<div class=\"wp-block-column is-layout-flow wp-block-column-is-layout-flow\" style=\"flex-basis:33.33%\">\n<figure class=\"wp-block-image size-full is-style-default\"><img loading=\"lazy\" decoding=\"async\" width=\"150\" height=\"150\" src=\"https:\/\/www.hsu-hh.de\/et\/wp-content\/uploads\/sites\/61\/2023\/01\/Hoffmann.jpeg\" data-credit=\"\" alt=\"\" class=\"wp-image-3848\" srcset=\"https:\/\/www.hsu-hh.de\/et\/wp-content\/uploads\/sites\/61\/2023\/01\/Hoffmann.jpeg 150w, https:\/\/www.hsu-hh.de\/et\/wp-content\/uploads\/sites\/61\/2023\/01\/Hoffmann-100x100.jpeg 100w\" sizes=\"auto, (max-width: 150px) 100vw, 150px\" \/><\/figure>\n<\/div>\n<\/div>\n<\/div>\n\n\n\n<div class=\"wp-block-column has-grey-background-color has-background is-layout-flow wp-block-column-is-layout-flow\">\n<h2 class=\"wp-block-heading\">Studiendekan<\/h2>\n\n\n\n<div class=\"wp-block-columns is-layout-flex wp-container-core-columns-is-layout-9d6595d7 wp-block-columns-is-layout-flex\">\n<div class=\"wp-block-column is-layout-flow wp-block-column-is-layout-flow\" style=\"flex-basis:66.66%\">\n<h4 class=\"wp-block-heading\"><abbr title=\"Universit\u00e4tsprofessor\">Univ.-Prof.<\/abbr> <abbr title=\"Doktor\">Dr.<\/abbr>&#8211;<abbr title=\"Ingenieur\">Ing.<\/abbr> S. Dickmann<\/h4>\n\n\n\n<p><br>Email: <a href=\"mailto:Stefan.Dickmann@hsu-hh.de\" rel='nofollow'>Stefan.Dickmann(at)hsu-hh.de<\/a><br>Telefon: +49 40 6541 3019<\/p>\n<\/div>\n\n\n\n<div class=\"wp-block-column is-layout-flow wp-block-column-is-layout-flow\" style=\"flex-basis:33.33%\">\n<figure class=\"wp-block-image size-full is-resized is-style-default\"><img loading=\"lazy\" decoding=\"async\" width=\"233\" height=\"300\" src=\"https:\/\/www.hsu-hh.de\/et\/wp-content\/uploads\/sites\/61\/2022\/05\/image-2.jpeg\" data-credit=\"\" alt=\"\" class=\"wp-image-3146\" style=\"width:138px;height:178px\" \/><\/figure>\n<\/div>\n<\/div>\n<\/div>\n<\/div>\n\n\n\n<div class=\"wp-block-columns is-layout-flex wp-container-core-columns-is-layout-9d6595d7 wp-block-columns-is-layout-flex\">\n<div class=\"wp-block-column has-grey-background-color has-background is-layout-flow wp-block-column-is-layout-flow\">\n<h2 class=\"wp-block-heading\">Vorsitzender des Pr\u00fcfungsausschusses<\/h2>\n\n\n\n<div class=\"wp-block-columns is-layout-flex wp-container-core-columns-is-layout-9d6595d7 wp-block-columns-is-layout-flex\">\n<div class=\"wp-block-column is-layout-flow wp-block-column-is-layout-flow\" style=\"flex-basis:66.66%\">\n<h4 class=\"wp-block-heading\"><abbr title=\"Universit\u00e4tsprofessor\">Univ.-Prof.<\/abbr>&nbsp;<abbr title=\"Doctor philosophiae naturalis\">Dr. phil. nat.<\/abbr>&nbsp;Bernd Klauer<\/h4>\n\n\n\n<p>Email: <a href=\"mailto:kip@hsu-hh.de\" rel='nofollow'><a href=\"mailto:kip@hsu-hh.de\" rel='nofollow'>bernd.klauer(at)hsu-hh.de<\/a><\/a><br>Telefon: +49 40 6541 3380<\/p>\n<\/div>\n\n\n\n<div class=\"wp-block-column is-layout-flow wp-block-column-is-layout-flow\" style=\"flex-basis:33.33%\"><\/div>\n<\/div>\n<\/div>\n\n\n\n<div class=\"wp-block-column has-grey-background-color has-background is-layout-flow wp-block-column-is-layout-flow\">\n<h2 class=\"wp-block-heading\">Fakult\u00e4tsverwaltung<\/h2>\n\n\n\n<p><a rel=\"noreferrer noopener\" href=\"https:\/\/www.hsu-hh.de\/fkvet\/\" target=\"_blank\">Fakult\u00e4tsverwaltung Helmut-Schmidt-Universit\u00e4t<\/a><\/p>\n\n\n\n<h2 class=\"wp-block-heading\">Pr\u00fcfungsamt<\/h2>\n\n\n\n<p>Ansprechpartner f\u00fcr die verwaltungsm\u00e4\u00dfige Abwicklung der Studien- und Pr\u00fcfungsangelegenheiten<\/p>\n\n\n\n<p><a href=\"https:\/\/www.hsu-hh.de\/campusinfo\/\" target=\"_blank\" rel=\"noreferrer noopener\">Pr\u00fcfungsamt\/Studiensekretariat <\/a><a href=\"https:\/\/www.hsu-hh.de\/campusinfo\/\" target=\"_blank\" rel=\"noreferrer noopener\">Helmut-Schmidt-Universit\u00e4t<\/a><\/p>\n<\/div>\n<\/div>\n\n\n\n<h2 class=\"wp-block-heading\">Lageplan<\/h2>\n\n\n<div class=\"wp-block-image is-style-default\">\n<figure class=\"aligncenter size-full is-resized\"><a href=\"https:\/\/www.hsu-hh.de\/et\/wp-content\/uploads\/sites\/61\/2022\/06\/image_2022-06-15_102222785.png\" target=\"_blank\" rel=\"noopener\"><img loading=\"lazy\" decoding=\"async\" width=\"1024\" height=\"827\" src=\"https:\/\/www.hsu-hh.de\/et\/wp-content\/uploads\/sites\/61\/2022\/06\/image_2022-06-15_102222785.png\" data-credit=\"HSU-HH\" alt=\"HSU-HH\" class=\"wp-image-3365\" style=\"width:1024px;height:827px\" srcset=\"https:\/\/www.hsu-hh.de\/et\/wp-content\/uploads\/sites\/61\/2022\/06\/image_2022-06-15_102222785.png 1024w, https:\/\/www.hsu-hh.de\/et\/wp-content\/uploads\/sites\/61\/2022\/06\/image_2022-06-15_102222785-300x242.png 300w, https:\/\/www.hsu-hh.de\/et\/wp-content\/uploads\/sites\/61\/2022\/06\/image_2022-06-15_102222785-768x620.png 768w\" sizes=\"auto, (max-width: 1024px) 100vw, 1024px\" \/><\/a><\/figure>\n<\/div>\n\n\n<div class=\"wp-block-columns is-layout-flex wp-container-core-columns-is-layout-9d6595d7 wp-block-columns-is-layout-flex\">\n<div class=\"wp-block-column has-grey-background-color has-background is-layout-flow wp-block-column-is-layout-flow\">\n<h2 class=\"wp-block-heading\">Geb\u00e4ude H1<\/h2>\n\n\n\n<ul class=\"wp-block-list\">\n<li>E.M. und Antriebssysteme<\/li>\n\n\n\n<li>Elektrische Messtechnik<\/li>\n\n\n\n<li>Hochfrequenztechnik<\/li>\n\n\n\n<li>Experimentalphysik und Materialwissenschaften<\/li>\n\n\n\n<li>Allgemeine Nachrichtentechnik<\/li>\n\n\n\n<li>Elektronik<\/li>\n\n\n\n<li>Grundlagen der Elektrotechnik<\/li>\n\n\n\n<li>Elektrische Messtechnik<\/li>\n\n\n\n<li>Hochfrequenztechnik<\/li>\n\n\n\n<li>Lasertechnologie &amp; Spektroskopie<\/li>\n<\/ul>\n<\/div>\n\n\n\n<div class=\"wp-block-column has-grey-background-color has-background is-layout-flow wp-block-column-is-layout-flow\">\n<h2 class=\"wp-block-heading\">Geb\u00e4ude H2<\/h2>\n\n\n\n<ul class=\"wp-block-list\">\n<li>Elektrische Energiesysteme<\/li>\n\n\n\n<li>Experimentalphysik und Materialwissenschaften<\/li>\n\n\n\n<li>Leistungselektronik<\/li>\n\n\n\n<li>Elektrische Maschinen und Antriebe<\/li>\n\n\n\n<li>Regelungstechnik<\/li>\n<\/ul>\n<\/div>\n<\/div>\n\n\n\n<div class=\"wp-block-columns is-layout-flex wp-container-core-columns-is-layout-9d6595d7 wp-block-columns-is-layout-flex\">\n<div class=\"wp-block-column has-grey-background-color has-background is-layout-flow wp-block-column-is-layout-flow\">\n<h2 class=\"wp-block-heading\"><strong>Geb\u00e4ude H3<\/strong><\/h2>\n\n\n\n<ul class=\"wp-block-list\">\n<li>Fakult\u00e4tsverwaltung<\/li>\n\n\n\n<li>Allgemeine Nachrichtentechnik<\/li>\n\n\n\n<li>Elektronik<\/li>\n\n\n\n<li>Elektrische Energiesysteme<\/li>\n\n\n\n<li>Grundlagen der Elektrotechnik<\/li>\n\n\n\n<li>Leistungselektronik<\/li>\n\n\n\n<li>Regelungstechnik<\/li>\n\n\n\n<li>Theoretische Elektrotechnik und Numerische Feldberechnung<\/li>\n<\/ul>\n\n\n\n<p><\/p>\n<\/div>\n\n\n\n<div class=\"wp-block-column has-grey-background-color has-background is-layout-flow wp-block-column-is-layout-flow\">\n<h2 class=\"wp-block-heading\"><strong>Geb\u00e4ude H11<\/strong><\/h2>\n\n\n\n<ul class=\"wp-block-list\">\n<li>Technische Informatik<\/li>\n<\/ul>\n<\/div>\n<\/div>\n\n\n\n<p><\/p>\n<div class=\"shariff\"><ul class=\"shariff-buttons theme-default orientation-horizontal buttonsize-medium\"><li class=\"shariff-button facebook shariff-nocustomcolor\" style=\"background-color:#4273c8\"><a href=\"https:\/\/www.facebook.com\/sharer\/sharer.php?u=https%3A%2F%2Fwww.hsu-hh.de%2Fet%2Fen%2Fcontact\" title=\"Bei Facebook teilen\" aria-label=\"Bei Facebook teilen\" role=\"button\" rel=\"nofollow\" class=\"shariff-link\" style=\"; background-color:#3b5998; color:#fff\" target=\"_blank\"><span class=\"shariff-icon\" style=\"\"><svg width=\"32px\" height=\"20px\" xmlns=\"http:\/\/www.w3.org\/2000\/svg\" viewBox=\"0 0 18 32\"><path fill=\"#3b5998\" d=\"M17.1 0.2v4.7h-2.8q-1.5 0-2.1 0.6t-0.5 1.9v3.4h5.2l-0.7 5.3h-4.5v13.6h-5.5v-13.6h-4.5v-5.3h4.5v-3.9q0-3.3 1.9-5.2t5-1.8q2.6 0 4.1 0.2z\"\/><\/svg><\/span><span class=\"shariff-text\">teilen<\/span>&nbsp;<\/a><\/li><li class=\"shariff-button twitter shariff-nocustomcolor\" style=\"background-color:#595959\"><a href=\"https:\/\/twitter.com\/share?url=https%3A%2F%2Fwww.hsu-hh.de%2Fet%2Fen%2Fcontact&text=Contact\" title=\"Bei X teilen\" aria-label=\"Bei X teilen\" role=\"button\" rel=\"noopener nofollow\" class=\"shariff-link\" style=\"; background-color:#000; color:#fff\" target=\"_blank\"><span class=\"shariff-icon\" style=\"\"><svg width=\"32px\" height=\"20px\" xmlns=\"http:\/\/www.w3.org\/2000\/svg\" viewBox=\"0 0 24 24\"><path fill=\"#000\" d=\"M14.258 10.152L23.176 0h-2.113l-7.747 8.813L7.133 0H0l9.352 13.328L0 23.973h2.113l8.176-9.309 6.531 9.309h7.133zm-2.895 3.293l-.949-1.328L2.875 1.56h3.246l6.086 8.523.945 1.328 7.91 11.078h-3.246zm0 0\"\/><\/svg><\/span><span class=\"shariff-text\">teilen<\/span>&nbsp;<\/a><\/li><\/ul><\/div>","protected":false},"excerpt":{"rendered":"<p>Your way to us Address Helmut-Schmidt-Universit\u00e4tUniversit\u00e4t der Bundeswehr HamburgFakult\u00e4t f\u00fcr ElektrotechnikHolstenhofweg 8522043 Hamburg Dekan Univ.-Prof. Dr. rer. nat. habil. D. Kip Email: kip(at)hsu-hh.deTelefon: +49 40 6541 2457 Prodekan Univ.-Prof.&nbsp;Dr.\u2013&nbsp;Ing.&nbsp;Klaus Hoffmann [&hellip;]<\/p>\n","protected":false},"author":3282,"featured_media":0,"parent":0,"menu_order":0,"comment_status":"closed","ping_status":"closed","template":"","meta":{"footnotes":""},"categories":[280,242],"tags":[474,478,476],"class_list":["post-3678","page","type-page","status-publish","hentry","category-elektrical-engeneering","category-version-2-0-en","tag-address","tag-administration","tag-dean"],"_links":{"self":[{"href":"https:\/\/www.hsu-hh.de\/et\/wp-json\/wp\/v2\/pages\/3678","targetHints":{"allow":["GET"]}}],"collection":[{"href":"https:\/\/www.hsu-hh.de\/et\/wp-json\/wp\/v2\/pages"}],"about":[{"href":"https:\/\/www.hsu-hh.de\/et\/wp-json\/wp\/v2\/types\/page"}],"author":[{"embeddable":true,"href":"https:\/\/www.hsu-hh.de\/et\/wp-json\/wp\/v2\/users\/3282"}],"replies":[{"embeddable":true,"href":"https:\/\/www.hsu-hh.de\/et\/wp-json\/wp\/v2\/comments?post=3678"}],"version-history":[{"count":8,"href":"https:\/\/www.hsu-hh.de\/et\/wp-json\/wp\/v2\/pages\/3678\/revisions"}],"predecessor-version":[{"id":4262,"href":"https:\/\/www.hsu-hh.de\/et\/wp-json\/wp\/v2\/pages\/3678\/revisions\/4262"}],"wp:attachment":[{"href":"https:\/\/www.hsu-hh.de\/et\/wp-json\/wp\/v2\/media?parent=3678"}],"wp:term":[{"taxonomy":"category","embeddable":true,"href":"https:\/\/www.hsu-hh.de\/et\/wp-json\/wp\/v2\/categories?post=3678"},{"taxonomy":"post_tag","embeddable":true,"href":"https:\/\/www.hsu-hh.de\/et\/wp-json\/wp\/v2\/tags?post=3678"}],"curies":[{"name":"wp","href":"https:\/\/api.w.org\/{rel}","templated":true}]}}