{"id":3087,"date":"2022-05-23T09:56:55","date_gmt":"2022-05-23T07:56:55","guid":{"rendered":"https:\/\/www.hsu-hh.de\/et\/?page_id=3087"},"modified":"2025-02-16T23:55:15","modified_gmt":"2025-02-16T22:55:15","slug":"faq-2","status":"publish","type":"page","link":"https:\/\/www.hsu-hh.de\/et\/studium\/faq-2","title":{"rendered":"FAQ zum Studium"},"content":{"rendered":"\n<hr class=\"wp-block-separator has-css-opacity is-style-wide\" \/>\n\n\n\n<h2 class=\"wp-block-heading\"><\/h2>\n\n\n\n<div class=\"wp-block-columns is-layout-flex wp-container-core-columns-is-layout-9d6595d7 wp-block-columns-is-layout-flex\">\n<div class=\"wp-block-column has-grey-background-color has-background is-layout-flow wp-block-column-is-layout-flow\">\n<h2 class=\"wp-block-heading\" id=\"h1\">Welche Studieng\u00e4nge werden angeboten?<\/h2>\n\n\n\n<p>\u2022 Digital Engineering (<abbr title=\"Bachelor of Science\">B.Sc.<\/abbr> und <abbr title=\"Master of Science\">M.Sc.<\/abbr>),<br>\u2022 Klimafreundliche Elektrische Energie und Mobilit\u00e4t (<abbr title=\"Bachelor of Science\">B.Sc.<\/abbr> und <abbr title=\"Master of Science\">M.Sc.<\/abbr>),<br>\u2022 Medical Engineering (<abbr title=\"Bachelor of Science\">B.Sc.<\/abbr> und <abbr title=\"Master of Science\">M.Sc.<\/abbr>),<br><abbr title=\"das hei\u00dft\">d.h.<\/abbr> zu jedem der Bachelor-Studieng\u00e4nge wird ein darauf aufbauender (konsekutiver) Master-Studiengang angeboten. Die Bachelor-Studieng\u00e4nge wurden zum Oktober 2024 neu eingef\u00fchrt. Die Master-Studieng\u00e4nge starten erstmalig ab Januar 2027. Alle genannten Studieng\u00e4nge finden \u00fcberwiegend in deutscher Sprache statt.<\/p>\n\n\n\n<p>Gemeinsam mit Fakult\u00e4ten Wirtschafts- und Sozialwissenschaften sowie Maschinenbau und Bauingenieurwesen werden au\u00dferdem angeboten:<\/p>\n\n\n\n<ul class=\"wp-block-list\">\n<li>Wirtschaftsingenieurwesen (<abbr title=\"Bachelor of Science\">B.Sc.<\/abbr>, <abbr title=\"Master of Science\">M.Sc.<\/abbr>),<\/li>\n\n\n\n<li>Logistik (<abbr title=\"Bachelor of Science\">B.Sc.<\/abbr>, <abbr title=\"Master of Science\">M.Sc.<\/abbr>),<\/li>\n\n\n\n<li>Engineering Science (<abbr title=\"Bachelor of Science\">B.Sc.<\/abbr>, englischsprachig),<\/li>\n\n\n\n<li>Engineering Science: Defence Systems (<abbr title=\"Master of Science\">M.Sc.<\/abbr>, englischsprachig)\u00a0\u00a0<\/li>\n<\/ul>\n\n\n\n<p>Folgende Studieng\u00e4nge laufen aus:<\/p>\n\n\n\n<p>Studienstart letztmalig Okt. 2023:<\/p>\n\n\n\n<ul class=\"wp-block-list\">\n<li>Elektrotechnik und Informationstechnik (B. Sc.)<\/li>\n<\/ul>\n\n\n\n<p>Studienstart letztmalig Jan 2026:<\/p>\n\n\n\n<ul class=\"wp-block-list\">\n<li>Elektrische Energietechnik (<abbr title=\"Master of Science\">M.Sc.<\/abbr>),<\/li>\n\n\n\n<li>Erneuerbare Energien und intelligente Netze (<abbr title=\"Master of Science\">M.Sc.<\/abbr>),<\/li>\n\n\n\n<li>Informationstechnik (<abbr title=\"Master of Science\">M.Sc.<\/abbr>),<\/li>\n\n\n\n<li>Informatik-Ingenieurwesen (<abbr title=\"Master of Science\">M.Sc.<\/abbr>).<\/li>\n<\/ul>\n\n\n\n<h2 class=\"wp-block-heading\"><strong>Wie komme ich zu meinem Studienplatz an der <abbr title=\"Helmut Schmidt Universit\u00e4t\">HSU<\/abbr>\/UniBw Hamburg?<\/strong><\/h2>\n\n\n\n<p>Anders als bei \u00f6ffentlichen Universit\u00e4ten, bei welchen man sich direkt bewirbt, beginnt der Weg zum Studienplatz an der <abbr title=\"Helmut Schmidt Universit\u00e4t\">HSU<\/abbr>\/UniBw H in der Regel mit der Entscheidung f\u00fcr einen Karrierestart in der Bundeswehr. Ausf\u00fchrliche Infos dazu findet man unter <a href=\"http:\/\/www.bundeswehrkarriere.de\" rel='nofollow'>www.bundeswehrkarriere.de<\/a>. Wie an \u00f6ffentlichen Hochschulen ben\u00f6tigt man die formale Hochschulzugangsberechtigung (Abitur <abbr title=\"et cetera\">etc.<\/abbr>). Es gibt keinen Numerus Clausus, jedoch Eignungstests f\u00fcr den Karrierezugang bei der Bundeswehr. Die meisten Studierenden verfolgen die Laufbahn der Offiziere mit einer Verpflichtungszeit von 13 Jahren. Auch eine Karriere als Zivilist im gehobenen technischen Verwaltungsdienst beinhaltet ein Studium. Stipendien von Unternehmen oder staatlichen Organisationen sowie der Studieren-denaustausch mit ausl\u00e4ndischen Partnerorganisationen k\u00f6nnen ebenfalls ein Studium an der <abbr title=\"Helmut Schmidt Universit\u00e4t\">HSU<\/abbr>\/UniBw H erm\u00f6glichen.&nbsp;<\/p>\n\n\n\n<h2 class=\"wp-block-heading\">Was sind Gemeinsamkeiten und Unterschiede zum Studium an einer \u00f6ffentlichen Universit\u00e4t?<\/h2>\n\n\n\n<p><strong>Gemeinsamkeiten:<\/strong> Die Studienabschl\u00fcsse und ihre Akkreditierung und Qualit\u00e4tssicherung sind \u00e4quivalent, die Pr\u00fcfungsordnungen unterliegen wie die der \u00f6ffentlichen Universit\u00e4ten vor Ort dem Hamburgischen Hochschulgesetz.<\/p>\n\n\n\n<p><strong>Unterschiede:<\/strong> Die <abbr title=\"Helmut Schmidt Universit\u00e4t\">HSU<\/abbr>\/UniBw H ist eine Campus-Universit\u00e4t. Die meisten Studierenden wohnen in gut ausgestatteten Unterk\u00fcnften auf dem Campus. Sie sind finanziell unabh\u00e4ngig und beziehen schon im Studium ein Gehalt als Angeh\u00f6rige der Bundeswehr. Eine besonders gute Betreuungsrelation und eine hervorragende Ausstattung erm\u00f6glichen ein Intensivstudium im Trimester- statt Semesterrhythmus. Die Studiendauer von Studienbeginn bis zum Masterabschluss betr\u00e4gt somit nur vier Jahre, zum alleinigen Bachelorabschluss maximal drei Jahre.<\/p>\n\n\n\n<h2 class=\"wp-block-heading\">Welche Bereiche der modernen Technik beinhalten die Studieng\u00e4nge?<\/h2>\n\n\n\n<p>Die Studieng\u00e4nge Klimafreundliche Elektrische Energie und Mobilit\u00e4t, Digital Engineering und Medical Engineering haben gemeinsame Inhalte in den Grundlagenf\u00e4chern und im Bereich der Elektrotechnik und Informationstechnik. Dar\u00fcber hinaus vermitteln sie vertiefte Kompetenzen in den Bereichen der elektrischen Energietechnik, der technischen Informatik und der Medizintechnik.<\/p>\n\n\n\n<p>Praktisch jede Form moderner Technik nutzt diese Gebiete der Technischen Wissenschaft. Meist beinhalten sie den Kern der Innovation in der technischen Entwicklung.<\/p>\n\n\n\n<p>Beispiele:<\/p>\n\n\n\n<p>In der Fahrzeugtechnik \u00fcbernehmen Elektrotechnik und Informationstechnik heute wichtige Funktionen, die fr\u00fcher entweder gar nicht existierten oder weniger gut mechanisch realisiert wurden, <abbr title=\"zum Beispiel\">z.B.<\/abbr> Antrieb, Motorsteuerung, ABS, Fahrdynamikregelung, Ab\u00adstands\u00ad\u00adradar, Einparkhilfe, Navigation, Elektro- und Hybridantrieb.<\/p>\n\n\n\n<p>Weitere Beispiele:<\/p>\n\n\n\n<ul class=\"wp-block-list\">\n<li>Medizintechnik (R\u00f6ntgen, Computertomografie, Kernspintomografie, Strahlen\u00adtherapie, minimal invasive Chirurgie, Patienten\u00fcberwachung, Nieren\u00adstein\u00adzer\u00adtr\u00fcmmerer, Herzschrittmacher, intelligente Prothesen, H\u00f6rger\u00e4te, Implantate)<\/li>\n\n\n\n<li>Energieversorgung (klimafreundliche Stromerzeugung, Energie\u00fcbertragung, Photovoltaik, Batterie\u00adsteuerung, Windkraftanlagen)<\/li>\n\n\n\n<li>Fertigungstechnik (Robotersteuerung, automatisierte Logistik, CNC-Maschinen\u00adsteuerung, Prozessautomatisierung)<\/li>\n\n\n\n<li>Flugzeugtechnik (Flugregelung, Navigation, Radar, Klimaregelung)<\/li>\n\n\n\n<li>Satellitentechnik (Satellitenkommunikation, Energieversorgung, Steuerung)<\/li>\n\n\n\n<li>Multimedia (Fernsehen, Audio- und Videotechnik, elektronische Musik, Fotografie, Bildbearbeitung, Mustererkennung)<\/li>\n\n\n\n<li>Informations- und Kommunikationstechnik (Computer, Smartphones, Prozessoren, Datenspeicher, Internet, Telefonie, Mobilfunk)<\/li>\n\n\n\n<li>Wehrtechnik (Sonar, Radar, Zielerfassung, Nachtsichtger\u00e4te, Flugk\u00f6rpersensorik und \u2013steuerung, elektronische Informationsgewinnung, elektrischer Schiffsantrieb, ver\u00adnetze Operationsf\u00fchrung, elektromagnetische Kanone, Laser, elektronischer Kampf)<\/li>\n\n\n\n<li>Haustechnik (Geb\u00e4udeautomatisierung, intelligente Hausger\u00e4te)<\/li>\n<\/ul>\n\n\n\n<p>Handel, Logistik und Finanzwesen (Geldautomaten, Finanzrechenzentren, RFIDs, Chipkarten)<\/p>\n\n\n\n<p class=\"has-white-background-color has-background has-small-font-size\"><\/p>\n\n\n\n<h2 class=\"wp-block-heading\" id=\"h5\">Ingenieurstudieng\u00e4nge gelten als generell als anspruchsvoll. Was hat man davon? <\/h2>\n\n\n\n<p>Der Studienerfolg wird einem nicht geschenkt, der Arbeitsaufwand ist aber nicht gr\u00f6\u00dfer als <abbr title=\"zum Beispiel\">z.B.<\/abbr> im Medizin- oder Jurastudium. Wer lieber versteht als auswendig zu lernen und wer lieber praktisch Nutzbares kreiert als wortreiche Texte zu formulieren, dem kommt das <br>Ingenieurstudium ohnehin entgegen. Gute Gr\u00fcnde sprechen daf\u00fcr:<br><br>\u2022 Ingenieure nutzen ihre Kreativit\u00e4t von Berufs wegen.<br>\u2022 Ingenieuren kooperieren mit anderen Berufsgruppen, wie <abbr title=\"zum Beispiel\">z.B.<\/abbr> Physikern, Mathematikern, \u00d6konomen, Juristen und \u00c4rzten.<br>\u2022 Ingenieure sind global vernetzt.<br>\u2022 Ingenieure haben beste Karrierem\u00f6glichkeiten.<br>\u2022 Ingenieure \u00fcbernehmen Verantwortung, kooperieren in Teams und genie\u00dfen gro\u00dfe Selbst\u00e4ndigkeit in ihrer Arbeit.<br>\u2022 Ingenieurgeh\u00e4lter sind und bleiben hoch.<br>\u2022 Ingenieure sind flexibel: Ein Ingenieur kann <abbr title=\"zum Beispiel\">z.B.<\/abbr> kaufm\u00e4nnische Aufgaben \u00fcbernehmen, ein Betriebswirt kann jedoch keine Ingenieuraufgaben \u00fcbernehmen.<br>\u2022 Ingenieure arbeiten an den gro\u00dfen Aufgaben der Menschheit: Sicherheit, Lebensqualit\u00e4t, Wohlstand, Kommunikation, Bewahrung der Sch\u00f6pfung.<\/p>\n\n\n\n<p class=\"has-white-background-color has-background has-small-font-size\"><\/p>\n\n\n\n<h2 class=\"wp-block-heading\" id=\"h6\">Muss ich ein Mathe-Genie sein, um Elektrotechnik und Informationstechnik zu studieren?<\/h2>\n\n\n\n<p>Nein, zum Beginn des Studiums werden nicht einmal die Kenntnisse aus der Oberstufe vorausgesetzt. Diese werden nochmal komplett an der Uni gelehrt. Die Mathematik f\u00fcr Ingenieurf\u00e4cher ist auch weniger abstrakt als die Mathematik in einem reinen Mathematikstudium. Es geht mehr um das zielgerichtete Rechnen als ums Beweisen. Dennoch hat die Mathematik einen gro\u00dfen Stellenwert in jedem Ingenieurstudium. Der Stoff schreitet verglichen mit der Schule schnell voran. Wer eine Abneigung gegen Mathematik hat, sollte eher kein Ingenieurfach w\u00e4hlen.<\/p>\n<\/div>\n\n\n\n<div class=\"wp-block-column has-grey-background-color has-background is-layout-flow wp-block-column-is-layout-flow\">\n<h2 class=\"wp-block-heading\">In welchen Bereichen kann ich nach dem Studium t\u00e4tig sein?<\/h2>\n\n\n\n<p>Milit\u00e4r, Produktentwicklung, Forschung, Lehre, Weiterbildung, Produktmanagement, Pro\u00adjektmanagement, Marketing, Unternehmensf\u00fchrung, Beschaffungswesen, Wartung und Instandhaltung, Anlagenbetrieb<\/p>\n\n\n\n<h2 class=\"wp-block-heading\">Ingenieurstudieng\u00e4nge gelten als generell als anspruchsvoll. Was hat man davon?<\/h2>\n\n\n\n<p>Der Studienerfolg wird einem nicht geschenkt, der Arbeitsaufwand ist aber nicht gr\u00f6\u00dfer als <abbr title=\"zum Beispiel\">z.B.<\/abbr> im Medizin- oder Jurastudium. Wer lieber versteht als auswendig zu lernen und wer lieber praktisch Nutzbares kreiert als wortreiche Texte zu formulieren, dem kommt das Ingenieurstudium ohnehin entgegen. Gute Gr\u00fcnde sprechen daf\u00fcr:<\/p>\n\n\n\n<ul class=\"wp-block-list\">\n<li>Ingenieure (gemeint sind hier und im Folgenden nat\u00fcrlich Menschen jeden Geschlechts) nutzen ihre Kreativit\u00e4t von Berufs wegen.<\/li>\n\n\n\n<li>Ingenieure kooperieren mit anderen Berufsgruppen, wie <abbr title=\"zum Beispiel\">z.B.<\/abbr> Physikern, Mathe\u00admatikern, \u00d6konomen, Juristen und \u00c4rzten.<\/li>\n\n\n\n<li>Ingenieure sind global vernetzt.<\/li>\n\n\n\n<li>Ingenieure haben beste Karrierem\u00f6glichkeiten.<\/li>\n\n\n\n<li>Ingenieure \u00fcbernehmen Verantwortung, kooperieren in Teams und genie\u00dfen gro\u00dfe Selbst\u00e4ndigkeit in ihrer Arbeit.<\/li>\n\n\n\n<li>Ingenieurgeh\u00e4lter sind und bleiben hoch.<\/li>\n\n\n\n<li>Ingenieure sind flexibel: Ingenieure k\u00f6nnen <abbr title=\"zum Beispiel\">z.B.<\/abbr> kaufm\u00e4nnische Aufgaben \u00fcber\u00adnehmen, Betriebswirte k\u00f6nnen jedoch keine Ingenieuraufgaben \u00fcbernehmen.<\/li>\n<\/ul>\n\n\n\n<p>Ingenieure arbeiten an den gro\u00dfen Aufgaben der Menschheit: Sicherheit, Lebens\u00adqualit\u00e4t, Wohlstand, Kommunikation, Bewahrung der Sch\u00f6pfung.<\/p>\n\n\n\n<h2 class=\"wp-block-heading\">Muss ich ein Mathe-Genie sein, um ein Ingenieurstudium zu schaffen?<\/h2>\n\n\n\n<p>Nein, zum Beginn des Studiums werden nicht einmal die Kenntnisse aus der Oberstufe vorausgesetzt. Diese werden nochmal komplett an der Uni gelehrt. Die Mathematik f\u00fcr Ingenieurf\u00e4cher ist auch weniger abstrakt als die Mathematik in einem reinen Mathematik-Studium. Es geht mehr um das zielgerichtete Rechnen als ums Beweisen. Dennoch hat die Mathematik einen gro\u00dfen Stellenwert in jedem Ingenieurstudium. Der Stoff schreitet ver\u00adglichen mit der Schule schnell voran. Wer eine Abneigung gegen Mathematik hat, sollte aber kein Ingenieurfach w\u00e4hlen.<\/p>\n\n\n\n<h2 class=\"wp-block-heading\" id=\"h7\">Soll ich und wie kann ich mich auf das Studium vorbereiten?<\/h2>\n\n\n\n<p>Der Mittelstufenstoff in Mathematik sollte sicher beherrscht werden, da das Studium darauf aufbaut. Wer die Gelegenheit hat, sollte anhand der bekannten Schulb\u00fccher oder spezieller Literatur (Stichworte: Vorkurs, Br\u00fcckenkurs, Studienvorbereitung Mathematik <abbr title=\"et cetera\">etc.<\/abbr>) den Mittelstufenstoff gr\u00fcndlich wiederholen. Auch Online-Angebote stehen hierzu bereit, <abbr title=\"zum Beispiel\">z.B.<\/abbr> www.optes.de. An der <abbr title=\"Helmut Schmidt Universit\u00e4t\">HSU<\/abbr> wird zudem die erste Studienwoche nur f\u00fcr die Wiederholung der Mathe-Schulkenntnisse genutzt. Wer gr\u00f6\u00dfere Defizite hat, sollte vorab schon etwas tun. Zus\u00e4tzliche Vorbereitungen in Physik oder Informatik\/Programmieren sind sinnvoll aber meist nicht erforderlich. Vor Studienbeginn ist das 8-w\u00f6chige Grundpraktikum zu absolvieren. Bei Offizieranw\u00e4rtern ist das Grundpraktikum planm\u00e4\u00dfiger Bestandteil der Ausbildung zwischen dem Eintritt in die Bundeswehr und dem Studienbeginn. Zivile Studierende m\u00fcssen das Grundpraktikum in einem Unternehmen oder einer anderen Institution gem. der Praktikumsordnung absolvieren. Im Ausnahmefall kann es w\u00e4hrend nach Beginn des Studiums nachgeholt werden.<\/p>\n\n\n\n<p class=\"has-white-background-color has-background has-small-font-size\"><\/p>\n\n\n\n<h2 class=\"wp-block-heading\" id=\"h9\">Bits und Bytes, Strom und Spannung kann ich nicht sehen, Zahnr\u00e4der schon. Sind die angebotenen Studieng\u00e4nge schwieriger und unanschaulicher als <abbr title=\"zum Beispiel\">z.B.<\/abbr> Maschinenbau oder Luft- und Raumfahrttechnik?<\/h2>\n\n\n\n<p>Nein. Die Grundlagenf\u00e4cher aller Ingenieurwissenschaften verwenden mehr oder weniger abstrakte Gr\u00f6\u00dfen, die mit Hilfe der Mathematik beschrieben werden. Nach kurzer Eingew\u00f6hnung kann man sich Spannung und Strom genauso gut vorstellen wie <abbr title=\"zum Beispiel\">z.B.<\/abbr> Kraft und Drehmoment.<\/p>\n\n\n\n<p class=\"has-white-background-color has-background has-small-font-size\"><\/p>\n\n\n\n<h2 class=\"wp-block-heading\" id=\"h10\">Was ist im Studium anders als in der Schule?<\/h2>\n\n\n\n<p>Das Studienfach, das man studiert, kann man &#8211; begrenzt durch die Verf\u00fcgbarkeit von Studienpl\u00e4tzen \u2013 nach Neigung, Interesse und Bef\u00e4higung w\u00e4hlen, w\u00e4hrend die Wahlm\u00f6glichkeiten in der Schule sehr begrenzt sind. Im Ingenieurstudium kommt es darauf an, den Lernstoff zu verstehen, regelm\u00e4\u00dfig zu \u00fcben und den Lernerfolg in den &#8211; zu Beginn des Studiums meist schriftlichen &#8211; Pr\u00fcfungen nachzuweisen. Der Stoff schreitet schneller voran als in der Schule, die m\u00fcndliche Beteiligung am Unterricht wird nicht benotet. Wenige Tage vor einer Klausur mit dem Lernen zu beginnen und die Inhalte danach wieder zu vergessen f\u00fchrt im Studium nicht zum Erfolg, da viele Studieninhalte aufeinander aufbauen. Im Studium muss man mehr Verantwortung f\u00fcr sich selbst \u00fcbernehmen als in der Schule, da kontinuierliche Ermahnungen durch Lehrer und Eltern entfallen. Man erh\u00e4lt zwar regelm\u00e4\u00dfig R\u00fcckmeldungen \u00fcber den eigenen Leistungsstand, muss aber eigenverantwortlich darauf reagieren. Man lernt viel in kurzer Zeit und kann nach wenigen Trimestern Studium schon Beitr\u00e4ge zu Forschung und Entwicklung liefern, die die Technik voranbringen und einen praktischen Nutzen haben.<\/p>\n\n\n\n<p class=\"has-white-background-color has-background has-small-font-size\"><\/p>\n\n\n\n<h2 class=\"wp-block-heading\" id=\"h11\">Wie muss ich mich verhalten, um im Studium erfolgreich zu sein?<\/h2>\n\n\n\n<p>F\u00fcr den Studienerfolg ist es wichtig, dass die geleistete Arbeit durch Spa\u00df am Verstehen und Anwenden sowie durch Erfolge in Pr\u00fcfungen belohnt wird. Au\u00dferdem sollen soziale Kontakte, Sport und Freizeit nicht zu kurz kommen. Um das zu erreichen, muss man f\u00fcr sich einen Wochen- und Tagesrhythmus entwickeln, in dem regelm\u00e4\u00dfiges intensives Arbeiten durch Entspannungs- und Freizeitphasen unterbrochen wird. Man darf Probleme nicht verdr\u00e4ngen, sondern muss die vielf\u00e4ltigen Betreuungs- und Hilfsangebote der Universit\u00e4t annehmen. Das reichhaltige Sportangebot der Universit\u00e4t und der Freizeitwert der Weltstadt Hamburg sollen ma\u00dfvoll genossen werden.<\/p>\n\n\n\n<p class=\"has-white-background-color has-background has-small-font-size\"><\/p>\n\n\n\n<h2 class=\"wp-block-heading\" id=\"h12\">Sollte ich einen Master-Studiengang absolvieren, oder gen\u00fcgt ein Bachelor-Abschluss?<\/h2>\n\n\n\n<p>Der Regelabschluss eines universit\u00e4ren Ingenieurstudiums ist der Master-Abschluss. Dies gilt auch f\u00fcr die Studieng\u00e4nge an der Helmut-Schmidt-Universit\u00e4t. Man spricht daher von \u201ekonsekutiven\u201c Studieng\u00e4ngen, bei denen auf ein Bachelor-Studium ein dazu passendes Master-Studium folgt. Dennoch ist bereits der Bachelor-Abschluss ein berufsqualifizierenden Abschluss. Wer mit den Anforderungen des Bachelor-Studienganges nicht befriedigend zurechtkommt, kann daf\u00fcr 9 Monate zus\u00e4tzlich in Anspruch nehmen und daf\u00fcr auf das Master-Studium verzichten.<\/p>\n\n\n\n<p class=\"has-white-background-color has-background has-small-font-size\"><\/p>\n\n\n\n<h2 class=\"wp-block-heading\" id=\"h13\">Was passiert, wenn ich Pr\u00fcfungen im Studium nicht bestehe?<\/h2>\n\n\n\n<p>Das Studium ist in <abbr title=\"sogenannt\">sog.<\/abbr> Module gegliedert, die mit einer Pr\u00fcfung, in der Regel einer Klausur, in manchen F\u00e4llen mit einer m\u00fcndlichen Pr\u00fcfung abgeschlossen werden. Nicht bestandene Pr\u00fcfungen k\u00f6nnen bis zu zweimal wiederholt werden. Wer die Pr\u00fcfung in einem Pflichtmodul, also einem obligatorischen Studienbestandteil dreimal nicht besteht, hat die Pr\u00fcfung endg\u00fcltig nicht bestanden und kann sein Studium nicht fortsetzen. Wer in mehreren Modulen zwei oder mehr Pr\u00fcfungsversuche ben\u00f6tigt, ist einer erh\u00f6hten Pr\u00fcfungs\u00adbelastung ausgesetzt. Dies kann durch kontinuierliches und diszipliniertes Stu\u00addier\u00adverhalten vermieden oder aufgearbeitet werden.<\/p>\n\n\n\n<p class=\"has-white-background-color has-background has-small-font-size\"><\/p>\n\n\n\n<h2 class=\"wp-block-heading\" id=\"h14\">Wo kann ich weitere Informationen erhalten?<\/h2>\n\n\n\n<p>Das Internet-Angebot der Fakult\u00e4t unter www.hsu-hh.de\/et\/ beinhaltet neben Informationen \u00fcber die Forschungs- und Lehrgebiete der Professuren ausf\u00fchrliche Studienpl\u00e4ne, Modulbeschreibungen, Praktikums-, Pr\u00fcfungs- und sonstige Ordnungen, Informations-brosch\u00fcren und Verweise auf Ansprechpartner, die Sie kontaktieren k\u00f6nnen und die Ihnen gerne weiterhelfen.<\/p>\n<\/div>\n<\/div>\n<div class=\"shariff\"><ul class=\"shariff-buttons theme-default orientation-horizontal buttonsize-medium\"><li class=\"shariff-button facebook shariff-nocustomcolor\" style=\"background-color:#4273c8\"><a href=\"https:\/\/www.facebook.com\/sharer\/sharer.php?u=https%3A%2F%2Fwww.hsu-hh.de%2Fet%2Fstudium%2Ffaq-2\" title=\"Bei Facebook teilen\" aria-label=\"Bei Facebook teilen\" role=\"button\" rel=\"nofollow\" class=\"shariff-link\" style=\"; background-color:#3b5998; color:#fff\" target=\"_blank\"><span class=\"shariff-icon\" style=\"\"><svg width=\"32px\" height=\"20px\" xmlns=\"http:\/\/www.w3.org\/2000\/svg\" viewBox=\"0 0 18 32\"><path fill=\"#3b5998\" d=\"M17.1 0.2v4.7h-2.8q-1.5 0-2.1 0.6t-0.5 1.9v3.4h5.2l-0.7 5.3h-4.5v13.6h-5.5v-13.6h-4.5v-5.3h4.5v-3.9q0-3.3 1.9-5.2t5-1.8q2.6 0 4.1 0.2z\"\/><\/svg><\/span><span class=\"shariff-text\">teilen<\/span>&nbsp;<\/a><\/li><li class=\"shariff-button twitter shariff-nocustomcolor\" style=\"background-color:#595959\"><a href=\"https:\/\/twitter.com\/share?url=https%3A%2F%2Fwww.hsu-hh.de%2Fet%2Fstudium%2Ffaq-2&text=FAQ%20zum%20Studium\" title=\"Bei X teilen\" aria-label=\"Bei X teilen\" role=\"button\" rel=\"noopener nofollow\" class=\"shariff-link\" style=\"; background-color:#000; color:#fff\" target=\"_blank\"><span class=\"shariff-icon\" style=\"\"><svg width=\"32px\" height=\"20px\" xmlns=\"http:\/\/www.w3.org\/2000\/svg\" viewBox=\"0 0 24 24\"><path fill=\"#000\" d=\"M14.258 10.152L23.176 0h-2.113l-7.747 8.813L7.133 0H0l9.352 13.328L0 23.973h2.113l8.176-9.309 6.531 9.309h7.133zm-2.895 3.293l-.949-1.328L2.875 1.56h3.246l6.086 8.523.945 1.328 7.91 11.078h-3.246zm0 0\"\/><\/svg><\/span><span class=\"shariff-text\">teilen<\/span>&nbsp;<\/a><\/li><\/ul><\/div>","protected":false},"excerpt":{"rendered":"<p>Welche Studieng\u00e4nge werden angeboten? \u2022 Digital Engineering (B.Sc. und M.Sc.),\u2022 Klimafreundliche Elektrische Energie und Mobilit\u00e4t (B.Sc. und M.Sc.),\u2022 Medical Engineering (B.Sc. und M.Sc.),d.h. zu jedem der Bachelor-Studieng\u00e4nge wird ein darauf [&hellip;]<\/p>\n","protected":false},"author":3282,"featured_media":0,"parent":2175,"menu_order":0,"comment_status":"closed","ping_status":"closed","template":"","meta":{"footnotes":""},"categories":[278,308,178],"tags":[354,356,352,350],"class_list":["post-3087","page","type-page","status-publish","hentry","category-elektrotechnik","category-faq-elektrotechnik","category-version20","tag-energieversorgung","tag-medizintechnik","tag-produktentwicklung","tag-unterschied"],"_links":{"self":[{"href":"https:\/\/www.hsu-hh.de\/et\/wp-json\/wp\/v2\/pages\/3087","targetHints":{"allow":["GET"]}}],"collection":[{"href":"https:\/\/www.hsu-hh.de\/et\/wp-json\/wp\/v2\/pages"}],"about":[{"href":"https:\/\/www.hsu-hh.de\/et\/wp-json\/wp\/v2\/types\/page"}],"author":[{"embeddable":true,"href":"https:\/\/www.hsu-hh.de\/et\/wp-json\/wp\/v2\/users\/3282"}],"replies":[{"embeddable":true,"href":"https:\/\/www.hsu-hh.de\/et\/wp-json\/wp\/v2\/comments?post=3087"}],"version-history":[{"count":34,"href":"https:\/\/www.hsu-hh.de\/et\/wp-json\/wp\/v2\/pages\/3087\/revisions"}],"predecessor-version":[{"id":4241,"href":"https:\/\/www.hsu-hh.de\/et\/wp-json\/wp\/v2\/pages\/3087\/revisions\/4241"}],"up":[{"embeddable":true,"href":"https:\/\/www.hsu-hh.de\/et\/wp-json\/wp\/v2\/pages\/2175"}],"wp:attachment":[{"href":"https:\/\/www.hsu-hh.de\/et\/wp-json\/wp\/v2\/media?parent=3087"}],"wp:term":[{"taxonomy":"category","embeddable":true,"href":"https:\/\/www.hsu-hh.de\/et\/wp-json\/wp\/v2\/categories?post=3087"},{"taxonomy":"post_tag","embeddable":true,"href":"https:\/\/www.hsu-hh.de\/et\/wp-json\/wp\/v2\/tags?post=3087"}],"curies":[{"name":"wp","href":"https:\/\/api.w.org\/{rel}","templated":true}]}}