{"id":3033,"date":"2022-05-19T11:29:03","date_gmt":"2022-05-19T09:29:03","guid":{"rendered":"https:\/\/www.hsu-hh.de\/et\/?page_id=3033"},"modified":"2022-08-01T15:57:40","modified_gmt":"2022-08-01T13:57:40","slug":"wir-bieten-2","status":"publish","type":"page","link":"https:\/\/www.hsu-hh.de\/et\/studium\/wir-bieten-2","title":{"rendered":"Wir bieten"},"content":{"rendered":"\n<div class=\"wp-block-columns is-layout-flex wp-container-core-columns-is-layout-9d6595d7 wp-block-columns-is-layout-flex\">\n<div class=\"wp-block-column has-grey-background-color has-background is-layout-flow wp-block-column-is-layout-flow\">\n<h2 class=\"wp-block-heading\"> Materielle Absicherung<\/h2>\n\n\n\n<p>Studierende Offizieranw\u00e4rter und Offiziere sind weder auf einen monatlichen Scheck des Elternhauses angewiesen, noch m\u00fcssen sie nebenher jobben. Sie bekommen ihr Gehalt (abh\u00e4ngig von Alter, Dienstgrad und Familienstand) auch w\u00e4hrend der Studienzeit.<br>F\u00fcr zivile Studierende gelten besondere Bedingungen. Bei \u00dcbernahme der Studiengeb\u00fchren, z. B. durch ein Unternehmen oder eine Stiftung, k\u00f6nnen auch zivile Studierende von den besonders guten Bedingungen an der <abbr title=\"Helmut Schmidt Universit\u00e4t\">HSU<\/abbr> profitieren.<\/p>\n\n\n\n<p class=\"has-white-background-color has-background has-small-font-size\"><\/p>\n\n\n\n<h2 class=\"wp-block-heading\"> Campus-Universit\u00e4t<\/h2>\n\n\n\n<p>Studierende der Bundeswehr brauchen keine Zeit mit der Suche nach einer \u201eStudentenbude\u201c zu verbringen. Sie leben in komfortablen Wohnheimen direkt auf dem Campus (Holstenhofweg) oder im nahgelegenen Wohnbereich der Universit\u00e4t (Stoltenstra\u00dfe).<br>Auf einer Wohnebene (so nennen unsere Studierenden den Flur oder die Etage, auf dem <abbr title=\"beziehungsweise\">bzw.<\/abbr> der sie wohnen) leben normalerweise nur Studenten der gleichen Fachrichtung, aber aus unterschiedlichen Jahrg\u00e4ngen, so dass die \u00e4lteren die j\u00fcngeren Studenten unterst\u00fctzen k\u00f6nnen.<br>Auf dem Campus befinden sich neben den Einrichtungen f\u00fcr Forschung und Lehre auch die Bibliotheken, die Mensa und die Sportanlagen. \u00c4rzte und Zahn\u00e4rzte, eine evangelische und eine katholische Gemeinde, selbst einen Friseursalon gibt es hier. Das sorgt f\u00fcr kurze Wege spart viel Zeit, die man f\u00fcr wichtigere Dinge nutzen kann.<\/p>\n\n\n\n<p class=\"has-white-background-color has-background has-small-font-size\"><\/p>\n\n\n\n<h2 class=\"wp-block-heading\"> Kleingruppenkonzept<\/h2>\n\n\n\n<p>Auch das Studium in kleinen Gruppen ist fester Bestandteil des ehrgeizigen Studienkonzepts an einer Universit\u00e4t der Bundeswehr und tr\u00e4gt dazu bei, dass das Studium in der Regelstudienzeit zu schaffen ist. Sieht man von den wenigen Vorlesungen ab, finden die meisten Lehrveranstaltungen (finden in Gruppen mit nicht mehr als 25 Teilnehmenden statt.<\/p>\n<\/div>\n\n\n\n<div class=\"wp-block-column has-grey-background-color has-background is-layout-flow wp-block-column-is-layout-flow\">\n<h2 class=\"wp-block-heading\"> \u00dcberdurchschnittliche Ausstattung<\/h2>\n\n\n\n<p>Damit das Trimestersystem funktioniert und die knappe Regelstudienzeit eingehalten werden kann, ist eine besonders gute personelle und materielle Ausstattung unabdingbar.<br>Das Betreuungsverh\u00e4ltnis ist hier ungew\u00f6hnlich gut: Auf je 25 Studenten kommt ein Professor.<\/p>\n\n\n\n<p class=\"has-white-background-color has-background has-small-font-size\"><\/p>\n\n\n\n<h2 class=\"wp-block-heading\"> Qualit\u00e4tssicherung und -entwicklung<\/h2>\n\n\n\n<p>Die Universit\u00e4t verf\u00fcgt \u00fcber umfangreiche und etablierte Prozesse der Qualit\u00e4tssicherung, die fest in den zentralen und dezentralen Gremien verankert sind. Die Studieng\u00e4nge liegen in der Verantwortung der Fakult\u00e4ten, die somit auch prim\u00e4r f\u00fcr die Qualit\u00e4tssicherung und -entwicklung in Studium und Lehre zust\u00e4ndig sind. Sie werden durch den\u00a0<a href=\"https:\/\/www.hsu-hh.de\/controlling\/\" target=\"_blank\" rel=\"noreferrer noopener\">Beauftragten f\u00fcr das Studium<\/a>\u00a0unterst\u00fctzt. Hier werden alle fakult\u00e4ts\u00fcbergreifenden Prozesse rund um das Studium zusammengef\u00fchrt.<\/p>\n\n\n\n<p class=\"has-white-background-color has-background has-small-font-size\"><\/p>\n\n\n\n<h2 class=\"wp-block-heading\"> ISA&nbsp;\u2013 Interdisziplin\u00e4re Studienanteile<\/h2>\n\n\n\n<p>F\u00e4cher\u00fcbergreifende Studienanteile gibt es zwar auch an \u00f6ffentlichen Universit\u00e4ten. Als \u201eStudium generale\u201c wird dort das bezeichnet, was die Studenten fakultativ nebenbei studieren k\u00f6nnen. An der <abbr title=\"Helmut Schmidt Universit\u00e4t\">HSU<\/abbr> ist das Nebenfachstudium der ISA aber obligatorisch.<\/p>\n<\/div>\n<\/div>\n<div class=\"shariff\"><ul class=\"shariff-buttons theme-default orientation-horizontal buttonsize-medium\"><li class=\"shariff-button facebook shariff-nocustomcolor\" style=\"background-color:#4273c8\"><a href=\"https:\/\/www.facebook.com\/sharer\/sharer.php?u=https%3A%2F%2Fwww.hsu-hh.de%2Fet%2Fstudium%2Fwir-bieten-2\" title=\"Bei Facebook teilen\" aria-label=\"Bei Facebook teilen\" role=\"button\" rel=\"nofollow\" class=\"shariff-link\" style=\"; background-color:#3b5998; color:#fff\" target=\"_blank\"><span class=\"shariff-icon\" style=\"\"><svg width=\"32px\" height=\"20px\" xmlns=\"http:\/\/www.w3.org\/2000\/svg\" viewBox=\"0 0 18 32\"><path fill=\"#3b5998\" d=\"M17.1 0.2v4.7h-2.8q-1.5 0-2.1 0.6t-0.5 1.9v3.4h5.2l-0.7 5.3h-4.5v13.6h-5.5v-13.6h-4.5v-5.3h4.5v-3.9q0-3.3 1.9-5.2t5-1.8q2.6 0 4.1 0.2z\"\/><\/svg><\/span><span class=\"shariff-text\">teilen<\/span>&nbsp;<\/a><\/li><li class=\"shariff-button twitter shariff-nocustomcolor\" style=\"background-color:#595959\"><a href=\"https:\/\/twitter.com\/share?url=https%3A%2F%2Fwww.hsu-hh.de%2Fet%2Fstudium%2Fwir-bieten-2&text=Wir%20bieten\" title=\"Bei X teilen\" aria-label=\"Bei X teilen\" role=\"button\" rel=\"noopener nofollow\" class=\"shariff-link\" style=\"; background-color:#000; color:#fff\" target=\"_blank\"><span class=\"shariff-icon\" style=\"\"><svg width=\"32px\" height=\"20px\" xmlns=\"http:\/\/www.w3.org\/2000\/svg\" viewBox=\"0 0 24 24\"><path fill=\"#000\" d=\"M14.258 10.152L23.176 0h-2.113l-7.747 8.813L7.133 0H0l9.352 13.328L0 23.973h2.113l8.176-9.309 6.531 9.309h7.133zm-2.895 3.293l-.949-1.328L2.875 1.56h3.246l6.086 8.523.945 1.328 7.91 11.078h-3.246zm0 0\"\/><\/svg><\/span><span class=\"shariff-text\">teilen<\/span>&nbsp;<\/a><\/li><\/ul><\/div>","protected":false},"excerpt":{"rendered":"<p>Materielle Absicherung Studierende Offizieranw\u00e4rter und Offiziere sind weder auf einen monatlichen Scheck des Elternhauses angewiesen, noch m\u00fcssen sie nebenher jobben. Sie bekommen ihr Gehalt (abh\u00e4ngig von Alter, Dienstgrad und Familienstand) [&hellip;]<\/p>\n","protected":false},"author":3282,"featured_media":0,"parent":2175,"menu_order":0,"comment_status":"closed","ping_status":"closed","template":"","meta":{"footnotes":""},"categories":[178],"tags":[372,374,370,368],"class_list":["post-3033","page","type-page","status-publish","hentry","category-version20","tag-absicherung","tag-campus","tag-kleingruppenkonzept","tag-qualitaetssicherung"],"_links":{"self":[{"href":"https:\/\/www.hsu-hh.de\/et\/wp-json\/wp\/v2\/pages\/3033","targetHints":{"allow":["GET"]}}],"collection":[{"href":"https:\/\/www.hsu-hh.de\/et\/wp-json\/wp\/v2\/pages"}],"about":[{"href":"https:\/\/www.hsu-hh.de\/et\/wp-json\/wp\/v2\/types\/page"}],"author":[{"embeddable":true,"href":"https:\/\/www.hsu-hh.de\/et\/wp-json\/wp\/v2\/users\/3282"}],"replies":[{"embeddable":true,"href":"https:\/\/www.hsu-hh.de\/et\/wp-json\/wp\/v2\/comments?post=3033"}],"version-history":[{"count":4,"href":"https:\/\/www.hsu-hh.de\/et\/wp-json\/wp\/v2\/pages\/3033\/revisions"}],"predecessor-version":[{"id":3448,"href":"https:\/\/www.hsu-hh.de\/et\/wp-json\/wp\/v2\/pages\/3033\/revisions\/3448"}],"up":[{"embeddable":true,"href":"https:\/\/www.hsu-hh.de\/et\/wp-json\/wp\/v2\/pages\/2175"}],"wp:attachment":[{"href":"https:\/\/www.hsu-hh.de\/et\/wp-json\/wp\/v2\/media?parent=3033"}],"wp:term":[{"taxonomy":"category","embeddable":true,"href":"https:\/\/www.hsu-hh.de\/et\/wp-json\/wp\/v2\/categories?post=3033"},{"taxonomy":"post_tag","embeddable":true,"href":"https:\/\/www.hsu-hh.de\/et\/wp-json\/wp\/v2\/tags?post=3033"}],"curies":[{"name":"wp","href":"https:\/\/api.w.org\/{rel}","templated":true}]}}