{"id":3000,"date":"2022-05-19T10:20:17","date_gmt":"2022-05-19T08:20:17","guid":{"rendered":"https:\/\/www.hsu-hh.de\/et\/?page_id=3000"},"modified":"2024-10-08T11:07:46","modified_gmt":"2024-10-08T09:07:46","slug":"fakultaetsuebergreifende-studiengaenge-2","status":"publish","type":"page","link":"https:\/\/www.hsu-hh.de\/et\/studium\/fakultaetsuebergreifende-studiengaenge-2","title":{"rendered":"Fakult\u00e4ts\u00fcbergreifende Studieng\u00e4nge"},"content":{"rendered":"\n<div class=\"wp-block-columns is-layout-flex wp-container-core-columns-is-layout-9d6595d7 wp-block-columns-is-layout-flex\">\n<div class=\"wp-block-column has-grey-background-color has-background is-layout-flow wp-block-column-is-layout-flow\">\n<h2 class=\"wp-block-heading has-grey-background-color has-background\">Engineering Science <\/h2>\n\n\n\n<div class=\"wp-block-columns is-not-stacked-on-mobile is-layout-flex wp-container-core-columns-is-layout-9d6595d7 wp-block-columns-is-layout-flex\">\n<div class=\"wp-block-column is-layout-flow wp-block-column-is-layout-flow\" style=\"flex-basis:1px\"><\/div>\n\n\n\n<div class=\"wp-block-column is-layout-flow wp-block-column-is-layout-flow\">\n<ul class=\"wp-block-list\">\n<li><strong>Study Plan<\/strong>\n<ul class=\"wp-block-list\">\n<li><a href=\"https:\/\/www.hsu-hh.de\/et\/wp-content\/uploads\/sites\/61\/2023\/07\/EngSci-BA-23_02_2023.pdf\" target=\"_blank\" rel=\"noreferrer noopener\">Engineering Science (<abbr title=\"Bachelor of Science\">B.Sc.<\/abbr>)<\/a><\/li>\n\n\n\n<li><a href=\"https:\/\/www.hsu-hh.de\/et\/wp-content\/uploads\/sites\/61\/2023\/07\/EngSci-MA-23-02-2023.pdf\" target=\"_blank\" rel=\"noreferrer noopener\">Engineering Science: Defence Systems (<abbr title=\"Master of Science\">M.Sc.<\/abbr>)<\/a><br><br><\/li>\n<\/ul>\n<\/li>\n\n\n\n<li><strong>Study and Examination Regulations<\/strong>\n<ul class=\"wp-block-list\">\n<li><a rel=\"noreferrer noopener\" href=\"https:\/\/www.hsu-hh.de\/asv\/apo\/\" target=\"_blank\">General Examinations Regulations (<abbr title=\"Allgemeine Pr\u00fcfungsordnung\">APO<\/abbr>)<\/a><\/li>\n\n\n\n<li><a rel=\"noreferrer noopener\" href=\"https:\/\/www.hsu-hh.de\/asv\/studiengaenge\/\" target=\"_blank\">Subject-Specific Programme and Examination Regulations (<abbr title=\"Fachspezifische Studien- und Pr\u00fcfungsordnung\">FSPO<\/abbr> EngSci)<\/a><br><br><\/li>\n<\/ul>\n<\/li>\n\n\n\n<li><strong>Compilation of Modules<\/strong>\n<ul class=\"wp-block-list\">\n<li><a href=\"https:\/\/campus.hsu-hh.de\/qisserver\/rds?state=modulBeschrGast&amp;moduleParameter=modDescr&amp;struct=auswahlBaum&amp;navigation=Y&amp;next=tree.vm&amp;nextdir=qispos\/modulBeschr\/gast&amp;nodeID=auswahlBaum%7Cabschluss%3Aabschl%3D82%7Cstudiengang%3Astg%3D072&amp;expand=0&amp;lastState=modulBeschrGast&amp;asi=#auswahlBaum%7Cabschluss%3Aabschl%3D82%7Cstudiengang%3Astg%3D072\" target=\"_blank\" rel=\"noreferrer noopener\">Engineering Science (<abbr title=\"Bachelor of Science\">B.Sc.<\/abbr>)<\/a><\/li>\n\n\n\n<li><a rel=\"noreferrer noopener\" href=\"https:\/\/campus.hsu-hh.de\/qisserver\/rds?state=modulBeschrGast&amp;moduleParameter=modDescr&amp;struct=auswahlBaum&amp;navigation=Y&amp;next=tree.vm&amp;nextdir=qispos\/modulBeschr\/gast&amp;nodeID=auswahlBaum%7Cabschluss%3Aabschl%3D87%7Cstudiengang%3Astg%3D372&amp;expand=0&amp;lastState=modulBeschrGast&amp;asi=#auswahlBaum%7Cabschluss%3Aabschl%3D87%7Cstudiengang%3Astg%3D372\" target=\"_blank\">Engineering Science (M.Sc)<\/a><\/li>\n\n\n\n<li><a rel=\"noreferrer noopener\" href=\"https:\/\/www.hsu-hh.de\/et\/wp-content\/uploads\/sites\/61\/2017\/08\/MHB_ESDS_Abbreviations.pdf\" target=\"_blank\">Abbreviations<\/a><br><\/li>\n<\/ul>\n<\/li>\n<\/ul>\n\n\n\n<div class=\"wp-block-columns is-not-stacked-on-mobile is-layout-flex wp-container-core-columns-is-layout-9d6595d7 wp-block-columns-is-layout-flex\">\n<div class=\"wp-block-column is-layout-flow wp-block-column-is-layout-flow\">\n<p><\/p>\n<\/div>\n\n\n\n<div class=\"wp-block-column is-layout-flow wp-block-column-is-layout-flow\"><\/div>\n<\/div>\n<\/div>\n<\/div>\n<\/div>\n\n\n\n<div class=\"wp-block-column has-grey-background-color has-background is-layout-flow wp-block-column-is-layout-flow\">\n<h2 class=\"wp-block-heading has-grey-background-color has-background\"><a rel=\"noreferrer noopener\" href=\"http:\/\/www.hsu-hh.de\/sbawi\" target=\"_blank\">Wirtschaftsingenieurwesen (B.Sc, <abbr title=\"Master of Science\">M.Sc.<\/abbr>)<\/a><\/h2>\n\n\n\n<h2 class=\"wp-block-heading has-grey-background-color has-background\"><a href=\"http:\/\/www.hsu-hh.de\/sbawi\"><\/a><a href=\"https:\/\/www.hsu-hh.de\/wiso\/logistik\" target=\"_blank\" rel=\"noreferrer noopener\">Logistik (<abbr title=\"Bachelor of Science\">B.Sc.<\/abbr>, <abbr title=\"Master of Science\">M.Sc.<\/abbr>)<\/a><\/h2>\n<\/div>\n<\/div>\n\n\n\n<p><\/p>\n<div class=\"shariff\"><ul class=\"shariff-buttons theme-default orientation-horizontal buttonsize-medium\"><li class=\"shariff-button facebook shariff-nocustomcolor\" style=\"background-color:#4273c8\"><a href=\"https:\/\/www.facebook.com\/sharer\/sharer.php?u=https%3A%2F%2Fwww.hsu-hh.de%2Fet%2Fstudium%2Ffakultaetsuebergreifende-studiengaenge-2\" title=\"Bei Facebook teilen\" aria-label=\"Bei Facebook teilen\" role=\"button\" rel=\"nofollow\" class=\"shariff-link\" style=\"; background-color:#3b5998; color:#fff\" target=\"_blank\"><span class=\"shariff-icon\" style=\"\"><svg width=\"32px\" height=\"20px\" xmlns=\"http:\/\/www.w3.org\/2000\/svg\" viewBox=\"0 0 18 32\"><path fill=\"#3b5998\" d=\"M17.1 0.2v4.7h-2.8q-1.5 0-2.1 0.6t-0.5 1.9v3.4h5.2l-0.7 5.3h-4.5v13.6h-5.5v-13.6h-4.5v-5.3h4.5v-3.9q0-3.3 1.9-5.2t5-1.8q2.6 0 4.1 0.2z\"\/><\/svg><\/span><span class=\"shariff-text\">teilen<\/span>&nbsp;<\/a><\/li><li class=\"shariff-button twitter shariff-nocustomcolor\" style=\"background-color:#595959\"><a href=\"https:\/\/twitter.com\/share?url=https%3A%2F%2Fwww.hsu-hh.de%2Fet%2Fstudium%2Ffakultaetsuebergreifende-studiengaenge-2&text=Fakult%C3%A4ts%C3%BCbergreifende%20Studieng%C3%A4nge\" title=\"Bei X teilen\" aria-label=\"Bei X teilen\" role=\"button\" rel=\"noopener nofollow\" class=\"shariff-link\" style=\"; background-color:#000; color:#fff\" target=\"_blank\"><span class=\"shariff-icon\" style=\"\"><svg width=\"32px\" height=\"20px\" xmlns=\"http:\/\/www.w3.org\/2000\/svg\" viewBox=\"0 0 24 24\"><path fill=\"#000\" d=\"M14.258 10.152L23.176 0h-2.113l-7.747 8.813L7.133 0H0l9.352 13.328L0 23.973h2.113l8.176-9.309 6.531 9.309h7.133zm-2.895 3.293l-.949-1.328L2.875 1.56h3.246l6.086 8.523.945 1.328 7.91 11.078h-3.246zm0 0\"\/><\/svg><\/span><span class=\"shariff-text\">teilen<\/span>&nbsp;<\/a><\/li><\/ul><\/div>","protected":false},"excerpt":{"rendered":"<p>Engineering Science Wirtschaftsingenieurwesen (B.Sc, M.Sc.) Logistik (B.Sc., M.Sc.)<\/p>\n","protected":false},"author":3282,"featured_media":0,"parent":2175,"menu_order":0,"comment_status":"closed","ping_status":"closed","template":"","meta":{"footnotes":""},"categories":[306,278,316,292,178],"tags":[348,344,346],"class_list":["post-3000","page","type-page","status-publish","hentry","category-bachelor","category-elektrotechnik","category-fakultaetsuebergreifend","category-master-elektrotechnik","category-version20","tag-bestimmungen","tag-engineering","tag-wirtschaftsingenieurwesen"],"_links":{"self":[{"href":"https:\/\/www.hsu-hh.de\/et\/wp-json\/wp\/v2\/pages\/3000","targetHints":{"allow":["GET"]}}],"collection":[{"href":"https:\/\/www.hsu-hh.de\/et\/wp-json\/wp\/v2\/pages"}],"about":[{"href":"https:\/\/www.hsu-hh.de\/et\/wp-json\/wp\/v2\/types\/page"}],"author":[{"embeddable":true,"href":"https:\/\/www.hsu-hh.de\/et\/wp-json\/wp\/v2\/users\/3282"}],"replies":[{"embeddable":true,"href":"https:\/\/www.hsu-hh.de\/et\/wp-json\/wp\/v2\/comments?post=3000"}],"version-history":[{"count":27,"href":"https:\/\/www.hsu-hh.de\/et\/wp-json\/wp\/v2\/pages\/3000\/revisions"}],"predecessor-version":[{"id":4165,"href":"https:\/\/www.hsu-hh.de\/et\/wp-json\/wp\/v2\/pages\/3000\/revisions\/4165"}],"up":[{"embeddable":true,"href":"https:\/\/www.hsu-hh.de\/et\/wp-json\/wp\/v2\/pages\/2175"}],"wp:attachment":[{"href":"https:\/\/www.hsu-hh.de\/et\/wp-json\/wp\/v2\/media?parent=3000"}],"wp:term":[{"taxonomy":"category","embeddable":true,"href":"https:\/\/www.hsu-hh.de\/et\/wp-json\/wp\/v2\/categories?post=3000"},{"taxonomy":"post_tag","embeddable":true,"href":"https:\/\/www.hsu-hh.de\/et\/wp-json\/wp\/v2\/tags?post=3000"}],"curies":[{"name":"wp","href":"https:\/\/api.w.org\/{rel}","templated":true}]}}