{"id":2940,"date":"2022-05-17T17:09:33","date_gmt":"2022-05-17T15:09:33","guid":{"rendered":"https:\/\/www.hsu-hh.de\/et\/?page_id=2940"},"modified":"2025-12-08T16:00:09","modified_gmt":"2025-12-08T15:00:09","slug":"master-studiengaenge-2","status":"publish","type":"page","link":"https:\/\/www.hsu-hh.de\/et\/studium\/master-studiengaenge-2","title":{"rendered":"Auslaufende Master-Studieng\u00e4nge"},"content":{"rendered":"\n<p><strong>Studienbeginn letztmalig Jan. 2026<\/strong><\/p>\n\n\n\n<ul class=\"wp-block-list\">\n<li><a href=\"#master-1\" rel='nofollow'>Elektrische Energietechnik  (M. Sc.)<\/a><\/li>\n\n\n\n<li><a href=\"#master-2\" rel='nofollow'>Erneuerbare Energien und intelligente Netze (M. Sc.)<\/a><\/li>\n\n\n\n<li><a href=\"#master-3\" rel='nofollow'>Informatik-Ingenieurwesen (M. Sc.)<\/a><\/li>\n\n\n\n<li><a href=\"#master-4\" rel='nofollow'>Informationstechnik (M. Sc.)<\/a><\/li>\n<\/ul>\n\n\n\n<div class=\"wp-block-columns is-layout-flex wp-container-core-columns-is-layout-9d6595d7 wp-block-columns-is-layout-flex\">\n<div class=\"wp-block-column is-vertically-aligned-top has-grey-background-color has-background is-layout-flow wp-block-column-is-layout-flow\">\n<h2 class=\"wp-block-heading\" id=\"master-1\">Elektrische Energietechnik <br>(M. Sc.)<\/h2>\n\n\n\n<p>Der Masterstudiengang Elektrische Energietechnik behandelt die wichtigen Themen der elektrischen Energieerzeugung und -verteilung sowie der leistungselektronischen und elektro-mechanischen Energieumwandlung. <\/p>\n\n\n\n<p>Das Stoffgebiet der Elektrischen Energiesysteme umfasst dabei sowohl die konventionelle Energieerzeugung durch die Verbrennung fossiler Energietr\u00e4ger als auch die regenerative Energiegewinnung durch Windkraft und Photovoltaik. Ferner ist die \u00dcbertragung und Verteilung der elektrischen Energie \u00fcber Freileitungen und Hochenergiekabel Bestandteil dieses Moduls. Zur Minimierung der \u00dcbertragungsverluste werden bei der Energie\u00fcbertragung sehr hohe Gleich- und Wechselspannungen eingesetzt. Die daraus resul-tierenden technischen Herausforderungen <abbr title=\"unter anderem\">u.a.<\/abbr> hinsichtlich der Isolations- und Schutztechnik werden von der Hochspannungs-technik behandelt. <\/p>\n\n\n\n<p>Die Leistungselektronik nutzt spezielle Halbleiterbauelemente zur Umwandlung der elektrischen Energie in verschiedene Erscheinungsformen. Der Aufbau, die Wirkungsweise und das Betriebsverhalten von elektrischen Maschinen werden durch Module aus dem Fachgebiet Elektrische Maschinen und Antriebe vermittelt. Auf Basis der physikalischen Grundgesetze werden dabei Generatoren, Transformatoren, Motoren und Aktuatoren analysiert und die spezifischen Kenngr\u00f6\u00dfen entwickelt. <\/p>\n\n\n\n<p>Weitere Module wie Thermodynamik der Energiewandler sowie Nichtlineare Regelungen runden die Ausbildung ab. <\/p>\n\n\n\n<p>Die Studierenden erwerben im Masterstudiengang Elektrische Energietechnik breit angelegte Kompetenzen zur L\u00f6sung von Aufgaben auf dem Gebiet der modernen Elektrischen Energietechnik, wie sie heutzutage z. B. in jeder modernen <em>Windkraftanlage<\/em>, jedem <em>Elektroantrieb <\/em>und in jedem <em>Computer <\/em>Anwendung findet.<\/p>\n\n\n<div class=\"wp-block-image is-style-default\">\n<figure class=\"aligncenter size-large is-resized\"><a href=\"https:\/\/www.hsu-hh.de\/et\/wp-content\/uploads\/sites\/61\/2022\/04\/image_2022-04-19_165323406.png\"><img loading=\"lazy\" decoding=\"async\" width=\"1024\" height=\"425\" src=\"https:\/\/www.hsu-hh.de\/et\/wp-content\/uploads\/sites\/61\/2022\/04\/image_2022-04-19_165323406-1024x425.png\" data-credit=\"HSU-HH\/ET\" alt=\"tt\" class=\"wp-image-2610\" style=\"width:487px;height:203px\" srcset=\"https:\/\/www.hsu-hh.de\/et\/wp-content\/uploads\/sites\/61\/2022\/04\/image_2022-04-19_165323406-1024x425.png 1024w, https:\/\/www.hsu-hh.de\/et\/wp-content\/uploads\/sites\/61\/2022\/04\/image_2022-04-19_165323406-300x124.png 300w, https:\/\/www.hsu-hh.de\/et\/wp-content\/uploads\/sites\/61\/2022\/04\/image_2022-04-19_165323406-768x319.png 768w, https:\/\/www.hsu-hh.de\/et\/wp-content\/uploads\/sites\/61\/2022\/04\/image_2022-04-19_165323406-1536x637.png 1536w, https:\/\/www.hsu-hh.de\/et\/wp-content\/uploads\/sites\/61\/2022\/04\/image_2022-04-19_165323406-1100x456.png 1100w, https:\/\/www.hsu-hh.de\/et\/wp-content\/uploads\/sites\/61\/2022\/04\/image_2022-04-19_165323406.png 1830w\" sizes=\"auto, (max-width: 1024px) 100vw, 1024px\" \/><\/a><figcaption class=\"wp-element-caption\">Studienplan<\/figcaption><\/figure>\n<\/div>\n\n\n<p><a href=\"https:\/\/campus.hsu-hh.de\/qisserver\/rds?state=modulBeschrGast&amp;moduleParameter=modDescr&amp;struct=auswahlBaum&amp;navigation=Y&amp;next=tree.vm&amp;nextdir=qispos\/modulBeschr\/gast&amp;nodeID=auswahlBaum%7Cabschluss%3Aabschl%3D87%7Cstudiengang%3Astg%3D148%7CstgSpecials%3Avert%3D%2Cschwp%3D%2Ckzfa%3DH%2Cpversion%3D2021%7CkontoOnTop%3Apordnr%3D9702&amp;expand=0&amp;lastState=modulBeschrGast&amp;asi=#auswahlBaum%7Cabschluss%3Aabschl%3D87%7Cstudiengang%3Astg%3D148%7CstgSpecials%3Avert%3D%2Cschwp%3D%2Ckzfa%3DH%2Cpversion%3D2021%7CkontoOnTop%3Apordnr%3D9702\" rel='nofollow'>Modulhandbuch: Elektrische Energietechnik (<abbr title=\"Master of Science\">M.Sc.<\/abbr>)<\/a><\/p>\n\n\n\n<h2 class=\"wp-block-heading\" id=\"master-3\">Informatik-Ingenieurwesen (M. Sc.)<\/h2>\n\n\n\n<p>Information, Informationsgewinn, Informations\u00fcbertragung sowie die F\u00e4higkeit zur Verarbeitung riesiger Datenmengen (<strong>Big Data<\/strong>) bilden den operativen Faktor \u201eInformationsraum\u201c, der in der Wirtschaft und im milit\u00e4rischen Bereich von entscheidender Bedeutung ist. <\/p>\n\n\n\n<p>In diesem Raum gilt es Vorspr\u00fcnge zu erarbeiten, Erkenntnisse zu gewinnen, verz\u00f6gerungsarm und zuverl\u00e4ssig zu handeln sowie Schadwirkungen durch <abbr title=\"Informationstechnologie\">IT<\/abbr>-Angriffe wirksam zu begegnen. Das Instrumentarium dazu sind Rechnernetze und die darauf betriebenen verteilten Anwendungen. <\/p>\n\n\n\n<p>Das Informatik-Ingenieurwesen ist ein Studiengang aus dem Bereich der Angewandten Informatik. Er umfasst die Ingenieurwissenschaften Maschinenbau und Elektrotechnik als Anwendungsgebiete mit Schwerpunkten in den Bereichen <abbr title=\"Informationstechnologie\">IT<\/abbr>-Management und <abbr title=\"Informationstechnologie\">IT<\/abbr>-Sicherheit. <\/p>\n\n\n\n<p>Der Studiengang gliedert sich dazu in die Teilgebiete Struktur von <abbr title=\"Informationstechnologie\">IT<\/abbr>-Systemen, Anwendung von ITSystemen, Management von <abbr title=\"Informationstechnologie\">IT<\/abbr>-Systemen sowie ingenieurwissenschaftliche Grundlagen, die aus dem Bachelor-Studiengang der Elektrotechnik \u00fcbernommen werden. <br>Im Bereich der Strukturen von Rechensystemen werden die Bereiche Rechnerarchitektur, Rechnertechnologie und Rechnernetze abgedeckt. <\/p>\n\n\n\n<p>Die Anwendung von <abbr title=\"Informationstechnologie\">IT<\/abbr>-Systemen reicht von der Bef\u00e4higung zur Programmierung in einer h\u00f6heren Programmiersprache (z. B. C) \u00fcber SoftwareEngineering, Betriebssysteme und Datenbanken bis zur Kryptographie. Das Management von ITSystemen befasst sich mit dem administrativen Anteil der Betriebssysteme und Rechnernetze, sowie den Strukturen, Rollen und Prozessen in einem modernen Rechenzentrum. Dazu wird ein Praktikum zur Einrichtung und zum Betrieb eines Rechenzentrums angeboten. Alle Teilbereiche werden unter dem besonderen Aspekt der <abbr title=\"Informationstechnologie\">IT<\/abbr>-Sicherheit betrachtet.<\/p>\n\n\n<div class=\"wp-block-image is-style-default\">\n<figure class=\"aligncenter size-large is-resized\"><a href=\"https:\/\/www.hsu-hh.de\/et\/wp-content\/uploads\/sites\/61\/2022\/04\/image_2022-04-19_165445018.png\" target=\"_blank\" rel=\"noopener\"><img loading=\"lazy\" decoding=\"async\" width=\"1024\" height=\"408\" src=\"https:\/\/www.hsu-hh.de\/et\/wp-content\/uploads\/sites\/61\/2022\/04\/image_2022-04-19_165445018-1024x408.png\" data-credit=\"HSU-HH\/ET\" alt=\"tt\" class=\"wp-image-2611\" style=\"width:483px;height:192px\" srcset=\"https:\/\/www.hsu-hh.de\/et\/wp-content\/uploads\/sites\/61\/2022\/04\/image_2022-04-19_165445018-1024x408.png 1024w, https:\/\/www.hsu-hh.de\/et\/wp-content\/uploads\/sites\/61\/2022\/04\/image_2022-04-19_165445018-300x120.png 300w, https:\/\/www.hsu-hh.de\/et\/wp-content\/uploads\/sites\/61\/2022\/04\/image_2022-04-19_165445018-768x306.png 768w, https:\/\/www.hsu-hh.de\/et\/wp-content\/uploads\/sites\/61\/2022\/04\/image_2022-04-19_165445018-1536x613.png 1536w, https:\/\/www.hsu-hh.de\/et\/wp-content\/uploads\/sites\/61\/2022\/04\/image_2022-04-19_165445018-1100x439.png 1100w, https:\/\/www.hsu-hh.de\/et\/wp-content\/uploads\/sites\/61\/2022\/04\/image_2022-04-19_165445018.png 1848w\" sizes=\"auto, (max-width: 1024px) 100vw, 1024px\" \/><\/a><figcaption class=\"wp-element-caption\">Studienplan<\/figcaption><\/figure>\n<\/div>\n\n\n<p><a href=\"https:\/\/campus.hsu-hh.de\/qisserver\/rds?state=modulBeschrGast&amp;moduleParameter=modDescr&amp;struct=auswahlBaum&amp;navigation=Y&amp;next=tree.vm&amp;nextdir=qispos\/modulBeschr\/gast&amp;nodeID=auswahlBaum%7Cabschluss%3Aabschl%3D87%7Cstudiengang%3Astg%3D448%7CstgSpecials%3Avert%3D%2Cschwp%3D%2Ckzfa%3DH%2Cpversion%3D2021%7CkontoOnTop%3Apordnr%3D9704&amp;expand=0&amp;lastState=modulBeschrGast&amp;asi=#auswahlBaum%7Cabschluss%3Aabschl%3D87%7Cstudiengang%3Astg%3D448%7CstgSpecials%3Avert%3D%2Cschwp%3D%2Ckzfa%3DH%2Cpversion%3D2021%7CkontoOnTop%3Apordnr%3D9704\" target=\"_blank\" rel=\"noreferrer noopener\">Modulhandbuch: Informatik-Ingenieurwesen (<abbr title=\"Master of Science\">M.Sc.<\/abbr>)<\/a><\/p>\n<\/div>\n\n\n\n<div class=\"wp-block-column has-grey-background-color has-background is-layout-flow wp-block-column-is-layout-flow\">\n<h2 class=\"wp-block-heading\" id=\"master-2\">Erneuerbare Energien und <br>intelligente Netze (M. Sc.) <\/h2>\n\n\n\n<p>Eines der wichtigsten aktuellen und zuk\u00fcnftigen Aufgabenfelder der Technik ist der \u00dcbergang zu einer nachhaltigen Energieversorgung mit erneuer-baren Energien. Mit deren Einsatz werden die Brennstoff-ressourcen geschont, der Umweltschutz verbessert und der Einfluss auf das Klima minimiert. <\/p>\n\n\n\n<p>Der Master-Studiengang Erneuerbare Energien und intelligente Netze vermittelt die dazu notwendigen Kompetenzen. Zun\u00e4chst werden die konventionellen und erneuerbaren Energiewandler in den Modulen Grundlagen der elektrische Maschinen und Antriebe, Leistungselektronik und Elektrische Energieversorgung behandelt. <\/p>\n\n\n\n<p>Das Energieversorgungssystem muss an die wetterabh\u00e4ngig schwankende Energiewandlung aus Wind- und Photovoltaikkraftwerken angepasst werden. Es ergeben sich Probleme durch Prognoseungenauigkeiten, steile Leistungsanstiege, Zeiten mit geringer Energiebereitstellung sowie Zeitr\u00e4ume mit \u00fcbersch\u00fcssiger elektrischer Energie. L\u00f6sungsans\u00e4tze daf\u00fcr sind der Ausbau des elektrischen Netzes, die Energiespeicherung, die flexible Energieerzeugung sowie die Steuerung des Verbrauchs. Zur optimalen Abstimmung dieser M\u00f6glichkeiten muss der elektrische Lastfluss nach ver\u00e4nderten Regeln gesteuert werden. Dazu werden die elektrischen Netze mit neuen Typen von Messger\u00e4ten und Sensoren ausgestattet. Sie werden damit zu intelligenten Netzen (Smart Grids). <\/p>\n\n\n\n<p>Auch in den elektrischen Bordnetzen von Kraftfahrzeugen, Schiffen und Flugzeugen steigt die Anzahl elektrischer Verbraucher stark an; damit erh\u00f6ht sich die Komplexit\u00e4t dieser Systeme. Die Komponenten elektrischer Generator, Brennstoffzelle <abbr title=\"beziehungsweise\">bzw.<\/abbr> Batterie, die Energieverteilung und die Verbraucher m\u00fcssen technologisch aufeinander abgestimmt und zusammen geregelt werden. <\/p>\n\n\n\n<p>Die Studierenden erwerben die Kompetenzen zur L\u00f6sung all dieser Aufgaben in den Modulen Hochspannungstechnik, Netzbetrieb und intelligente Netze, Betriebssysteme und Rechnernetze, Messtechnik f\u00fcr intelligente Netze, Leistungselektronik f\u00fcr intelligente Netze, Nichtlineare Regelungen sowie Regenerative Energiesysteme im Netzparallelbetrieb.<\/p>\n\n\n<div class=\"wp-block-image is-style-default\">\n<figure class=\"aligncenter size-large is-resized\"><a href=\"https:\/\/www.hsu-hh.de\/et\/wp-content\/uploads\/sites\/61\/2022\/04\/image_2022-04-19_165152187.png\"><img loading=\"lazy\" decoding=\"async\" width=\"1024\" height=\"400\" src=\"https:\/\/www.hsu-hh.de\/et\/wp-content\/uploads\/sites\/61\/2022\/04\/image_2022-04-19_165152187-1024x400.png\" data-credit=\"HSU-HH\/ET\" alt=\"tt\" class=\"wp-image-2608\" style=\"width:485px;height:189px\" srcset=\"https:\/\/www.hsu-hh.de\/et\/wp-content\/uploads\/sites\/61\/2022\/04\/image_2022-04-19_165152187-1024x400.png 1024w, https:\/\/www.hsu-hh.de\/et\/wp-content\/uploads\/sites\/61\/2022\/04\/image_2022-04-19_165152187-300x117.png 300w, https:\/\/www.hsu-hh.de\/et\/wp-content\/uploads\/sites\/61\/2022\/04\/image_2022-04-19_165152187-768x300.png 768w, https:\/\/www.hsu-hh.de\/et\/wp-content\/uploads\/sites\/61\/2022\/04\/image_2022-04-19_165152187-1536x601.png 1536w, https:\/\/www.hsu-hh.de\/et\/wp-content\/uploads\/sites\/61\/2022\/04\/image_2022-04-19_165152187-1100x430.png 1100w, https:\/\/www.hsu-hh.de\/et\/wp-content\/uploads\/sites\/61\/2022\/04\/image_2022-04-19_165152187.png 1859w\" sizes=\"auto, (max-width: 1024px) 100vw, 1024px\" \/><\/a><figcaption class=\"wp-element-caption\">Studienplan<\/figcaption><\/figure>\n<\/div>\n\n\n<p><a href=\"https:\/\/campus.hsu-hh.de\/qisserver\/rds?state=modulBeschrGast&amp;moduleParameter=modDescr&amp;struct=auswahlBaum&amp;navigation=Y&amp;next=tree.vm&amp;nextdir=qispos\/modulBeschr\/gast&amp;nodeID=auswahlBaum%7Cabschluss%3Aabschl%3D87%7Cstudiengang%3Astg%3D548%7CstgSpecials%3Avert%3D%2Cschwp%3D%2Ckzfa%3DH%2Cpversion%3D2021%7CkontoOnTop%3Apordnr%3D9705&amp;expand=0&amp;lastState=modulBeschrGast&amp;asi=#auswahlBaum%7Cabschluss%3Aabschl%3D87%7Cstudiengang%3Astg%3D548%7CstgSpecials%3Avert%3D%2Cschwp%3D%2Ckzfa%3DH%2Cpversion%3D2021%7CkontoOnTop%3Apordnr%3D9705\" target=\"_blank\" rel=\"noreferrer noopener\">Modulhandbuch: Erneuerbare Energien und intelligente Netze (<abbr title=\"Master of Science\">M.Sc.<\/abbr>)<\/a><\/p>\n\n\n\n<p class=\"has-white-background-color has-background has-small-font-size\"><\/p>\n\n\n\n<h2 class=\"wp-block-heading\" id=\"master-4\">Informationstechnik (M. Sc.)<\/h2>\n\n\n\n<p>Gleichg\u00fcltig, ob wir jemanden anrufen, ob wir eine E-Mail verschicken oder eine Web-Anwendung nutzen, immer werden Kommunikationsnetze verwendet, um unsichtbar f\u00fcr den Nutzer die ben\u00f6tigten Daten schnell, sicher und zuverl\u00e4ssig um den Globus zu transportieren. <\/p>\n\n\n\n<p>Die Informationstechnik bildet die Basis f\u00fcr den Entwurf, die Realisierung und den Betrieb des globalen Internets. <br>Die Informationstechnik besteht aus den Teilgebieten Digitale Signalverarbeitung, Kommunikationssysteme, Integrierte Schaltungen sowie Hochfrequenztechnik und befasst sich mit der Planung, dem Entwurf und der Umsetzung von komplexen Systemen zur Informations\u00fcbertragung \u00fcber heterogene \u00dcbertragungsmedien (Kabel, Funk). <\/p>\n\n\n\n<p>Eine wesentliche Aufgabe der Informationstechnik ist hierbei die Erfassung und Verarbeitung von Multimedia-Signalen (Sprache, Audio, Video, Sensorsignale) sowie deren \u00dcbertragung \u00fcber Mobilfunknetze, Satellitensysteme oder Computernetzwerke, wie das globale Internet. Die Digitale Signalverarbeitung behandelt hierbei Verfahren zur Codierung, Sch\u00e4tzung und Klassifikation von Signalen sowie zur Systemidentifikation. Software Engineering sowie die Benutzung diverser Programmier-Werkzeuge bilden das Fundament zur effizienten Realisierung dieser Verfahren in Form von Software-Algorithmen. <\/p>\n\n\n\n<p>Die Kombination von Digitaler Signalverarbeitung und Nachrichtentheorie wird genutzt, um digitale Kommunikationssysteme zu entwerfen<br>und aufzubauen. Dass elektronische Ger\u00e4te \u2013 gerade im Bereich der mobilen Kommunikation \u2013 immer kleiner und leistungsf\u00e4higer werden, ist im Wesentlichen der st\u00fcrmischen Entwicklung im Bereich der Integrierten Schaltungen zu verdanken. <\/p>\n\n\n\n<p>Neue Technologien und Herstellungsmethoden erm\u00f6glichen es, immer mehr Komponenten auf einem Chip zu integrieren. Dabei werden sowohl analoge als auch digitale Schaltungen zu komplexen Systemen integriert. Die Hochfrequenz- und Mikrowellentechnik als klassische Gebiete der Informationstechnik befassen sich schwerpunktm\u00e4\u00dfig mit der Nutzbarmachung elektromagnetischer Wellen f\u00fcr die Informations\u00fcbertragung. <\/p>\n\n\n\n<p>Die j\u00fcngere Entwicklung ist gekennzeichnet durch die Erschlie\u00dfung immer h\u00f6herer Frequenzen im Gigahertzbereich f\u00fcr die drahtlose Kommunikation. Als Basistechnologie f\u00fcr das globale Internet spielt die Optische Nachrichtentechnik eine entscheidende Rolle.<br>Sie erlaubt es, Entfernungen \u00fcber 30.000 km zu \u00fcberbr\u00fccken.<\/p>\n\n\n<div class=\"wp-block-image is-style-default\">\n<figure class=\"aligncenter size-large is-resized\"><a href=\"https:\/\/www.hsu-hh.de\/et\/wp-content\/uploads\/sites\/61\/2022\/04\/image_2022-04-19_165605483.png\" target=\"_blank\" rel=\"noopener\"><img loading=\"lazy\" decoding=\"async\" width=\"1024\" height=\"378\" src=\"https:\/\/www.hsu-hh.de\/et\/wp-content\/uploads\/sites\/61\/2022\/04\/image_2022-04-19_165605483-1024x378.png\" data-credit=\"HSU-HH\/ET\" alt=\"tt\" class=\"wp-image-2613\" style=\"width:485px;height:179px\" srcset=\"https:\/\/www.hsu-hh.de\/et\/wp-content\/uploads\/sites\/61\/2022\/04\/image_2022-04-19_165605483-1024x378.png 1024w, https:\/\/www.hsu-hh.de\/et\/wp-content\/uploads\/sites\/61\/2022\/04\/image_2022-04-19_165605483-300x111.png 300w, https:\/\/www.hsu-hh.de\/et\/wp-content\/uploads\/sites\/61\/2022\/04\/image_2022-04-19_165605483-768x283.png 768w, https:\/\/www.hsu-hh.de\/et\/wp-content\/uploads\/sites\/61\/2022\/04\/image_2022-04-19_165605483-1536x567.png 1536w, https:\/\/www.hsu-hh.de\/et\/wp-content\/uploads\/sites\/61\/2022\/04\/image_2022-04-19_165605483-1100x406.png 1100w, https:\/\/www.hsu-hh.de\/et\/wp-content\/uploads\/sites\/61\/2022\/04\/image_2022-04-19_165605483.png 1848w\" sizes=\"auto, (max-width: 1024px) 100vw, 1024px\" \/><\/a><figcaption class=\"wp-element-caption\">Studienplan<\/figcaption><\/figure>\n<\/div>\n\n\n<p><a href=\"https:\/\/campus.hsu-hh.de\/qisserver\/rds?state=modulBeschrGast&amp;moduleParameter=modDescr&amp;struct=auswahlBaum&amp;navigation=Y&amp;next=tree.vm&amp;nextdir=qispos\/modulBeschr\/gast&amp;nodeID=auswahlBaum%7Cabschluss%3Aabschl%3D87%7Cstudiengang%3Astg%3D248%7CstgSpecials%3Avert%3D%2Cschwp%3D%2Ckzfa%3DH%2Cpversion%3D2021%7CkontoOnTop%3Apordnr%3D9703&amp;expand=0&amp;lastState=modulBeschrGast&amp;asi=#auswahlBaum%7Cabschluss%3Aabschl%3D87%7Cstudiengang%3Astg%3D248%7CstgSpecials%3Avert%3D%2Cschwp%3D%2Ckzfa%3DH%2Cpversion%3D2021%7CkontoOnTop%3Apordnr%3D9703\" target=\"_blank\" rel=\"noreferrer noopener\">Modulhandbuch: Informationstechnik (<abbr title=\"Master of Science\">M.Sc.<\/abbr>)<\/a><\/p>\n\n\n\n<p class=\"has-white-background-color has-background has-small-font-size\"><\/p>\n\n\n\n<p><a href=\"https:\/\/campus.hsu-hh.de\/qisserver\/rds?state=modulBeschrGast&amp;moduleParameter=modDescr&amp;struct=auswahlBaum&amp;navigation=Y&amp;next=tree.vm&amp;nextdir=qispos\/modulBeschr\/gast&amp;nodeID=auswahlBaum%7Cabschluss%3Aabschl%3D87%7Cstudiengang%3Astg%3D348%7CstgSpecials%3Avert%3D%2Cschwp%3D%2Ckzfa%3DH%2Cpversion%3D2021%7CkontoOnTop%3Apordnr%3D9701&amp;expand=0&amp;lastState=modulBeschrGast&amp;asi=#auswahlBaum%7Cabschluss%3Aabschl%3D87%7Cstudiengang%3Astg%3D348%7CstgSpecials%3Avert%3D%2Cschwp%3D%2Ckzfa%3DH%2Cpversion%3D2021%7CkontoOnTop%3Apordnr%3D9701\" target=\"_blank\" rel=\"noreferrer noopener\">Modulhandbuch: Master-Wahlpflichtmodule<\/a><\/p>\n\n\n\n<p><a href=\"https:\/\/www.hsu-hh.de\/asv\/allgemeine-pruefungsordnung\/\" target=\"_blank\" rel=\"noreferrer noopener\">Allgemeine Pr\u00fcfungsordnung (<abbr title=\"Allgemeine Pr\u00fcfungsordnung\">APO<\/abbr> )<\/a><\/p>\n\n\n\n<p class=\"panel-collapse in\"><a href=\"https:\/\/www.hsu-hh.de\/asv\/studiengaenge\/#details-0-3\" data-type=\"URL\" data-id=\"https:\/\/www.hsu-hh.de\/asv\/studiengaenge\/#details-0-3\" target=\"_blank\" rel=\"noreferrer noopener\">Fachspezifische Studien- und Pr\u00fcfungsordnung (<abbr title=\"Fachspezifische Studien- und Pr\u00fcfungsordnung\">FSPO<\/abbr> )<\/a><\/p>\n<\/div>\n<\/div>\n<div class=\"shariff\"><ul class=\"shariff-buttons theme-default orientation-horizontal buttonsize-medium\"><li class=\"shariff-button facebook shariff-nocustomcolor\" style=\"background-color:#4273c8\"><a href=\"https:\/\/www.facebook.com\/sharer\/sharer.php?u=https%3A%2F%2Fwww.hsu-hh.de%2Fet%2Fstudium%2Fmaster-studiengaenge-2\" title=\"Bei Facebook teilen\" aria-label=\"Bei Facebook teilen\" role=\"button\" rel=\"nofollow\" class=\"shariff-link\" style=\"; background-color:#3b5998; color:#fff\" target=\"_blank\"><span class=\"shariff-icon\" style=\"\"><svg width=\"32px\" height=\"20px\" xmlns=\"http:\/\/www.w3.org\/2000\/svg\" viewBox=\"0 0 18 32\"><path fill=\"#3b5998\" d=\"M17.1 0.2v4.7h-2.8q-1.5 0-2.1 0.6t-0.5 1.9v3.4h5.2l-0.7 5.3h-4.5v13.6h-5.5v-13.6h-4.5v-5.3h4.5v-3.9q0-3.3 1.9-5.2t5-1.8q2.6 0 4.1 0.2z\"\/><\/svg><\/span><span class=\"shariff-text\">teilen<\/span>&nbsp;<\/a><\/li><li class=\"shariff-button twitter shariff-nocustomcolor\" style=\"background-color:#595959\"><a href=\"https:\/\/twitter.com\/share?url=https%3A%2F%2Fwww.hsu-hh.de%2Fet%2Fstudium%2Fmaster-studiengaenge-2&text=Auslaufende%20Master-Studieng%C3%A4nge\" title=\"Bei X teilen\" aria-label=\"Bei X teilen\" role=\"button\" rel=\"noopener nofollow\" class=\"shariff-link\" style=\"; background-color:#000; color:#fff\" target=\"_blank\"><span class=\"shariff-icon\" style=\"\"><svg width=\"32px\" height=\"20px\" xmlns=\"http:\/\/www.w3.org\/2000\/svg\" viewBox=\"0 0 24 24\"><path fill=\"#000\" d=\"M14.258 10.152L23.176 0h-2.113l-7.747 8.813L7.133 0H0l9.352 13.328L0 23.973h2.113l8.176-9.309 6.531 9.309h7.133zm-2.895 3.293l-.949-1.328L2.875 1.56h3.246l6.086 8.523.945 1.328 7.91 11.078h-3.246zm0 0\"\/><\/svg><\/span><span class=\"shariff-text\">teilen<\/span>&nbsp;<\/a><\/li><\/ul><\/div>","protected":false},"excerpt":{"rendered":"<p>Studienbeginn letztmalig Jan. 2026 Elektrische Energietechnik (M. Sc.) Der Masterstudiengang Elektrische Energietechnik behandelt die wichtigen Themen der elektrischen Energieerzeugung und -verteilung sowie der leistungselektronischen und elektro-mechanischen Energieumwandlung. Das Stoffgebiet der [&hellip;]<\/p>\n","protected":false},"author":3282,"featured_media":0,"parent":2175,"menu_order":0,"comment_status":"closed","ping_status":"closed","template":"","meta":{"footnotes":""},"categories":[278,292,178],"tags":[364,358,362,360,366],"class_list":["post-2940","page","type-page","status-publish","hentry","category-elektrotechnik","category-master-elektrotechnik","category-version20","tag-elektrische-energietechnik","tag-erneuerbare-energien","tag-informatik-ingenieurwesen","tag-informationstechnik","tag-intelligente-netze"],"_links":{"self":[{"href":"https:\/\/www.hsu-hh.de\/et\/wp-json\/wp\/v2\/pages\/2940","targetHints":{"allow":["GET"]}}],"collection":[{"href":"https:\/\/www.hsu-hh.de\/et\/wp-json\/wp\/v2\/pages"}],"about":[{"href":"https:\/\/www.hsu-hh.de\/et\/wp-json\/wp\/v2\/types\/page"}],"author":[{"embeddable":true,"href":"https:\/\/www.hsu-hh.de\/et\/wp-json\/wp\/v2\/users\/3282"}],"replies":[{"embeddable":true,"href":"https:\/\/www.hsu-hh.de\/et\/wp-json\/wp\/v2\/comments?post=2940"}],"version-history":[{"count":37,"href":"https:\/\/www.hsu-hh.de\/et\/wp-json\/wp\/v2\/pages\/2940\/revisions"}],"predecessor-version":[{"id":4306,"href":"https:\/\/www.hsu-hh.de\/et\/wp-json\/wp\/v2\/pages\/2940\/revisions\/4306"}],"up":[{"embeddable":true,"href":"https:\/\/www.hsu-hh.de\/et\/wp-json\/wp\/v2\/pages\/2175"}],"wp:attachment":[{"href":"https:\/\/www.hsu-hh.de\/et\/wp-json\/wp\/v2\/media?parent=2940"}],"wp:term":[{"taxonomy":"category","embeddable":true,"href":"https:\/\/www.hsu-hh.de\/et\/wp-json\/wp\/v2\/categories?post=2940"},{"taxonomy":"post_tag","embeddable":true,"href":"https:\/\/www.hsu-hh.de\/et\/wp-json\/wp\/v2\/tags?post=2940"}],"curies":[{"name":"wp","href":"https:\/\/api.w.org\/{rel}","templated":true}]}}