{"id":2855,"date":"2022-05-16T13:22:32","date_gmt":"2022-05-16T11:22:32","guid":{"rendered":"https:\/\/www.hsu-hh.de\/et\/?page_id=2855"},"modified":"2025-12-08T16:00:19","modified_gmt":"2025-12-08T15:00:19","slug":"elektrotechnik-und-informationstechnik-b-sc","status":"publish","type":"page","link":"https:\/\/www.hsu-hh.de\/et\/studium\/elektrotechnik-und-informationstechnik-b-sc","title":{"rendered":"Elektrotechnik und Informationstechnik (B.Sc.)"},"content":{"rendered":"\n<p style=\"font-size:27px;font-style:normal;font-weight:700\">Studienbeginn letztmalig Herbst 2023<\/p>\n\n\n\n<div class=\"wp-block-columns is-layout-flex wp-container-core-columns-is-layout-9d6595d7 wp-block-columns-is-layout-flex\">\n<div class=\"wp-block-column has-grey-background-color has-background is-layout-flow wp-block-column-is-layout-flow\">\n<h2 class=\"wp-block-heading\">Aufbau des Studiums<\/h2>\n\n\n\n<p class=\"has-text-align-left\">Ein Studium an der Helmut-Schmidt-Universit\u00e4t\/Universit\u00e4t der Bundeswehr Hamburg (<abbr title=\"Helmut Schmidt Universit\u00e4t\">HSU<\/abbr>\/UniBW H) beginnt Anfang Oktober eines Jahres. Das Studienjahr ist in <strong>Trimester <\/strong>unterteilt. Jedes <em>Trimester umfasst zw\u00f6lf Wochen Vorlesungszeit<\/em>. In den Monaten von <em><strong>Juli bis September finden keine Lehrveranstaltungen<\/strong><\/em> statt. Diese Zeit wird neben der Pr\u00fcfungsvorbereitung auch f\u00fcr Praktika, Studien- und Abschlussarbeiten genutzt. Der Bachelor-Studiengang Elektrotechnik- und Informationstechnik dauert in der Regel <em><strong>sieben Trimester<\/strong><\/em> und besteht aus Pflichtmodulen, Wahlpflichtmodulen, der Abschlussarbeit und dem Fachpraktikum.<\/p>\n\n\n\n<p class=\"has-white-background-color has-background has-small-font-size\"><\/p>\n\n\n\n<h2 class=\"wp-block-heading\">Ihre Vorteile<\/h2>\n\n\n\n<div class=\"wp-block-columns is-not-stacked-on-mobile is-layout-flex wp-container-core-columns-is-layout-9d6595d7 wp-block-columns-is-layout-flex\">\n<div class=\"wp-block-column is-layout-flow wp-block-column-is-layout-flow\" style=\"flex-basis:0.1%\"><\/div>\n\n\n\n<div class=\"wp-block-column is-layout-flow wp-block-column-is-layout-flow\">\n<ul class=\"wp-block-list\">\n<li>Investition in Ihre Pers\u00f6nlichkeitsbildung und berufliche Zukunft.<br>Interessante Verwendungen in der Bundeswehr.<\/li>\n\n\n\n<li>Beste Berufsaussichten und Verdienstm\u00f6glichkeiten, internationale, branchen\u00fcbergreifende Perspektiven im Zivilberuf.<\/li>\n\n\n\n<li>Was Sie im Studium lernen, k\u00f6nnen Sie im Berufsleben auch einsetzen.<\/li>\n\n\n\n<li>Vielf\u00e4ltige T\u00e4tigkeiten als Offizier oder zivile F\u00fchrungskraft in Betrieb, Forschung und Entwicklung, Produktion, Vertrieb, Weiterbildung, Management.<\/li>\n<\/ul>\n<\/div>\n<\/div>\n\n\n<div class=\"wp-block-image is-style-default\">\n<figure class=\"aligncenter\"><img loading=\"lazy\" decoding=\"async\" width=\"262\" height=\"266\" src=\"https:\/\/www.hsu-hh.de\/et\/wp-content\/uploads\/sites\/61\/2022\/03\/Bild_2022-03-30_172406.png\" data-credit=\"tt\" alt=\"tt\" class=\"wp-image-2244\" \/><\/figure>\n<\/div>\n\n\n<div class=\"wp-block-columns is-not-stacked-on-mobile is-layout-flex wp-container-core-columns-is-layout-9d6595d7 wp-block-columns-is-layout-flex\">\n<div class=\"wp-block-column is-layout-flow wp-block-column-is-layout-flow\" style=\"flex-basis:1px\"><\/div>\n\n\n\n<div class=\"wp-block-column is-layout-flow wp-block-column-is-layout-flow\">\n<ul class=\"wp-block-list\">\n<li><span style=\"color: initial\">Pers\u00f6nliche, individuelle Betreuung.<\/span><\/li>\n\n\n\n<li>Famili\u00e4res Lernklima.<\/li>\n\n\n\n<li>Der Ingenieurberuf ist familienfreundlich und teilzeitgeeignet.<br><\/li>\n<\/ul>\n<\/div>\n<\/div>\n\n\n<div class=\"wp-block-image is-style-default\">\n<figure class=\"aligncenter\"><img loading=\"lazy\" decoding=\"async\" width=\"393\" height=\"268\" src=\"https:\/\/www.hsu-hh.de\/et\/wp-content\/uploads\/sites\/61\/2022\/03\/Bild_2022-03-30_172414.png\" data-credit=\"tt\" alt=\"tt\" class=\"wp-image-2245\" srcset=\"https:\/\/www.hsu-hh.de\/et\/wp-content\/uploads\/sites\/61\/2022\/03\/Bild_2022-03-30_172414.png 393w, https:\/\/www.hsu-hh.de\/et\/wp-content\/uploads\/sites\/61\/2022\/03\/Bild_2022-03-30_172414-300x205.png 300w\" sizes=\"auto, (max-width: 393px) 100vw, 393px\" \/><\/figure>\n<\/div>\n\n\n<div class=\"wp-block-columns is-layout-flex wp-container-core-columns-is-layout-9d6595d7 wp-block-columns-is-layout-flex\">\n<div class=\"wp-block-column is-layout-flow wp-block-column-is-layout-flow\" style=\"flex-basis:100%\">\n<p class=\"has-white-background-color has-background has-small-font-size\"><\/p>\n\n\n\n<h2 class=\"wp-block-heading\"><a href=\"https:\/\/www.hsu-hh.de\/et\/fakultaet-fuer-elektrotechnik-2-0\/studium-der-elektrotechnik\/der-bachelor-studiengang#details-0-4\">Fragen und Antworten<\/a><\/h2>\n\n\n\n<h3 class=\"wp-block-heading\">Kann ich das?<\/h3>\n\n\n\n<p>Ja! Wenn Sie Mathematik in der Schule schnell verstanden und gemocht haben, sich f\u00fcr logische Zusammenh\u00e4nge interessieren, sorgf\u00e4ltig arbeiten.<\/p>\n\n\n\n<h3 class=\"wp-block-heading\">Muss ich schon fit sein in Programmieren, Physik, Elektronik?<\/h3>\n\n\n\n<p>Nein! Alles was Sie in diesen Bereichen ben\u00f6tigen, erlernen Sie im Studium von Grund auf.<\/p>\n\n\n\n<h3 class=\"wp-block-heading\">Ich bin eher Denker- als Bastlertyp. Ist das ein Problem?<\/h3>\n\n\n\n<p>Erfahrungen im Schrauben und L\u00f6ten sind nicht erforderlich.<\/p>\n\n\n\n<h3 class=\"wp-block-heading\">Wie komme ich in der Offizierlaufbahn der Bundeswehr zum Studium an die&nbsp;<abbr title=\"Helmut Schmidt Universit\u00e4t\">HSU<\/abbr>\/UniBW H?<\/h3>\n\n\n\n<p>Kostenlose Karriere-Hotline Tel. <a href=\"tel:0800 9800880\" rel='nofollow'>0800 9800880<\/a>,&nbsp;<a rel=\"noreferrer noopener\" href=\"http:\/\/www.bundeswehr-karriere.de\/\" target=\"_blank\">www.bundeswehr-karriere.de<\/a><\/p>\n\n\n\n<h3 class=\"wp-block-heading\">Wie komme ich als Zivilist\/-in zum Studium an die&nbsp;<abbr title=\"Helmut Schmidt Universit\u00e4t\">HSU<\/abbr>\/UniBW H?<\/h3>\n\n\n\n<p><a rel=\"noreferrer noopener\" href=\"https:\/\/www.hsu-hh.de\/hsm\/ziviles-studium\/foerderung\" target=\"_blank\">Aktuelle Angebote f\u00fcr zivile Studierende<\/a><\/p>\n<\/div>\n<\/div>\n<\/div>\n\n\n\n<div class=\"wp-block-column has-grey-background-color has-background is-layout-flow wp-block-column-is-layout-flow\">\n<h2 class=\"wp-block-heading\">Unser Angebot<\/h2>\n\n\n\n<div class=\"wp-block-columns is-not-stacked-on-mobile is-layout-flex wp-container-core-columns-is-layout-9d6595d7 wp-block-columns-is-layout-flex\">\n<div class=\"wp-block-column is-layout-flow wp-block-column-is-layout-flow\" style=\"flex-basis:0.1%\"><\/div>\n\n\n\n<div class=\"wp-block-column is-layout-flow wp-block-column-is-layout-flow\">\n<ul class=\"wp-block-list\">\n<li>Studieneingangsphase mit gezielter Auffrischung von Schulkenntnissen.<\/li>\n\n\n\n<li>Individuelle Lernberatung.<\/li>\n\n\n\n<li>Mentorenprogramm: Akademische und studentische Ansprechpartner\/innen begleiten Sie durch das Studium.<br><br><\/li>\n<\/ul>\n<\/div>\n<\/div>\n\n\n<div class=\"wp-block-image is-style-default\">\n<figure class=\"aligncenter\"><img decoding=\"async\" src=\"https:\/\/www.hsu-hh.de\/lts\/wp-content\/uploads\/sites\/814\/2022\/05\/image_2022-05-16_110925120.png\" alt=\"tt\" class=\"wp-image-1898\" \/><\/figure>\n<\/div>\n\n\n<p class=\"has-white-background-color has-background has-small-font-size\"><\/p>\n\n\n\n<h2 class=\"wp-block-heading\">Hervorragende Bewertungen<\/h2>\n\n\n<div class=\"wp-block-image is-style-default\">\n<figure class=\"aligncenter\"><img loading=\"lazy\" decoding=\"async\" width=\"190\" height=\"283\" src=\"https:\/\/www.hsu-hh.de\/et\/wp-content\/uploads\/sites\/61\/2022\/05\/image_2022-05-13_133826115.png\" data-credit=\"CHE Centrum f\u00fcr Hochschulentwicklung\" alt=\"CHE Ranking 2022\/2023\" class=\"wp-image-2802\" \/><\/figure>\n<\/div>\n\n\n<p><strong>Unsere Studieng\u00e4nge nehmen am CHE-Ranking teil und erreichen regelm\u00e4\u00dfig hervorragende Bewertungen.<\/strong><\/p>\n\n\n\n<p class=\"has-white-background-color has-background has-small-font-size\"><\/p>\n\n\n\n<p><a href=\"https:\/\/campus.hsu-hh.de\/qisserver\/rds?state=modulBeschrGast&amp;moduleParameter=modDescr&amp;struct=auswahlBaum&amp;navigation=Y&amp;next=tree.vm&amp;nextdir=qispos\/modulBeschr\/gast&amp;nodeID=auswahlBaum%7Cabschluss%3Aabschl%3D82%7Cstudiengang%3Astg%3D048%7CstgSpecials%3Avert%3D%2Cschwp%3D%2Ckzfa%3DH%2Cpversion%3D2021%7CkontoOnTop%3Apordnr%3D9667&amp;expand=1&amp;lastState=modulBeschrGast&amp;asi=#auswahlBaum%7Cabschluss%3Aabschl%3D82%7Cstudiengang%3Astg%3D048%7CstgSpecials%3Avert%3D%2Cschwp%3D%2Ckzfa%3DH%2Cpversion%3D2021%7CkontoOnTop%3Apordnr%3D9667\" target=\"_blank\" rel=\"noreferrer noopener\">Modulhandbuch (<abbr title=\"Bachelor of Science\">B.Sc.<\/abbr>)<\/a><\/p>\n\n\n\n<p><a href=\"https:\/\/www.hsu-hh.de\/asv\/wp-content\/uploads\/sites\/776\/2024\/08\/Praktikumsordnung-der-Fakultaet-fuer-Elektrotechnik_HSA-19.03.24.pdf\" target=\"_blank\" rel=\"noreferrer noopener\">Praktikumsordnung<\/a><\/p>\n\n\n\n<p><a href=\"https:\/\/www.hsu-hh.de\/asv\/allgemeine-pruefungsordnung\/\" target=\"_blank\" rel=\"noreferrer noopener\">Allgemeine Pr\u00fcfungsordnung (<abbr title=\"Allgemeine Pr\u00fcfungsordnung\">APO<\/abbr>&nbsp;)<\/a><\/p>\n\n\n\n<p><a href=\"https:\/\/www.hsu-hh.de\/asv\/studiengaenge\/#details-0-3\" target=\"_blank\" rel=\"noreferrer noopener\">Fachspezifische Studien- und Pr\u00fcfungsordnung (<abbr title=\"Fachspezifische Studien- und Pr\u00fcfungsordnung\">FSPO<\/abbr>&nbsp;)<\/a><\/p>\n<\/div>\n<\/div>\n<div class=\"shariff\"><ul class=\"shariff-buttons theme-default orientation-horizontal buttonsize-medium\"><li class=\"shariff-button facebook shariff-nocustomcolor\" style=\"background-color:#4273c8\"><a href=\"https:\/\/www.facebook.com\/sharer\/sharer.php?u=https%3A%2F%2Fwww.hsu-hh.de%2Fet%2Fstudium%2Felektrotechnik-und-informationstechnik-b-sc\" title=\"Bei Facebook teilen\" aria-label=\"Bei Facebook teilen\" role=\"button\" rel=\"nofollow\" class=\"shariff-link\" style=\"; background-color:#3b5998; color:#fff\" target=\"_blank\"><span class=\"shariff-icon\" style=\"\"><svg width=\"32px\" height=\"20px\" xmlns=\"http:\/\/www.w3.org\/2000\/svg\" viewBox=\"0 0 18 32\"><path fill=\"#3b5998\" d=\"M17.1 0.2v4.7h-2.8q-1.5 0-2.1 0.6t-0.5 1.9v3.4h5.2l-0.7 5.3h-4.5v13.6h-5.5v-13.6h-4.5v-5.3h4.5v-3.9q0-3.3 1.9-5.2t5-1.8q2.6 0 4.1 0.2z\"\/><\/svg><\/span><span class=\"shariff-text\">teilen<\/span>&nbsp;<\/a><\/li><li class=\"shariff-button twitter shariff-nocustomcolor\" style=\"background-color:#595959\"><a href=\"https:\/\/twitter.com\/share?url=https%3A%2F%2Fwww.hsu-hh.de%2Fet%2Fstudium%2Felektrotechnik-und-informationstechnik-b-sc&text=Elektrotechnik%20und%20Informationstechnik%20%28B.Sc.%29\" title=\"Bei X teilen\" aria-label=\"Bei X teilen\" role=\"button\" rel=\"noopener nofollow\" class=\"shariff-link\" style=\"; background-color:#000; color:#fff\" target=\"_blank\"><span class=\"shariff-icon\" style=\"\"><svg width=\"32px\" height=\"20px\" xmlns=\"http:\/\/www.w3.org\/2000\/svg\" viewBox=\"0 0 24 24\"><path fill=\"#000\" d=\"M14.258 10.152L23.176 0h-2.113l-7.747 8.813L7.133 0H0l9.352 13.328L0 23.973h2.113l8.176-9.309 6.531 9.309h7.133zm-2.895 3.293l-.949-1.328L2.875 1.56h3.246l6.086 8.523.945 1.328 7.91 11.078h-3.246zm0 0\"\/><\/svg><\/span><span class=\"shariff-text\">teilen<\/span>&nbsp;<\/a><\/li><\/ul><\/div>","protected":false},"excerpt":{"rendered":"<p>Studienbeginn letztmalig Herbst 2023 Aufbau des Studiums Ein Studium an der Helmut-Schmidt-Universit\u00e4t\/Universit\u00e4t der Bundeswehr Hamburg (HSU\/UniBW H) beginnt Anfang Oktober eines Jahres. Das Studienjahr ist in Trimester unterteilt. Jedes Trimester [&hellip;]<\/p>\n","protected":false},"author":3282,"featured_media":0,"parent":2175,"menu_order":0,"comment_status":"closed","ping_status":"closed","template":"","meta":{"footnotes":""},"categories":[306,278,308,178],"tags":[259,273,258,261,260],"class_list":["post-2855","page","type-page","status-publish","hentry","category-bachelor","category-elektrotechnik","category-faq-elektrotechnik","category-version20","tag-angebot","tag-aufbau","tag-elektrotechnik","tag-faq","tag-vorteile"],"_links":{"self":[{"href":"https:\/\/www.hsu-hh.de\/et\/wp-json\/wp\/v2\/pages\/2855","targetHints":{"allow":["GET"]}}],"collection":[{"href":"https:\/\/www.hsu-hh.de\/et\/wp-json\/wp\/v2\/pages"}],"about":[{"href":"https:\/\/www.hsu-hh.de\/et\/wp-json\/wp\/v2\/types\/page"}],"author":[{"embeddable":true,"href":"https:\/\/www.hsu-hh.de\/et\/wp-json\/wp\/v2\/users\/3282"}],"replies":[{"embeddable":true,"href":"https:\/\/www.hsu-hh.de\/et\/wp-json\/wp\/v2\/comments?post=2855"}],"version-history":[{"count":72,"href":"https:\/\/www.hsu-hh.de\/et\/wp-json\/wp\/v2\/pages\/2855\/revisions"}],"predecessor-version":[{"id":4301,"href":"https:\/\/www.hsu-hh.de\/et\/wp-json\/wp\/v2\/pages\/2855\/revisions\/4301"}],"up":[{"embeddable":true,"href":"https:\/\/www.hsu-hh.de\/et\/wp-json\/wp\/v2\/pages\/2175"}],"wp:attachment":[{"href":"https:\/\/www.hsu-hh.de\/et\/wp-json\/wp\/v2\/media?parent=2855"}],"wp:term":[{"taxonomy":"category","embeddable":true,"href":"https:\/\/www.hsu-hh.de\/et\/wp-json\/wp\/v2\/categories?post=2855"},{"taxonomy":"post_tag","embeddable":true,"href":"https:\/\/www.hsu-hh.de\/et\/wp-json\/wp\/v2\/tags?post=2855"}],"curies":[{"name":"wp","href":"https:\/\/api.w.org\/{rel}","templated":true}]}}