{"id":2833,"date":"2022-05-16T11:13:42","date_gmt":"2022-05-16T09:13:42","guid":{"rendered":"https:\/\/www.hsu-hh.de\/et\/?page_id=2833"},"modified":"2022-07-12T17:49:24","modified_gmt":"2022-07-12T15:49:24","slug":"test-elektrotechnik-und-informationstechnik-b-sc","status":"publish","type":"page","link":"https:\/\/www.hsu-hh.de\/et\/test-elektrotechnik-und-informationstechnik-b-sc","title":{"rendered":"Test &#8211; Elektrotechnik und Informationstechnik (B.Sc.)"},"content":{"rendered":"\n<div class=\"wp-block-columns is-layout-flex wp-container-core-columns-is-layout-9d6595d7 wp-block-columns-is-layout-flex\">\n<div class=\"wp-block-column is-layout-flow wp-block-column-is-layout-flow\">\n<div class=\"background-grey\">\n<h2>Aufbau des Studiums<\/h2>\n<p>Ein Studium an der Helmut-Schmidt-Universit\u00e4t beginnt Anfang Oktober eines Jahres. Das Studienjahr ist in Trimester unterteilt. Jedes\u00a0Trimester umfasst zw\u00f6lf Wochen Vorlesungszeit. In den Monaten von\u00a0Juli bis September finden keine Lehrveranstaltungen\u00a0statt. Diese Zeit wird neben der Pr\u00fcfungsvorbereitung auch f\u00fcr Praktika, Studien- und Abschlussarbeiten genutzt. Der Bachelor-Studiengang Elektrotechnik- und Informationstechnik dauert in der Regel\u00a0sieben Trimester\u00a0und besteht aus Pflichtmodulen, Wahlpflichtmodulen, der Abschlussarbeit und dem Fachpraktikum.<\/p>\n<p><img loading=\"lazy\" decoding=\"async\" class=\"alignnone size-full wp-image-2243 aligncenter\" src=\"https:\/\/www.hsu-hh.de\/et\/wp-content\/uploads\/sites\/61\/2022\/03\/Bild_2022-03-30_172350.png\" alt=\"tt\" width=\"390\" height=\"268\" data-credit=\"tt\" srcset=\"https:\/\/www.hsu-hh.de\/et\/wp-content\/uploads\/sites\/61\/2022\/03\/Bild_2022-03-30_172350.png 390w, https:\/\/www.hsu-hh.de\/et\/wp-content\/uploads\/sites\/61\/2022\/03\/Bild_2022-03-30_172350-300x206.png 300w\" sizes=\"auto, (max-width: 390px) 100vw, 390px\" \/><\/p>\n<\/div>\n<\/div>\n\n\n\n<div class=\"wp-block-column is-layout-flow wp-block-column-is-layout-flow\">\n<div class=\"background-grey\">\n<hr>\n<h2>Unser Angebot<\/h2>\n<ul>\n<li>Studieneingangsphase mit gezielter Auffrischung von Schulkenntnissen.<\/li>\n<li><span style=\"font-size: revert;color: initial\">Individuelle Lernberatung.<\/span><\/li>\n<li><span style=\"font-size: revert;color: initial\">Mentorenprogramm: Akademische und studentische Ansprechpartner\/innen begleiten Sie durch das Studium.<\/span><\/li>\n<\/ul>\n<hr>\n<p><img loading=\"lazy\" decoding=\"async\" class=\"alignnone size-full wp-image-1898 aligncenter\" src=\"https:\/\/www.hsu-hh.de\/lts\/wp-content\/uploads\/sites\/814\/2022\/05\/image_2022-05-16_110925120.png\" alt=\"tt\" width=\"398\" height=\"270\" data-credit=\"tt\"><\/p>\n<\/div>\n<\/div>\n<\/div>\n\n\n\n<div class=\"wp-block-columns is-layout-flex wp-container-core-columns-is-layout-9d6595d7 wp-block-columns-is-layout-flex\">\n<div class=\"wp-block-column is-layout-flow wp-block-column-is-layout-flow\">\n<div class=\"background-grey\">\n<hr>\n<h2>Ihre Vorteile<\/h2>\n<ul>\n<li>Investition in Ihre Pers\u00f6nlichkeitsbildung und berufliche Zukunft.<br>Interessante Verwendungen in der Bundeswehr.<\/li>\n<li><span style=\"font-size: revert;color: initial\">Beste Berufsaussichten und Verdienstm\u00f6glichkeiten, internationale, branchen\u00fcbergreifende Perspektiven im Zivilberuf.<\/span><\/li>\n<li><span style=\"font-size: revert;color: initial\">Was Sie im Studium lernen, k\u00f6nnen Sie im Berufsleben auch einsetzen.<\/span><\/li>\n<li><span style=\"font-size: revert;color: initial\">Vielf\u00e4ltige T\u00e4tigkeiten als Offizier oder zivile F\u00fchrungskraft in Betrieb, Forschung und Entwicklung, Produktion, Vertrieb, Weiterbildung, Management.<\/span><\/li>\n<\/ul>\n<p><img loading=\"lazy\" decoding=\"async\" class=\"alignnone size-full wp-image-2244 aligncenter\" src=\"https:\/\/www.hsu-hh.de\/et\/wp-content\/uploads\/sites\/61\/2022\/03\/Bild_2022-03-30_172406.png\" alt=\"tt\" width=\"262\" height=\"266\" data-credit=\"tt\"><\/p>\n<ul>\n<li>In den Lerngruppen k\u00f6nnen Frauen auch unter sich arbeiten \u2013 wenn sie es w\u00fcnschen.<\/li>\n<li>Pers\u00f6nliche, individuelle Betreuung.<\/li>\n<li>Famili\u00e4res Lernklima.<\/li>\n<li>Der Ingenieurberuf ist familienfreundlich und teilzeitgeeignet.<\/li>\n<\/ul>\n<p><img loading=\"lazy\" decoding=\"async\" class=\"size-full wp-image-2245 aligncenter\" src=\"https:\/\/www.hsu-hh.de\/et\/wp-content\/uploads\/sites\/61\/2022\/03\/Bild_2022-03-30_172414.png\" alt=\"tt\" width=\"393\" height=\"268\" data-credit=\"tt\" srcset=\"https:\/\/www.hsu-hh.de\/et\/wp-content\/uploads\/sites\/61\/2022\/03\/Bild_2022-03-30_172414.png 393w, https:\/\/www.hsu-hh.de\/et\/wp-content\/uploads\/sites\/61\/2022\/03\/Bild_2022-03-30_172414-300x205.png 300w\" sizes=\"auto, (max-width: 393px) 100vw, 393px\" \/><\/p>\n<\/div>\n<\/div>\n\n\n\n<div class=\"wp-block-column is-layout-flow wp-block-column-is-layout-flow\">\n<div class=\"background-grey\">\n<hr>\n<h2>Wie geht es weiter nach dem Bachelor?<\/h2>\n<p><img loading=\"lazy\" decoding=\"async\" class=\"alignnone size-full wp-image-2247 aligncenter\" src=\"https:\/\/www.hsu-hh.de\/et\/wp-content\/uploads\/sites\/61\/2022\/03\/Bild_2022-03-30_172439.png\" alt=\"tt\" width=\"388\" height=\"266\" data-credit=\"tt\" srcset=\"https:\/\/www.hsu-hh.de\/et\/wp-content\/uploads\/sites\/61\/2022\/03\/Bild_2022-03-30_172439.png 388w, https:\/\/www.hsu-hh.de\/et\/wp-content\/uploads\/sites\/61\/2022\/03\/Bild_2022-03-30_172439-300x206.png 300w\" sizes=\"auto, (max-width: 388px) 100vw, 388px\" \/><\/p>\n<p>Nach dem erfolgreichen Studium der Elektrotechnik und Informationstechnik (B. Sc.) k\u00f6nnen Sie unmittel- bar ein weiterf\u00fchrendes Master-Studium beginnen:<\/p>\n<ul>\n<li>Erneuerbare Energien und intelligente Netze&nbsp;Gestalten Sie die Energiewende.<\/li>\n<li>Elektrische EnergietechnikDie fundierte Ausbildung f\u00fcr Elektromobilit\u00e4t, intelligente Energienutzung u. v. m.<\/li>\n<li>Informatik-IngenieurwesenDamit Technik intelligenter wird.<br>InformationstechnikDamit Menschen in Verbindung bleiben<\/li>\n<\/ul>\n<\/div>\n<\/div>\n<\/div>\n\n\n\n<div class=\"wp-block-columns is-layout-flex wp-container-core-columns-is-layout-9d6595d7 wp-block-columns-is-layout-flex\">\n<div class=\"wp-block-column is-layout-flow wp-block-column-is-layout-flow\">\n<div class=\"background-grey\">\n<hr>\n<h2>Fragen und Antworten<\/h2>\n<h3><strong>Kann ich das?<\/strong><\/h3>\n<p>Ja! Wenn Sie Mathematik in der Schule schnell verstanden und gemocht haben, sich f\u00fcr logische Zusammenh\u00e4nge interessieren, sorgf\u00e4ltig arbeiten.<\/p>\n<h3><strong>Muss ich schon fit sein in Programmieren, Physik, Elektronik?<\/strong><\/h3>\n<p>Nein! Alles was Sie in diesen Bereichen ben\u00f6tigen, erlernen Sie im Studium von Grund auf.<\/p>\n<h3><strong>Ich bin eher Denker- als Bastlertyp. Ist das ein Problem?<\/strong><\/h3>\n<p>Erfahrungen im Schrauben und L\u00f6ten sind nicht erforderlich.<\/p>\n<p>Wie komme ich in der Offizierlaufbahn der Bundeswehr zum Studium an die&nbsp;<abbr title=\"Helmut Schmidt Universit\u00e4t\">HSU<\/abbr>?<\/p>\n<\/div>\n<div class=\"background-grey\">\n<p>Kostenlose Karriere-Hotline Tel. 0800 9800880,&nbsp;www.bundeswehr-karriere.de<\/p>\n<h3>Wie komme ich als Zivilist\/-in zum Studium an die&nbsp;<abbr title=\"Helmut Schmidt Universit\u00e4t\">HSU<\/abbr>?<\/h3>\n<p>Aktuelle Angebote f\u00fcr zivile Studierende<\/p>\n<\/div>\n<\/div>\n\n\n\n<div class=\"wp-block-column is-layout-flow wp-block-column-is-layout-flow\">\n<div class=\"background-grey\">\n<hr>\n<p><img loading=\"lazy\" decoding=\"async\" class=\"alignnone size-full wp-image-2802 aligncenter\" src=\"https:\/\/www.hsu-hh.de\/et\/wp-content\/uploads\/sites\/61\/2022\/05\/image_2022-05-13_133826115.png\" alt=\"CHE Ranking 2022\/2023\" width=\"190\" height=\"283\" data-credit=\"CHE Centrum f\u00fcr Hochschulentwicklung\"><\/p>\n<p><strong>Unsere Studieng\u00e4nge nehmen am CHE-Ranking teil und erreichen regelm\u00e4\u00dfig hervorragende Bewertungen.<\/strong><\/p>\n<\/div>\n<\/div>\n<\/div>\n\n\n\n<hr class=\"wp-block-separator is-style-wide\" \/>\n\n\n\n<div class=\"wp-block-columns is-layout-flex wp-container-core-columns-is-layout-9d6595d7 wp-block-columns-is-layout-flex\">\n<div class=\"wp-block-column is-layout-flow wp-block-column-is-layout-flow\">\n<hr>\n<div class=\"background-grey\">\n<div style=\"width: 1920px;\" class=\"wp-video\"><video class=\"wp-video-shortcode\" id=\"video-2833-1\" width=\"1920\" height=\"1080\" preload=\"metadata\" controls=\"controls\"><source type=\"video\/mp4\" src=\"https:\/\/www.hsu-hh.de\/et\/wp-content\/uploads\/sites\/61\/2022\/05\/ET_3.mp4?_=1\" \/><a href=\"https:\/\/www.hsu-hh.de\/et\/wp-content\/uploads\/sites\/61\/2022\/05\/ET_3.mp4\">https:\/\/www.hsu-hh.de\/et\/wp-content\/uploads\/sites\/61\/2022\/05\/ET_3.mp4<\/a><\/video><\/div>\n<p><\/p>\n<\/div>\n<\/div>\n\n\n\n<div class=\"wp-block-column is-layout-flow wp-block-column-is-layout-flow\">\n<div class=\"background-grey\">\n<hr>\n<h2>Studienplan<\/h2>\n<h2><img loading=\"lazy\" decoding=\"async\" class=\"alignnone size-full wp-image-2615\" src=\"https:\/\/www.hsu-hh.de\/et\/wp-content\/uploads\/sites\/61\/2022\/04\/image_2022-04-19_165732414.png\" alt=\"tt\" width=\"1837\" height=\"815\" data-credit=\"HSU-HH\/ET\" srcset=\"https:\/\/www.hsu-hh.de\/et\/wp-content\/uploads\/sites\/61\/2022\/04\/image_2022-04-19_165732414.png 1837w, https:\/\/www.hsu-hh.de\/et\/wp-content\/uploads\/sites\/61\/2022\/04\/image_2022-04-19_165732414-300x133.png 300w, https:\/\/www.hsu-hh.de\/et\/wp-content\/uploads\/sites\/61\/2022\/04\/image_2022-04-19_165732414-1024x454.png 1024w, https:\/\/www.hsu-hh.de\/et\/wp-content\/uploads\/sites\/61\/2022\/04\/image_2022-04-19_165732414-768x341.png 768w, https:\/\/www.hsu-hh.de\/et\/wp-content\/uploads\/sites\/61\/2022\/04\/image_2022-04-19_165732414-1536x681.png 1536w, https:\/\/www.hsu-hh.de\/et\/wp-content\/uploads\/sites\/61\/2022\/04\/image_2022-04-19_165732414-1100x488.png 1100w\" sizes=\"auto, (max-width: 1837px) 100vw, 1837px\" \/><\/h2>\n<\/div>\n<\/div>\n<\/div>\n\n\n\n<p><a rel=\"noreferrer noopener\" href=\"https:\/\/campus.hsu-hh.de\/qisserver\/rds?state=modulBeschrGast&amp;moduleParameter=modDescr&amp;struct=auswahlBaum&amp;navigation=Y&amp;next=tree.vm&amp;nextdir=qispos\/modulBeschr\/gast&amp;nodeID=auswahlBaum%7Cabschluss%3Aabschl%3D82%7Cstudiengang%3Astg%3D048%7CstgSpecials%3Avert%3D%2Cschwp%3D%2Ckzfa%3DH%2Cpversion%3D2021%7CkontoOnTop%3Apordnr%3D9667&amp;expand=0&amp;lastState=modulBeschrGast&amp;asi=#auswahlBaum%7Cabschluss%3Aabschl%3D82%7Cstudiengang%3Astg%3D048%7CstgSpecials%3Avert%3D%2Cschwp%3D%2Ckzfa%3DH%2Cpversion%3D2021%7CkontoOnTop%3Apordnr%3D9667\" target=\"_blank\">Modulhandbuch: Elektrotechnik und Informationstechnik (<abbr title=\"Bachelor of Science\">B.Sc.<\/abbr>) (Intranet)<\/a><\/p>\n\n\n\n<p><a href=\"https:\/\/www.hsu-hh.de\/et\/wp-content\/uploads\/sites\/61\/2022\/05\/modulhandbuch_et_05_2022.pdf\">Modulhandbuch: Elektrotechnik und Informationstechnik (<abbr title=\"Bachelor of Science\">B.Sc.<\/abbr>) (Stand 05\/2022)<\/a><\/p>\n\n\n\n<p><a rel=\"noreferrer noopener\" href=\"https:\/\/www.hsu-hh.de\/asv\/prakto-et\/\" target=\"_blank\">Praktikumsordnung<\/a><\/p>\n\n\n\n<p><a href=\"https:\/\/www.hsu-hh.de\/asv\/allgemeine-pruefungsordnung\/\">Allgemeine Pr\u00fcfungsordnung (<abbr title=\"Allgemeine Pr\u00fcfungsordnung\">APO<\/abbr>&nbsp;)<\/a><\/p>\n\n\n\n<p><a href=\"https:\/\/www.hsu-hh.de\/asv\/studiengaenge\/#details-0-3\">Fachspezifische Studien- und Pr\u00fcfungsordnung (<abbr title=\"Fachspezifische Studien- und Pr\u00fcfungsordnung\">FSPO<\/abbr>&nbsp;)<\/a><\/p>\n\n\n\n<p><a href=\"https:\/\/www.hsu-hh.de\/et\/wp-content\/uploads\/sites\/61\/2022\/04\/Fragen_antworten_BA_MA_ET_220414.pdf\">Fragen und Antworten zur Pr\u00fcfungsordnung<\/a><\/p>\n<div class=\"shariff\"><ul class=\"shariff-buttons theme-default orientation-horizontal buttonsize-medium\"><li class=\"shariff-button facebook shariff-nocustomcolor\" style=\"background-color:#4273c8\"><a href=\"https:\/\/www.facebook.com\/sharer\/sharer.php?u=https%3A%2F%2Fwww.hsu-hh.de%2Fet%2Ftest-elektrotechnik-und-informationstechnik-b-sc\" title=\"Bei Facebook teilen\" aria-label=\"Bei Facebook teilen\" role=\"button\" rel=\"nofollow\" class=\"shariff-link\" style=\"; background-color:#3b5998; color:#fff\" target=\"_blank\"><span class=\"shariff-icon\" style=\"\"><svg width=\"32px\" height=\"20px\" xmlns=\"http:\/\/www.w3.org\/2000\/svg\" viewBox=\"0 0 18 32\"><path fill=\"#3b5998\" d=\"M17.1 0.2v4.7h-2.8q-1.5 0-2.1 0.6t-0.5 1.9v3.4h5.2l-0.7 5.3h-4.5v13.6h-5.5v-13.6h-4.5v-5.3h4.5v-3.9q0-3.3 1.9-5.2t5-1.8q2.6 0 4.1 0.2z\"\/><\/svg><\/span><span class=\"shariff-text\">teilen<\/span>&nbsp;<\/a><\/li><li class=\"shariff-button twitter shariff-nocustomcolor\" style=\"background-color:#595959\"><a href=\"https:\/\/twitter.com\/share?url=https%3A%2F%2Fwww.hsu-hh.de%2Fet%2Ftest-elektrotechnik-und-informationstechnik-b-sc&text=Test%20%E2%80%93%20Elektrotechnik%20und%20Informationstechnik%20%28B.Sc.%29\" title=\"Bei X teilen\" aria-label=\"Bei X teilen\" role=\"button\" rel=\"noopener nofollow\" class=\"shariff-link\" style=\"; background-color:#000; color:#fff\" target=\"_blank\"><span class=\"shariff-icon\" style=\"\"><svg width=\"32px\" height=\"20px\" xmlns=\"http:\/\/www.w3.org\/2000\/svg\" viewBox=\"0 0 24 24\"><path fill=\"#000\" d=\"M14.258 10.152L23.176 0h-2.113l-7.747 8.813L7.133 0H0l9.352 13.328L0 23.973h2.113l8.176-9.309 6.531 9.309h7.133zm-2.895 3.293l-.949-1.328L2.875 1.56h3.246l6.086 8.523.945 1.328 7.91 11.078h-3.246zm0 0\"\/><\/svg><\/span><span class=\"shariff-text\">teilen<\/span>&nbsp;<\/a><\/li><\/ul><\/div>","protected":false},"excerpt":{"rendered":"<p>Aufbau des Studiums Ein Studium an der Helmut-Schmidt-Universit\u00e4t beginnt Anfang Oktober eines Jahres. Das Studienjahr ist in Trimester unterteilt. Jedes\u00a0Trimester umfasst zw\u00f6lf Wochen Vorlesungszeit. In den Monaten von\u00a0Juli bis September [&hellip;]<\/p>\n","protected":false},"author":3282,"featured_media":0,"parent":0,"menu_order":0,"comment_status":"closed","ping_status":"closed","template":"","meta":{"footnotes":""},"categories":[248],"tags":[],"class_list":["post-2833","page","type-page","status-publish","hentry","category-test"],"_links":{"self":[{"href":"https:\/\/www.hsu-hh.de\/et\/wp-json\/wp\/v2\/pages\/2833","targetHints":{"allow":["GET"]}}],"collection":[{"href":"https:\/\/www.hsu-hh.de\/et\/wp-json\/wp\/v2\/pages"}],"about":[{"href":"https:\/\/www.hsu-hh.de\/et\/wp-json\/wp\/v2\/types\/page"}],"author":[{"embeddable":true,"href":"https:\/\/www.hsu-hh.de\/et\/wp-json\/wp\/v2\/users\/3282"}],"replies":[{"embeddable":true,"href":"https:\/\/www.hsu-hh.de\/et\/wp-json\/wp\/v2\/comments?post=2833"}],"version-history":[{"count":14,"href":"https:\/\/www.hsu-hh.de\/et\/wp-json\/wp\/v2\/pages\/2833\/revisions"}],"predecessor-version":[{"id":2862,"href":"https:\/\/www.hsu-hh.de\/et\/wp-json\/wp\/v2\/pages\/2833\/revisions\/2862"}],"wp:attachment":[{"href":"https:\/\/www.hsu-hh.de\/et\/wp-json\/wp\/v2\/media?parent=2833"}],"wp:term":[{"taxonomy":"category","embeddable":true,"href":"https:\/\/www.hsu-hh.de\/et\/wp-json\/wp\/v2\/categories?post=2833"},{"taxonomy":"post_tag","embeddable":true,"href":"https:\/\/www.hsu-hh.de\/et\/wp-json\/wp\/v2\/tags?post=2833"}],"curies":[{"name":"wp","href":"https:\/\/api.w.org\/{rel}","templated":true}]}}