{"id":2210,"date":"2022-03-30T15:19:25","date_gmt":"2022-03-30T13:19:25","guid":{"rendered":"https:\/\/www.hsu-hh.de\/et\/?page_id=2210"},"modified":"2022-08-01T15:51:12","modified_gmt":"2022-08-01T13:51:12","slug":"erfolgreich-studieren","status":"publish","type":"page","link":"https:\/\/www.hsu-hh.de\/et\/studium\/erfolgreich-studieren","title":{"rendered":"Erfolgreiches Studium"},"content":{"rendered":"\n<div class=\"wp-block-columns is-layout-flex wp-container-core-columns-is-layout-9d6595d7 wp-block-columns-is-layout-flex\">\n<div class=\"wp-block-column is-layout-flow wp-block-column-is-layout-flow\" style=\"flex-basis:25%\"><\/div>\n\n\n\n<div class=\"wp-block-column is-layout-flow wp-block-column-is-layout-flow\" style=\"flex-basis:15%\"><\/div>\n<\/div>\n\n\n\n<div class=\"wp-block-columns is-layout-flex wp-container-core-columns-is-layout-9d6595d7 wp-block-columns-is-layout-flex\">\n<div class=\"wp-block-column is-layout-flow wp-block-column-is-layout-flow\">\n<p><iframe loading=\"lazy\" title=\"Erfolgreich studieren - Tipp 1\" width=\"500\" height=\"281\" src=\"https:\/\/www.youtube.com\/embed\/nOWd2UCTcvQ?feature=oembed\" frameborder=\"0\" allow=\"accelerometer; autoplay; clipboard-write; encrypted-media; gyroscope; picture-in-picture; web-share\" referrerpolicy=\"strict-origin-when-cross-origin\" allowfullscreen><\/iframe><\/p>\n\n\n\n<p class=\"has-text-align-center has-grey-background-color has-background has-medium-font-size\"><strong>Tipp 1: Erfolgreich Studieren<\/strong><\/p>\n\n\n\n<p class=\"has-text-align-center\">Die bist Studienanf\u00e4nger*in und m\u00f6chtest es schaffen? <br>Dann beachte diesen wichtigen Tipp!<\/p>\n<\/div>\n\n\n\n<div class=\"wp-block-column is-layout-flow wp-block-column-is-layout-flow\">\n<p><iframe loading=\"lazy\" title=\"Erfolgreich studieren - Tipp 2 - Zeitmanagement\" width=\"500\" height=\"281\" src=\"https:\/\/www.youtube.com\/embed\/hInSQD3MYIg?feature=oembed\" frameborder=\"0\" allow=\"accelerometer; autoplay; clipboard-write; encrypted-media; gyroscope; picture-in-picture; web-share\" referrerpolicy=\"strict-origin-when-cross-origin\" allowfullscreen><\/iframe><\/p>\n\n\n\n<p class=\"has-text-align-center has-grey-background-color has-background has-medium-font-size\"><strong>Tipp 2: Zeitmanagement<\/strong><\/p>\n\n\n\n<p class=\"has-text-align-center\">Wie viel Zeit nimmt eigentlich ein Studium in Anspruch? <br>Wie sieht eine typische Woche aus?<\/p>\n<\/div>\n<\/div>\n\n\n\n<div class=\"wp-block-columns is-layout-flex wp-container-core-columns-is-layout-9d6595d7 wp-block-columns-is-layout-flex\">\n<div class=\"wp-block-column is-layout-flow wp-block-column-is-layout-flow\">\n<p><iframe loading=\"lazy\" title=\"Erfolgreich studieren - Tipp 3 - Die richtige Hilfe suchen\" width=\"500\" height=\"281\" src=\"https:\/\/www.youtube.com\/embed\/o29zHQ4w51Y?feature=oembed\" frameborder=\"0\" allow=\"accelerometer; autoplay; clipboard-write; encrypted-media; gyroscope; picture-in-picture; web-share\" referrerpolicy=\"strict-origin-when-cross-origin\" allowfullscreen><\/iframe><\/p>\n\n\n\n<p class=\"has-text-align-center has-grey-background-color has-background has-medium-font-size\"><strong> Tipp 3: Die richtigen Hilfen suchen  <\/strong><\/p>\n\n\n\n<p class=\"has-text-align-center\">Wo findest Du Hilfe im Studium? <br>Die Antwort ist ganz einfach!<\/p>\n<\/div>\n\n\n\n<div class=\"wp-block-column is-layout-flow wp-block-column-is-layout-flow\">\n<p><iframe loading=\"lazy\" title=\"Erfolgreich studieren - Tipp 4 - Die perfekte Formelsammlung\" width=\"500\" height=\"281\" src=\"https:\/\/www.youtube.com\/embed\/0d_LzKuc5Zs?feature=oembed\" frameborder=\"0\" allow=\"accelerometer; autoplay; clipboard-write; encrypted-media; gyroscope; picture-in-picture; web-share\" referrerpolicy=\"strict-origin-when-cross-origin\" allowfullscreen><\/iframe><\/p>\n\n\n\n<p class=\"has-text-align-center has-grey-background-color has-background has-medium-font-size\"> <strong>Tipp 4: Die perfekte Formelsammlung<\/strong> <\/p>\n\n\n\n<p class=\"has-text-align-center\">Gibt es die perfekte Formelsammlung f\u00fcr Dein Studium? Ja! <br>Nur ein kleiner Schritt und Du hast sie!!<\/p>\n<\/div>\n<\/div>\n\n\n\n<hr class=\"wp-block-separator is-style-wide\" \/>\n\n\n\n<p class=\"has-text-align-center\"> Mehr Informationen \u00fcber die Basics der Elektrotechnik findet Ihr <a rel=\"noreferrer noopener\" href=\"https:\/\/www.youtube.com\/channel\/UCTf4pRIrw3RUEGbhT5bChJQ\" target=\"_blank\">auf diesem wundervollen YouTube channel<\/a> <\/p>\n\n\n\n<h2 class=\"has-grey-background-color has-background wp-block-heading\">Vorbereitung auf das Studium<\/h2>\n\n\n\n<p class=\"has-grey-background-color has-background\">In der Startphase des Studiums werden alle Studierenden in kleinen Gruppen von Mentoren betreut. Gemeinsam polieren Sie die Schulkenntnisse im Bereich der Mathematik auf. Arbeits- und Lerntechniken der Eigen- und Gruppenarbeit werden Ihnen vermittelt und bilden die Basis f\u00fcr den Studienerfolg.<\/p>\n\n\n\n<div class=\"wp-block-columns is-layout-flex wp-container-core-columns-is-layout-9d6595d7 wp-block-columns-is-layout-flex\">\n<div class=\"wp-block-column has-grey-background-color has-background is-layout-flow wp-block-column-is-layout-flow\">\n<h2 class=\"wp-block-heading\">Studienjahr in Trimester eingeteilt<\/h2>\n\n\n\n<p>Ein Trimester dauert 12 Wochen, das Studienjahr besteht aus drei Trimestern, an die sich eine dreimonatige Vorlesungsfreie Zeit anschlie\u00dft. Weil ein Trimester ca. zwei Wochen k\u00fcrzer als ein durchschnittliches Semester an einer \u00f6ffentlichen Hochschule ist, ist die Zahl der Wochenstunden, die ein Studierender der <abbr title=\"Helmut Schmidt Universit\u00e4t\">HSU<\/abbr> in Lehrveranstaltungen verbringt, leicht erh\u00f6ht, so dass ein Trimester vom Umfang her einem Semester entspricht.<\/p>\n<\/div>\n\n\n\n<div class=\"wp-block-column has-grey-background-color has-background is-layout-flow wp-block-column-is-layout-flow\">\n<h2 class=\"wp-block-heading\">Master-Abschluss in vier Jahren<\/h2>\n\n\n\n<p>Die Regelstudienzeit betr\u00e4gt f\u00fcr alle Bachelor-Studieng\u00e4nge sieben Trimester, f\u00fcr alle Master-Studieng\u00e4nge f\u00fcnf Trimester. Zusammen entspricht das genau vier Jahren.<br>Alle Studieng\u00e4nge sind Intensivstudieng\u00e4nge, d. h. pro Studienjahr ist der Erwerb von bis zu 75 Leistungspunkten nach ECTS m\u00f6glich, w\u00e4hrend an \u00f6ffentlichen Hochschulen nur bis zu 60 Leistungspunkte pro Jahr die Regel sind.<\/p>\n<\/div>\n<\/div>\n\n\n\n<figure class=\"wp-block-image size-large is-style-default\"><a href=\"https:\/\/www.hsu-hh.de\/et\/wp-content\/uploads\/sites\/61\/2022\/04\/image_2022-04-05_141218551.png\" target=\"_blank\" rel=\"noopener\"><img loading=\"lazy\" decoding=\"async\" width=\"1024\" height=\"587\" src=\"https:\/\/www.hsu-hh.de\/et\/wp-content\/uploads\/sites\/61\/2022\/04\/image_2022-04-05_141218551-1024x587.png\" data-credit=\"tt\" alt=\"tt\" class=\"wp-image-2392\" srcset=\"https:\/\/www.hsu-hh.de\/et\/wp-content\/uploads\/sites\/61\/2022\/04\/image_2022-04-05_141218551-1024x587.png 1024w, https:\/\/www.hsu-hh.de\/et\/wp-content\/uploads\/sites\/61\/2022\/04\/image_2022-04-05_141218551-300x172.png 300w, https:\/\/www.hsu-hh.de\/et\/wp-content\/uploads\/sites\/61\/2022\/04\/image_2022-04-05_141218551-768x441.png 768w, https:\/\/www.hsu-hh.de\/et\/wp-content\/uploads\/sites\/61\/2022\/04\/image_2022-04-05_141218551-1536x881.png 1536w, https:\/\/www.hsu-hh.de\/et\/wp-content\/uploads\/sites\/61\/2022\/04\/image_2022-04-05_141218551-1100x631.png 1100w, https:\/\/www.hsu-hh.de\/et\/wp-content\/uploads\/sites\/61\/2022\/04\/image_2022-04-05_141218551.png 1588w\" sizes=\"auto, (max-width: 1024px) 100vw, 1024px\" \/><\/a><\/figure>\n\n\n\n<div class=\"wp-block-columns is-layout-flex wp-container-core-columns-is-layout-9d6595d7 wp-block-columns-is-layout-flex\">\n<div class=\"wp-block-column has-grey-background-color has-background is-layout-flow wp-block-column-is-layout-flow\">\n<h2 class=\"has-text-align-left wp-block-heading\">Vorkurse<\/h2>\n\n\n\n<ul class=\"wp-block-list\"><li><a href=\"https:\/\/www.hsu-hh.de\/et\/wp-content\/uploads\/sites\/61\/2017\/08\/Vorkurs-Mathematik.pdf\" target=\"_blank\" rel=\"noreferrer noopener\">Mathematik<\/a><\/li><li><a href=\"https:\/\/www.hsu-hh.de\/et\/wp-content\/uploads\/sites\/61\/2017\/08\/Vorkurs-Textaufgaben.pdf\" target=\"_blank\" rel=\"noreferrer noopener\">Mathematik &#8211; Textaufgaben<\/a><\/li><li><a href=\"https:\/\/www.ombplus.de\/ombplus\/link\/Start\" target=\"_blank\" rel=\"noreferrer noopener\">Online- Studienvorbereitung Mathematik<\/a><\/li><\/ul>\n<\/div>\n<\/div>\n<div class=\"shariff\"><ul class=\"shariff-buttons theme-default orientation-horizontal buttonsize-medium\"><li class=\"shariff-button facebook shariff-nocustomcolor\" style=\"background-color:#4273c8\"><a href=\"https:\/\/www.facebook.com\/sharer\/sharer.php?u=https%3A%2F%2Fwww.hsu-hh.de%2Fet%2Fstudium%2Ferfolgreich-studieren\" title=\"Bei Facebook teilen\" aria-label=\"Bei Facebook teilen\" role=\"button\" rel=\"nofollow\" class=\"shariff-link\" style=\"; background-color:#3b5998; color:#fff\" target=\"_blank\"><span class=\"shariff-icon\" style=\"\"><svg width=\"32px\" height=\"20px\" xmlns=\"http:\/\/www.w3.org\/2000\/svg\" viewBox=\"0 0 18 32\"><path fill=\"#3b5998\" d=\"M17.1 0.2v4.7h-2.8q-1.5 0-2.1 0.6t-0.5 1.9v3.4h5.2l-0.7 5.3h-4.5v13.6h-5.5v-13.6h-4.5v-5.3h4.5v-3.9q0-3.3 1.9-5.2t5-1.8q2.6 0 4.1 0.2z\"\/><\/svg><\/span><span class=\"shariff-text\">teilen<\/span>&nbsp;<\/a><\/li><li class=\"shariff-button twitter shariff-nocustomcolor\" style=\"background-color:#595959\"><a href=\"https:\/\/twitter.com\/share?url=https%3A%2F%2Fwww.hsu-hh.de%2Fet%2Fstudium%2Ferfolgreich-studieren&text=Erfolgreiches%20Studium\" title=\"Bei X teilen\" aria-label=\"Bei X teilen\" role=\"button\" rel=\"noopener nofollow\" class=\"shariff-link\" style=\"; background-color:#000; color:#fff\" target=\"_blank\"><span class=\"shariff-icon\" style=\"\"><svg width=\"32px\" height=\"20px\" xmlns=\"http:\/\/www.w3.org\/2000\/svg\" viewBox=\"0 0 24 24\"><path fill=\"#000\" d=\"M14.258 10.152L23.176 0h-2.113l-7.747 8.813L7.133 0H0l9.352 13.328L0 23.973h2.113l8.176-9.309 6.531 9.309h7.133zm-2.895 3.293l-.949-1.328L2.875 1.56h3.246l6.086 8.523.945 1.328 7.91 11.078h-3.246zm0 0\"\/><\/svg><\/span><span class=\"shariff-text\">teilen<\/span>&nbsp;<\/a><\/li><\/ul><\/div>","protected":false},"excerpt":{"rendered":"<p>Tipp 1: Erfolgreich Studieren Die bist Studienanf\u00e4nger*in und m\u00f6chtest es schaffen? Dann beachte diesen wichtigen Tipp! Tipp 2: Zeitmanagement Wie viel Zeit nimmt eigentlich ein Studium in Anspruch? Wie sieht [&hellip;]<\/p>\n","protected":false},"author":3282,"featured_media":0,"parent":2175,"menu_order":0,"comment_status":"closed","ping_status":"closed","template":"","meta":{"footnotes":""},"categories":[278,310,178],"tags":[340,342,338],"class_list":["post-2210","page","type-page","status-publish","hentry","category-elektrotechnik","category-studium-0","category-version20","tag-formelsammlung","tag-vorbereitung","tag-zeitmanagement"],"_links":{"self":[{"href":"https:\/\/www.hsu-hh.de\/et\/wp-json\/wp\/v2\/pages\/2210","targetHints":{"allow":["GET"]}}],"collection":[{"href":"https:\/\/www.hsu-hh.de\/et\/wp-json\/wp\/v2\/pages"}],"about":[{"href":"https:\/\/www.hsu-hh.de\/et\/wp-json\/wp\/v2\/types\/page"}],"author":[{"embeddable":true,"href":"https:\/\/www.hsu-hh.de\/et\/wp-json\/wp\/v2\/users\/3282"}],"replies":[{"embeddable":true,"href":"https:\/\/www.hsu-hh.de\/et\/wp-json\/wp\/v2\/comments?post=2210"}],"version-history":[{"count":18,"href":"https:\/\/www.hsu-hh.de\/et\/wp-json\/wp\/v2\/pages\/2210\/revisions"}],"predecessor-version":[{"id":3634,"href":"https:\/\/www.hsu-hh.de\/et\/wp-json\/wp\/v2\/pages\/2210\/revisions\/3634"}],"up":[{"embeddable":true,"href":"https:\/\/www.hsu-hh.de\/et\/wp-json\/wp\/v2\/pages\/2175"}],"wp:attachment":[{"href":"https:\/\/www.hsu-hh.de\/et\/wp-json\/wp\/v2\/media?parent=2210"}],"wp:term":[{"taxonomy":"category","embeddable":true,"href":"https:\/\/www.hsu-hh.de\/et\/wp-json\/wp\/v2\/categories?post=2210"},{"taxonomy":"post_tag","embeddable":true,"href":"https:\/\/www.hsu-hh.de\/et\/wp-json\/wp\/v2\/tags?post=2210"}],"curies":[{"name":"wp","href":"https:\/\/api.w.org\/{rel}","templated":true}]}}