{"id":2175,"date":"2022-03-30T13:15:56","date_gmt":"2022-03-30T11:15:56","guid":{"rendered":"https:\/\/www.hsu-hh.de\/et\/?page_id=2175"},"modified":"2025-02-05T15:35:26","modified_gmt":"2025-02-05T14:35:26","slug":"studium","status":"publish","type":"page","link":"https:\/\/www.hsu-hh.de\/et\/studium","title":{"rendered":"Studium an der Fakult\u00e4t f\u00fcr Elektrotechnik"},"content":{"rendered":"\n<div class=\"wp-block-columns are-vertically-aligned-center is-layout-flex wp-container-core-columns-is-layout-9d6595d7 wp-block-columns-is-layout-flex\">\n<div class=\"wp-block-column is-vertically-aligned-center has-grey-background-color has-background is-layout-flow wp-block-column-is-layout-flow\"><div class=\"wp-block-image\">\n<figure class=\"aligncenter size-medium is-resized\"><a href=\"https:\/\/www.hsu-hh.de\/et\/klimafreundliche-elektrische-energie-und-mobilitaet\" target=\"_blank\" rel=\"noreferrer noopener\"><img loading=\"lazy\" decoding=\"async\" width=\"300\" height=\"150\" src=\"https:\/\/www.hsu-hh.de\/et\/wp-content\/uploads\/sites\/61\/2024\/03\/AdobeStock_413348865_\u00a9_PhotoGranary-300x150.jpeg\" data-credit=\"PhotoGranary - stock.adobe.com\" alt=\"E-Mobility and ecology\" class=\"wp-image-4079\" style=\"object-fit:cover;width:300px;height:200px\" srcset=\"https:\/\/www.hsu-hh.de\/et\/wp-content\/uploads\/sites\/61\/2024\/03\/AdobeStock_413348865_\u00a9_PhotoGranary-300x150.jpeg 300w, https:\/\/www.hsu-hh.de\/et\/wp-content\/uploads\/sites\/61\/2024\/03\/AdobeStock_413348865_\u00a9_PhotoGranary-1024x512.jpeg 1024w, https:\/\/www.hsu-hh.de\/et\/wp-content\/uploads\/sites\/61\/2024\/03\/AdobeStock_413348865_\u00a9_PhotoGranary-768x384.jpeg 768w, https:\/\/www.hsu-hh.de\/et\/wp-content\/uploads\/sites\/61\/2024\/03\/AdobeStock_413348865_\u00a9_PhotoGranary-1536x768.jpeg 1536w, https:\/\/www.hsu-hh.de\/et\/wp-content\/uploads\/sites\/61\/2024\/03\/AdobeStock_413348865_\u00a9_PhotoGranary-2048x1024.jpeg 2048w, https:\/\/www.hsu-hh.de\/et\/wp-content\/uploads\/sites\/61\/2024\/03\/AdobeStock_413348865_\u00a9_PhotoGranary-400x200.jpeg 400w, https:\/\/www.hsu-hh.de\/et\/wp-content\/uploads\/sites\/61\/2024\/03\/AdobeStock_413348865_\u00a9_PhotoGranary-1100x550.jpeg 1100w\" sizes=\"auto, (max-width: 300px) 100vw, 300px\" \/><\/a><\/figure>\n<\/div>\n\n\n<h2 class=\"wp-block-heading has-text-align-center\"><a href=\"https:\/\/www.hsu-hh.de\/et\/klimafreundliche-elektrische-energie-und-mobilitaet\" target=\"_blank\" rel=\"noreferrer noopener\">Klimafreundliche elektrische Energie und Mobilit\u00e4t <br>(<abbr title=\"Bachelor of Science\">B.Sc.<\/abbr> \/ <abbr title=\"Master of Science\">M.Sc.<\/abbr>)<\/a><\/h2>\n\n\n\n<hr class=\"wp-block-separator has-css-opacity is-style-wide\" \/>\n<\/div>\n\n\n\n<div class=\"wp-block-column is-vertically-aligned-center has-grey-background-color has-background is-layout-flow wp-block-column-is-layout-flow\"><div class=\"wp-block-image is-resized is-style-default\">\n<figure class=\"aligncenter size-medium\"><a href=\"https:\/\/www.hsu-hh.de\/et\/studium-der-elektrotechnik\/digital-engineering\" target=\"_blank\" rel=\"noreferrer noopener\"><img loading=\"lazy\" decoding=\"async\" width=\"300\" height=\"200\" src=\"https:\/\/www.hsu-hh.de\/et\/wp-content\/uploads\/sites\/61\/2024\/03\/AdobeStock_730300028_\u00a9_swillklitch-300x200.jpeg\" data-credit=\"swillklitch - stock.adobe.com\" alt=\"Artificial intelligence and technology concept\" class=\"wp-image-4080\" style=\"object-fit:cover;width:300px;height:200px\" srcset=\"https:\/\/www.hsu-hh.de\/et\/wp-content\/uploads\/sites\/61\/2024\/03\/AdobeStock_730300028_\u00a9_swillklitch-300x200.jpeg 300w, https:\/\/www.hsu-hh.de\/et\/wp-content\/uploads\/sites\/61\/2024\/03\/AdobeStock_730300028_\u00a9_swillklitch-1024x683.jpeg 1024w, https:\/\/www.hsu-hh.de\/et\/wp-content\/uploads\/sites\/61\/2024\/03\/AdobeStock_730300028_\u00a9_swillklitch-768x512.jpeg 768w, https:\/\/www.hsu-hh.de\/et\/wp-content\/uploads\/sites\/61\/2024\/03\/AdobeStock_730300028_\u00a9_swillklitch-1536x1024.jpeg 1536w, https:\/\/www.hsu-hh.de\/et\/wp-content\/uploads\/sites\/61\/2024\/03\/AdobeStock_730300028_\u00a9_swillklitch-2048x1365.jpeg 2048w, https:\/\/www.hsu-hh.de\/et\/wp-content\/uploads\/sites\/61\/2024\/03\/AdobeStock_730300028_\u00a9_swillklitch-1100x733.jpeg 1100w\" sizes=\"auto, (max-width: 300px) 100vw, 300px\" \/><\/a><\/figure>\n<\/div>\n\n\n<h2 class=\"wp-block-heading has-text-align-center\"><a href=\"https:\/\/www.hsu-hh.de\/et\/studium-der-elektrotechnik\/digital-engineering\" target=\"_blank\" rel=\"noreferrer noopener\">Digital Engineering   (<abbr title=\"Bachelor of Science\">B.Sc.<\/abbr> \/ <abbr title=\"Master of Science\">M.Sc.<\/abbr>)<\/a><a href=\"https:\/\/www.hsu-hh.de\/et\/master-studiengaenge-2\"><br><\/a><\/h2>\n\n\n\n<hr class=\"wp-block-separator has-css-opacity is-style-wide\" \/>\n<\/div>\n\n\n\n<div class=\"wp-block-column is-vertically-aligned-center has-grey-background-color has-background is-layout-flow wp-block-column-is-layout-flow\"><div class=\"wp-block-image is-resized is-style-default\">\n<figure class=\"aligncenter size-medium\"><a href=\"https:\/\/www.hsu-hh.de\/et\/medical-engineering\" target=\"_blank\" rel=\"noreferrer noopener\"><img loading=\"lazy\" decoding=\"async\" width=\"300\" height=\"155\" src=\"https:\/\/www.hsu-hh.de\/et\/wp-content\/uploads\/sites\/61\/2024\/03\/AdobeStock_744399246_\u00a9_nasir1164-300x155.jpeg\" data-credit=\"nasir1164 - stock.adobe.com\" alt=\"brain scans\" class=\"wp-image-4081\" style=\"object-fit:cover;width:300px;height:200px\" srcset=\"https:\/\/www.hsu-hh.de\/et\/wp-content\/uploads\/sites\/61\/2024\/03\/AdobeStock_744399246_\u00a9_nasir1164-300x155.jpeg 300w, https:\/\/www.hsu-hh.de\/et\/wp-content\/uploads\/sites\/61\/2024\/03\/AdobeStock_744399246_\u00a9_nasir1164-1024x530.jpeg 1024w, https:\/\/www.hsu-hh.de\/et\/wp-content\/uploads\/sites\/61\/2024\/03\/AdobeStock_744399246_\u00a9_nasir1164-768x397.jpeg 768w, https:\/\/www.hsu-hh.de\/et\/wp-content\/uploads\/sites\/61\/2024\/03\/AdobeStock_744399246_\u00a9_nasir1164-1536x794.jpeg 1536w, https:\/\/www.hsu-hh.de\/et\/wp-content\/uploads\/sites\/61\/2024\/03\/AdobeStock_744399246_\u00a9_nasir1164-2048x1059.jpeg 2048w, https:\/\/www.hsu-hh.de\/et\/wp-content\/uploads\/sites\/61\/2024\/03\/AdobeStock_744399246_\u00a9_nasir1164-1100x569.jpeg 1100w\" sizes=\"auto, (max-width: 300px) 100vw, 300px\" \/><\/a><\/figure>\n<\/div>\n\n\n<h2 class=\"wp-block-heading has-text-align-center\"><a href=\"https:\/\/www.hsu-hh.de\/et\/medical-engineering\" target=\"_blank\" rel=\"noreferrer noopener\">Medical Engineering (<abbr title=\"Bachelor of Science\">B.Sc.<\/abbr> \/ <abbr title=\"Master of Science\">M.Sc.<\/abbr>)<\/a><a href=\"https:\/\/www.hsu-hh.de\/et\/master-studiengaenge-2\"><br><\/a><\/h2>\n\n\n\n<hr class=\"wp-block-separator has-css-opacity is-style-wide\" \/>\n<\/div>\n<\/div>\n\n\n\n<div class=\"wp-block-columns are-vertically-aligned-center is-layout-flex wp-container-core-columns-is-layout-9d6595d7 wp-block-columns-is-layout-flex\">\n<div class=\"wp-block-column is-vertically-aligned-center has-grey-background-color has-background is-layout-flow wp-block-column-is-layout-flow\"><div class=\"wp-block-image is-style-default\">\n<figure class=\"aligncenter size-medium is-resized\"><a href=\"https:\/\/www.hsu-hh.de\/et\/studium-der-elektrotechnik\/elektrotechnik-und-informationstechnik-b-sc\" target=\"_blank\" rel=\"noopener\"><img loading=\"lazy\" decoding=\"async\" width=\"300\" height=\"200\" src=\"https:\/\/www.hsu-hh.de\/et\/wp-content\/uploads\/sites\/61\/2022\/06\/AdobeStock_309949154_C_alfa27-300x200.jpeg\" data-credit=\"alfa27 - stock.adobe.com\" alt=\"three children of caucasian appearance stand looking at camera isolated over purple background. smart, gifted, creative kids together in studio with robotics on table\" class=\"wp-image-3358\" style=\"width:300px;height:200px\" srcset=\"https:\/\/www.hsu-hh.de\/et\/wp-content\/uploads\/sites\/61\/2022\/06\/AdobeStock_309949154_C_alfa27-300x200.jpeg 300w, https:\/\/www.hsu-hh.de\/et\/wp-content\/uploads\/sites\/61\/2022\/06\/AdobeStock_309949154_C_alfa27-1024x683.jpeg 1024w, https:\/\/www.hsu-hh.de\/et\/wp-content\/uploads\/sites\/61\/2022\/06\/AdobeStock_309949154_C_alfa27-768x512.jpeg 768w, https:\/\/www.hsu-hh.de\/et\/wp-content\/uploads\/sites\/61\/2022\/06\/AdobeStock_309949154_C_alfa27-1536x1024.jpeg 1536w, https:\/\/www.hsu-hh.de\/et\/wp-content\/uploads\/sites\/61\/2022\/06\/AdobeStock_309949154_C_alfa27-2048x1365.jpeg 2048w, https:\/\/www.hsu-hh.de\/et\/wp-content\/uploads\/sites\/61\/2022\/06\/AdobeStock_309949154_C_alfa27-1100x733.jpeg 1100w\" sizes=\"auto, (max-width: 300px) 100vw, 300px\" \/><\/a><\/figure>\n<\/div>\n\n\n<h2 class=\"wp-block-heading has-text-align-center\"><a href=\"https:\/\/www.hsu-hh.de\/et\/studium-der-elektrotechnik\/elektrotechnik-und-informationstechnik-b-sc\">Elektrotechnik und <br>Informationstechnik (<abbr title=\"Bachelor of Science\">B.Sc.<\/abbr>)<\/a><\/h2>\n\n\n\n<p class=\"has-text-align-center\">Studienbeginn <strong>letztmalig <\/strong>Herbst 2023<\/p>\n\n\n\n<hr class=\"wp-block-separator has-css-opacity is-style-wide\" \/>\n<\/div>\n\n\n\n<div class=\"wp-block-column is-vertically-aligned-center has-grey-background-color has-background is-layout-flow wp-block-column-is-layout-flow\"><div class=\"wp-block-image is-style-default\">\n<figure class=\"aligncenter size-medium is-resized\"><a href=\"https:\/\/www.hsu-hh.de\/et\/master-studiengaenge-2\" target=\"_blank\" rel=\"noopener\"><img loading=\"lazy\" decoding=\"async\" width=\"300\" height=\"200\" src=\"https:\/\/www.hsu-hh.de\/et\/wp-content\/uploads\/sites\/61\/2022\/06\/AdobeStock_115314349_C_-Syda-Productions-2-300x200.jpeg\" data-credit=\"Syda Productions - stock.adobe.c\" alt=\"graduation, education, school and people concept - happy screaming teenage girl in shades and mortarboard or bachelor hat over blue background\" class=\"wp-image-3347\" style=\"width:300px;height:200px\" srcset=\"https:\/\/www.hsu-hh.de\/et\/wp-content\/uploads\/sites\/61\/2022\/06\/AdobeStock_115314349_C_-Syda-Productions-2-300x200.jpeg 300w, https:\/\/www.hsu-hh.de\/et\/wp-content\/uploads\/sites\/61\/2022\/06\/AdobeStock_115314349_C_-Syda-Productions-2-1024x683.jpeg 1024w, https:\/\/www.hsu-hh.de\/et\/wp-content\/uploads\/sites\/61\/2022\/06\/AdobeStock_115314349_C_-Syda-Productions-2-768x512.jpeg 768w, https:\/\/www.hsu-hh.de\/et\/wp-content\/uploads\/sites\/61\/2022\/06\/AdobeStock_115314349_C_-Syda-Productions-2-1536x1024.jpeg 1536w, https:\/\/www.hsu-hh.de\/et\/wp-content\/uploads\/sites\/61\/2022\/06\/AdobeStock_115314349_C_-Syda-Productions-2-2048x1365.jpeg 2048w, https:\/\/www.hsu-hh.de\/et\/wp-content\/uploads\/sites\/61\/2022\/06\/AdobeStock_115314349_C_-Syda-Productions-2-1100x733.jpeg 1100w\" sizes=\"auto, (max-width: 300px) 100vw, 300px\" \/><\/a><\/figure>\n<\/div>\n\n\n<h2 class=\"wp-block-heading has-text-align-center\"><a href=\"https:\/\/www.hsu-hh.de\/et\/master-studiengaenge-2\">Auslaufende Master-Studieng\u00e4nge<\/a><\/h2>\n\n\n\n<p class=\"has-text-align-center\">Studienbeginn <strong>letztmalig <\/strong>Januar 2026<\/p>\n\n\n\n<hr class=\"wp-block-separator has-css-opacity is-style-wide\" \/>\n<\/div>\n<\/div>\n\n\n\n<div class=\"wp-block-columns are-vertically-aligned-center is-layout-flex wp-container-core-columns-is-layout-9d6595d7 wp-block-columns-is-layout-flex\">\n<div class=\"wp-block-column is-vertically-aligned-center has-grey-background-color has-background is-layout-flow wp-block-column-is-layout-flow\"><div class=\"wp-block-image is-style-default\">\n<figure class=\"aligncenter size-medium is-resized\"><a href=\"https:\/\/www.hsu-hh.de\/et\/fakultaetsuebergreifende-studiengaenge-2\" target=\"_blank\" rel=\"noopener\"><img loading=\"lazy\" decoding=\"async\" width=\"300\" height=\"200\" src=\"https:\/\/www.hsu-hh.de\/et\/wp-content\/uploads\/sites\/61\/2022\/06\/AdobeStock_300658613_C_-Jon-Anders-Wiken-300x200.jpeg\" data-credit=\"Jon Anders Wiken - stock.adobe.c\" alt=\"This way, that way, my way signpost. Guidance concept.\" class=\"wp-image-3357\" style=\"width:300px;height:200px\" srcset=\"https:\/\/www.hsu-hh.de\/et\/wp-content\/uploads\/sites\/61\/2022\/06\/AdobeStock_300658613_C_-Jon-Anders-Wiken-300x200.jpeg 300w, https:\/\/www.hsu-hh.de\/et\/wp-content\/uploads\/sites\/61\/2022\/06\/AdobeStock_300658613_C_-Jon-Anders-Wiken-1024x683.jpeg 1024w, https:\/\/www.hsu-hh.de\/et\/wp-content\/uploads\/sites\/61\/2022\/06\/AdobeStock_300658613_C_-Jon-Anders-Wiken-768x512.jpeg 768w, https:\/\/www.hsu-hh.de\/et\/wp-content\/uploads\/sites\/61\/2022\/06\/AdobeStock_300658613_C_-Jon-Anders-Wiken-1536x1024.jpeg 1536w, https:\/\/www.hsu-hh.de\/et\/wp-content\/uploads\/sites\/61\/2022\/06\/AdobeStock_300658613_C_-Jon-Anders-Wiken-2048x1365.jpeg 2048w, https:\/\/www.hsu-hh.de\/et\/wp-content\/uploads\/sites\/61\/2022\/06\/AdobeStock_300658613_C_-Jon-Anders-Wiken-1100x733.jpeg 1100w\" sizes=\"auto, (max-width: 300px) 100vw, 300px\" \/><\/a><\/figure>\n<\/div>\n\n\n<h2 class=\"wp-block-heading has-text-align-center\"><a href=\"https:\/\/www.hsu-hh.de\/et\/fakultaetsuebergreifende-studiengaenge-2\">Fakult\u00e4ts\u00fcbergreifende Studieng\u00e4nge<\/a><\/h2>\n\n\n\n<hr class=\"wp-block-separator has-css-opacity is-style-wide\" \/>\n<\/div>\n\n\n\n<div class=\"wp-block-column is-vertically-aligned-center has-grey-background-color has-background is-layout-flow wp-block-column-is-layout-flow\"><div class=\"wp-block-image is-style-default\">\n<figure class=\"aligncenter size-medium is-resized\"><a href=\"https:\/\/www.hsu-hh.de\/et\/organisatorisches\" target=\"_blank\" rel=\"noopener\"><img loading=\"lazy\" decoding=\"async\" width=\"300\" height=\"200\" src=\"https:\/\/www.hsu-hh.de\/et\/wp-content\/uploads\/sites\/61\/2022\/06\/AdobeStock_430390420_C_-\u30b1\u30a4\u30fc\u30b4\u30fbK-Konvertiert-2-300x200.jpg\" data-credit=\"\u30b1\u30a4\u30fc\u30b4\u30fbK stock.adobe.com\" alt=\"HSU-HH\/ET\" class=\"wp-image-3362\" style=\"width:300px;height:200px\" srcset=\"https:\/\/www.hsu-hh.de\/et\/wp-content\/uploads\/sites\/61\/2022\/06\/AdobeStock_430390420_C_-\u30b1\u30a4\u30fc\u30b4\u30fbK-Konvertiert-2-300x200.jpg 300w, https:\/\/www.hsu-hh.de\/et\/wp-content\/uploads\/sites\/61\/2022\/06\/AdobeStock_430390420_C_-\u30b1\u30a4\u30fc\u30b4\u30fbK-Konvertiert-2-1024x683.jpg 1024w, https:\/\/www.hsu-hh.de\/et\/wp-content\/uploads\/sites\/61\/2022\/06\/AdobeStock_430390420_C_-\u30b1\u30a4\u30fc\u30b4\u30fbK-Konvertiert-2-768x512.jpg 768w, https:\/\/www.hsu-hh.de\/et\/wp-content\/uploads\/sites\/61\/2022\/06\/AdobeStock_430390420_C_-\u30b1\u30a4\u30fc\u30b4\u30fbK-Konvertiert-2-1536x1024.jpg 1536w, https:\/\/www.hsu-hh.de\/et\/wp-content\/uploads\/sites\/61\/2022\/06\/AdobeStock_430390420_C_-\u30b1\u30a4\u30fc\u30b4\u30fbK-Konvertiert-2-2048x1365.jpg 2048w, https:\/\/www.hsu-hh.de\/et\/wp-content\/uploads\/sites\/61\/2022\/06\/AdobeStock_430390420_C_-\u30b1\u30a4\u30fc\u30b4\u30fbK-Konvertiert-2-1100x733.jpg 1100w\" sizes=\"auto, (max-width: 300px) 100vw, 300px\" \/><\/a><\/figure>\n<\/div>\n\n\n<h2 class=\"wp-block-heading has-text-align-center\"><a href=\"https:\/\/www.hsu-hh.de\/et\/organisatorisches\" data-type=\"URL\" data-id=\"https:\/\/www.hsu-hh.de\/et\/organisatorisches\" target=\"_blank\" rel=\"noreferrer noopener\">Downloads<\/a><\/h2>\n\n\n\n<hr class=\"wp-block-separator has-css-opacity is-style-wide\" \/>\n<\/div>\n<\/div>\n\n\n\n<div class=\"wp-block-columns are-vertically-aligned-center is-layout-flex wp-container-core-columns-is-layout-9d6595d7 wp-block-columns-is-layout-flex\">\n<div class=\"wp-block-column is-vertically-aligned-center has-grey-background-color has-background is-layout-flow wp-block-column-is-layout-flow\"><div class=\"wp-block-image is-style-default\">\n<figure class=\"aligncenter size-medium is-resized\"><a href=\"https:\/\/www.hsu-hh.de\/et\/erfolgreich-studieren\"><img loading=\"lazy\" decoding=\"async\" width=\"300\" height=\"200\" src=\"https:\/\/www.hsu-hh.de\/et\/wp-content\/uploads\/sites\/61\/2022\/04\/image_2022-04-01_113919-2-300x200.png\" data-credit=\"HSU\/ET\" alt=\"tt\" class=\"wp-image-2572\" style=\"width:300px;height:200px\" srcset=\"https:\/\/www.hsu-hh.de\/et\/wp-content\/uploads\/sites\/61\/2022\/04\/image_2022-04-01_113919-2-300x200.png 300w, https:\/\/www.hsu-hh.de\/et\/wp-content\/uploads\/sites\/61\/2022\/04\/image_2022-04-01_113919-2.png 584w\" sizes=\"auto, (max-width: 300px) 100vw, 300px\" \/><\/a><\/figure>\n<\/div>\n\n\n<h2 class=\"wp-block-heading has-text-align-center\"><a rel=\"noreferrer noopener\" href=\"https:\/\/mig.hsu-hh.de\/et\/erfolgreich-studieren\" target=\"_blank\"><\/a><a href=\"https:\/\/www.hsu-hh.de\/et\/erfolgreich-studieren\" target=\"_blank\" rel=\"noreferrer noopener\">Erfolgreiches Studium<\/a><\/h2>\n\n\n\n<hr class=\"wp-block-separator has-css-opacity is-style-wide\" \/>\n<\/div>\n\n\n\n<div class=\"wp-block-column is-vertically-aligned-center has-grey-background-color has-background is-layout-flow wp-block-column-is-layout-flow\"><div class=\"wp-block-image is-style-default\">\n<figure class=\"aligncenter size-medium is-resized\"><a href=\"https:\/\/www.hsu-hh.de\/et\/wir-bieten-2\" target=\"_blank\" rel=\"noopener\"><img loading=\"lazy\" decoding=\"async\" width=\"300\" height=\"200\" src=\"https:\/\/www.hsu-hh.de\/et\/wp-content\/uploads\/sites\/61\/2022\/06\/AdobeStock_289303863_C_tonktiti-300x200.jpeg\" data-credit=\"tonktiti - stock.adobe.com\" alt=\"Copy space of man raise hand up on blue sky at beach and island background. Freedom and travel adventure concept. Vintage tone filter effect color style.\" class=\"wp-image-3356\" style=\"width:300px;height:200px\" srcset=\"https:\/\/www.hsu-hh.de\/et\/wp-content\/uploads\/sites\/61\/2022\/06\/AdobeStock_289303863_C_tonktiti-300x200.jpeg 300w, https:\/\/www.hsu-hh.de\/et\/wp-content\/uploads\/sites\/61\/2022\/06\/AdobeStock_289303863_C_tonktiti-1024x683.jpeg 1024w, https:\/\/www.hsu-hh.de\/et\/wp-content\/uploads\/sites\/61\/2022\/06\/AdobeStock_289303863_C_tonktiti-768x512.jpeg 768w, https:\/\/www.hsu-hh.de\/et\/wp-content\/uploads\/sites\/61\/2022\/06\/AdobeStock_289303863_C_tonktiti-1536x1024.jpeg 1536w, https:\/\/www.hsu-hh.de\/et\/wp-content\/uploads\/sites\/61\/2022\/06\/AdobeStock_289303863_C_tonktiti-2048x1365.jpeg 2048w, https:\/\/www.hsu-hh.de\/et\/wp-content\/uploads\/sites\/61\/2022\/06\/AdobeStock_289303863_C_tonktiti-1100x733.jpeg 1100w\" sizes=\"auto, (max-width: 300px) 100vw, 300px\" \/><\/a><\/figure>\n<\/div>\n\n\n<h2 class=\"wp-block-heading has-text-align-center\"><a href=\"https:\/\/www.hsu-hh.de\/et\/wir-bieten-2\">Wir bieten<\/a><\/h2>\n\n\n\n<hr class=\"wp-block-separator has-css-opacity is-style-wide\" \/>\n<\/div>\n<\/div>\n\n\n\n<h3 class=\"wp-block-heading has-text-align-center\"><a href=\"https:\/\/www.hsu-hh.de\/et\/faq-2\" data-type=\"page\" data-id=\"3087\" target=\"_blank\" rel=\"noreferrer noopener\"><abbr title=\"Freqently Asked Questions\">FAQ<\/abbr> \u2013 H\u00e4ufig gestellte Fragen<\/a><\/h3>\n<div class=\"shariff\"><ul class=\"shariff-buttons theme-default orientation-horizontal buttonsize-medium\"><li class=\"shariff-button facebook shariff-nocustomcolor\" style=\"background-color:#4273c8\"><a href=\"https:\/\/www.facebook.com\/sharer\/sharer.php?u=https%3A%2F%2Fwww.hsu-hh.de%2Fet%2Fstudium\" title=\"Bei Facebook teilen\" aria-label=\"Bei Facebook teilen\" role=\"button\" rel=\"nofollow\" class=\"shariff-link\" style=\"; background-color:#3b5998; color:#fff\" target=\"_blank\"><span class=\"shariff-icon\" style=\"\"><svg width=\"32px\" height=\"20px\" xmlns=\"http:\/\/www.w3.org\/2000\/svg\" viewBox=\"0 0 18 32\"><path fill=\"#3b5998\" d=\"M17.1 0.2v4.7h-2.8q-1.5 0-2.1 0.6t-0.5 1.9v3.4h5.2l-0.7 5.3h-4.5v13.6h-5.5v-13.6h-4.5v-5.3h4.5v-3.9q0-3.3 1.9-5.2t5-1.8q2.6 0 4.1 0.2z\"\/><\/svg><\/span><span class=\"shariff-text\">teilen<\/span>&nbsp;<\/a><\/li><li class=\"shariff-button twitter shariff-nocustomcolor\" style=\"background-color:#595959\"><a href=\"https:\/\/twitter.com\/share?url=https%3A%2F%2Fwww.hsu-hh.de%2Fet%2Fstudium&text=Studium%20an%20der%20Fakult%C3%A4t%20f%C3%BCr%20Elektrotechnik\" title=\"Bei X teilen\" aria-label=\"Bei X teilen\" role=\"button\" rel=\"noopener nofollow\" class=\"shariff-link\" style=\"; background-color:#000; color:#fff\" target=\"_blank\"><span class=\"shariff-icon\" style=\"\"><svg width=\"32px\" height=\"20px\" xmlns=\"http:\/\/www.w3.org\/2000\/svg\" viewBox=\"0 0 24 24\"><path fill=\"#000\" d=\"M14.258 10.152L23.176 0h-2.113l-7.747 8.813L7.133 0H0l9.352 13.328L0 23.973h2.113l8.176-9.309 6.531 9.309h7.133zm-2.895 3.293l-.949-1.328L2.875 1.56h3.246l6.086 8.523.945 1.328 7.91 11.078h-3.246zm0 0\"\/><\/svg><\/span><span class=\"shariff-text\">teilen<\/span>&nbsp;<\/a><\/li><\/ul><\/div>","protected":false},"excerpt":{"rendered":"<p>Klimafreundliche elektrische Energie und Mobilit\u00e4t (B.Sc. \/ M.Sc.) Digital Engineering (B.Sc. \/ M.Sc.) Medical Engineering (B.Sc. \/ M.Sc.) Elektrotechnik und Informationstechnik (B.Sc.) Studienbeginn letztmalig Herbst 2023 Auslaufende Master-Studieng\u00e4nge Studienbeginn letztmalig [&hellip;]<\/p>\n","protected":false},"author":3282,"featured_media":0,"parent":0,"menu_order":1,"comment_status":"closed","ping_status":"closed","template":"","meta":{"footnotes":""},"categories":[306,278,316,308,292,310,178],"tags":[259,271,360],"class_list":["post-2175","page","type-page","status-publish","hentry","category-bachelor","category-elektrotechnik","category-fakultaetsuebergreifend","category-faq-elektrotechnik","category-master-elektrotechnik","category-studium-0","category-version20","tag-angebot","tag-erfolgreich","tag-informationstechnik"],"_links":{"self":[{"href":"https:\/\/www.hsu-hh.de\/et\/wp-json\/wp\/v2\/pages\/2175","targetHints":{"allow":["GET"]}}],"collection":[{"href":"https:\/\/www.hsu-hh.de\/et\/wp-json\/wp\/v2\/pages"}],"about":[{"href":"https:\/\/www.hsu-hh.de\/et\/wp-json\/wp\/v2\/types\/page"}],"author":[{"embeddable":true,"href":"https:\/\/www.hsu-hh.de\/et\/wp-json\/wp\/v2\/users\/3282"}],"replies":[{"embeddable":true,"href":"https:\/\/www.hsu-hh.de\/et\/wp-json\/wp\/v2\/comments?post=2175"}],"version-history":[{"count":131,"href":"https:\/\/www.hsu-hh.de\/et\/wp-json\/wp\/v2\/pages\/2175\/revisions"}],"predecessor-version":[{"id":4225,"href":"https:\/\/www.hsu-hh.de\/et\/wp-json\/wp\/v2\/pages\/2175\/revisions\/4225"}],"wp:attachment":[{"href":"https:\/\/www.hsu-hh.de\/et\/wp-json\/wp\/v2\/media?parent=2175"}],"wp:term":[{"taxonomy":"category","embeddable":true,"href":"https:\/\/www.hsu-hh.de\/et\/wp-json\/wp\/v2\/categories?post=2175"},{"taxonomy":"post_tag","embeddable":true,"href":"https:\/\/www.hsu-hh.de\/et\/wp-json\/wp\/v2\/tags?post=2175"}],"curies":[{"name":"wp","href":"https:\/\/api.w.org\/{rel}","templated":true}]}}