{"id":9,"date":"2016-06-07T18:09:30","date_gmt":"2016-06-07T16:09:30","guid":{"rendered":"https:\/\/webbox.hsu-hh.de\/vorlage\/?page_id=9"},"modified":"2021-03-09T15:51:28","modified_gmt":"2021-03-09T14:51:28","slug":"impressum","status":"publish","type":"page","link":"https:\/\/www.hsu-hh.de\/erika\/impressum\/","title":{"rendered":"Impressum"},"content":{"rendered":"<h2>Angaben gem. \u00a7 5 Telemediengesetz<\/h2>\n<p><strong>Herausgeber<br \/>\n<\/strong>Dr. Jan Philipp Kr\u00fcgel<br \/>\nHelmut-Schmidt-Universit\u00e4t<br \/>\nUniversit\u00e4t der Bundeswehr Hamburg<br \/>\nHolstenhofweg 85<br \/>\n22043 Hamburg<\/p>\n<p><strong>Telefon<\/strong><br \/>\n(040) 6541-2432<\/p>\n<p><strong>E-Mail<\/strong><br \/>\n<a href=\"mailto:pressestelle@hsu-hh.de\" rel='nofollow'>kruegelj@hsu-hh.de<\/a><\/p>\n","protected":false},"excerpt":{"rendered":"<p>Angaben gem. \u00a7 5 Telemediengesetz Herausgeber Dr. Jan Philipp Kr\u00fcgel Helmut-Schmidt-Universit\u00e4t Universit\u00e4t der Bundeswehr Hamburg Holstenhofweg 85 22043 Hamburg Telefon (040) 6541-2432 E-Mail kruegelj@hsu-hh.de<\/p>\n","protected":false},"author":26,"featured_media":0,"parent":0,"menu_order":0,"comment_status":"closed","ping_status":"closed","template":"","meta":{"footnotes":""},"categories":[4],"tags":[],"class_list":["post-9","page","type-page","status-publish","hentry","category-forschung"],"_links":{"self":[{"href":"https:\/\/www.hsu-hh.de\/erika\/wp-json\/wp\/v2\/pages\/9","targetHints":{"allow":["GET"]}}],"collection":[{"href":"https:\/\/www.hsu-hh.de\/erika\/wp-json\/wp\/v2\/pages"}],"about":[{"href":"https:\/\/www.hsu-hh.de\/erika\/wp-json\/wp\/v2\/types\/page"}],"author":[{"embeddable":true,"href":"https:\/\/www.hsu-hh.de\/erika\/wp-json\/wp\/v2\/users\/26"}],"replies":[{"embeddable":true,"href":"https:\/\/www.hsu-hh.de\/erika\/wp-json\/wp\/v2\/comments?post=9"}],"version-history":[{"count":2,"href":"https:\/\/www.hsu-hh.de\/erika\/wp-json\/wp\/v2\/pages\/9\/revisions"}],"predecessor-version":[{"id":127,"href":"https:\/\/www.hsu-hh.de\/erika\/wp-json\/wp\/v2\/pages\/9\/revisions\/127"}],"wp:attachment":[{"href":"https:\/\/www.hsu-hh.de\/erika\/wp-json\/wp\/v2\/media?parent=9"}],"wp:term":[{"taxonomy":"category","embeddable":true,"href":"https:\/\/www.hsu-hh.de\/erika\/wp-json\/wp\/v2\/categories?post=9"},{"taxonomy":"post_tag","embeddable":true,"href":"https:\/\/www.hsu-hh.de\/erika\/wp-json\/wp\/v2\/tags?post=9"}],"curies":[{"name":"wp","href":"https:\/\/api.w.org\/{rel}","templated":true}]}}