{"id":73,"date":"2017-07-03T15:52:08","date_gmt":"2017-07-03T13:52:08","guid":{"rendered":"https:\/\/www.hsu-hh.de\/vorlage\/?page_id=73"},"modified":"2023-10-02T12:49:01","modified_gmt":"2023-10-02T10:49:01","slug":"startseite","status":"publish","type":"page","link":"https:\/\/www.hsu-hh.de\/erika\/","title":{"rendered":"Effektive Risikokommunikation (ERika)"},"content":{"rendered":"\n<div style=\"height:30px\" aria-hidden=\"true\" class=\"wp-block-spacer\"><\/div>\n\n\n\n<div class=\"wp-block-columns is-layout-flex wp-container-core-columns-is-layout-9d6595d7 wp-block-columns-is-layout-flex\">\n<div class=\"wp-block-column is-layout-flow wp-block-column-is-layout-flow\" style=\"flex-basis:33.33%\">\n<figure class=\"wp-block-image size-large is-resized\"><img loading=\"lazy\" decoding=\"async\" src=\"https:\/\/www.hsu-hh.de\/erika\/wp-content\/uploads\/sites\/858\/2021\/03\/HSU-Logo.jpg\" data-credit=\"HSU\" alt=\"HSU-Logo\" class=\"wp-image-131\" style=\"width:270px;height:197px\" width=\"270\" height=\"197\" srcset=\"https:\/\/www.hsu-hh.de\/erika\/wp-content\/uploads\/sites\/858\/2021\/03\/HSU-Logo.jpg 450w, https:\/\/www.hsu-hh.de\/erika\/wp-content\/uploads\/sites\/858\/2021\/03\/HSU-Logo-300x219.jpg 300w\" sizes=\"auto, (max-width: 270px) 100vw, 270px\" \/><\/figure>\n<\/div>\n\n\n\n<div class=\"wp-block-column is-layout-flow wp-block-column-is-layout-flow\" style=\"flex-basis:66.66%\">\n<figure class=\"wp-block-image size-large is-resized\"><img loading=\"lazy\" decoding=\"async\" src=\"https:\/\/www.hsu-hh.de\/erika\/wp-content\/uploads\/sites\/858\/2021\/03\/BfR-Logo.png\" data-credit=\"BfR\" alt=\"BfR-Logo\" class=\"wp-image-130\" style=\"width:302px;height:130px\" width=\"302\" height=\"130\" srcset=\"https:\/\/www.hsu-hh.de\/erika\/wp-content\/uploads\/sites\/858\/2021\/03\/BfR-Logo.png 336w, https:\/\/www.hsu-hh.de\/erika\/wp-content\/uploads\/sites\/858\/2021\/03\/BfR-Logo-300x129.png 300w\" sizes=\"auto, (max-width: 302px) 100vw, 302px\" \/><\/figure>\n\n\n\n<p><a href=\"https:\/\/www.bfr.bund.de\/de\/start.html\" rel='nofollow'>Link<\/a> zur Webseite des BfR<\/p>\n<\/div>\n<\/div>\n\n\n\n<p>Bei der Forschungsgruppe \u201eEffektive Risikokommunikation (ERika)\u201c handelt es sich um eine Kooperation der Helmut-Schmidt-Universit\u00e4t Hamburg (<abbr title=\"Helmut Schmidt Universit\u00e4t\">HSU<\/abbr>) mit dem Bundesinstitut f\u00fcr Risikobewertung (BfR).<\/p>\n\n\n\n<p>Die Forschungsgruppe <em>ERika<\/em> besteht aus Wissenschaftlerinnen und Wissenschaftlern der <abbr title=\"Helmut Schmidt Universit\u00e4t\">HSU<\/abbr> und des BfR. Sie leistet Beitr\u00e4ge zur wissenschaftlichen Fundierung der Risikokommunikation und erh\u00f6ht damit ihre Effektivit\u00e4t. Die Forschungsgruppe untersucht innerhalb von drei Jahren mit Hilfe eines theoriegeleiteten empirisch-experimentellen Methodenmix das konkrete Thema \u201eKosten einer Krise \u2013 Analyse der Bedeutung von Non-Events im gesundheitlichen Verbraucherschutz\u201c aus \u00f6konomischer und psychologischer Sicht. Im Kontext von Non-Events haben Ma\u00dfnahmen der Risikokommunikation das Ziel, pr\u00e4ventiv zu wirken, Krisen zu verhindern und dementsprechend die Gesundheit der Zielgruppen zu sch\u00fctzen. Im Rahmen des Projekts soll ebenfalls untersucht werden, ob und wie Kosten-Nutzen-Abw\u00e4gungen in der Kommunikation mit verschiedenen Stakeholdern und zum Reputationsmanagement eingesetzt werden k\u00f6nnen.<\/p>\n\n\n\n<div style=\"height:30px\" aria-hidden=\"true\" class=\"wp-block-spacer\"><\/div>\n\n\n\n<h2 class=\"wp-block-heading\">Projektteam<\/h2>\n\n\n\n<h4 class=\"wp-block-heading\"><\/h4>\n\n\n\n<p><a href=\"https:\/\/www.hsu-hh.de\/psyaow\/team\/felfe\/\"><abbr title=\"Professor\">Prof.<\/abbr> <abbr title=\"Doktor\">Dr.<\/abbr> J\u00f6rg Felfe<\/a> \u2013 <em>Arbeits-, Organisations- und Wirtschaftspsychologi<\/em>e<\/p>\n\n\n\n<p><a href=\"https:\/\/www.hsu-hh.de\/be\/team\">Pauline Halm<\/a><\/p>\n\n\n\n<p><a href=\"https:\/\/www.hsu-hh.de\/epu\/de\/team_de\/jacobsen\"><abbr title=\"Professor\">Prof.<\/abbr> <abbr title=\"Doktor\">Dr.<\/abbr> Thomas Jacobsen<\/a> \u2013 <em>Allgemeine und Biologische Psychologie<\/em><\/p>\n\n\n\n<p><a href=\"https:\/\/www.hsu-hh.de\/be\/team\"><abbr title=\"Doktor\">Dr.<\/abbr> Jan Philipp Kr\u00fcgel<\/a> (Koordination des Projekts)<\/p>\n\n\n\n<p><a href=\"https:\/\/www.hsu-hh.de\/epu\/de\/team_de\/marschallek\"><abbr title=\"Doktor\">Dr.<\/abbr> Barbara Marschallek<\/a><\/p>\n\n\n\n<p><a href=\"https:\/\/www.hsu-hh.de\/klinpsych\/\"><abbr title=\"Professor\">Prof.<\/abbr> <abbr title=\"Doktor\">Dr.<\/abbr> Yvonne Nestoriuc<\/a> \u2013 <em>Klinische Psychologie<\/em><\/p>\n\n\n\n<p><a href=\"https:\/\/www.wiwi.tu-clausthal.de\/ueber-uns\/abteilungen\/volkswirtschaftslehre\/ueber-uns\/team\/prof-dr-fabian-paetzel\" rel='nofollow'><abbr title=\"Professor\">Prof.<\/abbr> <abbr title=\"Doktor\">Dr.<\/abbr> Fabian Paetzel<\/a> \u2013 <em>Volkswirtschaftslehre<\/em><\/p>\n\n\n\n<p><a href=\"https:\/\/www.hsu-hh.de\/be\/team\">Mey-Ling Sommer<\/a><\/p>\n\n\n\n<p><a href=\"https:\/\/www.hsu-hh.de\/be\/\"><abbr title=\"Professor\">Prof.<\/abbr> <abbr title=\"Doktor\">Dr.<\/abbr> Stefan Traub<\/a> (Sprecher) \u2013 <em>Volkswirtschaftslehre, <abbr title=\"insbesondere\">insb.<\/abbr> Behavioral Economics<\/em><\/p>\n\n\n\n<div style=\"height:30px\" aria-hidden=\"true\" class=\"wp-block-spacer\"><\/div>\n\n\n\n<figure class=\"wp-block-image size-large\"><img loading=\"lazy\" decoding=\"async\" width=\"1024\" height=\"768\" src=\"https:\/\/www.hsu-hh.de\/erika\/wp-content\/uploads\/sites\/858\/2022\/11\/1-1024x768.jpg\" data-credit=\"Fabian Paetzel\" alt=\"Team\" class=\"wp-image-236\" srcset=\"https:\/\/www.hsu-hh.de\/erika\/wp-content\/uploads\/sites\/858\/2022\/11\/1-1024x768.jpg 1024w, https:\/\/www.hsu-hh.de\/erika\/wp-content\/uploads\/sites\/858\/2022\/11\/1-300x225.jpg 300w, https:\/\/www.hsu-hh.de\/erika\/wp-content\/uploads\/sites\/858\/2022\/11\/1-768x576.jpg 768w, https:\/\/www.hsu-hh.de\/erika\/wp-content\/uploads\/sites\/858\/2022\/11\/1-1536x1152.jpg 1536w, https:\/\/www.hsu-hh.de\/erika\/wp-content\/uploads\/sites\/858\/2022\/11\/1-1100x825.jpg 1100w, https:\/\/www.hsu-hh.de\/erika\/wp-content\/uploads\/sites\/858\/2022\/11\/1.jpg 2016w\" sizes=\"auto, (max-width: 1024px) 100vw, 1024px\" \/><figcaption class=\"wp-element-caption\">Von links nach rechts: Fabian Paetzel, Stefan Traub, Barbara Marschallek, Mey-Ling Sommer, Jan Philipp Kr\u00fcgel, Pauline Halm, J\u00f6rg Felfe, Thomas Jacobsen (nicht im Bild: Yvonne Nestoriuc)<\/figcaption><\/figure>\n","protected":false},"excerpt":{"rendered":"<p>Link zur Webseite des BfR Bei der Forschungsgruppe \u201eEffektive Risikokommunikation (ERika)\u201c handelt es sich um eine Kooperation der Helmut-Schmidt-Universit\u00e4t Hamburg (HSU) mit dem Bundesinstitut f\u00fcr Risikobewertung (BfR). Die Forschungsgruppe ERika [&hellip;]<\/p>\n","protected":false},"author":26,"featured_media":0,"parent":0,"menu_order":0,"comment_status":"closed","ping_status":"closed","template":"","meta":{"footnotes":""},"categories":[35],"tags":[],"class_list":["post-73","page","type-page","status-publish","hentry","category-startseite"],"_links":{"self":[{"href":"https:\/\/www.hsu-hh.de\/erika\/wp-json\/wp\/v2\/pages\/73","targetHints":{"allow":["GET"]}}],"collection":[{"href":"https:\/\/www.hsu-hh.de\/erika\/wp-json\/wp\/v2\/pages"}],"about":[{"href":"https:\/\/www.hsu-hh.de\/erika\/wp-json\/wp\/v2\/types\/page"}],"author":[{"embeddable":true,"href":"https:\/\/www.hsu-hh.de\/erika\/wp-json\/wp\/v2\/users\/26"}],"replies":[{"embeddable":true,"href":"https:\/\/www.hsu-hh.de\/erika\/wp-json\/wp\/v2\/comments?post=73"}],"version-history":[{"count":27,"href":"https:\/\/www.hsu-hh.de\/erika\/wp-json\/wp\/v2\/pages\/73\/revisions"}],"predecessor-version":[{"id":252,"href":"https:\/\/www.hsu-hh.de\/erika\/wp-json\/wp\/v2\/pages\/73\/revisions\/252"}],"wp:attachment":[{"href":"https:\/\/www.hsu-hh.de\/erika\/wp-json\/wp\/v2\/media?parent=73"}],"wp:term":[{"taxonomy":"category","embeddable":true,"href":"https:\/\/www.hsu-hh.de\/erika\/wp-json\/wp\/v2\/categories?post=73"},{"taxonomy":"post_tag","embeddable":true,"href":"https:\/\/www.hsu-hh.de\/erika\/wp-json\/wp\/v2\/tags?post=73"}],"curies":[{"name":"wp","href":"https:\/\/api.w.org\/{rel}","templated":true}]}}