{"id":172,"date":"2021-04-16T09:39:11","date_gmt":"2021-04-16T07:39:11","guid":{"rendered":"https:\/\/www.hsu-hh.de\/erika\/?page_id=172"},"modified":"2021-04-16T10:02:12","modified_gmt":"2021-04-16T08:02:12","slug":"aktuelles","status":"publish","type":"page","link":"https:\/\/www.hsu-hh.de\/erika\/aktuelles\/","title":{"rendered":"Aktuelles"},"content":{"rendered":"\n<div style=\"height:30px\" aria-hidden=\"true\" class=\"wp-block-spacer\"><\/div>\n\n\n\n<h4 class=\"wp-block-heading\">16.04.2021: Studentische Hilfskr\u00e4fte gesucht<\/h4>\n\n\n\n<p>Wir suchen ab sofort zwei studentische Hilfskr\u00e4fte, wobei der Stundenumfang flexibel ausgestaltet werden kann und ein Teil der Arbeitszeit zu Hause geleistet werden kann. Die vollst\u00e4ndige Ausschreibung als pdf finden Sie <a href=\"https:\/\/www.hsu-hh.de\/erika\/wp-content\/uploads\/sites\/858\/2021\/04\/Stellenausschreibung-SHK-1.pdf\">hier.<\/a><\/p>\n\n\n\n<p>F\u00fcr R\u00fcckfragen steht Ihnen Herr Dr. Jan Philipp Kr\u00fcgel (kruegel@hsu-hh.de) zur Verf\u00fcgung. Wir freuen uns \u00fcber Ihre Bewerbung.<\/p>\n","protected":false},"excerpt":{"rendered":"<p>16.04.2021: Studentische Hilfskr\u00e4fte gesucht Wir suchen ab sofort zwei studentische Hilfskr\u00e4fte, wobei der Stundenumfang flexibel ausgestaltet werden kann und ein Teil der Arbeitszeit zu Hause geleistet werden kann. Die vollst\u00e4ndige [&hellip;]<\/p>\n","protected":false},"author":878,"featured_media":0,"parent":0,"menu_order":0,"comment_status":"closed","ping_status":"closed","template":"","meta":{"footnotes":""},"categories":[4],"tags":[],"class_list":["post-172","page","type-page","status-publish","hentry","category-forschung"],"_links":{"self":[{"href":"https:\/\/www.hsu-hh.de\/erika\/wp-json\/wp\/v2\/pages\/172","targetHints":{"allow":["GET"]}}],"collection":[{"href":"https:\/\/www.hsu-hh.de\/erika\/wp-json\/wp\/v2\/pages"}],"about":[{"href":"https:\/\/www.hsu-hh.de\/erika\/wp-json\/wp\/v2\/types\/page"}],"author":[{"embeddable":true,"href":"https:\/\/www.hsu-hh.de\/erika\/wp-json\/wp\/v2\/users\/878"}],"replies":[{"embeddable":true,"href":"https:\/\/www.hsu-hh.de\/erika\/wp-json\/wp\/v2\/comments?post=172"}],"version-history":[{"count":5,"href":"https:\/\/www.hsu-hh.de\/erika\/wp-json\/wp\/v2\/pages\/172\/revisions"}],"predecessor-version":[{"id":180,"href":"https:\/\/www.hsu-hh.de\/erika\/wp-json\/wp\/v2\/pages\/172\/revisions\/180"}],"wp:attachment":[{"href":"https:\/\/www.hsu-hh.de\/erika\/wp-json\/wp\/v2\/media?parent=172"}],"wp:term":[{"taxonomy":"category","embeddable":true,"href":"https:\/\/www.hsu-hh.de\/erika\/wp-json\/wp\/v2\/categories?post=172"},{"taxonomy":"post_tag","embeddable":true,"href":"https:\/\/www.hsu-hh.de\/erika\/wp-json\/wp\/v2\/tags?post=172"}],"curies":[{"name":"wp","href":"https:\/\/api.w.org\/{rel}","templated":true}]}}