{"id":153,"date":"2021-03-10T12:22:43","date_gmt":"2021-03-10T11:22:43","guid":{"rendered":"https:\/\/www.hsu-hh.de\/erika\/?page_id=153"},"modified":"2021-03-10T14:40:46","modified_gmt":"2021-03-10T13:40:46","slug":"ziel","status":"publish","type":"page","link":"https:\/\/www.hsu-hh.de\/erika\/ziel\/","title":{"rendered":"Ziel des Projekts"},"content":{"rendered":"\n<p><br>Als Non-Event wird ein Ereignis bezeichnet, das aufgrund eines erfolgreichen Zusammenspiels von Risikofr\u00fcherkennung, Risikobewertung, Risikokommunikation und Risikomanagement weitgehend vermieden und in seinen widrigen Konsequenzen deutlich abgeschw\u00e4cht werden konnte. Das vorliegende Forschungsvorhaben besch\u00e4ftigt sich schwerpunktm\u00e4\u00dfig mit dem Zusammenspiel von Risikobewertung und Risikokommunikation im gesundheitlichen Verbraucherschutz. Non-Events stellen eine besondere Herausforderung f\u00fcr die Risikobewertung und Risikokommunikation dar, weil die tats\u00e4chlichen gesundheitlichen Risiken f\u00fcr den Verbraucher und die Gesellschaft in Form von Eintrittswahrscheinlichkeiten und Konsequenzen aufgrund des Erfolgs von Pr\u00e4ventions- und Behandlungsma\u00dfnahmen nicht direkt beobachtbar sind. Dies f\u00fchrt auf der Mess- und Bewertungsebene zu dem Problem, dass die gesundheitlichen Kosten einer Krise auf Basis kontrafaktischer Annahmen bzw. hypothetischer Krisenszenarien ohne Pr\u00e4ventions- und Behandlungsma\u00dfnahmen gesch\u00e4tzt werden m\u00fcssen. Zus\u00e4tzlich ist von einer hohen aleatorischen Unsicherheit in Bezug auf das individuelle Gesundheitsrisiko auszugehen.<\/p>\n\n\n\n<p>Eine weitere Herausforderung durch Non-Events findet auf der individuellen Wahrnehmungsebene von Gesundheitsrisiken statt, denn die verhaltens\u00f6konomische und vor allem psychologische Forschung zeigt, dass die Wahrnehmung von Risiken mit zahlreichen kognitiven Biases behaftet und von den individuellen Informationsbed\u00fcrfnissen (Risikokompetenz, Erwartungen, Einstellungen) abh\u00e4ngig ist. Somit ist es selbst bei relativ gesicherter Faktenlage in Bezug auf ein Gesundheitsrisiko unsicher, wie die Bewertung und Kommunikation dieses verbraucherbezogenen Gesundheitsrisikos in der Bev\u00f6lkerung tats\u00e4chlich wahrgenommen wird und welche \u00f6ffentlichen Reaktionen auf Vermeidungs- und Minderungsstrategien zu erwarten sind. Hinzu kommt das Problem, dass die erfolgreiche Vermeidung oder Minderung einer Krise aufgrund des Ausbleibens der erwarteten individuellen und gesellschaftlichen Konsequenzen zur Infragestellung des Risikos und der getroffenen Ma\u00dfnahmen f\u00fchren kann (\u201ePr\u00e4ventionsparadoxon\u201c).<\/p>\n\n\n\n<p>Es stellen sich somit folgende Fragen: Wie k\u00f6nnen Non-Events und entsprechende Pr\u00e4ventionsma\u00dfnahmen durch eine effektive Risikokommunikation sichtbar gemacht werden? Wie kann Risikokommunikation auch bei Wahrnehmungsverzerrungen und heterogenen individuellen Informationsbed\u00fcrfnissen innerhalb verschiedener Stakeholdergruppen effektiv gestaltet werden? Inwiefern lassen sich die Ergebnisse f\u00fcr das Reputationsmanagement eines Akteurs im gesundheitlichen Verbraucherschutz nutzen? Die Forschungsgruppe tr\u00e4gt mit einer wissenschaftlichen Untersuchung, die auf einem theoriegeleiteten empirischen und experimentellen Methodenmix basiert, zur Beantwortung dieser Fragen bei.<\/p>\n\n\n\n<p>In der Regel erfolgt die Bewertung von Gesundheit und Lebensqualit\u00e4t mit den Standardans\u00e4tzen der Finanzwissenschaft und Gesundheits\u00f6konomik wie der Kosteneffektivit\u00e4tsanalyse, der Kosten-Nutzwert-Analyse (z.B. in Form von QALYs\/Quality-Adjusted-Life-Years und DALYs\/Disability-Adjusted-Life-Years) und der Kosten-Nutzen-Analyse. Mit Hilfe von experimentellen Ans\u00e4tzen (z. B. Standard-Lotterie-Methode oder Methode der zeitlichen Abw\u00e4gung) werden die hierf\u00fcr notwendigen Bewertungen (z.B. f\u00fcr die Erreichung eines bestimmten Gesundheitszustands, f\u00fcr die Vermeidung der Exposition mit einem Schadstoff oder f\u00fcr die Reduktion von Unsicherheit in der Nahrungskette) generiert und eine ordinal oder kardinal interpretierbare Ma\u00dfzahl berechnet. So berechnet die Weltgesundheitsorganisation (WHO) DALYs standardisiert und ber\u00fccksichtigt dabei bspw. Hygienestandards \u2013 ein Bereich, der essentiell in der Lebensmittelsicherheit und damit im gesundheitlichen Verbraucherschutz ist.<\/p>\n\n\n\n<p>Das vorliegende Forschungsprojekt entwickelt die Standardans\u00e4tze f\u00fcr die Bewertung von Non-Events unter Einbeziehung von verschiedenen Formen der Unsicherheit (u.a. aleatorischer Unsicherheit) weiter und erg\u00e4nzt die Standardans\u00e4tze um subjektive Ans\u00e4tze, die m\u00f6gliche Wahrnehmungsverzerrungen wie Framing-Effekte und heterogene Informationsbed\u00fcrfnisse ber\u00fccksichtigen. Aus der theoretischen und empirischen Analyse der Interaktionen zwischen den Voreinstellungen und Erwartungen der Adressaten von Risikokommunikation und den kommunizierten Informationen in Form von Stellungnahmen, FAQs, Informationen und Pressemitteilungen werden zum einen wichtige Erkenntnisse f\u00fcr eine effektive Risikokommunikation generiert. Zum anderen l\u00e4sst sich \u00fcber die Berechnung der Kosten und Nutzen von Non-Events und damit vom Wert der Pr\u00e4ventionsma\u00dfnahmen auch die Reputation eines Akteurs im gesundheitlichen Verbraucherschutz steigern. Dazu bedarf es der Entwicklung von Kommunikationsans\u00e4tzen, die wiederum auf Basis der Bedeutung von DALYs und QALYs (als Typen von HALYs\/Health-Adjusted Life Years) f\u00fcr spezifische Zielgruppen und deren Gesundheitsinformationsverhalten entwickelt werden. Von Erkenntnisinteresse sind Fragen danach, welche Informationen im Kontext von DALYs und QALYs 1) zu kommunizieren und 2) wie diese aufzubereiten und zu vermitteln sind. Hier ist eine Verzahnung der Arbeitsprogramme beider H\u00e4user angelegt.<\/p>\n","protected":false},"excerpt":{"rendered":"<p>Als Non-Event wird ein Ereignis bezeichnet, das aufgrund eines erfolgreichen Zusammenspiels von Risikofr\u00fcherkennung, Risikobewertung, Risikokommunikation und Risikomanagement weitgehend vermieden und in seinen widrigen Konsequenzen deutlich abgeschw\u00e4cht werden konnte. Das vorliegende [&hellip;]<\/p>\n","protected":false},"author":878,"featured_media":0,"parent":0,"menu_order":0,"comment_status":"closed","ping_status":"closed","template":"","meta":{"footnotes":""},"categories":[4],"tags":[],"class_list":["post-153","page","type-page","status-publish","hentry","category-forschung"],"_links":{"self":[{"href":"https:\/\/www.hsu-hh.de\/erika\/wp-json\/wp\/v2\/pages\/153","targetHints":{"allow":["GET"]}}],"collection":[{"href":"https:\/\/www.hsu-hh.de\/erika\/wp-json\/wp\/v2\/pages"}],"about":[{"href":"https:\/\/www.hsu-hh.de\/erika\/wp-json\/wp\/v2\/types\/page"}],"author":[{"embeddable":true,"href":"https:\/\/www.hsu-hh.de\/erika\/wp-json\/wp\/v2\/users\/878"}],"replies":[{"embeddable":true,"href":"https:\/\/www.hsu-hh.de\/erika\/wp-json\/wp\/v2\/comments?post=153"}],"version-history":[{"count":2,"href":"https:\/\/www.hsu-hh.de\/erika\/wp-json\/wp\/v2\/pages\/153\/revisions"}],"predecessor-version":[{"id":161,"href":"https:\/\/www.hsu-hh.de\/erika\/wp-json\/wp\/v2\/pages\/153\/revisions\/161"}],"wp:attachment":[{"href":"https:\/\/www.hsu-hh.de\/erika\/wp-json\/wp\/v2\/media?parent=153"}],"wp:term":[{"taxonomy":"category","embeddable":true,"href":"https:\/\/www.hsu-hh.de\/erika\/wp-json\/wp\/v2\/categories?post=153"},{"taxonomy":"post_tag","embeddable":true,"href":"https:\/\/www.hsu-hh.de\/erika\/wp-json\/wp\/v2\/tags?post=153"}],"curies":[{"name":"wp","href":"https:\/\/api.w.org\/{rel}","templated":true}]}}