{"id":972,"date":"2017-12-11T11:43:21","date_gmt":"2017-12-11T10:43:21","guid":{"rendered":"https:\/\/www.hsu-hh.de\/epu\/?page_id=972"},"modified":"2026-03-03T07:35:55","modified_gmt":"2026-03-03T06:35:55","slug":"team","status":"publish","type":"page","link":"https:\/\/www.hsu-hh.de\/epu\/en\/team","title":{"rendered":"Team"},"content":{"rendered":"<h2>Members<\/h2>\n<p><a href=\"https:\/\/www.hsu-hh.de\/epu\/en\/team\/arenillas-alcon\">Arenillas Alc\u00f3n, <abbr title=\"Doktor\">Dr.<\/abbr> Sonia<\/a><\/p>\n<p><a href=\"https:\/\/www.hsu-hh.de\/epu\/en\/team\/duer\">Duer, Christian (externer Doktorand)<\/a><\/p>\n<p><a href=\"https:\/\/www.hsu-hh.de\/epu\/duehnen\">D\u00fchnen, Imke, <abbr title=\"Master of Science\">M.Sc.<\/abbr> (externe Doktorandin)<\/a><\/p>\n<p><a href=\"https:\/\/www.hsu-hh.de\/epu\/en\/team\/fan\">Fan, DongNi, <abbr title=\"Master of Science\">M.Sc.<\/abbr> (externe Doktorandin)<\/a><\/p>\n<p><a href=\"https:\/\/www.hsu-hh.de\/epu\/en\/team\/hitsuwari\" target=\"_blank\" rel=\"noopener\">Hitsuwari, <abbr title=\"Doktor\">Dr.<\/abbr> Jimpei<\/a><\/p>\n<p><a href=\"https:\/\/www.hsu-hh.de\/epu\/team\/hoefel\" rel=\"noopener\">H\u00f6fel, <abbr title=\"Doktor\">Dr.<\/abbr> Lea (externe Habilitandin)<\/a><\/p>\n<p><a href=\"https:\/\/www.hsu-hh.de\/epu\/?page_id=2082&amp;preview=true\">Hosang, Thomas Jean, <abbr title=\"Master of Science\">M.Sc.<\/abbr> (externer Doktorand)<\/a><\/p>\n<p><a href=\"https:\/\/www.hsu-hh.de\/epu\/team\/jacobsen\" rel=\"noopener\">Jacobsen, <abbr title=\"Professor\">Prof.<\/abbr> <abbr title=\"Doktor\">Dr.<\/abbr> Thomas <\/a><\/p>\n<p><a href=\"https:\/\/www.hsu-hh.de\/epu\/team\/kaehler\" rel=\"noopener\">K\u00e4hler, Svantje Tabea, <abbr title=\"Master of Science\">M.Sc.<\/abbr><\/a><\/p>\n<p><a href=\"https:\/\/www.hsu-hh.de\/epu\/team\/loew\" rel=\"noopener\">L\u00f6w, <abbr title=\"Doktor\">Dr.<\/abbr> Andreas <\/a><\/p>\n<p><a href=\"https:\/\/www.hsu-hh.de\/epu\/team\/luna-rodriguez\" rel=\"noopener\">Luna-Rodriguez, <abbr title=\"Doktor\">Dr.<\/abbr> Aquiles<\/a><\/p>\n<p><a href=\"https:\/\/www.hsu-hh.de\/epu\/en\/team\/manolika\">Manolika, <abbr title=\"Doktor\">Dr.<\/abbr> Maria<\/a><\/p>\n<p><a href=\"https:\/\/www.hsu-hh.de\/epu\/en\/team\/manteufel\">Manteufel, Vivien, <abbr title=\"Master of Science\">M.Sc.<\/abbr> (externe Doktorandin)<\/a><\/p>\n<p><a href=\"https:\/\/www.hsu-hh.de\/epu\/en\/team\/muhlenbeck\">M\u00fchlenbeck, <abbr title=\"Doktor\">Dr.<\/abbr> Cordelia (externe Habilitandin)<\/a><\/p>\n<p><a href=\"https:\/\/www.hsu-hh.de\/epu\/team\/neumann\" rel=\"noopener\">Neumann, Kirsten (secretariat)<\/a><\/p>\n<p><a href=\"https:\/\/www.hsu-hh.de\/epu\/team\/sprengel\">Sprengel, <abbr title=\"Doktor\">Dr.<\/abbr> Michael<\/a><\/p>\n<p><a href=\"https:\/\/www.hsu-hh.de\/epu\/en\/team\/tameling\">Tameling, Jan-Filip, <abbr title=\"Master of Science\">M.Sc.<\/abbr><\/a><\/p>\n<p><a style=\"font-size: revert\" href=\"https:\/\/www.hsu-hh.de\/geiso\/dr-valentin-wagner\">Wagner, <abbr title=\"Doktor\">Dr.<\/abbr> Valentin (Faculty of Humanities and Social Sciences)<\/a><\/p>\n<p><a href=\"https:\/\/www.hsu-hh.de\/epu\/team\/weiler\">Weiler, <abbr title=\"Doktor\">Dr.<\/abbr> Selina Maria<\/a><\/p>\n<p><a href=\"https:\/\/www.hsu-hh.de\/epu\/team\/wendt\" rel=\"noopener\">Wendt, <abbr title=\"Professor\">Prof.<\/abbr> <abbr title=\"Doktor\">Dr.<\/abbr> Mike (Medical School Hamburg)<\/a><\/p>\n<h3><\/h3>\n<h2>Former Members<\/h2>\n<p><a href=\"https:\/\/www.hsu-hh.de\/epu\/en\/team\/becker\">Becker, <abbr title=\"Professor\">Prof.<\/abbr> <abbr title=\"Doktor\">Dr.<\/abbr> Linda<\/a><\/p>\n<p><a href=\"https:\/\/www.hsu-hh.de\/epu\/team\/frey\">Frey, <abbr title=\"Doktor\">Dr.<\/abbr> Johannes Daniel<\/a><\/p>\n<p><a href=\"https:\/\/www.hsu-hh.de\/epu\/team\/jacobsen-tk\">Jacobsen, <abbr title=\"Doktor\">Dr.<\/abbr> Thomas Konstantin<\/a><\/p>\n<p><a href=\"https:\/\/www.hsu-hh.de\/epu\/team\/jost\">Jost, <abbr title=\"Privatdozent\">PD<\/abbr> <abbr title=\"Doktor\">Dr.<\/abbr> Kerstin<\/a><\/p>\n<p><a href=\"https:\/\/www.hsu-hh.de\/epu\/team\/kluwe\">Kluwe, <abbr title=\"Professor\">Prof.<\/abbr> <abbr title=\"Doktor\">Dr.<\/abbr> Rainer H.<\/a><\/p>\n<p><a href=\"https:\/\/www.hsu-hh.de\/epu\/team\/marschallek\" rel=\"noopener\">Marschallek, <abbr title=\"Doktor\">Dr.<\/abbr> Barbara E.<\/a><\/p>\n<p><a href=\"https:\/\/www.hsu-hh.de\/epu\/team\/ohla\">Ohla, <abbr title=\"Privatdozent\">PD<\/abbr> <abbr title=\"Doktor\">Dr.<\/abbr> Kathrin<\/a><\/p>\n<p><a href=\"https:\/\/www.hsu-hh.de\/epu\/team\/steinberg\">Steinberg, <abbr title=\"Doktor\">Dr.<\/abbr> Johanna<\/a><\/p>\n<p><a href=\"https:\/\/www.hsu-hh.de\/epu\/team\/tomat\" rel=\"noopener\">Tomat, <abbr title=\"Doktor\">Dr.<\/abbr> Miriam<\/a><\/p>\n<p><a href=\"https:\/\/www.hsu-hh.de\/epu\/team\/weigand\">Weigand, <abbr title=\"Doktor\">Dr.<\/abbr> Rosalie<\/a><\/p>\n","protected":false},"excerpt":{"rendered":"<p>Members Arenillas Alc\u00f3n, Dr. Sonia Duer, Christian (externer Doktorand) D\u00fchnen, Imke, M.Sc. (externe Doktorandin) Fan, DongNi, M.Sc. (externe Doktorandin) Hitsuwari, Dr. Jimpei H\u00f6fel, Dr. Lea (externe Habilitandin) Hosang, Thomas Jean, [&hellip;]<\/p>\n","protected":false},"author":147,"featured_media":0,"parent":0,"menu_order":0,"comment_status":"closed","ping_status":"closed","template":"","meta":{"footnotes":""},"categories":[9],"tags":[],"class_list":["post-972","page","type-page","status-publish","hentry","category-team-en"],"_links":{"self":[{"href":"https:\/\/www.hsu-hh.de\/epu\/wp-json\/wp\/v2\/pages\/972","targetHints":{"allow":["GET"]}}],"collection":[{"href":"https:\/\/www.hsu-hh.de\/epu\/wp-json\/wp\/v2\/pages"}],"about":[{"href":"https:\/\/www.hsu-hh.de\/epu\/wp-json\/wp\/v2\/types\/page"}],"author":[{"embeddable":true,"href":"https:\/\/www.hsu-hh.de\/epu\/wp-json\/wp\/v2\/users\/147"}],"replies":[{"embeddable":true,"href":"https:\/\/www.hsu-hh.de\/epu\/wp-json\/wp\/v2\/comments?post=972"}],"version-history":[{"count":133,"href":"https:\/\/www.hsu-hh.de\/epu\/wp-json\/wp\/v2\/pages\/972\/revisions"}],"predecessor-version":[{"id":7618,"href":"https:\/\/www.hsu-hh.de\/epu\/wp-json\/wp\/v2\/pages\/972\/revisions\/7618"}],"wp:attachment":[{"href":"https:\/\/www.hsu-hh.de\/epu\/wp-json\/wp\/v2\/media?parent=972"}],"wp:term":[{"taxonomy":"category","embeddable":true,"href":"https:\/\/www.hsu-hh.de\/epu\/wp-json\/wp\/v2\/categories?post=972"},{"taxonomy":"post_tag","embeddable":true,"href":"https:\/\/www.hsu-hh.de\/epu\/wp-json\/wp\/v2\/tags?post=972"}],"curies":[{"name":"wp","href":"https:\/\/api.w.org\/{rel}","templated":true}]}}