{"id":967,"date":"2017-12-11T11:32:25","date_gmt":"2017-12-11T10:32:25","guid":{"rendered":"https:\/\/www.hsu-hh.de\/epu\/?page_id=967"},"modified":"2026-02-02T14:58:03","modified_gmt":"2026-02-02T13:58:03","slug":"research_seminar","status":"publish","type":"page","link":"https:\/\/www.hsu-hh.de\/epu\/en\/research_seminar","title":{"rendered":"Research Seminar"},"content":{"rendered":"<div class=\"entry-content\" style=\"text-align: center\">\n<div style=\"text-align: center\">\n<h2><strong>Allgemeine und Biologische Psychologie<\/strong><\/h2>\n<p><strong>Dienstag, 06.01.2026<\/strong><\/p>\n<p><em>Themenvergabe<\/em><\/p>\n<p><strong>Dienstag, 13.01.2026<\/strong><\/p>\n<p><em>Neural and Behavioral Signatures of Prediction in Joint Action<\/em><br \/>\n(Rosari Selvan, <abbr title=\"Master of Science\">M.Sc.<\/abbr> &#8211; Universit\u00e4t M\u00fcnster)<em><br \/>\n<strong>Diese Veranstaltung findet im Rahmen des Cognitive Science Cluster statt<\/strong><\/em><\/p>\n<p><strong>Dienstag, 20.01.2026<\/strong><\/p>\n<p>[Vorstellung Bachelorarbeit]<br \/>\n<em>Nutzerakzeptanz und Umsetzbarkeit von Just-In-Time Adaptive Interventions zur Reduktion depressiver Symptome: Eine systematische \u00dcbersichtsarbeit<\/em><br \/>\n(Kristin Wagner)<\/p>\n<p>[Vorstellung Bachelorarbeit]<br \/>\n<em>Der Einfluss von immersiver Virtual Reality auf das Ersch\u00f6pfungserleben im Vergleich zu klassischen Videokonferenzen &#8211; Die Rolle sozialer Pr\u00e4senz<\/em><br \/>\n(Silva Weller)<\/p>\n<p>[Vorstellung Bachelorarbeit]<br \/>\n<em>Der Zusammenhang des NFU mit der Kaufbereitschaft von nicht-funktionalen Gegenst\u00e4nden In-Game<\/em><br \/>\n(Alex Fuhrmann)<\/p>\n<p>[Vorstellung Bachelorarbeit]<br \/>\n<em>Zusammenhang zwischen Body Positivity und Mate Value: Eine Untersuchung zu Eigen- und Fremdbewertungen k\u00f6rperlicher Attraktivit\u00e4t<\/em><br \/>\n(Paul Ostwald)<\/p>\n<p><strong>Dienstag, 27.01.2026<\/strong><\/p>\n<p>[Vorstellung Masterarbeit]<br \/>\n<em>Collaborative Combat &#8211; Eine Untersuchung zur Auswirkung von Unterst\u00fctzungssystemen im Kampfpanzer auf die Stressreaktion, den cognitive Load und Entscheidungsleistung<\/em><br \/>\n(Louisa Dudler)<\/p>\n<p>[Vorstellung Masterarbeit]<br \/>\n<em>Wirksamkeit von Tension &amp; Trauma Releasing Exercises (TRE) im Vergleich zu Ohrakupunktur: Eine Interventionsstudie im polizeilichen Kontext<\/em><br \/>\n(David M\u00fcller)<\/p>\n<p>[Vorstellung Bachelorarbeit]<br \/>\n<em>Die Architektur der Aggression: Appetitive Aggression als fehlendes Element im Verst\u00e4ndnis menschlicher Aggression<\/em><br \/>\n(Lukas Taterra)<\/p>\n<p>[Vorstellung Bachelorarbeit]<br \/>\n<em>Modern vs. Traditionell, Hart vs. Soft &#8212; Inwieweit hat der Kampfsporttyp einen Einfluss auf die Aggression von Erwachsenen<\/em><br \/>\n(Laines Grasser, eh. Richter)<\/p>\n<p><strong>Dienstag, 03.02.2026<\/strong><\/p>\n<p>[Vorstellung Masterarbeit]<br \/>\n<em>Mind over Muscle: The Effects of Open-Label Placebos and Expectation Induction on Soldiers Sprint Performance<\/em><br \/>\n(Nadine Canehls und Colin Schaberger)<\/p>\n<p>[Vorstellung Masterarbeit]<br \/>\n<em>Titel folgt<\/em><br \/>\n(M.G.)<\/p>\n<p>[Vorstellung Masterarbeit]<br \/>\n<em>Troublemaker-tendencies bei F\u00fchrungskr\u00e4ften<\/em><br \/>\n(Vincent Scholz)<\/p>\n<p>[Vorstellung Masterarbeit]<br \/>\n<em>Verursachen das Verhalten von Partnern Eifersucht? Eine dyadische Untersuchung<\/em><br \/>\n(Xenia Mahlstedt)<\/p>\n<p><strong>Dienstag, 10.02.2026<\/strong><\/p>\n<p>[Vorstellung Masterarbeit]<br \/>\n<em>F\u00fchrung als Gesundheitsfaktor: Der Einfluss von Vorbildern in Krisenzeiten<br \/>\n<\/em>(Malte Bienroth)<\/p>\n<p>[Referatstitel]<br \/>\n<em>Stressreduktion durch parasympathische Aktivierung nach akuter Belastung: Ein experimenteller Vergleich aktiver und passiver Interventionsmethoden<\/em><br \/>\n(Chinthuyan Jegaseelan)<\/p>\n<p><strong>Dienstag, 17.02.2026<\/strong><\/p>\n<p><strong>Dienstag, 24.02.2026<\/strong><\/p>\n<p><strong>Dienstag, 03.03.2026<\/strong><\/p>\n<p>[Vorstellung Masterarbeit]<br \/>\n<em>Kompetenzgewinn oder -verlust &#8211; Mindert die Nutzung von k\u00fcnstlicher Intelligenz unsere F\u00e4higkeiten oder werden wir durch sie schlauer?<\/em><br \/>\n(Helena Madlo)<\/p>\n<p>[Referatstitel]<br \/>\n<em>Was die Truppe tr\u00e4gt &#8211; Pr\u00e4diktoren der individuellen Einsatzbereitschaft von Bundeswehr-Soldaten<\/em><br \/>\n(Paul Ribitza)<\/p>\n<p>[Referatstitel]<br \/>\n<em>Autorit\u00e4re Einstellungen und Verschw\u00f6rungsmentalit\u00e4t im politischen Spektrum<\/em><br \/>\n(Jana Sonnberg)<\/p>\n<p>[Vorstellung Bachelorarbeit]<br \/>\n<em>Durchf\u00fchrbarkeit und Einflussnahme der OPTIMIND-App auf Behandlungserwartungen bei Patient:innen, die eine Antidepressiva-Medikation erhalten Eine 28-t\u00e4gige \u201eJust-in-time-adaptive Intervention\u201c Smartphonebasierte Pilot-Studie<\/em><br \/>\n(Jana Schira)<\/p>\n<p><strong>Dienstag, 10.03.2026<\/strong><\/p>\n<p>[Vorstellung Masterarbeit]<br \/>\n<em>Einfluss von Empathie und Aggressivit\u00e4t auf das Blickverhalten bei der Betrachtung emotionaler Stimuli: Moderierende Effekte von transkranieller Gleichstromstimulation<\/em><br \/>\n(Lars Henk)<\/p>\n<p>[Vorstellung Masterarbeit]<br \/>\n<em>Der Einfluss von Behandlungserwartungen auf den Erfolg psychotherapeutischer Behandlungen<\/em><br \/>\n(Jonathan Mirow)<\/p>\n<p>[Vorstellung Masterarbeit]<br \/>\n<em>Value-weighted goal updating in the reward positivity<\/em><br \/>\n(Noah Choudhury)<\/p>\n<p><strong>Dienstag,<\/strong> <strong>17.03.2026<\/strong><\/p>\n<p><em>verschoben<\/em><\/p>\n<p><strong>Dienstag, 24.03.2026<\/strong><\/p>\n<p><em>Pr\u00fcfungswoche<\/em><\/p>\n<\/div>\n<h2>5:30 p.m., building H1, room 205<\/h2>\n<h2>You are cordially invited<\/h2>\n<\/div>\n","protected":false},"excerpt":{"rendered":"<p>Allgemeine und Biologische Psychologie Dienstag, 06.01.2026 Themenvergabe Dienstag, 13.01.2026 Neural and Behavioral Signatures of Prediction in Joint Action (Rosari Selvan, M.Sc. &#8211; Universit\u00e4t M\u00fcnster) Diese Veranstaltung findet im Rahmen des [&hellip;]<\/p>\n","protected":false},"author":147,"featured_media":0,"parent":0,"menu_order":0,"comment_status":"closed","ping_status":"closed","template":"","meta":{"footnotes":""},"categories":[7],"tags":[],"class_list":["post-967","page","type-page","status-publish","hentry","category-research"],"_links":{"self":[{"href":"https:\/\/www.hsu-hh.de\/epu\/wp-json\/wp\/v2\/pages\/967","targetHints":{"allow":["GET"]}}],"collection":[{"href":"https:\/\/www.hsu-hh.de\/epu\/wp-json\/wp\/v2\/pages"}],"about":[{"href":"https:\/\/www.hsu-hh.de\/epu\/wp-json\/wp\/v2\/types\/page"}],"author":[{"embeddable":true,"href":"https:\/\/www.hsu-hh.de\/epu\/wp-json\/wp\/v2\/users\/147"}],"replies":[{"embeddable":true,"href":"https:\/\/www.hsu-hh.de\/epu\/wp-json\/wp\/v2\/comments?post=967"}],"version-history":[{"count":271,"href":"https:\/\/www.hsu-hh.de\/epu\/wp-json\/wp\/v2\/pages\/967\/revisions"}],"predecessor-version":[{"id":7569,"href":"https:\/\/www.hsu-hh.de\/epu\/wp-json\/wp\/v2\/pages\/967\/revisions\/7569"}],"wp:attachment":[{"href":"https:\/\/www.hsu-hh.de\/epu\/wp-json\/wp\/v2\/media?parent=967"}],"wp:term":[{"taxonomy":"category","embeddable":true,"href":"https:\/\/www.hsu-hh.de\/epu\/wp-json\/wp\/v2\/categories?post=967"},{"taxonomy":"post_tag","embeddable":true,"href":"https:\/\/www.hsu-hh.de\/epu\/wp-json\/wp\/v2\/tags?post=967"}],"curies":[{"name":"wp","href":"https:\/\/api.w.org\/{rel}","templated":true}]}}