{"id":7103,"date":"2025-06-16T17:37:00","date_gmt":"2025-06-16T15:37:00","guid":{"rendered":"https:\/\/www.hsu-hh.de\/epu\/?page_id=7103"},"modified":"2025-06-16T17:41:23","modified_gmt":"2025-06-16T15:41:23","slug":"publications","status":"publish","type":"page","link":"https:\/\/www.hsu-hh.de\/epu\/en\/team\/arenillas-alcon\/publications","title":{"rendered":"Publications"},"content":{"rendered":"\n<p>Gorina-Careta, N., Arenillas-Alc\u00f3n, S., Puertollano, M., Mond\u00e9jar-Segovia, A., Ijjou-Kadiri, S., Costa-Faidella, J., G\u00f3mez-Roig, M.D., &amp; Escera, C. (2024). Exposure to bilingual or monolingual maternal speech during pregnancy affects the neurophysiological encoding of speech sounds in neonates differently. <em>Frontiers in Human Neuroscience, 18,<\/em> 1379660. <a href=\"https:\/\/doi.org\/10.3389\/fnhum.2024.1379660\" target=\"_blank\" rel=\"noreferrer noopener\">[doi]<\/a><\/p>\n\n\n\n<p>Ribas-Prats, T., Arenillas-Alc\u00f3n, S., Ferrero Mart\u00ednez, S.I., G\u00f3mez-Roig, M.D., &amp; Escera, C. (2024). The frequency-following response in late preterm neonates: a pilot study. <em>Frontiers in Psychology, 15,<\/em> 1341171. <a href=\"https:\/\/doi.org\/10.3389\/fpsyg.2024.1341171\" target=\"_blank\" rel=\"noreferrer noopener\">[doi]<\/a><\/p>\n\n\n\n<p>Puertollano, M., Ribas-Prats, T., Gorina-Careta, N., Ijjou-Kadiri, S., Arenillas-Alc\u00f3n, S., Mond\u00e9jar-Segovia, A., G\u00f3mez-Roig, M.D., &amp; Escera, C. (2024). Longitudinal trajectories of the neural encoding mechanisms of speech-sound features during the first year of life. <em>Brain and Language, 258,<\/em> 105474. <a href=\"https:\/\/doi.org\/10.1016\/j.bandl.2024.105474\" target=\"_blank\" rel=\"noreferrer noopener\">[doi]<\/a><\/p>\n\n\n\n<p>Arenillas-Alc\u00f3n, S., Ribas-Prats, T., Puertollano, M., Mond\u00e9jar-Segovia, A., G\u00f3mez-Roig, M.D., Costa-Faidella, J., &amp; Escera, C. (2023). Prenatal daily musical exposure is associated with enhanced neural representation of speech fundamental frequency: evidence from neonatal frequency-following responses. <em>Developmental Science<\/em>, <em>26,<\/em> e13362 <a href=\"https:\/\/doi.org\/10.1111\/desc.13362\" target=\"_blank\" rel=\"noreferrer noopener\">[doi]<\/a><\/p>\n\n\n\n<p>Ribas-Prats, T., Arenillas-Alc\u00f3n, S., P\u00e9rez-Cruz, M., Costa-Faidella, J., G\u00f3mez-Roig, M.D. &amp; Escera, C. (2023). Speech-encoding deficits in neonates born large-for-gestational age as revealed with the envelope frequency-following response. <em>Ear and Hearing, <\/em>44, 829-841. <a href=\"https:\/\/doi.org\/10.1097\/AUD.0000000000001330\" target=\"_blank\" rel=\"noreferrer noopener\">[doi]<\/a><\/p>\n\n\n\n<p>Ribas-Prats, T., Cordero, G., Lip-Sosa, D.L., Arenillas-Alc\u00f3n, S., Costa-Faidella, J., G\u00f3mez-Roig, M.D., &amp; Escera, C. (2023). Developmental trajectory of the frequency-following response during the first six months of life. <em>Journal of Speech, Language, and Hearing Research, 16<\/em>(12), 4785-4800. <a href=\"https:\/\/doi.org\/10.1044\/2023_JSLHR-23-00104\" target=\"_blank\" rel=\"noreferrer noopener\">[doi]<\/a><a href=\"https:\/\/doi.org\/10.1044\/2023_JSLHR-23-00104\" rel='nofollow'><\/a><\/p>\n\n\n\n<p>Gorina-Careta, N., Ribas-Prats, T., Arenillas-Alc\u00f3n, S., Puertollano, M., G\u00f3mez-Roig, M. D., &amp; Escera, C. (2022). Neonatal frequency-following responses: A methodological framework for clinical applications. <em>Seminars in Hearing, 43,<\/em> 162-176. <a href=\"https:\/\/doi.org\/10.1055\/s-0042-1756162\" target=\"_blank\" rel=\"noreferrer noopener\">[doi]<\/a><\/p>\n\n\n\n<p>Arenillas-Alc\u00f3n, S., Costa-Faidella, J., Ribas-Prats, T., G\u00f3mez-Roig, M.D., &amp; Escera, C. (2021). Neural encoding of voice pitch and formant structure at birth as revealed by frequency-following responses. <em>Scientific Reports <\/em>11, 6660. <a href=\"https:\/\/doi.org\/10.1038\/s41598-021-85799-x\" target=\"_blank\" rel=\"noreferrer noopener\">[doi]<\/a><\/p>\n\n\n\n<p>Arenillas-Alc\u00f3n, S., Costa-Faidella, J., Ribas-Prats, T., G\u00f3mez-Roig, M.D., &amp; Escera, C. (2021). Neural encoding of vocalic sounds in newborns. <em>The Hearing Journal, 74<\/em>, 10-11. <a href=\"https:\/\/doi.org\/10.1097\/01.HJ.0000766224.58441.86\" target=\"_blank\" rel=\"noreferrer noopener\">[doi]<\/a><\/p>\n\n\n\n<p>Ribas-Prats, T., Arenillas-Alc\u00f3n, S., Lip-Sosa, D.L., Costa-Faidella, J., Mazarico, E., G\u00f3mez-Roig, M.D. &amp; Escera, C. (2021). Deficient neural encoding of speech sounds in term neonates born after fetal growth restriction. <em>Developmental Science, 25, <\/em>e13189. <a href=\"https:\/\/doi.org\/10.1111\/desc.13189\" target=\"_blank\" rel=\"noreferrer noopener\">[doi]<\/a><\/p>\n","protected":false},"excerpt":{"rendered":"<p>Gorina-Careta, N., Arenillas-Alc\u00f3n, S., Puertollano, M., Mond\u00e9jar-Segovia, A., Ijjou-Kadiri, S., Costa-Faidella, J., G\u00f3mez-Roig, M.D., &amp; Escera, C. (2024). Exposure to bilingual or monolingual maternal speech during pregnancy affects the neurophysiological [&hellip;]<\/p>\n","protected":false},"author":147,"featured_media":0,"parent":7068,"menu_order":0,"comment_status":"closed","ping_status":"closed","template":"","meta":{"footnotes":""},"categories":[211],"tags":[],"class_list":["post-7103","page","type-page","status-publish","hentry","category-forschung-en"],"_links":{"self":[{"href":"https:\/\/www.hsu-hh.de\/epu\/wp-json\/wp\/v2\/pages\/7103","targetHints":{"allow":["GET"]}}],"collection":[{"href":"https:\/\/www.hsu-hh.de\/epu\/wp-json\/wp\/v2\/pages"}],"about":[{"href":"https:\/\/www.hsu-hh.de\/epu\/wp-json\/wp\/v2\/types\/page"}],"author":[{"embeddable":true,"href":"https:\/\/www.hsu-hh.de\/epu\/wp-json\/wp\/v2\/users\/147"}],"replies":[{"embeddable":true,"href":"https:\/\/www.hsu-hh.de\/epu\/wp-json\/wp\/v2\/comments?post=7103"}],"version-history":[{"count":3,"href":"https:\/\/www.hsu-hh.de\/epu\/wp-json\/wp\/v2\/pages\/7103\/revisions"}],"predecessor-version":[{"id":7108,"href":"https:\/\/www.hsu-hh.de\/epu\/wp-json\/wp\/v2\/pages\/7103\/revisions\/7108"}],"up":[{"embeddable":true,"href":"https:\/\/www.hsu-hh.de\/epu\/wp-json\/wp\/v2\/pages\/7068"}],"wp:attachment":[{"href":"https:\/\/www.hsu-hh.de\/epu\/wp-json\/wp\/v2\/media?parent=7103"}],"wp:term":[{"taxonomy":"category","embeddable":true,"href":"https:\/\/www.hsu-hh.de\/epu\/wp-json\/wp\/v2\/categories?post=7103"},{"taxonomy":"post_tag","embeddable":true,"href":"https:\/\/www.hsu-hh.de\/epu\/wp-json\/wp\/v2\/tags?post=7103"}],"curies":[{"name":"wp","href":"https:\/\/api.w.org\/{rel}","templated":true}]}}