{"id":690,"date":"2017-11-22T15:43:31","date_gmt":"2017-11-22T14:43:31","guid":{"rendered":"https:\/\/www.hsu-hh.de\/epu\/?page_id=690"},"modified":"2026-03-16T08:11:27","modified_gmt":"2026-03-16T07:11:27","slug":"neumann","status":"publish","type":"page","link":"https:\/\/www.hsu-hh.de\/epu\/de\/team_de\/neumann","title":{"rendered":"Kirsten Neumann  (Sekretariat)"},"content":{"rendered":"<div>\n<div class=\"row ansprechpartner-item ansprechparter-header\">\n<div class=\"col-xs-8 col-lg-12\">\n<div class=\"mobile-small\"><\/div>\n<\/div>\n<div class=\"col-md-4 col-lg-3 col-xs-4 ansprechpartner-item floatright img-circle center-block\">\n<div class=\"img-responsive-wrapper\"><img decoding=\"async\" class=\"img-circle img-responsive center-block\" src=\"\/wp-content\/themes\/hsu\/img\/dummy\/dummy_ansprechpartner.png\" alt=\"\" \/><\/div>\n<\/div>\n<div class=\"col-md-12 col-lg-3 col-xs-12 ansprechpartner-item kontakt floatright\">\n<div class=\"row\">\n<div class=\"col-xs-12 col-sm-6 col-lg-12\">\n<div class=\"row\">\n<div class=\"col-xs-12 col-lg-4 row-text bold\">Raum<\/div>\n<div class=\"col-xs-12 col-lg-8 row-text\">2369<\/div>\n<\/div>\n<\/div>\n<div class=\"col-xs-12 col-sm-6 col-lg-12\">\n<div class=\"row\">\n<div class=\"col-xs-12 col-lg-4 row-text bold\">Telefon<\/div>\n<div class=\"col-xs-12 col-lg-8 row-text\">+49-40-6541-2323<\/div>\n<\/div>\n<\/div>\n<div class=\"col-xs-12 col-sm-6 col-lg-12\">\n<div class=\"row\">\n<div class=\"col-xs-12 col-lg-4 row-text bold\">Fax<\/div>\n<div class=\"col-xs-12 col-lg-8 row-text\">+49-40-6541-2546<\/div>\n<\/div>\n<\/div>\n<div class=\"col-xs-12 col-sm-6 col-lg-12\">\n<div class=\"row\">\n<div class=\"col-xs-12 col-md-12 row-text bold\">E-Mail<\/div>\n<div class=\"col-xs-12 col-md-12 row-text\"><a href=\"mailto:kirsten.neumann@hsu-hh.de\" rel='nofollow'>kirsten.neumann@hsu-hh.de<\/a><\/div>\n<\/div>\n<\/div>\n<\/div>\n<\/div>\n<div class=\"col-md-6 col-lg-3 col-xs-12 ansprechpartner-item anschrift floatright\">\n<div class=\"row-headline\"><strong>Besucheranschrift<\/strong><\/div>\n<div class=\"row-text\">Helmut-Schmidt-Universit\u00e4t<\/div>\n<div class=\"row-text\">Geb\u00e4ude H1<\/div>\n<div class=\"row-text\">Holstenhofweg 85<\/div>\n<div class=\"row-text\">22043 Hamburg<\/div>\n<\/div>\n<div class=\"col-md-6 col-lg-3 col-xs-12 ansprechpartner-item anschrift floatright\">\n<div class=\"row-headline\"><strong>Postanschrift<\/strong><\/div>\n<div class=\"row-text\">Helmut-Schmidt-Universit\u00e4t<br \/>\nFakult\u00e4t f\u00fcr Geistes- und Sozialwissenschaften<br \/>\nProfessur f\u00fcr Allgemeine und Biologische Psychologie<br \/>\nPostfach 70 08 22<br \/>\n22008 Hamburg<\/div>\n<\/div>\n<\/div>\n<div class=\"clearfix\"><\/div>\n<\/div>\n","protected":false},"excerpt":{"rendered":"<p>Raum 2369 Telefon +49-40-6541-2323 Fax +49-40-6541-2546 E-Mail kirsten.neumann@hsu-hh.de Besucheranschrift Helmut-Schmidt-Universit\u00e4t Geb\u00e4ude H1 Holstenhofweg 85 22043 Hamburg Postanschrift Helmut-Schmidt-Universit\u00e4t Fakult\u00e4t f\u00fcr Geistes- und Sozialwissenschaften Professur f\u00fcr Allgemeine und Biologische Psychologie Postfach [&hellip;]<\/p>\n","protected":false},"author":147,"featured_media":0,"parent":766,"menu_order":0,"comment_status":"closed","ping_status":"closed","template":"","meta":{"footnotes":""},"categories":[55],"tags":[71],"class_list":["post-690","page","type-page","status-publish","hentry","category-mitarbeiter-de","tag-mitarbeiter"],"_links":{"self":[{"href":"https:\/\/www.hsu-hh.de\/epu\/wp-json\/wp\/v2\/pages\/690","targetHints":{"allow":["GET"]}}],"collection":[{"href":"https:\/\/www.hsu-hh.de\/epu\/wp-json\/wp\/v2\/pages"}],"about":[{"href":"https:\/\/www.hsu-hh.de\/epu\/wp-json\/wp\/v2\/types\/page"}],"author":[{"embeddable":true,"href":"https:\/\/www.hsu-hh.de\/epu\/wp-json\/wp\/v2\/users\/147"}],"replies":[{"embeddable":true,"href":"https:\/\/www.hsu-hh.de\/epu\/wp-json\/wp\/v2\/comments?post=690"}],"version-history":[{"count":6,"href":"https:\/\/www.hsu-hh.de\/epu\/wp-json\/wp\/v2\/pages\/690\/revisions"}],"predecessor-version":[{"id":7649,"href":"https:\/\/www.hsu-hh.de\/epu\/wp-json\/wp\/v2\/pages\/690\/revisions\/7649"}],"up":[{"embeddable":true,"href":"https:\/\/www.hsu-hh.de\/epu\/wp-json\/wp\/v2\/pages\/766"}],"wp:attachment":[{"href":"https:\/\/www.hsu-hh.de\/epu\/wp-json\/wp\/v2\/media?parent=690"}],"wp:term":[{"taxonomy":"category","embeddable":true,"href":"https:\/\/www.hsu-hh.de\/epu\/wp-json\/wp\/v2\/categories?post=690"},{"taxonomy":"post_tag","embeddable":true,"href":"https:\/\/www.hsu-hh.de\/epu\/wp-json\/wp\/v2\/tags?post=690"}],"curies":[{"name":"wp","href":"https:\/\/api.w.org\/{rel}","templated":true}]}}