{"id":6632,"date":"2024-10-18T10:26:58","date_gmt":"2024-10-18T08:26:58","guid":{"rendered":"https:\/\/www.hsu-hh.de\/epu\/?page_id=6632"},"modified":"2024-10-18T10:26:59","modified_gmt":"2024-10-18T08:26:59","slug":"curriculum-vitae","status":"publish","type":"page","link":"https:\/\/www.hsu-hh.de\/epu\/en\/team\/tameling\/curriculum-vitae","title":{"rendered":"Curriculum Vitae"},"content":{"rendered":"<table width=\"1110\">\n<tbody>\n<tr>\n<td width=\"104\">1997<\/td>\n<td width=\"500\">born in Celle<\/td>\n<\/tr>\n<tr>\n<td width=\"104\">2015<\/td>\n<td width=\"500\">Bacalaureat (Allgemeine Hochschulreife)<\/td>\n<\/tr>\n<tr>\n<td width=\"104\">2016-2020<\/td>\n<td width=\"500\">Bachelorstudium Psychologie an der Georg-August Universit\u00e4t G\u00f6ttingen.<\/p>\n<p>Bachelorarbeit: \u201eDer Einfluss von Informationen \u00fcber Generativit\u00e4t, Wichtigkeit und Modifizierbarkeit auf die Interventionsentscheidung\u201c<\/td>\n<\/tr>\n<tr>\n<td width=\"104\">2020-2023<\/td>\n<td width=\"500\">Masterstudium Psychologie an der Georg-August Universit\u00e4t G\u00f6ttingen.<\/p>\n<p>Masterarbeit \u201e\u00dcber den Einfluss des L\u00e4rmreduktions- und Kommunikationsmanagementsystems SLOS auf Konzentrationsf\u00e4higkeit und Achtsamkeit bei Laborarbeiter*innen\u201c<\/td>\n<\/tr>\n<tr>\n<td width=\"104\">since<br \/>\nOctober 2023<\/td>\n<td width=\"500\">Researcher\/lecturer (Wissenschaftlicher Mitarbeiter) at Experimental Psychology Unit (Allgemeine und Biologische Psychologie) at the Helmut Schmidt University\/University of the Federal Armed Forces Hamburg<\/td>\n<\/tr>\n<\/tbody>\n<\/table>\n","protected":false},"excerpt":{"rendered":"<p>1997 born in Celle 2015 Bacalaureat (Allgemeine Hochschulreife) 2016-2020 Bachelorstudium Psychologie an der Georg-August Universit\u00e4t G\u00f6ttingen. Bachelorarbeit: \u201eDer Einfluss von Informationen \u00fcber Generativit\u00e4t, Wichtigkeit und Modifizierbarkeit auf die Interventionsentscheidung\u201c 2020-2023 [&hellip;]<\/p>\n","protected":false},"author":147,"featured_media":0,"parent":5940,"menu_order":0,"comment_status":"closed","ping_status":"closed","template":"","meta":{"footnotes":""},"categories":[211],"tags":[],"class_list":["post-6632","page","type-page","status-publish","hentry","category-forschung-en"],"_links":{"self":[{"href":"https:\/\/www.hsu-hh.de\/epu\/wp-json\/wp\/v2\/pages\/6632","targetHints":{"allow":["GET"]}}],"collection":[{"href":"https:\/\/www.hsu-hh.de\/epu\/wp-json\/wp\/v2\/pages"}],"about":[{"href":"https:\/\/www.hsu-hh.de\/epu\/wp-json\/wp\/v2\/types\/page"}],"author":[{"embeddable":true,"href":"https:\/\/www.hsu-hh.de\/epu\/wp-json\/wp\/v2\/users\/147"}],"replies":[{"embeddable":true,"href":"https:\/\/www.hsu-hh.de\/epu\/wp-json\/wp\/v2\/comments?post=6632"}],"version-history":[{"count":1,"href":"https:\/\/www.hsu-hh.de\/epu\/wp-json\/wp\/v2\/pages\/6632\/revisions"}],"predecessor-version":[{"id":6633,"href":"https:\/\/www.hsu-hh.de\/epu\/wp-json\/wp\/v2\/pages\/6632\/revisions\/6633"}],"up":[{"embeddable":true,"href":"https:\/\/www.hsu-hh.de\/epu\/wp-json\/wp\/v2\/pages\/5940"}],"wp:attachment":[{"href":"https:\/\/www.hsu-hh.de\/epu\/wp-json\/wp\/v2\/media?parent=6632"}],"wp:term":[{"taxonomy":"category","embeddable":true,"href":"https:\/\/www.hsu-hh.de\/epu\/wp-json\/wp\/v2\/categories?post=6632"},{"taxonomy":"post_tag","embeddable":true,"href":"https:\/\/www.hsu-hh.de\/epu\/wp-json\/wp\/v2\/tags?post=6632"}],"curies":[{"name":"wp","href":"https:\/\/api.w.org\/{rel}","templated":true}]}}