{"id":6604,"date":"2024-10-01T13:08:18","date_gmt":"2024-10-01T11:08:18","guid":{"rendered":"https:\/\/www.hsu-hh.de\/epu\/?page_id=6604"},"modified":"2024-10-01T13:09:03","modified_gmt":"2024-10-01T11:09:03","slug":"dr-maria-manolika","status":"publish","type":"page","link":"https:\/\/www.hsu-hh.de\/epu\/de\/team_de\/manolika\/dr-maria-manolika","title":{"rendered":"Curriculum Vitae"},"content":{"rendered":"<p>\u00a0<\/p>\n<table>\n<tbody>\n<tr>\n<td width=\"92\">\n<p>1986<\/p>\n<\/td>\n<td width=\"524\">\n<p>geboren in Alexandroupolis; Griechenland<\/p>\n<\/td>\n<\/tr>\n<tr>\n<td width=\"92\">\n<p>2004-2009<\/p>\n<\/td>\n<td width=\"524\">\n<p>Studium der Psychologie an der Aristoteles-Universit\u00e4t Thessaloniki; Fachbereich Psychologie<\/p>\n<\/td>\n<\/tr>\n<tr>\n<td width=\"92\">\n<p>2009-2012<\/p>\n<\/td>\n<td width=\"524\">\n<p>Meistersch\u00fclerin an der Aristoteles-Universit\u00e4t Thessaloniki; Fachbereich Journalismus und Massenkommunikation<\/p>\n<\/td>\n<\/tr>\n<tr>\n<td width=\"92\">\n<p>2012-2017<\/p>\n<\/td>\n<td width=\"524\">\n<p>Doktorandin an der Aristoteles-Universit\u00e4t Thessaloniki; Fachbereich Journalismus und Massenkommunikation<\/p>\n<\/td>\n<\/tr>\n<tr>\n<td width=\"92\">\n<p>\u00a0<\/p>\n<\/td>\n<td width=\"524\">\n<p>Thema: Motivationsfaktoren und Vorhersagefaktoren, die den Kulturkonsum beeinflussen<\/p>\n<\/td>\n<\/tr>\n<tr>\n<td width=\"92\">\n<p>2015-2016<\/p>\n<\/td>\n<td width=\"524\">\n<p>Trainerin am Institut f\u00fcr Berufsbildung in Alexandroupolis<\/p>\n<\/td>\n<\/tr>\n<tr>\n<td width=\"92\">\n<p>2016-2018<\/p>\n<\/td>\n<td width=\"524\">\n<p>Lehrassistentin an der Aristoteles-Universit\u00e4t Thessaloniki; Fachbereich Journalismus und Massenkommunikation<\/p>\n<\/td>\n<\/tr>\n<tr>\n<td width=\"92\">\n<p>2018-2019<\/p>\n<\/td>\n<td width=\"524\">\n<p>Dozentin f\u00fcr Sozialpsychologie an der Demokrit-Universit\u00e4t Thrakien; Fachbereich Erziehungswissenschaft\/P\u00e4dagogik der fr\u00fchen Kindheit<\/p>\n<\/td>\n<\/tr>\n<tr>\n<td width=\"92\">\n<p>Seit Jan. 2022<\/p>\n<\/td>\n<td width=\"524\">\n<p>Wissenschaftliche Mitarbeiterin an der Professur f\u00fcr Allgemeine und Biologische Psychologie der Helmut-Schmidt-Universit\u00e4t\/Universit\u00e4t der Bundeswehr Hamburg<\/p>\n<\/td>\n<\/tr>\n<\/tbody>\n<\/table>\n\n\n<p><\/p>\n","protected":false},"excerpt":{"rendered":"<p>\u00a0 1986 geboren in Alexandroupolis; Griechenland 2004-2009 Studium der Psychologie an der Aristoteles-Universit\u00e4t Thessaloniki; Fachbereich Psychologie 2009-2012 Meistersch\u00fclerin an der Aristoteles-Universit\u00e4t Thessaloniki; Fachbereich Journalismus und Massenkommunikation 2012-2017 Doktorandin an der [&hellip;]<\/p>\n","protected":false},"author":147,"featured_media":0,"parent":6584,"menu_order":0,"comment_status":"closed","ping_status":"closed","template":"","meta":{"footnotes":""},"categories":[253],"tags":[],"class_list":["post-6604","page","type-page","status-publish","hentry","category-team-de"],"_links":{"self":[{"href":"https:\/\/www.hsu-hh.de\/epu\/wp-json\/wp\/v2\/pages\/6604","targetHints":{"allow":["GET"]}}],"collection":[{"href":"https:\/\/www.hsu-hh.de\/epu\/wp-json\/wp\/v2\/pages"}],"about":[{"href":"https:\/\/www.hsu-hh.de\/epu\/wp-json\/wp\/v2\/types\/page"}],"author":[{"embeddable":true,"href":"https:\/\/www.hsu-hh.de\/epu\/wp-json\/wp\/v2\/users\/147"}],"replies":[{"embeddable":true,"href":"https:\/\/www.hsu-hh.de\/epu\/wp-json\/wp\/v2\/comments?post=6604"}],"version-history":[{"count":2,"href":"https:\/\/www.hsu-hh.de\/epu\/wp-json\/wp\/v2\/pages\/6604\/revisions"}],"predecessor-version":[{"id":6607,"href":"https:\/\/www.hsu-hh.de\/epu\/wp-json\/wp\/v2\/pages\/6604\/revisions\/6607"}],"up":[{"embeddable":true,"href":"https:\/\/www.hsu-hh.de\/epu\/wp-json\/wp\/v2\/pages\/6584"}],"wp:attachment":[{"href":"https:\/\/www.hsu-hh.de\/epu\/wp-json\/wp\/v2\/media?parent=6604"}],"wp:term":[{"taxonomy":"category","embeddable":true,"href":"https:\/\/www.hsu-hh.de\/epu\/wp-json\/wp\/v2\/categories?post=6604"},{"taxonomy":"post_tag","embeddable":true,"href":"https:\/\/www.hsu-hh.de\/epu\/wp-json\/wp\/v2\/tags?post=6604"}],"curies":[{"name":"wp","href":"https:\/\/api.w.org\/{rel}","templated":true}]}}