{"id":6035,"date":"2023-10-24T14:05:07","date_gmt":"2023-10-24T12:05:07","guid":{"rendered":"https:\/\/www.hsu-hh.de\/epu\/?page_id=6035"},"modified":"2025-10-20T10:24:36","modified_gmt":"2025-10-20T08:24:36","slug":"curriculum-vitae","status":"publish","type":"page","link":"https:\/\/www.hsu-hh.de\/epu\/de\/team_de\/muehlenbeck\/curriculum-vitae","title":{"rendered":"Curriculum Vitae"},"content":{"rendered":"\n<h2 class=\"wp-block-heading\">Akademischer Werdegang<\/h2>\n\n\n\n<p><strong>2025<\/strong><br><strong>Kurt-G\u00f6del-Preis 2025 &#8211; Erster Preis<\/strong> im Essaywettbewerb: \u201eWie sind G\u00f6dels begrifflicher und mathematischer Realismus, sein Argument gegen die Existenz der Zeit und sein ontologisches Argument mit einer koh\u00e4renten Ontologie vereinbar?\u201c<\/p>\n\n\n\n<p><strong>seit 01\/2025<\/strong><br>Referentin f\u00fcr Diagnostische Verfahren, Landesinstitut Brandenburg f\u00fcr Schule und Lehrkr\u00e4ftebildung (LIBRA)<\/p>\n\n\n\n<p><strong>seit 07\/2021<br><\/strong>Inhaberin des Unternehmens <em>Continuum and the Mind<\/em> \u2013 Wissenschafts-und Entwicklungsberatung<\/p>\n\n\n\n<p><strong>seit 01\/2017<br>Habilitation<\/strong> in Psychologie (<abbr title=\"Helmut Schmidt Universit\u00e4t\">HSU<\/abbr> &#8211; Universit\u00e4t der Bundeswehr Hamburg): Die Fundamentalontologie der kognitiven Entwicklung: die Entwicklung des Selbst als systematische Beziehung zwischen Welt- und Selbstkonzept<\/p>\n\n\n\n<p><strong>01\/2017 \u2013 12\/2024<br><\/strong>Post-Doc an der Medizinischen Hochschule Brandenburg \u2013 Theodor Fontane (MHB), Department Psychologie, Qualitative Forschungsmethoden der Psychologie<\/p>\n\n\n\n<p><strong>10\/2015 \u2013 12\/2016<br><\/strong>Post-Doc am Institut f\u00fcr Physik der <abbr title=\"Technische Universit\u00e4t\">TU<\/abbr> Chemnitz, Arbeitsbereich Struktur und Funktion Kognitiver Systeme<\/p>\n\n\n\n<p><strong>04\/2014 \u2013 03\/2015<br><\/strong>Promotionsstipendium: Elsa-Neumann-Stipendium des Landes Berlin<\/p>\n\n\n\n<p><strong>2011 &#8211; 2015<br>Promotion<\/strong> in Psychologie, Freie Universit\u00e4t Berlin \u2013 Evolution\u00e4re Psychologie \/ Allgemeine Psychologie<\/p>\n\n\n\n<h2 class=\"wp-block-heading\">Bildungsweg<\/h2>\n\n\n\n<p><strong>2024&nbsp;&nbsp;&nbsp;&nbsp;&nbsp;&nbsp;&nbsp;<\/strong><br>B.Sc. Mathematik, Freie Universit\u00e4t Berlin<\/p>\n\n\n\n<p><strong>2015<br><\/strong><abbr title=\"Doktor\">Dr.<\/abbr> phil. in Psychologie, Freie Universit\u00e4t Berlin<\/p>\n\n\n\n<p><strong>2008<br><\/strong>M.A. Internationales Kunstmanagement, Musikhochschule K\u00f6ln<\/p>\n\n\n\n<p><strong>2006<\/strong><br>B.A. Mehrsprachige Kommunikation, Fachhochschule K\u00f6ln<\/p>\n\n\n\n<p><strong>2002-2003<br><\/strong>Tanzstudium (Ballett, modern) an der Tanzakademie <em>balance 1<\/em> Berlin <\/p>\n\n\n\n<p><strong>2001<\/strong><br>Allgemeine Hochschulreife, Theodor-Heuss-Gymnasium, Radevormwald, NRW<\/p>\n\n\n\n<h2 class=\"wp-block-heading\">Promotionsthema<\/h2>\n\n\n\n<p>\u201eOn the origins of artistic behaviour and aesthetic universals\u201c: Forschungsgegenstand: kognitive Urspr\u00fcnge der ersten materiellen Symbole des Menschen (<em>Homo sapiens<\/em>) und seiner Vorfahren und die visuellen Pr\u00e4ferenzen bei ihrer Gestaltung. Durchf\u00fchrung von drei Eyetracking-Studien zur Wahrnehmung von markierten Objekten, symmetrischen Mustern und Farben in Kooperation mit dem Max Planck Institut f\u00fcr Evolution\u00e4re Anthropologie in Leipzig; Vergleich zweier Kulturen (namibianische J\u00e4ger-Sammler und deutsche Gro\u00dfst\u00e4dter) und zweier Arten (Menschen und Orang-Utans). Weitere Erhebung von Daten \u00fcber Pr\u00e4ferenztests.<\/p>\n\n\n\n<p>Betreuer: <abbr title=\"Professor\">Prof.<\/abbr> <abbr title=\"Doktor\">Dr.<\/abbr> Katja Liebal (Freie Universit\u00e4t Berlin),<br><abbr title=\"Professor\">Prof.<\/abbr> <abbr title=\"Doktor\">Dr.<\/abbr> Thomas Jacobsen (<abbr title=\"Helmut Schmidt Universit\u00e4t\">HSU<\/abbr> &#8211; Universit\u00e4t der Bundeswehr Hamburg)<\/p>\n\n\n\n<h2 class=\"wp-block-heading\">Habilitationsthema<\/h2>\n\n\n\n<p>Die Fundamentalontologie der kognitiven Entwicklung: die Entwicklung des Selbst als systematische Beziehung zwischen Welt- und Selbstkonzept<\/p>\n\n\n\n<h2 class=\"wp-block-heading\">Forschungsschwerpunkte<\/h2>\n\n\n\n<p>Kulturvergleichende, evolution\u00e4re und Entwicklungspsychologie, experimentelle Psychologie, Kognitionspsychologie, Sprachevolution, Entwicklung menschlicher Symbolf\u00e4higkeit und Symbolsysteme, Philosophie und Meta-Theorie der Mathematik, Psychologie der Weltanschauungen und Wertesysteme, Meta-Philosophie der Entwicklungspsychologie<\/p>\n","protected":false},"excerpt":{"rendered":"<p>Akademischer Werdegang 2025Kurt-G\u00f6del-Preis 2025 &#8211; Erster Preis im Essaywettbewerb: \u201eWie sind G\u00f6dels begrifflicher und mathematischer Realismus, sein Argument gegen die Existenz der Zeit und sein ontologisches Argument mit einer koh\u00e4renten [&hellip;]<\/p>\n","protected":false},"author":147,"featured_media":0,"parent":6015,"menu_order":0,"comment_status":"closed","ping_status":"closed","template":"","meta":{"footnotes":""},"categories":[4],"tags":[],"class_list":["post-6035","page","type-page","status-publish","hentry","category-forschung"],"_links":{"self":[{"href":"https:\/\/www.hsu-hh.de\/epu\/wp-json\/wp\/v2\/pages\/6035","targetHints":{"allow":["GET"]}}],"collection":[{"href":"https:\/\/www.hsu-hh.de\/epu\/wp-json\/wp\/v2\/pages"}],"about":[{"href":"https:\/\/www.hsu-hh.de\/epu\/wp-json\/wp\/v2\/types\/page"}],"author":[{"embeddable":true,"href":"https:\/\/www.hsu-hh.de\/epu\/wp-json\/wp\/v2\/users\/147"}],"replies":[{"embeddable":true,"href":"https:\/\/www.hsu-hh.de\/epu\/wp-json\/wp\/v2\/comments?post=6035"}],"version-history":[{"count":5,"href":"https:\/\/www.hsu-hh.de\/epu\/wp-json\/wp\/v2\/pages\/6035\/revisions"}],"predecessor-version":[{"id":7325,"href":"https:\/\/www.hsu-hh.de\/epu\/wp-json\/wp\/v2\/pages\/6035\/revisions\/7325"}],"up":[{"embeddable":true,"href":"https:\/\/www.hsu-hh.de\/epu\/wp-json\/wp\/v2\/pages\/6015"}],"wp:attachment":[{"href":"https:\/\/www.hsu-hh.de\/epu\/wp-json\/wp\/v2\/media?parent=6035"}],"wp:term":[{"taxonomy":"category","embeddable":true,"href":"https:\/\/www.hsu-hh.de\/epu\/wp-json\/wp\/v2\/categories?post=6035"},{"taxonomy":"post_tag","embeddable":true,"href":"https:\/\/www.hsu-hh.de\/epu\/wp-json\/wp\/v2\/tags?post=6035"}],"curies":[{"name":"wp","href":"https:\/\/api.w.org\/{rel}","templated":true}]}}