{"id":5980,"date":"2023-10-23T15:17:10","date_gmt":"2023-10-23T13:17:10","guid":{"rendered":"https:\/\/www.hsu-hh.de\/epu\/?page_id=5980"},"modified":"2023-10-23T15:17:10","modified_gmt":"2023-10-23T13:17:10","slug":"curriculum-vitae","status":"publish","type":"page","link":"https:\/\/www.hsu-hh.de\/epu\/de\/team_de\/tameling\/curriculum-vitae","title":{"rendered":"Curriculum Vitae"},"content":{"rendered":"<table>\n<tbody>\n<tr>\n<td width=\"104\">1997<\/td>\n<td width=\"500\">geboren in Celle<\/td>\n<\/tr>\n<tr>\n<td width=\"104\">2015<\/td>\n<td width=\"500\">Allgemeine Hochschulreife<\/td>\n<\/tr>\n<tr>\n<td width=\"104\">2016-2020<\/td>\n<td width=\"500\">Bachelorstudium Psychologie an der Georg-August Universit\u00e4t G\u00f6ttingen.<\/p>\n<p>Bachelorarbeit: \u201eDer Einfluss von Informationen \u00fcber Generativit\u00e4t, Wichtigkeit und Modifizierbarkeit auf die Interventionsentscheidung\u201c<\/td>\n<\/tr>\n<tr>\n<td width=\"104\">2020-2023<\/td>\n<td width=\"500\">Masterstudium Psychologie an der Georg-August Universit\u00e4t G\u00f6ttingen.<\/p>\n<p>Masterarbeit \u201e\u00dcber den Einfluss des L\u00e4rmreduktions- und Kommunikationsmanagementsystems SLOS auf Konzentrationsf\u00e4higkeit und Achtsamkeit bei Laborarbeiter*innen\u201c<\/td>\n<\/tr>\n<tr>\n<td width=\"104\">seit<br \/>\nOktober 2023<\/td>\n<td width=\"500\">Wissenschaftlicher Mitarbeiter an der Professur f\u00fcr Allgemeine und Biologische Psychologie der Helmut-Schmidt-Universit\u00e4t\/Universit\u00e4t der Bundeswehr Hamburg<\/td>\n<\/tr>\n<\/tbody>\n<\/table>\n","protected":false},"excerpt":{"rendered":"<p>1997 geboren in Celle 2015 Allgemeine Hochschulreife 2016-2020 Bachelorstudium Psychologie an der Georg-August Universit\u00e4t G\u00f6ttingen. Bachelorarbeit: \u201eDer Einfluss von Informationen \u00fcber Generativit\u00e4t, Wichtigkeit und Modifizierbarkeit auf die Interventionsentscheidung\u201c 2020-2023 Masterstudium [&hellip;]<\/p>\n","protected":false},"author":147,"featured_media":0,"parent":5943,"menu_order":0,"comment_status":"closed","ping_status":"closed","template":"","meta":{"footnotes":""},"categories":[4],"tags":[],"class_list":["post-5980","page","type-page","status-publish","hentry","category-forschung"],"_links":{"self":[{"href":"https:\/\/www.hsu-hh.de\/epu\/wp-json\/wp\/v2\/pages\/5980","targetHints":{"allow":["GET"]}}],"collection":[{"href":"https:\/\/www.hsu-hh.de\/epu\/wp-json\/wp\/v2\/pages"}],"about":[{"href":"https:\/\/www.hsu-hh.de\/epu\/wp-json\/wp\/v2\/types\/page"}],"author":[{"embeddable":true,"href":"https:\/\/www.hsu-hh.de\/epu\/wp-json\/wp\/v2\/users\/147"}],"replies":[{"embeddable":true,"href":"https:\/\/www.hsu-hh.de\/epu\/wp-json\/wp\/v2\/comments?post=5980"}],"version-history":[{"count":2,"href":"https:\/\/www.hsu-hh.de\/epu\/wp-json\/wp\/v2\/pages\/5980\/revisions"}],"predecessor-version":[{"id":6598,"href":"https:\/\/www.hsu-hh.de\/epu\/wp-json\/wp\/v2\/pages\/5980\/revisions\/6598"}],"up":[{"embeddable":true,"href":"https:\/\/www.hsu-hh.de\/epu\/wp-json\/wp\/v2\/pages\/5943"}],"wp:attachment":[{"href":"https:\/\/www.hsu-hh.de\/epu\/wp-json\/wp\/v2\/media?parent=5980"}],"wp:term":[{"taxonomy":"category","embeddable":true,"href":"https:\/\/www.hsu-hh.de\/epu\/wp-json\/wp\/v2\/categories?post=5980"},{"taxonomy":"post_tag","embeddable":true,"href":"https:\/\/www.hsu-hh.de\/epu\/wp-json\/wp\/v2\/tags?post=5980"}],"curies":[{"name":"wp","href":"https:\/\/api.w.org\/{rel}","templated":true}]}}