{"id":5967,"date":"2023-10-23T15:07:29","date_gmt":"2023-10-23T13:07:29","guid":{"rendered":"https:\/\/www.hsu-hh.de\/epu\/?page_id=5967"},"modified":"2024-02-29T14:33:53","modified_gmt":"2024-02-29T13:33:53","slug":"publikationen","status":"publish","type":"page","link":"https:\/\/www.hsu-hh.de\/epu\/de\/team_de\/tameling\/publikationen","title":{"rendered":"Publikationen"},"content":{"rendered":"<h3>Peer-Review-Beitr\u00e4ge in Zeitschriften<\/h3>\n<p><strong>Tameling, J.-F.<\/strong>, Loh\u00f6fener, M., Bereznai, J., Tran, P.A., Ritter, M., &amp; Boos, M. (2023).\u00a0 Extent and types of gender-based discrimination against female medical students and physicians at five university hospitals in Germany \u2013 results of an online survey.\u00a0<em>GMS Journal for Medical Education<\/em>,\u00a0<em>40<\/em>(6), 1\u201314. <a href=\"http:\/\/doi.org\/10.3205\/zma001648\" target=\"_blank\" rel=\"noopener\">[doi]<\/a><\/p>\n<p>Koniusch, F., <strong>Tameling, J.-F.<\/strong>, Hautz, D., Boos, M., &amp;\u00a0Ritter, M.\u00a0(2023). St\u00e4rkung von Beziehungen zwischen Erasmus+-Studierenden und Bewohner*innen des Gastlandes: Einfl\u00fcsse und Ma\u00dfnahmen.<em>\u00a0Interculture Journal, 22<\/em>(37), 47-67<em>. <\/em><a href=\"https:\/\/zs.thulb.uni-jena.de\/receive\/jportal_jparticle_01316670\" target=\"_blank\" rel=\"noopener\">[doi]<\/a><\/p>\n","protected":false},"excerpt":{"rendered":"<p>Peer-Review-Beitr\u00e4ge in Zeitschriften Tameling, J.-F., Loh\u00f6fener, M., Bereznai, J., Tran, P.A., Ritter, M., &amp; Boos, M. (2023).\u00a0 Extent and types of gender-based discrimination against female medical students and physicians at [&hellip;]<\/p>\n","protected":false},"author":147,"featured_media":0,"parent":5943,"menu_order":0,"comment_status":"closed","ping_status":"closed","template":"","meta":{"footnotes":""},"categories":[4],"tags":[],"class_list":["post-5967","page","type-page","status-publish","hentry","category-forschung"],"_links":{"self":[{"href":"https:\/\/www.hsu-hh.de\/epu\/wp-json\/wp\/v2\/pages\/5967","targetHints":{"allow":["GET"]}}],"collection":[{"href":"https:\/\/www.hsu-hh.de\/epu\/wp-json\/wp\/v2\/pages"}],"about":[{"href":"https:\/\/www.hsu-hh.de\/epu\/wp-json\/wp\/v2\/types\/page"}],"author":[{"embeddable":true,"href":"https:\/\/www.hsu-hh.de\/epu\/wp-json\/wp\/v2\/users\/147"}],"replies":[{"embeddable":true,"href":"https:\/\/www.hsu-hh.de\/epu\/wp-json\/wp\/v2\/comments?post=5967"}],"version-history":[{"count":6,"href":"https:\/\/www.hsu-hh.de\/epu\/wp-json\/wp\/v2\/pages\/5967\/revisions"}],"predecessor-version":[{"id":6243,"href":"https:\/\/www.hsu-hh.de\/epu\/wp-json\/wp\/v2\/pages\/5967\/revisions\/6243"}],"up":[{"embeddable":true,"href":"https:\/\/www.hsu-hh.de\/epu\/wp-json\/wp\/v2\/pages\/5943"}],"wp:attachment":[{"href":"https:\/\/www.hsu-hh.de\/epu\/wp-json\/wp\/v2\/media?parent=5967"}],"wp:term":[{"taxonomy":"category","embeddable":true,"href":"https:\/\/www.hsu-hh.de\/epu\/wp-json\/wp\/v2\/categories?post=5967"},{"taxonomy":"post_tag","embeddable":true,"href":"https:\/\/www.hsu-hh.de\/epu\/wp-json\/wp\/v2\/tags?post=5967"}],"curies":[{"name":"wp","href":"https:\/\/api.w.org\/{rel}","templated":true}]}}