{"id":5965,"date":"2023-10-23T14:40:26","date_gmt":"2023-10-23T12:40:26","guid":{"rendered":"https:\/\/www.hsu-hh.de\/epu\/?page_id=5965"},"modified":"2024-02-29T14:36:01","modified_gmt":"2024-02-29T13:36:01","slug":"publications","status":"publish","type":"page","link":"https:\/\/www.hsu-hh.de\/epu\/en\/team\/tameling\/publications","title":{"rendered":"Publications"},"content":{"rendered":"<h2>Peer-refereed journal contributions<\/h2>\n<p><strong>Tameling, J.-F.<\/strong>, Loh\u00f6fener, M., Bereznai, J., Tran, P.A., Ritter, M., &amp; Boos, M. (2023).\u00a0 Extent and types of gender-based discrimination against female medical students and physicians at five university hospitals in Germany \u2013 results of an online survey.\u00a0<em>GMS Journal for Medical Education<\/em>,\u00a0<em>40<\/em>(6), 1\u201314.\u00a0<a href=\"http:\/\/doi.org\/10.3205\/zma001648\" target=\"_blank\" rel=\"noopener\">[doi]<\/a><\/p>\n<p>Koniusch, F.,\u00a0<strong>Tameling, J.-F.<\/strong>, Hautz, D., Boos, M., &amp;\u00a0Ritter, M.\u00a0(2023). St\u00e4rkung von Beziehungen zwischen Erasmus+-Studierenden und Bewohner*innen des Gastlandes: Einfl\u00fcsse und Ma\u00dfnahmen.<em>\u00a0Interculture Journal, 22<\/em>(37), 47-67<em>.\u00a0<\/em><a href=\"https:\/\/zs.thulb.uni-jena.de\/receive\/jportal_jparticle_01316670\" target=\"_blank\" rel=\"noopener\">[doi]<\/a><\/p>\n","protected":false},"excerpt":{"rendered":"<p>Peer-refereed journal contributions Tameling, J.-F., Loh\u00f6fener, M., Bereznai, J., Tran, P.A., Ritter, M., &amp; Boos, M. (2023).\u00a0 Extent and types of gender-based discrimination against female medical students and physicians at [&hellip;]<\/p>\n","protected":false},"author":147,"featured_media":0,"parent":5940,"menu_order":0,"comment_status":"closed","ping_status":"closed","template":"","meta":{"footnotes":""},"categories":[211],"tags":[],"class_list":["post-5965","page","type-page","status-publish","hentry","category-forschung-en"],"_links":{"self":[{"href":"https:\/\/www.hsu-hh.de\/epu\/wp-json\/wp\/v2\/pages\/5965","targetHints":{"allow":["GET"]}}],"collection":[{"href":"https:\/\/www.hsu-hh.de\/epu\/wp-json\/wp\/v2\/pages"}],"about":[{"href":"https:\/\/www.hsu-hh.de\/epu\/wp-json\/wp\/v2\/types\/page"}],"author":[{"embeddable":true,"href":"https:\/\/www.hsu-hh.de\/epu\/wp-json\/wp\/v2\/users\/147"}],"replies":[{"embeddable":true,"href":"https:\/\/www.hsu-hh.de\/epu\/wp-json\/wp\/v2\/comments?post=5965"}],"version-history":[{"count":3,"href":"https:\/\/www.hsu-hh.de\/epu\/wp-json\/wp\/v2\/pages\/5965\/revisions"}],"predecessor-version":[{"id":6245,"href":"https:\/\/www.hsu-hh.de\/epu\/wp-json\/wp\/v2\/pages\/5965\/revisions\/6245"}],"up":[{"embeddable":true,"href":"https:\/\/www.hsu-hh.de\/epu\/wp-json\/wp\/v2\/pages\/5940"}],"wp:attachment":[{"href":"https:\/\/www.hsu-hh.de\/epu\/wp-json\/wp\/v2\/media?parent=5965"}],"wp:term":[{"taxonomy":"category","embeddable":true,"href":"https:\/\/www.hsu-hh.de\/epu\/wp-json\/wp\/v2\/categories?post=5965"},{"taxonomy":"post_tag","embeddable":true,"href":"https:\/\/www.hsu-hh.de\/epu\/wp-json\/wp\/v2\/tags?post=5965"}],"curies":[{"name":"wp","href":"https:\/\/api.w.org\/{rel}","templated":true}]}}