{"id":488,"date":"2017-11-07T13:47:28","date_gmt":"2017-11-07T12:47:28","guid":{"rendered":"https:\/\/www.hsu-hh.de\/epu\/?page_id=488"},"modified":"2026-02-06T15:36:40","modified_gmt":"2026-02-06T14:36:40","slug":"exekutive-funktionen","status":"publish","type":"page","link":"https:\/\/www.hsu-hh.de\/epu\/de\/forschung\/exekutive-funktionen","title":{"rendered":"Exekutive Funktionen"},"content":{"rendered":"<p>Menschliches Verhalten zeichnet sich durch ein hohes Ma\u00df an Zielgerichtetheit und Flexibilit\u00e4t hinsichtlich wechselnder Aufgabenanforderungen aus. Die hierf\u00fcr verantwortlichen Prozesse werden kollektiv als Exekutive Funktionen bezeichnet. In unserer Arbeitsgruppe besch\u00e4ftigen wir uns mit der Optimierung von Reiz-Reaktions-\u00dcbersetzungsprozessen an zu erwartende Aufgabenbedingungen. Hierzu z\u00e4hlen die Vorbereitung auf vorhersehbare Aufgabenver\u00e4nderungen und die Anpassung an k\u00fcrzlich oder h\u00e4ufig erlebte Konflikte in der Informationsverarbeitung.<\/p>\n<ul>\n<li><a href=\"http:\/\/www.spp1772.uni-freiburg.de\/projects\/maintenance-and-shifting\" target=\"_blank\" rel=\"noopener noreferrer\">Human performance under multiple cognitive task requirements: From basic mechanisms to optimized task scheduling\u00a0\u00a0<\/a><br \/>\n<a href=\"http:\/\/www.spp1772.uni-freiburg.de\/\" target=\"_blank\" rel=\"noopener noreferrer\">(DFG-Projekt SPP1772)\u00a0 <\/a><\/li>\n<li><a title=\"Home \u00bb Seiten \u00bb Sensorische, postperzeptuelle und hemisp\" href=\"https:\/\/www.hsu-hh.de\/epu\/sensory-post-perceptual-and-hemisphere-specific-adjustment-to-conflict-stimulation\/\" target=\"_blank\" rel=\"noopener noreferrer\">Sensorische, postperzeptuelle und hemisph\u00e4renspezifische Anpassung an Bedingungen konflikthaltiger Stimulation<\/a><\/li>\n<li><a title=\"Home \u00bb Seiten \u00bb Preparation of Task Processing\/Cognitive\" href=\"https:\/\/www.hsu-hh.de\/epu\/preparation-of-task-processingcognitive-control-in-response-to-conflicting-s-r-translation\/\" target=\"_blank\" rel=\"noopener noreferrer\">Preparation of Task Processing\/Cognitive Control in Response to Conflicting S-R Translation<\/a><\/li>\n<\/ul>\n","protected":false},"excerpt":{"rendered":"<p>Menschliches Verhalten zeichnet sich durch ein hohes Ma\u00df an Zielgerichtetheit und Flexibilit\u00e4t hinsichtlich wechselnder Aufgabenanforderungen aus. Die hierf\u00fcr verantwortlichen Prozesse werden kollektiv als Exekutive Funktionen bezeichnet. In unserer Arbeitsgruppe besch\u00e4ftigen [&hellip;]<\/p>\n","protected":false},"author":147,"featured_media":0,"parent":342,"menu_order":0,"comment_status":"closed","ping_status":"closed","template":"","meta":{"footnotes":""},"categories":[4],"tags":[109,75],"class_list":["post-488","page","type-page","status-publish","hentry","category-forschung","tag-exekutive-funktionen","tag-forschung"],"_links":{"self":[{"href":"https:\/\/www.hsu-hh.de\/epu\/wp-json\/wp\/v2\/pages\/488","targetHints":{"allow":["GET"]}}],"collection":[{"href":"https:\/\/www.hsu-hh.de\/epu\/wp-json\/wp\/v2\/pages"}],"about":[{"href":"https:\/\/www.hsu-hh.de\/epu\/wp-json\/wp\/v2\/types\/page"}],"author":[{"embeddable":true,"href":"https:\/\/www.hsu-hh.de\/epu\/wp-json\/wp\/v2\/users\/147"}],"replies":[{"embeddable":true,"href":"https:\/\/www.hsu-hh.de\/epu\/wp-json\/wp\/v2\/comments?post=488"}],"version-history":[{"count":8,"href":"https:\/\/www.hsu-hh.de\/epu\/wp-json\/wp\/v2\/pages\/488\/revisions"}],"predecessor-version":[{"id":7584,"href":"https:\/\/www.hsu-hh.de\/epu\/wp-json\/wp\/v2\/pages\/488\/revisions\/7584"}],"up":[{"embeddable":true,"href":"https:\/\/www.hsu-hh.de\/epu\/wp-json\/wp\/v2\/pages\/342"}],"wp:attachment":[{"href":"https:\/\/www.hsu-hh.de\/epu\/wp-json\/wp\/v2\/media?parent=488"}],"wp:term":[{"taxonomy":"category","embeddable":true,"href":"https:\/\/www.hsu-hh.de\/epu\/wp-json\/wp\/v2\/categories?post=488"},{"taxonomy":"post_tag","embeddable":true,"href":"https:\/\/www.hsu-hh.de\/epu\/wp-json\/wp\/v2\/tags?post=488"}],"curies":[{"name":"wp","href":"https:\/\/api.w.org\/{rel}","templated":true}]}}