{"id":4835,"date":"2022-02-24T09:43:42","date_gmt":"2022-02-24T08:43:42","guid":{"rendered":"https:\/\/www.hsu-hh.de\/epu\/?page_id=4835"},"modified":"2022-02-24T09:43:42","modified_gmt":"2022-02-24T08:43:42","slug":"innovative-luftgestuetzte-urbane-mobilitaet-i-lum","status":"publish","type":"page","link":"https:\/\/www.hsu-hh.de\/epu\/de\/forschung\/innovative-luftgestuetzte-urbane-mobilitaet-i-lum","title":{"rendered":"Innovative Luftgest\u00fctzte Urbane Mobilit\u00e4t (i-LUM)"},"content":{"rendered":"<p>Das Projekt &#8222;innovative Luftgest\u00fctzte Urbane Mobilit\u00e4t&#8220; (i-LUM) wird durch die Landesforschungsf\u00f6rderung Hamburg im Rahmen der HamburgX-Projekte gef\u00f6rdert. Die Zielsetzung des i-LUM Verbundvorhabens ist die Entwicklung von methodischen, systemischen und erkenntnisbasierten Grundlagen zur Erarbeitung und Bewertung der Umsetzbarkeit von innovativen Konzepten und Technologien zur luftgest\u00fctzten urbanen Mobilit\u00e4t (UAM) f\u00fcr die Metropolregion Hamburg in zuk\u00fcnftigen Szenarien (2040\/2050).<\/p>\n<p>Die Professur f\u00fcr Allgemeine und Biologische Psychologie der Helmut-Schmidt-Universit\u00e4t forscht experimentalpsychologisch zu Grundlagen der Akzeptanz der Gesellschaft von UAM. Ziel ist es, die Auspr\u00e4gung und Zusammenh\u00e4nge verschiedener psychologischer Einflussfaktoren auf die Akzeptanz von UAM systematisch erfassen und vergleichen zu k\u00f6nnen, um einen differenzierten Dialog zu erm\u00f6glichen.<\/p>\n<p>Weitere Informationen sowie die neuesten Neuigkeiten sind auf der Projektseite <a href=\"https:\/\/i-lum.de\/\" target=\"_blank\" rel=\"noopener\">i-LUM<\/a> zu finden.<\/p>\n","protected":false},"excerpt":{"rendered":"<p>Das Projekt &#8222;innovative Luftgest\u00fctzte Urbane Mobilit\u00e4t&#8220; (i-LUM) wird durch die Landesforschungsf\u00f6rderung Hamburg im Rahmen der HamburgX-Projekte gef\u00f6rdert. Die Zielsetzung des i-LUM Verbundvorhabens ist die Entwicklung von methodischen, systemischen und erkenntnisbasierten [&hellip;]<\/p>\n","protected":false},"author":147,"featured_media":0,"parent":342,"menu_order":0,"comment_status":"closed","ping_status":"closed","template":"","meta":{"footnotes":""},"categories":[4],"tags":[],"class_list":["post-4835","page","type-page","status-publish","hentry","category-forschung"],"_links":{"self":[{"href":"https:\/\/www.hsu-hh.de\/epu\/wp-json\/wp\/v2\/pages\/4835","targetHints":{"allow":["GET"]}}],"collection":[{"href":"https:\/\/www.hsu-hh.de\/epu\/wp-json\/wp\/v2\/pages"}],"about":[{"href":"https:\/\/www.hsu-hh.de\/epu\/wp-json\/wp\/v2\/types\/page"}],"author":[{"embeddable":true,"href":"https:\/\/www.hsu-hh.de\/epu\/wp-json\/wp\/v2\/users\/147"}],"replies":[{"embeddable":true,"href":"https:\/\/www.hsu-hh.de\/epu\/wp-json\/wp\/v2\/comments?post=4835"}],"version-history":[{"count":1,"href":"https:\/\/www.hsu-hh.de\/epu\/wp-json\/wp\/v2\/pages\/4835\/revisions"}],"predecessor-version":[{"id":4836,"href":"https:\/\/www.hsu-hh.de\/epu\/wp-json\/wp\/v2\/pages\/4835\/revisions\/4836"}],"up":[{"embeddable":true,"href":"https:\/\/www.hsu-hh.de\/epu\/wp-json\/wp\/v2\/pages\/342"}],"wp:attachment":[{"href":"https:\/\/www.hsu-hh.de\/epu\/wp-json\/wp\/v2\/media?parent=4835"}],"wp:term":[{"taxonomy":"category","embeddable":true,"href":"https:\/\/www.hsu-hh.de\/epu\/wp-json\/wp\/v2\/categories?post=4835"},{"taxonomy":"post_tag","embeddable":true,"href":"https:\/\/www.hsu-hh.de\/epu\/wp-json\/wp\/v2\/tags?post=4835"}],"curies":[{"name":"wp","href":"https:\/\/api.w.org\/{rel}","templated":true}]}}