{"id":4641,"date":"2022-01-14T15:29:10","date_gmt":"2022-01-14T14:29:10","guid":{"rendered":"https:\/\/www.hsu-hh.de\/epu\/?page_id=4641"},"modified":"2022-01-14T15:29:36","modified_gmt":"2022-01-14T14:29:36","slug":"curriculum-vitae","status":"publish","type":"page","link":"https:\/\/www.hsu-hh.de\/epu\/en\/team\/niemann\/curriculum-vitae","title":{"rendered":"Curriculum Vitae"},"content":{"rendered":"<table>\n<tbody>\n<tr>\n<td width=\"94\">1996<\/td>\n<td width=\"406\">Geboren in Heide (Holstein)<\/td>\n<\/tr>\n<tr>\n<td width=\"94\">2015<\/td>\n<td width=\"406\">Allgemeine Hochschulreife<\/td>\n<\/tr>\n<tr>\n<td width=\"94\">2015 &#8211; 2020<\/td>\n<td width=\"406\">Diplom-Studium der Psychologie an der Christian-Albrechts-Universit\u00e4t zu Kiel<\/td>\n<\/tr>\n<tr>\n<td width=\"94\">2016 &#8211; 2017<\/td>\n<td width=\"406\">Studentische Hilfskraft am Leibniz-Institut f\u00fcr die P\u00e4dagogik der Naturwissenschaften und Mathematik, Kiel<\/td>\n<\/tr>\n<tr>\n<td width=\"94\">2017 &#8211; 2018<\/td>\n<td width=\"406\">Auslandsaufenthalt an der University of Aberdeen, Schottland gef\u00f6rdert durch das CAU-Austauschstipendium<\/td>\n<\/tr>\n<tr>\n<td width=\"94\">2019 &#8211; 2021<\/td>\n<td width=\"406\">Klinische und supervisorische T\u00e4tigkeit, Hamburg<\/td>\n<\/tr>\n<tr>\n<td width=\"94\">Seit 2020<\/td>\n<td width=\"406\">Weiterbildung zur psychologischen Psychotherapeutin<\/td>\n<\/tr>\n<tr>\n<td width=\"94\">Seit 2021<\/td>\n<td width=\"406\">Wissenschaftliche Mitarbeiterin am Lehrstuhl f\u00fcr Allgemeine und Biologische Psychologie der Helmut-Schmidt-Universit\u00e4t<\/td>\n<\/tr>\n<\/tbody>\n<\/table>\n","protected":false},"excerpt":{"rendered":"<p>1996 Geboren in Heide (Holstein) 2015 Allgemeine Hochschulreife 2015 &#8211; 2020 Diplom-Studium der Psychologie an der Christian-Albrechts-Universit\u00e4t zu Kiel 2016 &#8211; 2017 Studentische Hilfskraft am Leibniz-Institut f\u00fcr die P\u00e4dagogik der [&hellip;]<\/p>\n","protected":false},"author":147,"featured_media":0,"parent":4481,"menu_order":0,"comment_status":"closed","ping_status":"closed","template":"","meta":{"footnotes":""},"categories":[211,9],"tags":[],"class_list":["post-4641","page","type-page","status-publish","hentry","category-forschung-en","category-team-en"],"_links":{"self":[{"href":"https:\/\/www.hsu-hh.de\/epu\/wp-json\/wp\/v2\/pages\/4641","targetHints":{"allow":["GET"]}}],"collection":[{"href":"https:\/\/www.hsu-hh.de\/epu\/wp-json\/wp\/v2\/pages"}],"about":[{"href":"https:\/\/www.hsu-hh.de\/epu\/wp-json\/wp\/v2\/types\/page"}],"author":[{"embeddable":true,"href":"https:\/\/www.hsu-hh.de\/epu\/wp-json\/wp\/v2\/users\/147"}],"replies":[{"embeddable":true,"href":"https:\/\/www.hsu-hh.de\/epu\/wp-json\/wp\/v2\/comments?post=4641"}],"version-history":[{"count":1,"href":"https:\/\/www.hsu-hh.de\/epu\/wp-json\/wp\/v2\/pages\/4641\/revisions"}],"predecessor-version":[{"id":4642,"href":"https:\/\/www.hsu-hh.de\/epu\/wp-json\/wp\/v2\/pages\/4641\/revisions\/4642"}],"up":[{"embeddable":true,"href":"https:\/\/www.hsu-hh.de\/epu\/wp-json\/wp\/v2\/pages\/4481"}],"wp:attachment":[{"href":"https:\/\/www.hsu-hh.de\/epu\/wp-json\/wp\/v2\/media?parent=4641"}],"wp:term":[{"taxonomy":"category","embeddable":true,"href":"https:\/\/www.hsu-hh.de\/epu\/wp-json\/wp\/v2\/categories?post=4641"},{"taxonomy":"post_tag","embeddable":true,"href":"https:\/\/www.hsu-hh.de\/epu\/wp-json\/wp\/v2\/tags?post=4641"}],"curies":[{"name":"wp","href":"https:\/\/api.w.org\/{rel}","templated":true}]}}