{"id":455,"date":"2017-11-07T12:17:23","date_gmt":"2017-11-07T11:17:23","guid":{"rendered":"https:\/\/www.hsu-hh.de\/epu\/?page_id=455"},"modified":"2024-05-17T11:26:57","modified_gmt":"2024-05-17T09:26:57","slug":"publikationen","status":"publish","type":"page","link":"https:\/\/www.hsu-hh.de\/epu\/de\/team_de\/loew\/publikationen","title":{"rendered":"Publikationen"},"content":{"rendered":"<h2>Peer-Review-Beitr\u00e4ge in Zeitschriften<\/h2>\n<p>Duehnen, I. M., Vogel, S., Alexander, N., Muehlhan, M., L\u00f6w, A., Jacobsen, T., &amp; Wendt, M. (2024). Flexible processing of distractor stimuli under stress. <em>Scientific Reports, 14, <\/em>10824 <em>. <\/em><a href=\"https:\/\/www.nature.com\/articles\/s41598-024-61162-8.pdf\" target=\"_blank\" rel=\"noopener\">[full text]<\/a> <a href=\"https:\/\/doi.org\/10.1038\/s41598-024-61162-8\" target=\"_blank\" rel=\"noopener\">[doi]<\/a><\/p>\n<p>Javelle, F., Bloch, W., Borges, U., Burberg, T., Collins, B., Gunaskara, N., Hosang, T. J., Jacobsen, T., Laborde, S., L\u00f6w, A., Schenk, A., Schlagheck, M. L., Schoser, D., Vogel, A., Walzik, D., &amp; Zimmer, P. (2024). Eight weeks of high-intensity interval training versus stretching do not change the psychoneuroendocrine response to a social stress test in emotionally impulsive humans. <em>European Journal of Applied Physiology. <\/em><a href=\"https:\/\/link.springer.com\/article\/10.1007\/s00421-024-05471-w\" target=\"_blank\" rel=\"noopener\">[full text]<\/a> <a href=\"https:\/\/doi.org\/10.1007\/s00421-024-05471-w\" target=\"_blank\" rel=\"noopener\">[doi]<\/a><\/p>\n<p>Hosang, T. J., Laborde, S., L\u00f6w, A., Sprengel, M., Baum, N., &amp; Jacobsen, T. (2023). How Attention Changes in Response to Carbohydrate Mouth Rinsing. <em>Nutrients, 15<\/em>(13), 3053. <a href=\"https:\/\/www.mdpi.com\/2072-6643\/15\/13\/3053\" target=\"_blank\" rel=\"noopener\">[full text]<\/a> <a href=\"https:\/\/doi.org\/10.3390\/nu15133053\" target=\"_blank\" rel=\"noopener\">[doi]<\/a><\/p>\n<p>Marschallek, B. E., L\u00f6w, A., &amp; Jacobsen. T. (2023). You Can Touch This! Brain Correlates of Aesthetic Processing of Active Fingertip Exploration of Material Surfaces, <em>Neuropsychologia, 182,<\/em> 108520. <a href=\"https:\/\/www.hsu-hh.de\/epu\/wp-content\/uploads\/sites\/766\/2023\/03\/Marschallek-Loew-Jacobsen_You-can-touch-this.pdf\" target=\"_blank\" rel=\"noopener\">[full text]<\/a> <a href=\"https:\/\/doi.org\/10.1016\/j.neuropsychologia.2023.108520\" target=\"_blank\" rel=\"noopener\">[doi]<\/a><\/p>\n<p>Javelle, F., L\u00f6w, A., Bloch, W., Hosang, T. J., Jacobsen, T., Johnson, S. L., Schenk, A., &amp; Zimmer, P. (2022). Unraveling the contribution of serotonergic polymorphisms, prefrontal alpha asymmetry, and individual alpha peak frequency to the emotion-related impulsivity endophenotype. <em>Molecular Neurobiology, 59, <\/em>6062-6075. <a href=\"https:\/\/link.springer.com\/content\/pdf\/10.1007\/s12035-022-02957-6.pdf\" target=\"_blank\" rel=\"noopener\">[full text] <\/a><a href=\"https:\/\/doi.org\/10.1007\/s12035-022-02957-6\" target=\"_blank\" rel=\"noopener\">[doi]<\/a><\/p>\n<p>Hosang, T. J., Laborde, S., Sprengel, M., L\u00f6w, A., Baum, N., Hoffmann, S., &amp; Jacobsen, T. (2022). Tasting Rewards. Effects of Orosensory Sweet Signals on Human Error Processing. <em>Nutritional Neuroscience<\/em><em>, 25:12, <\/em>2616-2626<em>.<\/em> <a href=\"https:\/\/pubmed.ncbi.nlm.nih.gov\/34772324\/\" rel='nofollow'>[abstract]<\/a> <a href=\"https:\/\/doi.org\/10.1080\/1028415X.2021.1993538\" rel='nofollow'>[doi]<\/a><\/p>\n<p><span id=\"cls-response\" class=\"cls-response\">L\u00f6w, A., Frey, J. D., Gorzka, R., Engers, A., Wendt, M., H\u00f6llmer, H., &amp; Jacobsen, T. (2019). Multifeature mismatch negativity in patients with posttraumatic stress disorder. <em>Clinical EEG and Neuroscience, 50<\/em>(3), 147-153. <a href=\"https:\/\/www.ncbi.nlm.nih.gov\/pubmed\/30497295\" target=\"_blank\" rel=\"noopener noreferrer\">[abstract]<\/a> <a href=\"https:\/\/doi.org\/10.1177\/1550059418814976\" target=\"_blank\" rel=\"noopener noreferrer\">[doi]<\/a><\/span><\/p>\n<p>Jost, K., Wendt, M., Luna-Rodriguez, A., L\u00f6w, A., &amp; Jacobsen, T. (2019). The time course of distractor-based response activation with predictable and unpredictable target onset. <em>Psychological Research, 83<\/em>(2), 297-307. <a href=\"https:\/\/www.ncbi.nlm.nih.gov\/pubmed\/30712104\" target=\"_blank\" rel=\"noopener noreferrer\">[abstract] <\/a><a href=\"https:\/\/doi.org\/10.1007\/s00426-019-01149-7\" target=\"_blank\" rel=\"noopener noreferrer\">[doi]<\/a><\/p>\n<p>Wirkner, J., Weymar, M., L\u00f6w, A., Hamm, C., Struck, A.-M., Kirschbaum, C., &amp; Hamm, A. O. (2017). Cognitive functioning and emotion processing in breast cancer survivors and controls: An ERP pilot study. <em>Psychophysiology, 54<\/em>(8), 1209-1222. <a href=\"https:\/\/pubmed.ncbi.nlm.nih.gov\/28432781\/\" target=\"_blank\" rel=\"noopener noreferrer\">[abstract]<\/a> <a href=\"https:\/\/doi.org\/10.1111\/psyp.12874\" target=\"_blank\" rel=\"noopener noreferrer\">[doi]<\/a><\/p>\n<p>Jacobsen, T., Klein, S., &amp; L\u00f6w, A. (2018). The posterior sustained negativity revisited \u2013 an SPN reanalysis of Jacobsen and H\u00f6fel (2003). <em>Symmetry, 10<\/em>(1), 27. <a href=\"http:\/\/www.mdpi.com\/2073-8994\/10\/1\/27\/pdf\" target=\"_blank\" rel=\"nofollow noopener noreferrer\">[full text]<\/a><a href=\"http:\/\/www.mdpi.com\/2073-8994\/10\/1\/27\" target=\"_blank\" rel=\"noopener noreferrer\">[abstract]<\/a><a href=\"http:\/\/dx.doi.org\/10.3390\/sym10010027\" target=\"_blank\" rel=\"noopener noreferrer\">[doi]<\/a><\/p>\n<p>Frey, J. D., Wendt, M., L\u00f6w, A., M\u00f6ller, S., Z\u00f6lzer, U., &amp; Jacobsen, T. (2017). Changes in room acoustics elicit a mismatch negativity in the absence of overall interaural intensity differences. <em>Neuroscience Letters,<\/em> <em>640, <\/em>13-20. <a href=\"https:\/\/www.ncbi.nlm.nih.gov\/pubmed\/28043833\" target=\"_blank\" rel=\"noopener noreferrer\">[abstract]<\/a> <a href=\"http:\/\/doi.org\/10.1016\/j.neulet.2016.11.063\" target=\"_blank\" rel=\"noopener noreferrer\">[doi]<\/a><\/p>\n<p>Jost, K., Wendt, M., Luna-Rodriguez, A., L\u00f6w, A., &amp; Jacobsen, T. (2017). Strategic control over extent and timing of distractor-based response activation. <em>Journal of Experimental Psychology: Learning, Memory, and Cognition, 43<\/em>(2), 326-333. <a href=\"https:\/\/www.ncbi.nlm.nih.gov\/pubmed\/27732019\" target=\"_blank\" rel=\"noopener noreferrer\">[abstract]<\/a> <a href=\"http:\/\/doi.org\/10.1037\/xlm0000326\" target=\"_blank\" rel=\"noopener noreferrer\">[doi]<\/a><\/p>\n<p>Ventura-Bort, C., L\u00f6w, A., Wendt, J., Dolcos, F., Hamm, A. O., &amp; Weymar, M. (2016). When neutral turns significant: Brain dynamics of rapidly formed associations between neutral stimuli and emotional contexts. <em>European Journal of Neuroscience<\/em>, <em>44<\/em>(5), 2176-2183.<\/p>\n<p>Ventura-Bort, C., L\u00f6w, A., Wendt, J., Molt\u00f3, J., Poy, R., Dolcos, F., Hamm, A. O., &amp; Weymar, M. (2016). Binding neutral information to emotional contexts: Brain dynamics of long-term recognition memory. <em>Cognitive, Affective, &amp; Behavioral Neuroscience, 16<\/em>(2), 234-247.<\/p>\n<p>L\u00f6w, A., Weymar, M., &amp; Hamm, A. O. (2015). When threat is near, get out of here dynamics of defensive behavior during freezing and active avoidance. <em>Psychological Science<\/em>, <em>26,<\/em> 1706-1716.<\/p>\n<p>Michalowski, J. M., Pan\u00e9-Farr\u00e9, C. A., L\u00f6w, A., &amp; Hamm, A. O. (2015). Brain dynamics of visual attention during anticipation and encoding of threat-and safe-cues in spider-phobic individuals. <em>Social cognitive and affective neuroscience, nsv002<\/em>.<\/p>\n<p>Wirkner, J., Loew, A., Hamm, A. O., &amp; Weymar, M. (2015). New learning following reactivation in the human brain: Targeting emotional memories through rapid serial visual presentation. <em>Neurobiology of learning and memory, 119<\/em>, 63-68.<\/p>\n<p>Alius, M. G., Pan\u00e9\u2010Farr\u00e9, C. A., L\u00f6w, A., &amp; Hamm, A. O. (2015). Modulation of the blink reflex and P3 component of the startle response during an interoceptive challenge. <em>Psychophysiology, 52<\/em>(1), 140-148.<\/p>\n<p>Jaworek, A., Weymar, M., L\u00f6w, A., &amp; Hamm, A. O. (2014). Brain potentials reflecting spontaneous retrieval of emotional long-term memories. <em>Cognitive neuroscience, 5<\/em>(3-4), 168-176.<\/p>\n<p>L\u00f6w, A., Bradley, M. M., and Lang, P. J. (2013). Perceptual processing of natural scenes at rapid rates: Effects of complexity, content, and emotional arousal. <em>Cognitive, Affective, &amp; Behavioral Neuroscience, 13<\/em>(4), 860-868.<\/p>\n<p>Weymar, M., Gerdes, A. B. M., L\u00f6w, A., Alpers, G. W., and Hamm, A. O. (2013). Specific fear modulates attentional selectivity during visual search: electrophysiological insights from the N2pc. <em>Psychophysiology<\/em>, <em>50<\/em>(2),139-48.<\/p>\n<p>Wirkner, J., Weymar, M., L\u00f6w, A., and Hamm, A. O. (2013). Effects of pre-encoding stress on brain correlates associated with the long-term memory for emotional scenes. <em>PLoS ONE, 8<\/em>(9), e68212.<\/p>\n<p>Michalowski, J. M., Pan\u00e9-Farr\u00e9, C., L\u00f6w, A., Weymar, M., and Hamm, A. O. (2012). Modulation of the ERP repetition effects during exposure to phobia-relevant and other affective pictures in spider phobia. <em>International journal of psychophysiology, 85<\/em>(1), 55-61.<\/p>\n<p>Weymar, M., Schwabe, L., L\u00f6w, A., and Hamm, A. O. (2012). Stress sensitizes the brain: increased processing of unpleasant pictures after exposure to acute stress. <em>Journal of cognitive neuroscience, 24<\/em>(7), 1511-1518.<\/p>\n<p>Wangelin, B. C., L\u00f6w, A., McTeague, L. M., Bradley, M. M., and Lang, P. J. (2011). Aversive picture processing: effects of a concurrent task on sustained defensive system engagement. <em>Psychophysiology, 48<\/em>(1), 112-116.<\/p>\n<p>Weymar, M., L\u00f6w, A., and Hamm, A. O. (2011a). Emotional memories are resilient to time: evidence from the parietal ERP old\/new effect. <em>Human brain mapping, 32<\/em>(4), 632-40.<\/p>\n<p>Weymar, M., L\u00f6w, A., Ohman, A., and Hamm, A. O. (2011b). The face is more than its parts\u2013brain dynamics of enhanced spatial attention to schematic threat. <em>NeuroImage, 58<\/em>(3), 946-954.<\/p>\n<p>Neumann, N., Dubischar-Krivec, A. M., Braun, C., L\u00f6w, A., Poustka, F., B\u00f6lte, S., and Birbaumer, N. (2010). The mind of the mnemonists: an MEG and neuropsychological study of autistic memory savants. <em>Behavioural brain research, 215<\/em>(1), 114-121.<\/p>\n<p>Weymar, M., L\u00f6w, A., Modess, C., Engel, G., Gr\u00fcndling, M., Petersmann, A., Siegmund, W., and Hamm, A. O. (2010a). Propranolol selectively blocks the enhanced parietal old\/new effect during long-term recollection of unpleasant pictures: a high density ERP study. <em>NeuroImage, 49<\/em>(3), 2800-2806.<\/p>\n<p>Weymar, M., L\u00f6w, A., Schwabe, L., and Hamm, A. O. (2010b). Brain dynamics associated with recollective experiences of emotional events. <em>Neuroreport, 21<\/em>(12), 827-831.<\/p>\n<p>Weymar, M., L\u00f6w, A., Melzig, C. A., and Hamm, A. O. (2009). Enhanced long-term recollection for emotional pictures: evidence from highdensity ERPs. <em>Psychophysiology, 46<\/em>(6), 1200-7.<\/p>\n<p>L\u00f6w, A., Lang, P. J., Smith, J. C., and Bradley, M. M. (2008). Both predator and prey: emotional arousal in threat and reward. <em>Psychological science, 19<\/em>(9), 865-873.<\/p>\n<p>Pastor, M. C., Bradley, M. M., L\u00f6w, A., Versace, F., Molt\u00f3, J., and Lang, P. J. (2008). Affective picture perception: emotion, context, and the late positive potential. <em>Brain research, 1189<\/em>, 145-151.<\/p>\n<p>Bradley, M. M., Hamby, S., L\u00f6w, A., and Lang, P. J. (2007). Brain potentials in perception: picture complexity and emotional arousal. <em>Psychophysiology, 44<\/em>(3), 364-373.<\/p>\n<p>L\u00f6w, A., Rockstroh, B., Elbert, T., Silberman, Y., and Bentin, S. (2006). Disordered semantic representation in schizophrenic temporal cortex revealed by neuromagnetic response patterns. <em>BMC psychiatry, 6<\/em>, 23.<\/p>\n<p>Smith, J. C., L\u00f6w, A., Bradley, M. M., and Lang, P. J. (2006). Rapid picture presentation and affective engagement. <em>Emotion, 6<\/em>(2), 208-214.<\/p>\n<p>L\u00f6w, A., Bentin, S., Rockstroh, B., Silberman, Y., Gomolla, A., Cohen, R., and Elbert, T. (2003). Semantic categorization in the human brain: spatiotemporal dynamics revealed by magnetoencephalography. <em>Psychological science, 14<\/em>(4), 367-372.<\/p>\n<p>L\u00f6w, A., Rockstroh, B., Harsch, S., Berg, P., and Cohen, R. (2000). Event-related potentials in a working-memory task in schizophrenics and controls. <em>Schizophrenia research, 46<\/em>(2-3), 175-186.<\/p>\n<p>L\u00f6w, A., Rockstroh, B., Cohen, R., Hauk, O., Berg, P., and Maier, W. (1999). Determining working memory from ERP topography. <em>Brain topography, 12<\/em>(1), 39-47.<\/p>\n","protected":false},"excerpt":{"rendered":"<p>Peer-Review-Beitr\u00e4ge in Zeitschriften Duehnen, I. M., Vogel, S., Alexander, N., Muehlhan, M., L\u00f6w, A., Jacobsen, T., &amp; Wendt, M. (2024). Flexible processing of distractor stimuli under stress. Scientific Reports, 14, [&hellip;]<\/p>\n","protected":false},"author":147,"featured_media":0,"parent":659,"menu_order":0,"comment_status":"closed","ping_status":"closed","template":"","meta":{"footnotes":""},"categories":[4],"tags":[97,67],"class_list":["post-455","page","type-page","status-publish","hentry","category-forschung","tag-loew","tag-publikationen"],"_links":{"self":[{"href":"https:\/\/www.hsu-hh.de\/epu\/wp-json\/wp\/v2\/pages\/455","targetHints":{"allow":["GET"]}}],"collection":[{"href":"https:\/\/www.hsu-hh.de\/epu\/wp-json\/wp\/v2\/pages"}],"about":[{"href":"https:\/\/www.hsu-hh.de\/epu\/wp-json\/wp\/v2\/types\/page"}],"author":[{"embeddable":true,"href":"https:\/\/www.hsu-hh.de\/epu\/wp-json\/wp\/v2\/users\/147"}],"replies":[{"embeddable":true,"href":"https:\/\/www.hsu-hh.de\/epu\/wp-json\/wp\/v2\/comments?post=455"}],"version-history":[{"count":40,"href":"https:\/\/www.hsu-hh.de\/epu\/wp-json\/wp\/v2\/pages\/455\/revisions"}],"predecessor-version":[{"id":6416,"href":"https:\/\/www.hsu-hh.de\/epu\/wp-json\/wp\/v2\/pages\/455\/revisions\/6416"}],"up":[{"embeddable":true,"href":"https:\/\/www.hsu-hh.de\/epu\/wp-json\/wp\/v2\/pages\/659"}],"wp:attachment":[{"href":"https:\/\/www.hsu-hh.de\/epu\/wp-json\/wp\/v2\/media?parent=455"}],"wp:term":[{"taxonomy":"category","embeddable":true,"href":"https:\/\/www.hsu-hh.de\/epu\/wp-json\/wp\/v2\/categories?post=455"},{"taxonomy":"post_tag","embeddable":true,"href":"https:\/\/www.hsu-hh.de\/epu\/wp-json\/wp\/v2\/tags?post=455"}],"curies":[{"name":"wp","href":"https:\/\/api.w.org\/{rel}","templated":true}]}}