{"id":453,"date":"2017-11-07T12:16:53","date_gmt":"2017-11-07T11:16:53","guid":{"rendered":"https:\/\/www.hsu-hh.de\/epu\/?page_id=453"},"modified":"2018-03-16T11:20:46","modified_gmt":"2018-03-16T10:20:46","slug":"cv","status":"publish","type":"page","link":"https:\/\/www.hsu-hh.de\/epu\/de\/team_de\/loew\/cv","title":{"rendered":"Curriculum Vitae"},"content":{"rendered":"<table class=\"no_color\">\n<tbody>\n<tr>\n<td>1971<\/td>\n<td>geboren in Urach\/W\u00fcrttemberg<\/td>\n<\/tr>\n<tr>\n<td>1991<\/td>\n<td>Abitur<\/td>\n<\/tr>\n<tr>\n<td>1991-1992<\/td>\n<td>Freiwilliges Soziales Jahr<\/td>\n<\/tr>\n<tr>\n<td>1992-1998<\/td>\n<td>Studium der Psychologie an der Universit\u00e4t Konstanz<\/td>\n<\/tr>\n<tr>\n<td>1998-2002<\/td>\n<td>Wissenschaftlicher Mitarbeiter, Universit\u00e4t Konstanz<\/td>\n<\/tr>\n<tr>\n<td>2002-2008<\/td>\n<td>Research Fellow am NIMH Center for the Study of Emotion and Attention, University of Florida, Gainesville, USA<\/td>\n<\/tr>\n<tr>\n<td>2007<\/td>\n<td>Verteidigung der Dissertation und Rigorosum<\/td>\n<\/tr>\n<tr>\n<td>2008-2014<\/td>\n<td>Hochschulassistent, Universit\u00e4t Greifswald<\/td>\n<\/tr>\n<tr>\n<td>Seit 2014<\/td>\n<td>Laborleiter Psychologie, Helmut-Schmidt Universit\u00e4t\/Universit\u00e4t der Bundeswehr Hamburg<\/td>\n<\/tr>\n<\/tbody>\n<\/table>\n","protected":false},"excerpt":{"rendered":"<p>1971 geboren in Urach\/W\u00fcrttemberg 1991 Abitur 1991-1992 Freiwilliges Soziales Jahr 1992-1998 Studium der Psychologie an der Universit\u00e4t Konstanz 1998-2002 Wissenschaftlicher Mitarbeiter, Universit\u00e4t Konstanz 2002-2008 Research Fellow am NIMH Center for [&hellip;]<\/p>\n","protected":false},"author":147,"featured_media":0,"parent":659,"menu_order":0,"comment_status":"closed","ping_status":"closed","template":"","meta":{"footnotes":""},"categories":[],"tags":[97,67],"class_list":["post-453","page","type-page","status-publish","hentry","tag-loew","tag-publikationen"],"_links":{"self":[{"href":"https:\/\/www.hsu-hh.de\/epu\/wp-json\/wp\/v2\/pages\/453","targetHints":{"allow":["GET"]}}],"collection":[{"href":"https:\/\/www.hsu-hh.de\/epu\/wp-json\/wp\/v2\/pages"}],"about":[{"href":"https:\/\/www.hsu-hh.de\/epu\/wp-json\/wp\/v2\/types\/page"}],"author":[{"embeddable":true,"href":"https:\/\/www.hsu-hh.de\/epu\/wp-json\/wp\/v2\/users\/147"}],"replies":[{"embeddable":true,"href":"https:\/\/www.hsu-hh.de\/epu\/wp-json\/wp\/v2\/comments?post=453"}],"version-history":[{"count":2,"href":"https:\/\/www.hsu-hh.de\/epu\/wp-json\/wp\/v2\/pages\/453\/revisions"}],"predecessor-version":[{"id":1588,"href":"https:\/\/www.hsu-hh.de\/epu\/wp-json\/wp\/v2\/pages\/453\/revisions\/1588"}],"up":[{"embeddable":true,"href":"https:\/\/www.hsu-hh.de\/epu\/wp-json\/wp\/v2\/pages\/659"}],"wp:attachment":[{"href":"https:\/\/www.hsu-hh.de\/epu\/wp-json\/wp\/v2\/media?parent=453"}],"wp:term":[{"taxonomy":"category","embeddable":true,"href":"https:\/\/www.hsu-hh.de\/epu\/wp-json\/wp\/v2\/categories?post=453"},{"taxonomy":"post_tag","embeddable":true,"href":"https:\/\/www.hsu-hh.de\/epu\/wp-json\/wp\/v2\/tags?post=453"}],"curies":[{"name":"wp","href":"https:\/\/api.w.org\/{rel}","templated":true}]}}