{"id":449,"date":"2017-11-07T12:12:52","date_gmt":"2017-11-07T11:12:52","guid":{"rendered":"https:\/\/www.hsu-hh.de\/epu\/?page_id=449"},"modified":"2026-02-17T14:44:29","modified_gmt":"2026-02-17T13:44:29","slug":"publikationen","status":"publish","type":"page","link":"https:\/\/www.hsu-hh.de\/epu\/de\/team_de\/kaehler\/publikationen","title":{"rendered":"Publikationen"},"content":{"rendered":"<h2><strong>Peer-Review-Beitr\u00e4ge in Zeitschriften<\/strong><\/h2>\n<p>K\u00e4hler, S. T., Luna-Rodriguez, A., &amp; Jacobsen, T. (accepted). Context, Aesthetics, and Passive Acceptance of Drone Transportation in Metropolitan Areas: A Scenario-Based Experiment on Causal and Co-Evaluation Effects. <em>Results in Engineering. <\/em><a href=\"https:\/\/www.sciencedirect.com\/science\/article\/pii\/S2590123026006390?via%3Dihub\" target=\"_blank\" rel=\"noopener\">[full text]<\/a> <a href=\"https:\/\/doi.org\/10.1016\/j.rineng.2026.109599\" target=\"_blank\" rel=\"noopener\">[doi]<\/a><\/p>\n<p>K\u00e4hler, S. T., Luna-Rodriguez, A., Tomat, M., &amp; Jacobsen, T. (2025). Assessing the Acceptance and Aesthetics of Unmanned Aerial Vehicles (drones): An Experimental and Survey-based Comparison between Student and Older Adult. <em>Transportation Research Interdisciplinary Perspectives, 32, <\/em>101497. <a href=\"https:\/\/www.sciencedirect.com\/science\/article\/pii\/S2590198225001769?via%3Dihub\" target=\"_blank\" rel=\"noopener\">[full text]<\/a><a href=\"https:\/\/doi.org\/10.1016\/j.trip.2025.101497\" target=\"_blank\" rel=\"noopener\"> [doi]<\/a><\/p>\n<p>K\u00e4hler, S. T., Wendt, M., Luna-Rodriguez, A., &amp; Jacobsen, T. (2025). Probing instructed but unnecessary switches of attentional strategy. <i>Psychological Research, <\/i><em>89<\/em>, 119. <a href=\"https:\/\/link.springer.com\/article\/10.1007\/s00426-025-02147-8\" target=\"_blank\" rel=\"noopener\">[full text] <\/a><a href=\"https:\/\/doi.org\/10.1007\/s00426-025-02147-8\" target=\"_blank\" rel=\"noopener\">[doi]<\/a><\/p>\n<p>K\u00e4hler, S. T., Wendt, M., D\u00fchnen I. M., Luna-Rodriguez, A., &amp; Jacobsen, T. (2024). Preparation and persistence of deploying attention to locations or stimulus structures: Evidence from intermixed probe trials.\u00a0<em>Acta Psychologica<\/em>,<em>\u00a0245,<\/em>\u00a0104205.\u00a0<a href=\"https:\/\/pdf.sciencedirectassets.com\/272045\/1-s2.0-S0001691824X00037\/1-s2.0-S0001691824000829\/main.pdf?X-Amz-Security-Token=IQoJb3JpZ2luX2VjEMr%2F%2F%2F%2F%2F%2F%2F%2F%2F%2FwEaCXVzLWVhc3QtMSJIMEYCIQDHFdYbo%2BkPJjP%2FBYAC9AquXAVAZXPKt02PItcTT2h7BAIhAMx97Vk3bnwhLyYRac04AgzaGrhUMtbonTLUCAkRK%2BpMKrwFCNP%2F%2F%2F%2F%2F%2F%2F%2F%2F%2FwEQBRoMMDU5MDAzNTQ2ODY1IgyoFHFXPu4KOU0lC58qkAXGFfv2Uozmk%2Fdvq3ggB%2BItoHATzQspVHeEopwe4NF4oPkgzSZsZmURVY5qf61MLvYDmA6Yl7zYnkhNGWsvM3auVSTuWQiATdgu2qhgCadmw8vF%2BZZvq4ZdrqAxB9yC6jFQsMfcwPDKF%2BMiEjDW1HoSej7JVGyHNJLdx7IZ6qNnJTd%2BBOV6bpymPARlPbd%2F%2B0xYK1emi3UGR74wi8iZQAVZNAJAWazV2S%2BsMHmeRm7CFTrUDfZZ4c0HP0YRlGeZftHrpfvkiLOQwkk6di4nh074iN0HhKkinv14lIkdmkoglphTkpFGlWYrZYJqHmyC5jNIIcmGngWcsDnEfTfMh%2BkKEWzbD21obRcBxahAPrK0QUm3uHpb%2BDWBgxkKMlUb9GCtGW%2FKRvr6LtP16evSBjKIBf20Vm53hgFk4U0sOfS1Xk0qYOmWoLtUh%2FpKky33%2B%2F6SpLELm%2BPCiFf%2BbNXepTryn2xlQQYIslCQeZC%2FQXSMr%2BlI%2FjwxgcnY6iHhIEkVU%2BOSQVZrORTCfmkPUNPW%2FH7UhE1spYF3lHUSxHDeQ65rprE8RMKtxK4fKWXZU31H0%2By%2BYXPtSYTVguyfQrnCKw6XdSahWNYOM9fNp0xog8eN8J63kUx0kBT2a0Zyr%2BqTF3w6vdOfQH7jTh028LXUsFGXnwF10yv9zFIjpF4ilCJ6YpELuky0oAsrmCDQuGSJhT5CNkUr6aVH4TIPyHXNw3WhV4VkHEPeJvoPKmpZOJFo1I1ecaoW9IWfLaZP%2FbV19%2BiGKiG6jV02zuat5wgYT%2FSS8D7Ih70SInLK4DPG2burMQcl%2FIQCz4%2FrY5NcGghYZ1fTArZh%2FiDmIaZir7QUhYMY5%2BdSfEtr4yL%2FwL4qbaRnjjDWj%2BCvBjqwAZD%2FHDoQQ42zOF2SHtj%2FdS5b1utzBjTzOCa0fa0WG8ZPFfJboXtIL4e5bgVIGKizUVuGwfa7KA23Xft9K%2FpuzQA%2FL5DWHI0BPJuqmwt0PaNCo3DBC407vsdSNNSLrwhdThTLmGYeSUVMFWkGTiolxVIECK%2Fq%2Br1U9fawArfs9dSu5Mxn7exyyRmISKgMDN5tYXFQ%2FZVRUmpd%2FBfK%2F1uoTTefFSQ2HBR93TkBnTwjEzJb&amp;X-Amz-Algorithm=AWS4-HMAC-SHA256&amp;X-Amz-Date=20240318T095233Z&amp;X-Amz-SignedHeaders=host&amp;X-Amz-Expires=300&amp;X-Amz-Credential=ASIAQ3PHCVTY7GNPXQ7J%2F20240318%2Fus-east-1%2Fs3%2Faws4_request&amp;X-Amz-Signature=524dbcb709c101b76d37dcb62eb914e14fd67c2df63474663b1b6c2a2a86b4d7&amp;hash=42b23346db494d20e95bb89e2f2b99eac814a209d0472b829d978534604fb681&amp;host=68042c943591013ac2b2430a89b270f6af2c76d8dfd086a07176afe7c76c2c61&amp;pii=S0001691824000829&amp;tid=spdf-3c36840a-8133-417f-81a9-ab23a94ed5b6&amp;sid=617e206285efa0405a8879a-10b9a6c6bfccgxrqb&amp;type=client&amp;tsoh=d3d3LnNjaWVuY2VkaXJlY3QuY29t&amp;ua=1e075a52595456575f01&amp;rr=8664549faf3f417b&amp;cc=de\" target=\"_blank\" rel=\"noopener\">[full text]<\/a>\u00a0<a href=\"https:\/\/doi.org\/10.1016\/j.actpsy.2024.104205\" target=\"_blank\" rel=\"noopener\">[doi]<\/a><\/p>\n<p>K\u00e4hler, S. T., Abben, T., Luna-Rodriguez, A., Tomat, M., &amp; Jacobsen, T. (2022). An assessment of the acceptance and aesthetics of UAVs and helicopters through an experiment and a survey. <em>Technology in Society<\/em>, 71, 102096. <a href=\"https:\/\/doi.org\/10.1016\/j.techsoc.2022.102096\" target=\"_blank\" rel=\"noopener\">[doi]<\/a><\/p>\n<p>K\u00e4hler, S. T., Jacobsen, T., Klein, S., &amp; Wendt, M. (2020). Anticipatory Defocusing of Attention and Contextual Response Priming but no Role of Aesthetic Appreciation in Simple Symmetry Judgments when Switching between Tasks. <em>Symmetry<\/em>, <em>12<\/em>(4)<em>,<\/em> 577. <a href=\"https:\/\/www.mdpi.com\/2073-8994\/12\/4\/577\/htm\" target=\"_blank\" rel=\"noopener noreferrer\">[full text]<\/a> <a href=\"https:\/\/doi.org\/10.3390\/sym12040577\" target=\"_blank\" rel=\"noopener noreferrer\">[doi]<\/a><\/p>\n<p>Wendt, M., K\u00e4hler, S. T., Luna-Rodriguez, A., &amp; Jacobsen, T. (2017). Adoption of task-specific sets of visual attention. <em>Frontiers in Psychology, 8:687. <\/em><a href=\"http:\/\/journal.frontiersin.org\/article\/10.3389\/fpsyg.2017.00687\/abstract\" target=\"_blank\" rel=\"noopener noreferrer\">[full text]<\/a> <a href=\"https:\/\/pubmed.ncbi.nlm.nih.gov\/28536543\/\" target=\"_blank\" rel=\"noopener noreferrer\">[abstract] <\/a><a href=\"http:\/\/doi.org\/10.3389\/fpsyg.2017.00687\" target=\"_blank\" rel=\"noopener noreferrer\">[doi]<\/a><\/p>\n<h2><strong>Beitr\u00e4ge in Sammelb\u00e4nden<\/strong><\/h2>\n<p>K\u00e4hler, S. T. &amp; Jacobsen, T. (2025). Wahrnehmung und Akzeptanz von Wasserstofftechnologien: Erkl\u00e4rung und Ver\u00e4nderung. In D. Schulz (<abbr title=\"Herausgeber\">Hrsg.<\/abbr>), <em>Wasserstoff im Energiesystem<\/em> (S. 285-314). Bielefeld: transcript Verlag. <a href=\"https:\/\/doi.org\/10.14361\/9783839430255-016\" target=\"_blank\" rel=\"noopener\">[doi]<\/a><\/p>\n<h2><strong>Publizierte Proceedings<\/strong><\/h2>\n<p>Schroeter, F., K\u00e4hler, S. T., Yao, Z., Jacobsen, T., &amp; Weidner, R. (2020, July). Cognitive Effects of Physical Support Systems: A Study of Resulting Effects for Tasks at and above Head Level Using Exoskeletons. <em><a href=\"https:\/\/link.springer.com\/chapter\/10.1007\/978-3-662-61755-7_14\" rel='nofollow'>Annals of Scientific Society for Assembly, Handling and Industrial Robotics<\/a><\/em> (p. 149-159). Berlin\/Heidelberg: Springer Vieweg.<\/p>\n","protected":false},"excerpt":{"rendered":"<p>Peer-Review-Beitr\u00e4ge in Zeitschriften K\u00e4hler, S. T., Luna-Rodriguez, A., &amp; Jacobsen, T. (accepted). Context, Aesthetics, and Passive Acceptance of Drone Transportation in Metropolitan Areas: A Scenario-Based Experiment on Causal and Co-Evaluation [&hellip;]<\/p>\n","protected":false},"author":147,"featured_media":0,"parent":646,"menu_order":0,"comment_status":"closed","ping_status":"closed","template":"","meta":{"footnotes":""},"categories":[4],"tags":[93,67],"class_list":["post-449","page","type-page","status-publish","hentry","category-forschung","tag-kaehler","tag-publikationen"],"_links":{"self":[{"href":"https:\/\/www.hsu-hh.de\/epu\/wp-json\/wp\/v2\/pages\/449","targetHints":{"allow":["GET"]}}],"collection":[{"href":"https:\/\/www.hsu-hh.de\/epu\/wp-json\/wp\/v2\/pages"}],"about":[{"href":"https:\/\/www.hsu-hh.de\/epu\/wp-json\/wp\/v2\/types\/page"}],"author":[{"embeddable":true,"href":"https:\/\/www.hsu-hh.de\/epu\/wp-json\/wp\/v2\/users\/147"}],"replies":[{"embeddable":true,"href":"https:\/\/www.hsu-hh.de\/epu\/wp-json\/wp\/v2\/comments?post=449"}],"version-history":[{"count":23,"href":"https:\/\/www.hsu-hh.de\/epu\/wp-json\/wp\/v2\/pages\/449\/revisions"}],"predecessor-version":[{"id":7610,"href":"https:\/\/www.hsu-hh.de\/epu\/wp-json\/wp\/v2\/pages\/449\/revisions\/7610"}],"up":[{"embeddable":true,"href":"https:\/\/www.hsu-hh.de\/epu\/wp-json\/wp\/v2\/pages\/646"}],"wp:attachment":[{"href":"https:\/\/www.hsu-hh.de\/epu\/wp-json\/wp\/v2\/media?parent=449"}],"wp:term":[{"taxonomy":"category","embeddable":true,"href":"https:\/\/www.hsu-hh.de\/epu\/wp-json\/wp\/v2\/categories?post=449"},{"taxonomy":"post_tag","embeddable":true,"href":"https:\/\/www.hsu-hh.de\/epu\/wp-json\/wp\/v2\/tags?post=449"}],"curies":[{"name":"wp","href":"https:\/\/api.w.org\/{rel}","templated":true}]}}