{"id":243,"date":"2017-11-07T09:51:46","date_gmt":"2017-11-07T08:51:46","guid":{"rendered":"https:\/\/www.hsu-hh.de\/epu\/?page_id=243"},"modified":"2018-05-08T09:43:16","modified_gmt":"2018-05-08T07:43:16","slug":"cv","status":"publish","type":"page","link":"https:\/\/www.hsu-hh.de\/epu\/de\/team_de\/duehnen\/cv","title":{"rendered":"Curriculum Vitae"},"content":{"rendered":"<table class=\"no_color\">\n<tbody>\n<tr>\n<td>1988<\/td>\n<td>geboren in Hasel\u00fcnne<\/td>\n<\/tr>\n<tr>\n<td>2008<\/td>\n<td>Allgemeine Hochschulreife<\/td>\n<\/tr>\n<tr>\n<td>2009-2010<\/td>\n<td>Studium Ergotherapie an der Hogeschool van Arnhem en Nijmegen, in Nijmegen<\/td>\n<\/tr>\n<tr>\n<td>2010-2013<\/td>\n<td>Bachelorstudium der Biologie an der Carl von Ossietzky Universit\u00e4t Oldenburg<br \/>\nThema der Bachelorarbeit: \u201e\u00dcber den Zusammenhang von Depression und Faserintegrit\u00e4t vom pr\u00e4frontalen Kortex zum Hypothalamus bei Patienten mit Multipler Sklerose.\u201c<\/td>\n<\/tr>\n<tr>\n<td>2013-2016<\/td>\n<td>Masterstudium Neurocognitive Psychology an der Carl von Ossietzky Universit\u00e4t Oldenburg<br \/>\nThema der Masterarbeit: \u201eWorking memory capacity as a predictor for solving the Cocktail Party problem: A combined EEG-fMRI study.\u201d<\/td>\n<\/tr>\n<tr>\n<td>2013-2016<\/td>\n<td>Wissenschaftliche Hilfskraft in der Arbeitsgruppe Biologische Psychologie<\/td>\n<\/tr>\n<tr>\n<td>Seit Juli 2017<\/td>\n<td>Wissenschaftliche Mitarbeiterin im LFF-Forschungsprojekt \u201eFlexibles Lernen unter Stress: neurokognitive Mechanismen und klinische Implikationen.\u201c an der Professur f\u00fcr Allgemeine und Biologische Psychologie der Helmut-Schmidt-Universit\u00e4t\/Universit\u00e4t der Bundeswehr Hamburg<\/td>\n<\/tr>\n<\/tbody>\n<\/table>\n","protected":false},"excerpt":{"rendered":"<p>1988 geboren in Hasel\u00fcnne 2008 Allgemeine Hochschulreife 2009-2010 Studium Ergotherapie an der Hogeschool van Arnhem en Nijmegen, in Nijmegen 2010-2013 Bachelorstudium der Biologie an der Carl von Ossietzky Universit\u00e4t Oldenburg [&hellip;]<\/p>\n","protected":false},"author":147,"featured_media":0,"parent":627,"menu_order":0,"comment_status":"closed","ping_status":"closed","template":"","meta":{"footnotes":""},"categories":[],"tags":[95,63],"class_list":["post-243","page","type-page","status-publish","hentry","tag-curriculum-vitae","tag-gillich"],"_links":{"self":[{"href":"https:\/\/www.hsu-hh.de\/epu\/wp-json\/wp\/v2\/pages\/243","targetHints":{"allow":["GET"]}}],"collection":[{"href":"https:\/\/www.hsu-hh.de\/epu\/wp-json\/wp\/v2\/pages"}],"about":[{"href":"https:\/\/www.hsu-hh.de\/epu\/wp-json\/wp\/v2\/types\/page"}],"author":[{"embeddable":true,"href":"https:\/\/www.hsu-hh.de\/epu\/wp-json\/wp\/v2\/users\/147"}],"replies":[{"embeddable":true,"href":"https:\/\/www.hsu-hh.de\/epu\/wp-json\/wp\/v2\/comments?post=243"}],"version-history":[{"count":4,"href":"https:\/\/www.hsu-hh.de\/epu\/wp-json\/wp\/v2\/pages\/243\/revisions"}],"predecessor-version":[{"id":1833,"href":"https:\/\/www.hsu-hh.de\/epu\/wp-json\/wp\/v2\/pages\/243\/revisions\/1833"}],"up":[{"embeddable":true,"href":"https:\/\/www.hsu-hh.de\/epu\/wp-json\/wp\/v2\/pages\/627"}],"wp:attachment":[{"href":"https:\/\/www.hsu-hh.de\/epu\/wp-json\/wp\/v2\/media?parent=243"}],"wp:term":[{"taxonomy":"category","embeddable":true,"href":"https:\/\/www.hsu-hh.de\/epu\/wp-json\/wp\/v2\/categories?post=243"},{"taxonomy":"post_tag","embeddable":true,"href":"https:\/\/www.hsu-hh.de\/epu\/wp-json\/wp\/v2\/tags?post=243"}],"curies":[{"name":"wp","href":"https:\/\/api.w.org\/{rel}","templated":true}]}}