{"id":2423,"date":"2018-11-09T12:08:42","date_gmt":"2018-11-09T11:08:42","guid":{"rendered":"https:\/\/www.hsu-hh.de\/epu\/?page_id=2423"},"modified":"2021-09-06T13:10:57","modified_gmt":"2021-09-06T11:10:57","slug":"cv","status":"publish","type":"page","link":"https:\/\/www.hsu-hh.de\/epu\/en\/team\/weigand\/cv","title":{"rendered":"Curriculum Vitae"},"content":{"rendered":"<table width=\"1208\">\n<tbody>\n<tr>\n<td width=\"88\">1992<\/td>\n<td colspan=\"4\" width=\"1120\">born<\/td>\n<\/tr>\n<tr>\n<td>2011<\/td>\n<td colspan=\"3\">Bacalaureat (Allgemeine Hochschulreife)<\/td>\n<td><\/td>\n<\/tr>\n<tr>\n<td>2011\u20132014<\/td>\n<td colspan=\"4\">B.A. Psychology, University of Hamburg<\/td>\n<\/tr>\n<tr>\n<td><\/td>\n<td colspan=\"4\">Bachelor thesis: &#8222;Moderiert das 2D:4D-Verh\u00e4ltnis bei M\u00e4nnern den Einfluss von sexuellen Hinweisreizen auf monet\u00e4re Entscheidungen im Ultimatumspiel?&#8220;<\/td>\n<\/tr>\n<tr>\n<td>2014\u20132016<\/td>\n<td colspan=\"4\">M.Sc. Psychology, University of Hamburg<\/td>\n<\/tr>\n<tr>\n<td><\/td>\n<td colspan=\"4\">Master thesis: &#8222;Elektrokortikale Korrelate sozialer Prozesse.&#8220;<\/td>\n<\/tr>\n<tr>\n<td>2021<\/td>\n<td colspan=\"4\">2021 Approbation zur Psychologischen Psychotherapeutin (Verhaltenstherapie)<\/td>\n<\/tr>\n<tr>\n<td>since November 2018<\/td>\n<td colspan=\"4\">Researcher\/lecturer (Wissenschaftliche Mitarbeiterin) at Experimental Psychology Unit (Allgemeine und Biologische Psychologie) at the Helmut Schmidt University\/University of the Federal Armed Forces Hamburg<\/td>\n<\/tr>\n<\/tbody>\n<\/table>\n","protected":false},"excerpt":{"rendered":"<p>1992 born 2011 Bacalaureat (Allgemeine Hochschulreife) 2011\u20132014 B.A. Psychology, University of Hamburg Bachelor thesis: &#8222;Moderiert das 2D:4D-Verh\u00e4ltnis bei M\u00e4nnern den Einfluss von sexuellen Hinweisreizen auf monet\u00e4re Entscheidungen im Ultimatumspiel?&#8220; 2014\u20132016 [&hellip;]<\/p>\n","protected":false},"author":147,"featured_media":0,"parent":2417,"menu_order":0,"comment_status":"closed","ping_status":"closed","template":"","meta":{"footnotes":""},"categories":[9],"tags":[],"class_list":["post-2423","page","type-page","status-publish","hentry","category-team-en"],"_links":{"self":[{"href":"https:\/\/www.hsu-hh.de\/epu\/wp-json\/wp\/v2\/pages\/2423","targetHints":{"allow":["GET"]}}],"collection":[{"href":"https:\/\/www.hsu-hh.de\/epu\/wp-json\/wp\/v2\/pages"}],"about":[{"href":"https:\/\/www.hsu-hh.de\/epu\/wp-json\/wp\/v2\/types\/page"}],"author":[{"embeddable":true,"href":"https:\/\/www.hsu-hh.de\/epu\/wp-json\/wp\/v2\/users\/147"}],"replies":[{"embeddable":true,"href":"https:\/\/www.hsu-hh.de\/epu\/wp-json\/wp\/v2\/comments?post=2423"}],"version-history":[{"count":6,"href":"https:\/\/www.hsu-hh.de\/epu\/wp-json\/wp\/v2\/pages\/2423\/revisions"}],"predecessor-version":[{"id":4393,"href":"https:\/\/www.hsu-hh.de\/epu\/wp-json\/wp\/v2\/pages\/2423\/revisions\/4393"}],"up":[{"embeddable":true,"href":"https:\/\/www.hsu-hh.de\/epu\/wp-json\/wp\/v2\/pages\/2417"}],"wp:attachment":[{"href":"https:\/\/www.hsu-hh.de\/epu\/wp-json\/wp\/v2\/media?parent=2423"}],"wp:term":[{"taxonomy":"category","embeddable":true,"href":"https:\/\/www.hsu-hh.de\/epu\/wp-json\/wp\/v2\/categories?post=2423"},{"taxonomy":"post_tag","embeddable":true,"href":"https:\/\/www.hsu-hh.de\/epu\/wp-json\/wp\/v2\/tags?post=2423"}],"curies":[{"name":"wp","href":"https:\/\/api.w.org\/{rel}","templated":true}]}}