{"id":223,"date":"2017-11-07T09:51:30","date_gmt":"2017-11-07T08:51:30","guid":{"rendered":"https:\/\/www.hsu-hh.de\/epu\/?page_id=223"},"modified":"2022-06-21T15:57:41","modified_gmt":"2022-06-21T13:57:41","slug":"cv","status":"publish","type":"page","link":"https:\/\/www.hsu-hh.de\/epu\/de\/team_de\/jacobsen\/cv","title":{"rendered":"Curriculum Vitae"},"content":{"rendered":"<table>\n<tbody>\n<tr>\n<td width=\"63\">1967<\/td>\n<td width=\"536\">geboren in L\u00fcbeck<\/td>\n<\/tr>\n<tr>\n<td width=\"63\">1986<\/td>\n<td width=\"536\">Allgemeine Hochschulreife<\/td>\n<\/tr>\n<tr>\n<td width=\"63\">1986 &#8211; 1987<\/td>\n<td width=\"536\">Studium der Geographie an der Universit\u00e4t Hamburg<\/td>\n<\/tr>\n<tr>\n<td width=\"63\">1987 &#8211; 1988<\/td>\n<td width=\"536\">Zivildienst<\/td>\n<\/tr>\n<tr>\n<td width=\"63\">1989 &#8211; 1994<\/td>\n<td width=\"536\">Studium der Psychologie im Diplomstudiengang an der Freien Universit\u00e4t Berlin; Zusatzstudium der Philosophie<\/td>\n<\/tr>\n<tr>\n<td width=\"63\">1994 &#8211; 1995<\/td>\n<td width=\"536\">Visiting Scholar in Cognitive Neuroscience am Center for Research in Language der University of California at San Diego als DAAD-Stipendiat<\/td>\n<\/tr>\n<tr>\n<td width=\"63\">1995 &#8211; 1998<\/td>\n<td width=\"536\">Doktorand am Max-Planck-Institut f\u00fcr neuropsychologische Forschung, Leipzig, als Stipendiat der MPG<\/td>\n<\/tr>\n<tr>\n<td width=\"63\">2000<\/td>\n<td width=\"536\">Verteidigung der Dissertation und Rigorosum<\/td>\n<\/tr>\n<tr>\n<td width=\"63\">1998 &#8211; 2001<\/td>\n<td width=\"536\">Wissenschaftlicher Mitarbeiter am Institut f\u00fcr Allgemeine Psychologie der Universit\u00e4t Leipzig, Professur Biologische Psychologie<\/td>\n<\/tr>\n<tr>\n<td width=\"63\">2001<\/td>\n<td width=\"536\">Wissenschaftlicher Assistent am Institut f\u00fcr Allgemeine Psychologie der Universit\u00e4t Leipzig, Professur Biologische Psychologie<\/td>\n<\/tr>\n<tr>\n<td width=\"63\">2001 &#8211; 2004<\/td>\n<td width=\"536\">Wissenschaftlicher Assistent am Institut f\u00fcr Allgemeine Psychologie der Universit\u00e4t Leipzig, Professur Kognitive einschlie\u00dflich Biologische Psychologie<\/td>\n<\/tr>\n<tr>\n<td width=\"63\">2004<\/td>\n<td width=\"536\">Habilitation (facultas docendi und venia legendi f\u00fcr Psychologie)<\/td>\n<\/tr>\n<tr>\n<td width=\"63\">2004 &#8211; 2009<\/td>\n<td width=\"536\">Oberassistent am Institut f\u00fcr Psychologie I der Universit\u00e4t Leipzig, Professur Kognitive einschlie\u00dflich Biologische Psychologie<\/td>\n<\/tr>\n<tr>\n<td width=\"63\">2007 &#8211; 2008<\/td>\n<td width=\"536\">Gastprofessor f\u00fcr Biologische Psychologie an der Universit\u00e4t Wien<\/td>\n<\/tr>\n<tr>\n<td width=\"63\">2008<\/td>\n<td width=\"536\">Gastprofessor am Cluster Languages of Emotion an der Freien Universit\u00e4t Berlin<\/td>\n<\/tr>\n<tr>\n<td width=\"63\">2009<\/td>\n<td width=\"536\">Au\u00dferplanm\u00e4\u00dfiger Professor der Universit\u00e4t Leipzig<\/td>\n<\/tr>\n<tr>\n<td width=\"63\">Seit 09\/2009<\/td>\n<td width=\"536\">Universit\u00e4tsprofessor f\u00fcr Allgemeine Psychologie an der Helmut-Schmidt Universit\u00e4t\/Universit\u00e4t der Bundeswehr Hamburg<\/td>\n<\/tr>\n<tr>\n<td width=\"63\">2022<\/td>\n<td width=\"536\">Kollegiat der DFG-Kolleg-Forschungsgruppe \u201eImaginarien der Kraft\u201c an der Universit\u00e4t Hamburg<\/td>\n<\/tr>\n<\/tbody>\n<\/table>\n","protected":false},"excerpt":{"rendered":"<p>1967 geboren in L\u00fcbeck 1986 Allgemeine Hochschulreife 1986 &#8211; 1987 Studium der Geographie an der Universit\u00e4t Hamburg 1987 &#8211; 1988 Zivildienst 1989 &#8211; 1994 Studium der Psychologie im Diplomstudiengang an [&hellip;]<\/p>\n","protected":false},"author":147,"featured_media":0,"parent":568,"menu_order":0,"comment_status":"closed","ping_status":"closed","template":"","meta":{"footnotes":""},"categories":[4],"tags":[95,61],"class_list":["post-223","page","type-page","status-publish","hentry","category-forschung","tag-curriculum-vitae","tag-jacobsen"],"_links":{"self":[{"href":"https:\/\/www.hsu-hh.de\/epu\/wp-json\/wp\/v2\/pages\/223","targetHints":{"allow":["GET"]}}],"collection":[{"href":"https:\/\/www.hsu-hh.de\/epu\/wp-json\/wp\/v2\/pages"}],"about":[{"href":"https:\/\/www.hsu-hh.de\/epu\/wp-json\/wp\/v2\/types\/page"}],"author":[{"embeddable":true,"href":"https:\/\/www.hsu-hh.de\/epu\/wp-json\/wp\/v2\/users\/147"}],"replies":[{"embeddable":true,"href":"https:\/\/www.hsu-hh.de\/epu\/wp-json\/wp\/v2\/comments?post=223"}],"version-history":[{"count":6,"href":"https:\/\/www.hsu-hh.de\/epu\/wp-json\/wp\/v2\/pages\/223\/revisions"}],"predecessor-version":[{"id":5076,"href":"https:\/\/www.hsu-hh.de\/epu\/wp-json\/wp\/v2\/pages\/223\/revisions\/5076"}],"up":[{"embeddable":true,"href":"https:\/\/www.hsu-hh.de\/epu\/wp-json\/wp\/v2\/pages\/568"}],"wp:attachment":[{"href":"https:\/\/www.hsu-hh.de\/epu\/wp-json\/wp\/v2\/media?parent=223"}],"wp:term":[{"taxonomy":"category","embeddable":true,"href":"https:\/\/www.hsu-hh.de\/epu\/wp-json\/wp\/v2\/categories?post=223"},{"taxonomy":"post_tag","embeddable":true,"href":"https:\/\/www.hsu-hh.de\/epu\/wp-json\/wp\/v2\/tags?post=223"}],"curies":[{"name":"wp","href":"https:\/\/api.w.org\/{rel}","templated":true}]}}